{"id":2888,"date":"2017-12-18T18:32:00","date_gmt":"2017-12-18T18:32:00","guid":{"rendered":"http:\/\/biblian.is\/gudbrandsbiblia\/josuabok-9-kafli\/"},"modified":"2017-12-18T18:32:00","modified_gmt":"2017-12-18T18:32:00","slug":"josuabok-9-kafli","status":"publish","type":"page","link":"https:\/\/biblian.is\/gudbrandsbiblia\/josuabok-9-kafli\/","title":{"rendered":"J\u00f3s\u00faab\u00f3k 9. kafli"},"content":{"rendered":"<p>IX.<\/p>\n<p>\u00deegar \u00feetta fengu a\u00f0 spyrja allir \u00feeir k\u00f3ngar sem hinumegin J\u00f3rdanar bjuggu, \u00e1 fjallbygg\u00f0um uppi og l\u00edka \u00feeir sem bjuggu \u00e1 sl\u00e9ttlendinu og allir sem bjuggu \u00fat me\u00f0 h\u00f6fnum \u00feess mikla hafs og so \u00feeir sem voru hj\u00e1 fjallinu L\u00edbanon, sem voru Hethiter, Amoriter, Cananiter, Pheresiter, Heviter og Jebusiter, \u00fe\u00e1 s\u00f6fnu\u00f0ust \u00feeir saman me\u00f0 einu samhaldi til bardaga \u00ed m\u00f3t J\u00f3s\u00faa og \u00cdsrael. <span class=\"athugasemd\" title=\"J\u00f3s\u00faa 10; 11\">[<\/span><\/p>\n<p>\tEn borgarmenn af G\u00edbeon \u00fe\u00e1 \u00feeir fr\u00e9ttu hva\u00f0 J\u00f3s\u00faa haf\u00f0i gj\u00f6rt Jer\u00edk\u00f3 og A\u00ed, \u00fe\u00e1 upphugsu\u00f0u \u00feeir \u00feetta br\u00f6g\u00f0ugt r\u00e1\u00f0. <span class=\"athugasemd\" title=\"Kl\u00f3kt r\u00e1\u00f0 \u00feeirra Gibeonua\">[<\/span> \u00deeir f\u00f3ru og sendu menn \u00fat og l\u00f6g\u00f0u gamla sekki \u00e1 s\u00edna asna og gamlar, b\u00e6ttar og \u00ed sundurrifnar v\u00ednfl\u00f6skur, og \u00feeir t\u00f3ku gamla, b\u00e6tta sk\u00f3 \u00e1 s\u00edna f\u00e6tur og f\u00e6r\u00f0u sig \u00ed forn kl\u00e6\u00f0i og allt \u00fea\u00f0 brau\u00f0 sem \u00feeir t\u00f3ku me\u00f0 s\u00e9r var hart og mygla\u00f0. Og \u00feeir gengu fyrir J\u00f3s\u00faa \u00ed herb\u00fa\u00f0irnar til Gilgal og s\u00f6g\u00f0u til hans og til alls \u00cdsraels: &#8222;V\u00e9r erum komnir af fjarl\u00e6gu landi, svo gj\u00f6ri\u00f0 n\u00fa s\u00e1ttm\u00e1la vi\u00f0 oss.&#8220; \u00de\u00e1 svara\u00f0i allur alm\u00fagi \u00cdsraelis \u00feeim Heviter: &#8222;M\u00e1 ske a\u00f0 \u00fe\u00fa b\u00fair \u00e1 millum vor. Hvernin megum v\u00e9r gj\u00f6ra s\u00e1ttm\u00e1la vi\u00f0 \u00feig?&#8220;<\/p>\n<p>\tEn \u00feeir sv\u00f6ru\u00f0u og s\u00f6g\u00f0u til J\u00f3s\u00faa: &#8222;V\u00e9r erum \u00fe\u00ednir \u00fe\u00e9narar.&#8220; <span class=\"athugasemd\" title=\"J\u00f3s\u00fa. 2\">[<\/span> J\u00f3s\u00faa svara\u00f0i \u00feeim: &#8222;Hverjir eru \u00fe\u00e9r e\u00f0a hva\u00f0an komu \u00fe\u00e9r?&#8220; \u00deeir s\u00f6g\u00f0u: &#8222;\u00de\u00ednir \u00fe\u00e9narar eru komnir langan veg af framanda landi s\u00f6kum Drottins \u00fe\u00edns Gu\u00f0s nafns. \u00dev\u00ed v\u00e9r h\u00f6fum heyrt hans rykti og allt \u00fea\u00f0 sem hann gj\u00f6r\u00f0i \u00ed Egyptalandi og so l\u00edka allt \u00fea\u00f0 sem hann gj\u00f6r\u00f0i \u00feeim tveimur k\u00f3ngum Amoritis hinumegin J\u00f3rdanar, S\u00edhon k\u00f3nginum \u00ed Hesbon og so \u00d3g k\u00f3nginum \u00ed af Basan sem bj\u00f3 \u00ed Astarot. Og \u00fev\u00ed s\u00f6g\u00f0u vorir \u00f6ldungar og allir landsinnbyggjarar: Fari\u00f0 og taki\u00f0 f\u00e6\u00f0slur me\u00f0 y\u00f0ur \u00e1 veginn og fari\u00f0 til fundar vi\u00f0 \u00fe\u00e1 og segi\u00f0 til \u00feeirra: V\u00e9r erum y\u00f0rir \u00fe\u00e9narar. Setji\u00f0 n\u00fa \u00fe\u00e1 s\u00e1ttm\u00e1la vi\u00f0 oss. \u00deetta vort brau\u00f0 sem v\u00e9r t\u00f3kum me\u00f0 oss af vorum heimilum oss til f\u00e6\u00f0slu var n\u00fdtt \u00fe\u00e1 v\u00e9r f\u00f3rum heiman til y\u00f0ar. En sj\u00e1i\u00f0, n\u00fa er \u00fea\u00f0 hart og mygla\u00f0. Og \u00feessar v\u00ednfl\u00f6skur voru n\u00fdjar og v\u00e9r fylldum \u00fe\u00e6r af n\u00fdju v\u00edni og sj\u00e1i\u00f0 a\u00f0 \u00fe\u00e6r eru \u00ed sundurrifnar. Og \u00feessi vor kl\u00e6\u00f0i og sk\u00f3f\u00f6t eru n\u00fa or\u00f0in forn og g\u00f6mul \u00e1 \u00feessari vorri langri reisu.&#8220;<\/p>\n<p>\tSo t\u00f3ku h\u00f6fu\u00f0smennirnir af \u00feeirra mat og spur\u00f0u ekki munn Drottins \u00fear a\u00f0. Og J\u00f3s\u00faa batt s\u00e1tt vi\u00f0 \u00fe\u00e1 og uppsetti einn s\u00e1ttm\u00e1la vi\u00f0 \u00fe\u00e1 so \u00feeir skyldu halda s\u00ednu l\u00edfi. <span class=\"athugasemd\" title=\"J\u00f3s\u00faa bindur fri\u00f0 vi\u00f0 Gabaonites\">[<\/span> Og \u00feeir inu yppustu af \u00f6llum s\u00f6fnu\u00f0inum s\u00f3ru \u00feeim ei\u00f0a.<\/p>\n<p>\tEn \u00ferimur d\u00f6gum \u00fear eftir sem \u00feeir h\u00f6f\u00f0u gj\u00f6rt fri\u00f0 me\u00f0 \u00fe\u00e1 \u00fe\u00e1 spur\u00f0u \u00feeir \u00feann kvitt a\u00f0 \u00feeir \u00e1ttu bygg\u00f0ir skammt fr\u00e1 \u00feeim og a\u00f0 \u00feeirra bygg\u00f0arl\u00f6g \u00e1ttu a\u00f0 vera \u00ed millum \u00feeirra. \u00dev\u00ed \u00fe\u00e1 \u00cdsraelssynir h\u00f6f\u00f0u reist \u00ed tvo daga \u00fe\u00e1 komu \u00feeir \u00e1 \u00feri\u00f0ja degi til \u00feeirra borgar sem kalla\u00f0ist G\u00edbeon, Kap\u00edra, Be\u00f3r\u00f3t og Kirjat Jear\u00edm. Og \u00feeir sl\u00f3gu \u00fe\u00e1 ekki \u00fev\u00ed h\u00f6fu\u00f0smennirnir fyrir al\u00fe\u00fd\u00f0unni h\u00f6f\u00f0u svari\u00f0 \u00feeim ei\u00f0a vi\u00f0 Drottin Gu\u00f0 \u00cdsraelis. <\/p>\n<p>\tEn sem allur s\u00f6fnu\u00f0urinn kurra\u00f0i um \u00feetta \u00ed m\u00f3ti h\u00f6fu\u00f0sm\u00f6nnunum \u00fe\u00e1 s\u00f6g\u00f0u allir h\u00f6f\u00f0ingjarnir til alm\u00fagans: &#8222;V\u00e9r s\u00f3rum \u00feeim vi\u00f0 Drottin \u00cdsraelis Gu\u00f0, \u00fev\u00ed megum v\u00e9r ekki snerta \u00fe\u00e1. <span class=\"athugasemd\" title=\"Unninn ei\u00f0ur\">[<\/span> En \u00fea\u00f0 viljum v\u00e9r gj\u00f6ra: L\u00e1tum \u00fe\u00e1 lifa so \u00fear komi ekki rei\u00f0i yfir oss s\u00f6kum \u00feess ei\u00f0s sem v\u00e9r h\u00f6fum svari\u00f0 \u00feeim.&#8220; Og h\u00f6fu\u00f0smennirnir s\u00f6g\u00f0u til f\u00f3lksins: &#8222;L\u00e1ti\u00f0 \u00fe\u00e1 lifa so \u00feeir h\u00f6ggvi vi\u00f0 og beri vatn a\u00f0 \u00f6llum alm\u00faganum so sem h\u00f6f\u00f0ingarnir hafa sagt til \u00feeirra.&#8220;<\/p>\n<p>\tS\u00ed\u00f0an kalla\u00f0i J\u00f3s\u00faa \u00fe\u00e1 fyrir sig og sag\u00f0i til \u00feeirra: &#8222;\u00dev\u00ed sviku \u00fe\u00e9r oss og s\u00f6g\u00f0u\u00f0 a\u00f0 \u00fe\u00e9r v\u00e6ru\u00f0 \u00ed fjarska vi\u00f0 oss en \u00fe\u00e9r b\u00fai\u00f0 \u00fe\u00f3 mitt \u00e1 millum vor? \u00dev\u00ed skulu \u00fe\u00e9r n\u00fa b\u00f6lva\u00f0ir vera, \u00fear skal ei \u00ferj\u00f3ta \u00fer\u00e6l af y\u00f0ur sem h\u00f6ggva skulu vi\u00f0 og bera vatn til m\u00edns Gu\u00f0s h\u00fass.&#8220; \u00deeir sv\u00f6ru\u00f0u J\u00f3s\u00faa og s\u00f6g\u00f0u: &#8222;\u00dea\u00f0 var \u00fe\u00ednum \u00fe\u00e9n\u00f6rum sagt a\u00f0 Drottinn \u00feinn Gu\u00f0 til sag\u00f0i M\u00f3se s\u00ednum \u00fe\u00e9nara a\u00f0 hann vildi gefa y\u00f0ur allt landi\u00f0 og ey\u00f0ileggja alla landsins innbyggjara fyrir y\u00f0ur. \u00dev\u00ed ur\u00f0um v\u00e9r mj\u00f6g \u00f3ttaslegnir og hr\u00e6ddir um vort l\u00edf og t\u00f3kum \u00fev\u00ed \u00feetta til r\u00e1\u00f0s. En sj\u00e1 n\u00fa, v\u00e9r erum \u00ed \u00fe\u00ednu valdi. Gj\u00f6r vi\u00f0 oss hva\u00f0 \u00fe\u00e9r s\u00fdnist gott og r\u00e9tt vera.&#8220;<\/p>\n<p>\tOg so gj\u00f6r\u00f0i J\u00f3s\u00faa vi\u00f0 \u00fe\u00e1 og frelsa\u00f0i \u00fe\u00e1 fr\u00e1 hendi \u00cdsraelissona a\u00f0 \u00feeir sl\u00f3gu \u00fe\u00e1 ekki \u00ed hel. Og \u00e1 \u00feeim sama degi skipa\u00f0i J\u00f3s\u00faa \u00fe\u00e1 til a\u00f0 h\u00f6ggva vi\u00f0 og bera vatn handa alm\u00faganum og a\u00f0 altari Drottins, inn til \u00feessa dags \u00e1 \u00feeim sta\u00f0 sem hann vildi \u00fatvelja.<\/p>\n","protected":false},"excerpt":{"rendered":"<p>IX. \u00deegar \u00feetta fengu a\u00f0 spyrja allir \u00feeir k\u00f3ngar sem hinumegin J\u00f3rdanar bjuggu, \u00e1 fjallbygg\u00f0um uppi og l\u00edka \u00feeir sem bjuggu \u00e1 sl\u00e9ttlendinu og allir sem bjuggu \u00fat me\u00f0 h\u00f6fnum \u00feess mikla hafs og so \u00feeir sem voru hj\u00e1 fjallinu L\u00edbanon, sem voru Hethiter, Amoriter, Cananiter, Pheresiter, Heviter og Jebusiter, \u00fe\u00e1 s\u00f6fnu\u00f0ust \u00feeir saman me\u00f0 einu samhaldi til bardaga \u00ed m\u00f3t J\u00f3s\u00faa og \u00cdsrael. [ En borgarmenn af G\u00edbeon \u00fe\u00e1 \u00feeir fr\u00e9ttu hva\u00f0 J\u00f3s\u00faa haf\u00f0i gj\u00f6rt Jer\u00edk\u00f3 og A\u00ed, \u00fe\u00e1 upphugsu\u00f0u \u00feeir \u00feetta br\u00f6g\u00f0ugt r\u00e1\u00f0. [ \u00deeir f\u00f3ru og sendu menn \u00fat og l\u00f6g\u00f0u gamla sekki \u00e1 s\u00edna asna og <a href=\"https:\/\/biblian.is\/gudbrandsbiblia\/josuabok-9-kafli\/\"> [&#8230;]<\/a><\/p>\n","protected":false},"author":1,"featured_media":0,"parent":0,"menu_order":0,"comment_status":"open","ping_status":"open","template":"bibliukaflar.php","meta":{"footnotes":""},"class_list":["post-2888","page","type-page","status-publish","hentry"],"_links":{"self":[{"href":"https:\/\/biblian.is\/gudbrandsbiblia\/wp-json\/wp\/v2\/pages\/2888","targetHints":{"allow":["GET"]}}],"collection":[{"href":"https:\/\/biblian.is\/gudbrandsbiblia\/wp-json\/wp\/v2\/pages"}],"about":[{"href":"https:\/\/biblian.is\/gudbrandsbiblia\/wp-json\/wp\/v2\/types\/page"}],"author":[{"embeddable":true,"href":"https:\/\/biblian.is\/gudbrandsbiblia\/wp-json\/wp\/v2\/users\/1"}],"replies":[{"embeddable":true,"href":"https:\/\/biblian.is\/gudbrandsbiblia\/wp-json\/wp\/v2\/comments?post=2888"}],"version-history":[{"count":0,"href":"https:\/\/biblian.is\/gudbrandsbiblia\/wp-json\/wp\/v2\/pages\/2888\/revisions"}],"wp:attachment":[{"href":"https:\/\/biblian.is\/gudbrandsbiblia\/wp-json\/wp\/v2\/media?parent=2888"}],"curies":[{"name":"wp","href":"https:\/\/api.w.org\/{rel}","templated":true}]}}