{"id":2884,"date":"2017-12-18T18:32:00","date_gmt":"2017-12-18T18:32:00","guid":{"rendered":"http:\/\/biblian.is\/gudbrandsbiblia\/josuabok-5-kafli\/"},"modified":"2017-12-18T18:32:00","modified_gmt":"2017-12-18T18:32:00","slug":"josuabok-5-kafli","status":"publish","type":"page","link":"https:\/\/biblian.is\/gudbrandsbiblia\/josuabok-5-kafli\/","title":{"rendered":"J\u00f3s\u00faab\u00f3k 5. kafli"},"content":{"rendered":"<p>V.<\/p>\n<p>En \u00e1 \u00feeim t\u00edma sem \u00feeir allir k\u00f3ngar Amoritarum sem bjuggu \u00ed vestur\u00e1tt hinumegin J\u00f3rdanar og so allir k\u00f3ngar Cananitarum me\u00f0 hafinu heyr\u00f0u \u00fea\u00f0 a\u00f0 Drottinn haf\u00f0i \u00feurrka\u00f0 J\u00f3rdan fyrir \u00cdsraelsf\u00f3lki \u00e1 me\u00f0an \u00feeir gengu \u00fear yfir \u00fe\u00e1 \u00e6\u00f0ru\u00f0ust \u00feeirra hj\u00f6rtu svo a\u00f0 enginn hughreysti var me\u00f0 \u00feeim fyrir \u00cdsraelssonum. <span class=\"athugasemd\" title=\"J\u00f3s\u00faa umsker \u00cdsraelssonu\">[<\/span><\/p>\n<p>\tOg \u00e1 \u00feeim t\u00edma sag\u00f0i Drottinn til J\u00f3s\u00faa: &#8222;Gj\u00f6r \u00fe\u00e9r <span class=\"athugasemd\" title=\"a \/ (Steinkn\u00edfa) \/ \u00dea\u00f0 er hvassa so sem \u00e1 steini br\u00fdnda\">[<\/span> steinkn\u00edfa og umsker \u00cdsraelssonu \u00ed anna\u00f0 sinn.&#8220; Og J\u00f3s\u00faa gj\u00f6r\u00f0i s\u00e9r steinkn\u00edfa og umskar \u00cdsraelssyni \u00e1 \u00feeirri h\u00e6\u00f0 Aralot. Og \u00feessi er s\u00f6kin \u00fear til \u00fev\u00ed J\u00f3s\u00faa umskar allt kallkyns \u00ed \u00cdsrael sem komi\u00f0 var af Egyptalandi. \u00dev\u00ed a\u00f0 allt str\u00ed\u00f0sf\u00f3lk var anda\u00f0 \u00ed ey\u00f0im\u00f6rku \u00e1 veginum \u00fe\u00e1 \u00feeir f\u00f3ru af Egyptalandi. \u00dev\u00ed a\u00f0 allt \u00fea\u00f0 f\u00f3lk sem \u00fatgekk \u00fea\u00f0an var umskori\u00f0. En \u00fea\u00f0 allt f\u00f3lk sem f\u00e6ddist \u00ed ey\u00f0im\u00f6rkinni me\u00f0an \u00feeir voru \u00e1 veginum fr\u00e1 Egyptalandi var ekki umskori\u00f0. \u00dev\u00ed \u00cdsraelssynir gengu fj\u00f6rut\u00edgi \u00e1r um \u00fe\u00e1 ey\u00f0im\u00f6rk \u00feanga\u00f0 til a\u00f0 allt \u00fea\u00f0 str\u00ed\u00f0sf\u00f3lk sem kom af Egyptalandi var dautt \u00fev\u00ed a\u00f0 \u00feeir hl\u00fdddu ekki raust Drottins. So sem Drottinn haf\u00f0i svari\u00f0 \u00feeim a\u00f0 \u00feeir skyldu ekki sj\u00e1 \u00fea\u00f0 land sem Drottinn s\u00f3r \u00feeirra fe\u00f0rum a\u00f0 gefa oss eitt land \u00fear sem mj\u00f3lk og hunang innifl\u00fdtur. \u00deeirra sonu sem upp voru komnir \u00ed \u00feeirra sta\u00f0, \u00fe\u00e1 alla umskar J\u00f3s\u00faa \u00fev\u00ed \u00feeir h\u00f6f\u00f0u yfirh\u00fa\u00f0 og voru ekki umskornir \u00e1 veginum. Og sem f\u00f3lki\u00f0 var allt saman umskori\u00f0 \u00fe\u00e1 voru \u00feeir kyrrir \u00ed \u00feeim sama sta\u00f0 \u00ed herb\u00fa\u00f0unum \u00fear til s\u00e1r \u00feeirra voru gr\u00f3in. <\/p>\n<p>\tOg Drottinn sag\u00f0i til J\u00f3s\u00faa: &#8222;\u00cd dag hefi eg teki\u00f0 egypskra manna brigsli fr\u00e1 y\u00f0u.&#8220; OG \u00feessi sta\u00f0ur kallast Gilgal allt til \u00feessa dags. <span class=\"athugasemd\" title=\"Gilgal\">[<\/span><\/p>\n<p>\tOg sem a\u00f0 \u00cdsraelssynir h\u00f6f\u00f0u herb\u00fa\u00f0ir s\u00ednar \u00ed Gilgal \u00fe\u00e1 h\u00e9ldu \u00feeir p\u00e1ska \u00e1 v\u00f6llum Jer\u00edk\u00f3 \u00feann fj\u00f3rt\u00e1nda dag m\u00e1na\u00f0arins a\u00f0 kveldi, og \u00e1tu af landsins korni \u00e1 \u00f6\u00f0rum p\u00e1skadegi, sem var \u00f3s\u00fdrt brau\u00f0 og steikt aux, \u00e1 \u00feeim sama degi. <span class=\"athugasemd\" title=\"P\u00e1skah\u00e1t\u00ed\u00f0arhald\">[<\/span> \u00dea\u00f0an \u00ed fr\u00e1 \u00feraut man, \u00e1 \u00feeim \u00f6\u00f0rum degi sem \u00feeir \u00e1tu af landsins korni, svo \u00cdsraelsf\u00f3lk haf\u00f0i ekki \u00fea\u00f0an \u00ed fr\u00e1 man heldur \u00e1tu \u00feeir af Kanaanslands korni \u00e1 \u00feessu sama \u00e1ri. <span class=\"athugasemd\" title=\"Man \u00fer\u00fdtur\">[<\/span><\/p>\n<p>\tOg \u00fea\u00f0 ske\u00f0i so \u00fe\u00e1 J\u00f3s\u00faa var hj\u00e1 Jer\u00edk\u00f3 a\u00f0 hann upplyfti s\u00ednum augum og hann s\u00e1 a\u00f0 \u00fear st\u00f3\u00f0 ma\u00f0ur gagnvart honum me\u00f0 brug\u00f0nu sver\u00f0i. <span class=\"athugasemd\" title=\"Ma\u00f0ur birtist J\u00f3s\u00faa\">[<\/span> Og J\u00f3s\u00faa gekk til hans og sag\u00f0i: &#8222;Ertu af voru li\u00f0i e\u00f0a vorra \u00f3vina?&#8220; En hann svara\u00f0i og sag\u00f0i: &#8222;Nei ekki, heldur er eg h\u00f6f\u00f0ingi drottinlegs hers og em n\u00fa kominn.&#8220; \u00de\u00e1 f\u00e9ll J\u00f3s\u00faa til jar\u00f0ar \u00e1 sitt andlit, tilba\u00f0 hann og sag\u00f0i: &#8222;Hva\u00f0 segir minn herra til s\u00edns \u00fe\u00e9nara?&#8220; En h\u00f6f\u00f0inginn yfir Gu\u00f0s her sag\u00f0i til J\u00f3s\u00faa: &#8222;Drag \u00fe\u00edna sk\u00f3 af \u00fe\u00ednum f\u00f3tum \u00fev\u00ed \u00feessi sta\u00f0ur er heilagur sem \u00fe\u00fa stendur \u00e1.&#8220; Og J\u00f3s\u00faa gj\u00f6r\u00f0i so.<\/p>\n","protected":false},"excerpt":{"rendered":"<p>V. En \u00e1 \u00feeim t\u00edma sem \u00feeir allir k\u00f3ngar Amoritarum sem bjuggu \u00ed vestur\u00e1tt hinumegin J\u00f3rdanar og so allir k\u00f3ngar Cananitarum me\u00f0 hafinu heyr\u00f0u \u00fea\u00f0 a\u00f0 Drottinn haf\u00f0i \u00feurrka\u00f0 J\u00f3rdan fyrir \u00cdsraelsf\u00f3lki \u00e1 me\u00f0an \u00feeir gengu \u00fear yfir \u00fe\u00e1 \u00e6\u00f0ru\u00f0ust \u00feeirra hj\u00f6rtu svo a\u00f0 enginn hughreysti var me\u00f0 \u00feeim fyrir \u00cdsraelssonum. [ Og \u00e1 \u00feeim t\u00edma sag\u00f0i Drottinn til J\u00f3s\u00faa: &#8222;Gj\u00f6r \u00fe\u00e9r [ steinkn\u00edfa og umsker \u00cdsraelssonu \u00ed anna\u00f0 sinn.&#8220; Og J\u00f3s\u00faa gj\u00f6r\u00f0i s\u00e9r steinkn\u00edfa og umskar \u00cdsraelssyni \u00e1 \u00feeirri h\u00e6\u00f0 Aralot. Og \u00feessi er s\u00f6kin \u00fear til \u00fev\u00ed J\u00f3s\u00faa umskar allt kallkyns \u00ed \u00cdsrael sem komi\u00f0 var af Egyptalandi. <a href=\"https:\/\/biblian.is\/gudbrandsbiblia\/josuabok-5-kafli\/\"> [&#8230;]<\/a><\/p>\n","protected":false},"author":1,"featured_media":0,"parent":0,"menu_order":0,"comment_status":"open","ping_status":"open","template":"bibliukaflar.php","meta":{"footnotes":""},"class_list":["post-2884","page","type-page","status-publish","hentry"],"_links":{"self":[{"href":"https:\/\/biblian.is\/gudbrandsbiblia\/wp-json\/wp\/v2\/pages\/2884","targetHints":{"allow":["GET"]}}],"collection":[{"href":"https:\/\/biblian.is\/gudbrandsbiblia\/wp-json\/wp\/v2\/pages"}],"about":[{"href":"https:\/\/biblian.is\/gudbrandsbiblia\/wp-json\/wp\/v2\/types\/page"}],"author":[{"embeddable":true,"href":"https:\/\/biblian.is\/gudbrandsbiblia\/wp-json\/wp\/v2\/users\/1"}],"replies":[{"embeddable":true,"href":"https:\/\/biblian.is\/gudbrandsbiblia\/wp-json\/wp\/v2\/comments?post=2884"}],"version-history":[{"count":0,"href":"https:\/\/biblian.is\/gudbrandsbiblia\/wp-json\/wp\/v2\/pages\/2884\/revisions"}],"wp:attachment":[{"href":"https:\/\/biblian.is\/gudbrandsbiblia\/wp-json\/wp\/v2\/media?parent=2884"}],"curies":[{"name":"wp","href":"https:\/\/api.w.org\/{rel}","templated":true}]}}