{"id":2880,"date":"2017-12-18T18:32:00","date_gmt":"2017-12-18T18:32:00","guid":{"rendered":"http:\/\/biblian.is\/gudbrandsbiblia\/josuabok-1-kafli\/"},"modified":"2017-12-18T18:32:00","modified_gmt":"2017-12-18T18:32:00","slug":"josuabok-1-kafli","status":"publish","type":"page","link":"https:\/\/biblian.is\/gudbrandsbiblia\/josuabok-1-kafli\/","title":{"rendered":"J\u00f3s\u00faab\u00f3k 1. kafli"},"content":{"rendered":"<p>B\u00f3kin J\u00f3s\u00faa<\/p>\n<p>I.<\/p>\n<p>Og \u00fea\u00f0 ske\u00f0i \u00fe\u00e1 M\u00f3ses \u00fej\u00f3n Drottins var anda\u00f0ur \u00fe\u00e1 sag\u00f0i Drottinn til J\u00f3s\u00faa sonar N\u00fan hver a\u00f0 veri\u00f0 haf\u00f0i M\u00f3ses \u00fe\u00e9nari: &#8222;M\u00f3ses minn \u00fej\u00f3n er anda\u00f0ur. \u00dear fyrir tak \u00feig upp og far yfir \u00feessa J\u00f3rdan, \u00fe\u00fa og allt \u00feetta f\u00f3lk, \u00ed \u00fea\u00f0 land sem eg gaf \u00feeim \u00cdsraelssonum. Og eg hefi gefi\u00f0 y\u00f0ur alla \u00fe\u00e1 sta\u00f0i sem \u00fe\u00e9r komi\u00f0 f\u00f3tum \u00e1, so sem eg \u00e1\u00f0ur sag\u00f0i til M\u00f3sen. Fr\u00e1 ey\u00f0im\u00f6rkinni og \u00feessu fjalli L\u00edbanon allt a\u00f0 \u00fev\u00ed mikla vatni Euphrates, allt til Hetithers land inn til \u00feess st\u00f3ra vesturhafs skal vera y\u00f0ars lands ummerki. <span class=\"athugasemd\" title=\"Deut. 11\">[<\/span> Enginn skal standa \u00ed m\u00f3ti \u00fe\u00e9r alla \u00fe\u00edna l\u00edfdaga. Eg vil vera me\u00f0 \u00fe\u00e9r l\u00edka so sem eg var me\u00f0 M\u00f3se og eigi vil eg yfirgefa \u00feig og ekki heldur v\u00edkja fr\u00e1 \u00fe\u00e9r. Vertu hughraustur og \u00f3efa\u00f0ur \u00fev\u00ed \u00fe\u00fa skalt skipta landinu me\u00f0 \u00feessu f\u00f3lki hvert eg s\u00f3r \u00feeirra forfe\u00f0rum a\u00f0 gefa \u00feeim.<\/p>\n<p>\tVertu \u00fear fyrir \u00f6ruggur og mj\u00f6g hughraustur so a\u00f0 \u00fe\u00fa haldir og gj\u00f6rir alla hluti eftir l\u00f6gm\u00e1linu \u00fev\u00ed sem minn \u00fe\u00e9nari M\u00f3ses bau\u00f0 \u00fe\u00e9r. V\u00edk \u00fe\u00fa \u00fear eigi fr\u00e1, hverki til h\u00e6gri n\u00e9 vinstri handar, so \u00fe\u00fa kunnir a\u00f0 h\u00f6ndla forsj\u00e1llega \u00ed \u00f6llum \u00feeim hlutum sem \u00fe\u00fa skalt gj\u00f6ra. Og l\u00e1t \u00feessa l\u00f6gm\u00e1lsb\u00f3k ekki koma fr\u00e1 \u00fe\u00ednum munni heldur i\u00f0ka \u00fe\u00fa hana dag og n\u00f3tt so \u00fe\u00fa megir halda og gj\u00f6ra alla hluti \u00fear eftir so sem skrifa\u00f0 er \u00ed henni. <span class=\"athugasemd\" title=\"Deut. 12; 17\">[<\/span> So skal \u00fea\u00f0 lukkast \u00fe\u00e9r vel \u00ed \u00f6llu \u00fev\u00ed \u00fe\u00fa gj\u00f6rir og \u00fe\u00fa munt forsj\u00e1llega kunna \u00fe\u00e9r a\u00f0 heg\u00f0a. Sj\u00e1 \u00fe\u00fa, eg hefi bo\u00f0i\u00f0 \u00fe\u00e9r a\u00f0 \u00fe\u00fa s\u00e9rt hughraustur og styrkur. \u00d3ttast ekki og vert ekki hr\u00e6ddur \u00fev\u00ed a\u00f0 Drottinn \u00feinn Gu\u00f0 er me\u00f0 \u00fe\u00e9r \u00ed \u00f6llum \u00feeim hlutum sem \u00fe\u00fa skalt gj\u00f6ra.&#8220;<\/p>\n<p>\tEftir \u00feetta bau\u00f0 J\u00f3s\u00faa f\u00f3lksins h\u00f6f\u00f0ingjum og sag\u00f0i: &#8222;Fari\u00f0 um allar herb\u00fa\u00f0irnar og skipi\u00f0 f\u00f3lkinu og segi\u00f0: Tilb\u00fai\u00f0 y\u00f0ur vistir \u00fev\u00ed a\u00f0 \u00fe\u00e9r skulu\u00f0 fer\u00f0ast yfir um \u00feessa J\u00f3rdan eftir \u00ferj\u00e1 daga so a\u00f0 \u00fe\u00e9r innkomi\u00f0 og eignist \u00fea\u00f0 landi\u00f0 sem Drottinn y\u00f0ar Gu\u00f0 mun gefa y\u00f0ur.&#8220;<\/p>\n<p>\tOg J\u00f3sef sag\u00f0i til \u00feeirra R\u00fabensona, Ga\u00f0sona og til h\u00e1lfrar Manasses kynkv\u00edslar: &#8222;Minnist \u00e1 \u00feau or\u00f0 sem M\u00f3ses \u00fe\u00e9nari Drottins tala\u00f0i til y\u00f0ar og sag\u00f0i: Drottinn y\u00f0ar Gu\u00f0 hefur veitt y\u00f0ur hv\u00edld og gefi\u00f0 y\u00f0ur \u00feetta land. <span class=\"athugasemd\" title=\"Num. 32\">[<\/span> L\u00e1ti\u00f0 y\u00f0ar kvinnur, b\u00f6rn og b\u00fasamala bl\u00edfa eftir \u00ed landinu \u00fev\u00ed sem M\u00f3ses hefur gefi\u00f0 y\u00f0ur \u00feessumegin J\u00f3rdanar en \u00fe\u00e9r skulu\u00f0 ganga alvopna\u00f0ir fyrir y\u00f0rum br\u00e6\u00f0rum, allir \u00fe\u00e9r sem vopnf\u00e6rir eru\u00f0, og hj\u00e1lpa \u00feeim \u00fear til a\u00f0 Drottinn gefur y\u00f0ar br\u00e6\u00f0rum hv\u00edld l\u00edka so sem y\u00f0ur, a\u00f0 \u00feeir eignist landi\u00f0 sem M\u00f3ses Gu\u00f0s \u00fe\u00e9nari gaf y\u00f0ur til eignar hinumegin J\u00f3rdanar, m\u00f3t austri.&#8220;<\/p>\n<p>\tOg \u00feeir sv\u00f6ru\u00f0u J\u00f3s\u00faa og s\u00f6g\u00f0u: &#8222;V\u00e9r viljum gj\u00f6ra allt \u00fea\u00f0 sem \u00fe\u00fa hefur bo\u00f0i\u00f0 oss, svo og viljum v\u00e9r fara hvert sem \u00fe\u00fa sendir oss. Og so sem v\u00e9r vorum M\u00f3ses hl\u00fd\u00f0ugir so viljum v\u00e9r hl\u00fd\u00f0a \u00fe\u00e9r. Veri a\u00f0eins Drottinn Gu\u00f0 \u00feinn me\u00f0 \u00fe\u00e9r l\u00edka sem hann var me\u00f0 M\u00f3se. Hver sem er \u00fe\u00ednum munni \u00f3hl\u00fd\u00f0ugur og ekki hl\u00fd\u00f0ir \u00fe\u00ednum or\u00f0um \u00ed \u00f6llu \u00fev\u00ed \u00fe\u00fa b\u00fd\u00f0ur oss s\u00e1 skal deyja. Vert \u00fe\u00fa a\u00f0eins hughraustur og styrkur.&#8220;<\/p>\n","protected":false},"excerpt":{"rendered":"<p>B\u00f3kin J\u00f3s\u00faa I. Og \u00fea\u00f0 ske\u00f0i \u00fe\u00e1 M\u00f3ses \u00fej\u00f3n Drottins var anda\u00f0ur \u00fe\u00e1 sag\u00f0i Drottinn til J\u00f3s\u00faa sonar N\u00fan hver a\u00f0 veri\u00f0 haf\u00f0i M\u00f3ses \u00fe\u00e9nari: &#8222;M\u00f3ses minn \u00fej\u00f3n er anda\u00f0ur. \u00dear fyrir tak \u00feig upp og far yfir \u00feessa J\u00f3rdan, \u00fe\u00fa og allt \u00feetta f\u00f3lk, \u00ed \u00fea\u00f0 land sem eg gaf \u00feeim \u00cdsraelssonum. Og eg hefi gefi\u00f0 y\u00f0ur alla \u00fe\u00e1 sta\u00f0i sem \u00fe\u00e9r komi\u00f0 f\u00f3tum \u00e1, so sem eg \u00e1\u00f0ur sag\u00f0i til M\u00f3sen. Fr\u00e1 ey\u00f0im\u00f6rkinni og \u00feessu fjalli L\u00edbanon allt a\u00f0 \u00fev\u00ed mikla vatni Euphrates, allt til Hetithers land inn til \u00feess st\u00f3ra vesturhafs skal vera y\u00f0ars lands ummerki. [ <a href=\"https:\/\/biblian.is\/gudbrandsbiblia\/josuabok-1-kafli\/\"> [&#8230;]<\/a><\/p>\n","protected":false},"author":1,"featured_media":0,"parent":0,"menu_order":0,"comment_status":"open","ping_status":"open","template":"bibliukaflar.php","meta":{"footnotes":""},"class_list":["post-2880","page","type-page","status-publish","hentry"],"_links":{"self":[{"href":"https:\/\/biblian.is\/gudbrandsbiblia\/wp-json\/wp\/v2\/pages\/2880","targetHints":{"allow":["GET"]}}],"collection":[{"href":"https:\/\/biblian.is\/gudbrandsbiblia\/wp-json\/wp\/v2\/pages"}],"about":[{"href":"https:\/\/biblian.is\/gudbrandsbiblia\/wp-json\/wp\/v2\/types\/page"}],"author":[{"embeddable":true,"href":"https:\/\/biblian.is\/gudbrandsbiblia\/wp-json\/wp\/v2\/users\/1"}],"replies":[{"embeddable":true,"href":"https:\/\/biblian.is\/gudbrandsbiblia\/wp-json\/wp\/v2\/comments?post=2880"}],"version-history":[{"count":0,"href":"https:\/\/biblian.is\/gudbrandsbiblia\/wp-json\/wp\/v2\/pages\/2880\/revisions"}],"wp:attachment":[{"href":"https:\/\/biblian.is\/gudbrandsbiblia\/wp-json\/wp\/v2\/media?parent=2880"}],"curies":[{"name":"wp","href":"https:\/\/api.w.org\/{rel}","templated":true}]}}