{"id":2868,"date":"2017-12-18T18:31:57","date_gmt":"2017-12-18T18:31:57","guid":{"rendered":"http:\/\/biblian.is\/gudbrandsbiblia\/fimmta-mosebok-23-kafli\/"},"modified":"2017-12-18T18:31:57","modified_gmt":"2017-12-18T18:31:57","slug":"fimmta-mosebok-23-kafli","status":"publish","type":"page","link":"https:\/\/biblian.is\/gudbrandsbiblia\/fimmta-mosebok-23-kafli\/","title":{"rendered":"Fimmta M\u00f3seb\u00f3k 23. kafli"},"content":{"rendered":"<p>\u00dear skal enginn meiddur ma\u00f0ur e\u00f0a geldingur innkoma \u00ed Drottins samkundu. <span class=\"athugasemd\" title=\"Hverjir a\u00f0 ekki skulu koma \u00ed samkundu Drottins \/ Num. 22\">[<\/span> \u00dear skal og engin portkonuson innkoma \u00ed samkundu Drottins og ekki eftir t\u00edunda li\u00f0 heldur \u00fe\u00e1 skal hann aldrei innkoma \u00ed samkundu Drottins.<\/p>\n<p>\tAmmoniter og M\u00f3abiter skulu ekki innkoma \u00ed samkundu Drottins og ekki eftir t\u00edunda li\u00f0 heldur skulu \u00feeir aldrei koma \u00fear inn af \u00fev\u00ed a\u00f0 \u00feeir vildu ekki koma \u00ed m\u00f3ti y\u00f0ur \u00e1 veginum me\u00f0 brau\u00f0i og vatni \u00feann t\u00ed\u00f0 \u00fe\u00e9r f\u00f3ru\u00f0 af Egyptalandi. <span class=\"athugasemd\" title=\"Ammonite \/ Moabite\">[<\/span> Og \u00fear a\u00f0 auki leig\u00f0u \u00feeir Balaam son Be\u00f3r af Pet\u00f3r \u00far Mesopothamia \u00e1 m\u00f3ti y\u00f0ur a\u00f0 hann skyldi b\u00f6lva \u00fe\u00e9r. <span class=\"athugasemd\" title=\"Balaam\">[<\/span> En Drottinn Gu\u00f0 \u00feinn vildi ekki heyra Balaam og sneri \u00feeirri b\u00f6lvaninni um til blessunar af \u00fev\u00ed a\u00f0 Drottinn Gu\u00f0 \u00feinn elska\u00f0i \u00feig. \u00de\u00fa skalt ekki bi\u00f0ja \u00feeim g\u00e6fu n\u00e9 neins g\u00f3\u00f0s um alla \u00fe\u00edna l\u00edfdaga \u00e6vinlega.<\/p>\n<p>\t\u00de\u00fa skalt ekki halda Ed\u00f3m\u00edtana fyrir neina sv\u00edvir\u00f0ing \u00fev\u00ed a\u00f0 \u00feeir eru \u00fe\u00ednir br\u00e6\u00f0ur. \u00de\u00fa skalt og ekki halda \u00fe\u00e1 egypsku fyrir neina sv\u00edvir\u00f0ing \u00fev\u00ed a\u00f0 \u00fe\u00fa hefur veri\u00f0 \u00fatlendingur \u00ed \u00feeirra landi. \u00deau b\u00f6rn sem \u00feeir geta \u00ed \u00feri\u00f0ju \u00e6ttkv\u00edsl skulu innkoma \u00ed samkundu Drottins.<\/p>\n<p>\tN\u00e6r e\u00f0 \u00fe\u00fa gengur \u00fat af herb\u00fa\u00f0um \u00ed m\u00f3ti \u00fe\u00ednum \u00f3vinum \u00fe\u00e1 skalt \u00fe\u00fa vara \u00feig vi\u00f0 \u00f6llu \u00fev\u00ed sem illt er. Er \u00fear s\u00e1 nokkur \u00e1 me\u00f0al y\u00f0ar sem ekki er hreinn fyrir \u00fea\u00f0 sem hann kann hafa hent um n\u00f3ttina, hann skal ganga \u00ed burt fyrir utan herb\u00fa\u00f0irnar og ekki inn aftur koma fyrr en a\u00f0 kveldi n\u00e6r e\u00f0 hann hefur \u00fevegi\u00f0 sig \u00ed vatni og n\u00e6r e\u00f0 s\u00f3lin er undirgengin, \u00fe\u00e1 skal hann innganga \u00ed herb\u00fa\u00f0irnar aftur.<\/p>\n<p>\t\u00de\u00fa skalt og hafa eitt takmark fyrir utan herb\u00fa\u00f0irnar \u00feanga\u00f0 sem \u00fe\u00fa kannt a\u00f0 fara og gj\u00f6ra \u00fe\u00ednar nau\u00f0synjar. Og \u00fe\u00fa skalt hafa einn l\u00edtinn spa\u00f0a og n\u00e6r e\u00f0 \u00fe\u00fa vilt setja \u00feig ni\u00f0ur \u00fe\u00e1 skalt \u00fe\u00fa grafa \u00fear me\u00f0 og \u00fe\u00e1 \u00fe\u00fa hefur gj\u00f6rt \u00fe\u00ednar nau\u00f0synjar \u00fe\u00e1 skalt \u00fe\u00fa hylja yfir \u00fea\u00f0 sem fr\u00e1 \u00fe\u00e9r er gengi\u00f0. \u00dev\u00ed a\u00f0 Drottinn Gu\u00f0 \u00feinn gengur \u00e1 millum \u00feinna herb\u00fa\u00f0a til a\u00f0 frelsa \u00feig og gefa \u00fe\u00edna \u00f3vini fyrir \u00fe\u00e9r. \u00dear fyrir skulu \u00fe\u00ednar herb\u00fa\u00f0ir vera heilagar og \u00fear skal ekki neitt skammarlegt sj\u00e1st \u00e1 me\u00f0al \u00fe\u00edn a\u00f0 hann skuli ekki sn\u00faa s\u00e9r \u00ed burt fr\u00e1 \u00fe\u00e9r.<\/p>\n<p>\t\u00de\u00fa skalt ekki ofurselja \u00feann \u00fer\u00e6l \u00ed s\u00edns herrans hendur sem fl\u00fai\u00f0 hefur fr\u00e1 honum til \u00fe\u00edn. Hann skal vera hj\u00e1 \u00fe\u00e9r \u00ed \u00feeim sta\u00f0 \u00fat \u00ed einum \u00feinna portdyra sem hann \u00fatvelur s\u00e9r til g\u00f3\u00f0a. Og \u00fe\u00fa skalt ekki gj\u00f6ra honum neina stygg\u00f0.<\/p>\n<p>\t\u00dear skal engin sk\u00e6kja vera \u00e1 milli \u00cdsraelisd\u00e6tra og enginn frillul\u00edfisma\u00f0ur \u00e1 me\u00f0al \u00cdsraelssona. <span class=\"athugasemd\" title=\"Saurlifna\u00f0ur\">[<\/span><\/p>\n<p>\t\u00de\u00fa skalt ekki bera neina sk\u00e6kjutilgj\u00f6f e\u00f0ur hundaver\u00f0 \u00ed \u00fea\u00f0 h\u00fasi\u00f0 Drottins Gu\u00f0s \u00fe\u00edns \u00fat \u00ed nokkurs konar heitgj\u00f6fum \u00fev\u00ed \u00fea\u00f0 hverttveggja er Drottni Gu\u00f0i \u00fe\u00ednum ein sv\u00edvir\u00f0ing.<\/p>\n<p>\t\u00de\u00fa skalt ekki gj\u00f6ra okur \u00fe\u00ednum br\u00f3\u00f0ur, hverki me\u00f0 peningum n\u00e9 me\u00f0 mat, n\u00e9 me\u00f0 neinum \u00feeim hlutum sem \u00fat \u00e1 m\u00e1 okra. <span class=\"athugasemd\" title=\"Okur \/ Exod. 22 \/ Levit. 25\">[<\/span> \u00deann framanda m\u00e1ttu okra en ekki \u00feinn br\u00f3\u00f0ur so a\u00f0 Drottinn Gu\u00f0 \u00feinn skuli blessa \u00feig \u00ed \u00f6llu \u00fev\u00ed sem \u00fe\u00fa \u00e1setur \u00fe\u00e9r \u00ed \u00fev\u00ed landinu sem \u00fe\u00fa skalt innkoma til a\u00f0 eignast. <\/p>\n<p>\tN\u00e6r \u00fe\u00fa heitir nokkru Drottni Gu\u00f0i \u00fe\u00ednum \u00fe\u00e1 skalt \u00fe\u00fa ekki gj\u00f6ra dv\u00f6l \u00e1 \u00fev\u00ed a\u00f0 enda \u00fea\u00f0 \u00fev\u00ed a\u00f0 Drottinn Gu\u00f0 \u00feinn vill krefja \u00feess af \u00fe\u00e9r og \u00fea\u00f0 sama ver\u00f0ur \u00fe\u00e9r a\u00f0 synd. <span class=\"athugasemd\" title=\"Heiti \/ Levit. 17 \/ Num. 30\">[<\/span> En heitir \u00fe\u00fa \u00f6ngvu \u00fe\u00e1 er \u00fe\u00e9r \u00fea\u00f0 engin synd. En hva\u00f0 framgengi\u00f0 er af \u00fe\u00ednum v\u00f6rum \u00fea\u00f0 skalt \u00fe\u00fa enda og gj\u00f6ra l\u00edka sem \u00fe\u00fa hefur me\u00f0 \u00fe\u00ednum munni heiti\u00f0 Drottni Gu\u00f0i \u00fe\u00ednum \u00fat af \u00fe\u00ednum sj\u00e1lfs eiginlegum vilja. \t<\/p>\n<p>\tN\u00e6r e\u00f0 \u00fe\u00fa gengur \u00ed v\u00edngar\u00f0 \u00fe\u00edns n\u00e1unga \u00fe\u00e1 m\u00e1ttu eta so m\u00f6rg v\u00ednber sem \u00feig lystir til \u00feess a\u00f0 \u00fe\u00e9r n\u00e6gir en \u00ed \u00feitt ker skalt \u00fe\u00fa ekki neitt leggja.<\/p>\n<p>\tN\u00e6r e\u00f0 \u00fe\u00fa gengur um kornakur \u00fe\u00edns n\u00e1unga \u00fe\u00e1 m\u00e1ttu plokka axin me\u00f0 hendinni en me\u00f0 sig\u00f0unum skalt \u00fe\u00fa ekki neitt skera \u00fear upp.<\/p>\n","protected":false},"excerpt":{"rendered":"<p>\u00dear skal enginn meiddur ma\u00f0ur e\u00f0a geldingur innkoma \u00ed Drottins samkundu. [ \u00dear skal og engin portkonuson innkoma \u00ed samkundu Drottins og ekki eftir t\u00edunda li\u00f0 heldur \u00fe\u00e1 skal hann aldrei innkoma \u00ed samkundu Drottins. Ammoniter og M\u00f3abiter skulu ekki innkoma \u00ed samkundu Drottins og ekki eftir t\u00edunda li\u00f0 heldur skulu \u00feeir aldrei koma \u00fear inn af \u00fev\u00ed a\u00f0 \u00feeir vildu ekki koma \u00ed m\u00f3ti y\u00f0ur \u00e1 veginum me\u00f0 brau\u00f0i og vatni \u00feann t\u00ed\u00f0 \u00fe\u00e9r f\u00f3ru\u00f0 af Egyptalandi. [ Og \u00fear a\u00f0 auki leig\u00f0u \u00feeir Balaam son Be\u00f3r af Pet\u00f3r \u00far Mesopothamia \u00e1 m\u00f3ti y\u00f0ur a\u00f0 hann skyldi b\u00f6lva \u00fe\u00e9r. <a href=\"https:\/\/biblian.is\/gudbrandsbiblia\/fimmta-mosebok-23-kafli\/\"> [&#8230;]<\/a><\/p>\n","protected":false},"author":1,"featured_media":0,"parent":0,"menu_order":0,"comment_status":"open","ping_status":"open","template":"bibliukaflar.php","meta":{"footnotes":""},"class_list":["post-2868","page","type-page","status-publish","hentry"],"_links":{"self":[{"href":"https:\/\/biblian.is\/gudbrandsbiblia\/wp-json\/wp\/v2\/pages\/2868","targetHints":{"allow":["GET"]}}],"collection":[{"href":"https:\/\/biblian.is\/gudbrandsbiblia\/wp-json\/wp\/v2\/pages"}],"about":[{"href":"https:\/\/biblian.is\/gudbrandsbiblia\/wp-json\/wp\/v2\/types\/page"}],"author":[{"embeddable":true,"href":"https:\/\/biblian.is\/gudbrandsbiblia\/wp-json\/wp\/v2\/users\/1"}],"replies":[{"embeddable":true,"href":"https:\/\/biblian.is\/gudbrandsbiblia\/wp-json\/wp\/v2\/comments?post=2868"}],"version-history":[{"count":0,"href":"https:\/\/biblian.is\/gudbrandsbiblia\/wp-json\/wp\/v2\/pages\/2868\/revisions"}],"wp:attachment":[{"href":"https:\/\/biblian.is\/gudbrandsbiblia\/wp-json\/wp\/v2\/media?parent=2868"}],"curies":[{"name":"wp","href":"https:\/\/api.w.org\/{rel}","templated":true}]}}