{"id":2867,"date":"2017-12-18T18:31:57","date_gmt":"2017-12-18T18:31:57","guid":{"rendered":"http:\/\/biblian.is\/gudbrandsbiblia\/fimmta-mosebok-22-kafli\/"},"modified":"2017-12-18T18:31:57","modified_gmt":"2017-12-18T18:31:57","slug":"fimmta-mosebok-22-kafli","status":"publish","type":"page","link":"https:\/\/biblian.is\/gudbrandsbiblia\/fimmta-mosebok-22-kafli\/","title":{"rendered":"Fimmta M\u00f3seb\u00f3k 22. kafli"},"content":{"rendered":"<p>\u00deegar e\u00f0 \u00fe\u00fa s\u00e9r \u00fe\u00edns br\u00f3\u00f0urs naut e\u00f0a sau\u00f0 fara villt \u00fe\u00e1 skalt \u00fe\u00fa ekki ganga fram hj\u00e1 \u00fev\u00ed heldur skalt \u00fe\u00fa lei\u00f0a \u00fea\u00f0 aftur til \u00fe\u00edns br\u00f3\u00f0urs. <span class=\"athugasemd\" title=\"\u00de\u00fa skalt afst\u00fdra ska\u00f0a \u00fe\u00edns n\u00e1unga og \u00fe\u00edns \u00f3vinar \/ Exod. 22\">[<\/span> En n\u00e6r e\u00f0 \u00feinn br\u00f3\u00f0ir er ekki n\u00e6rri \u00fe\u00e9r og \u00fe\u00fa \u00feekkir hann ekki \u00fe\u00e1 skalt \u00fe\u00fa taka \u00fea\u00f0 \u00ed \u00feitt h\u00fas og halda \u00fev\u00ed so lengi hj\u00e1 \u00fe\u00e9r \u00feanga\u00f0 til a\u00f0 \u00feinn br\u00f3\u00f0ir kemur og leitar eftir \u00fev\u00ed so a\u00f0 \u00fe\u00fa kunnir \u00fe\u00e1 a\u00f0 f\u00e1 honum \u00fea\u00f0 aftur. So skalt \u00fe\u00fa gj\u00f6ra vi\u00f0 hans asna, vi\u00f0 hans kl\u00e6\u00f0na\u00f0 og vi\u00f0 allt \u00fea\u00f0 sem t\u00fdnt er sem \u00feinn br\u00f3\u00f0ir hann t\u00fdnir og finnur \u00fe\u00fa \u00fea\u00f0. \u00de\u00fa m\u00e1tt ekki draga dulur \u00e1 \u00fea\u00f0.<\/p>\n<p>\tEf a\u00f0 \u00fe\u00fa s\u00e9r a\u00f0 \u00fe\u00edns br\u00f3\u00f0urs asni e\u00f0a naut er dotti\u00f0 um koll \u00e1 veginum \u00fe\u00e1 skalt \u00fe\u00fa ekki draga \u00feig \u00ed hl\u00e9 heldur skaltu hj\u00e1lpa honum upp \u00e1 f\u00e6tur. <\/p>\n<p>\tEin kvinna skal ekki bera kallmanns verju og kallma\u00f0ur skal ekki f\u00e6ra sig \u00ed konuf\u00f6t \u00fev\u00ed a\u00f0 hann sem \u00fea\u00f0 gj\u00f6rir er ein sv\u00edvir\u00f0ing fyrir Drottni Gu\u00f0i \u00fe\u00ednum.<\/p>\n<p>\tN\u00e6r e\u00f0 \u00fe\u00fa finnur eitt fuglahrei\u00f0ur \u00e1 veginum, upp \u00ed einhverju tr\u00e9nu e\u00f0ur \u00e1 j\u00f6r\u00f0unni, me\u00f0 ungum e\u00f0ur me\u00f0 eggjum og \u00fea\u00f0 m\u00f3\u00f0urin situr \u00e1 ungunum e\u00f0ur eggjunum, \u00fe\u00e1 skalt \u00fe\u00fa ekki taka m\u00f3\u00f0urina me\u00f0 ungunum heldur skaltu l\u00e1ta m\u00f3\u00f0urina burtflj\u00faga og taka ungana so a\u00f0 \u00fe\u00e9r megi vel vegna og lengi lifa.<\/p>\n<p>\tN\u00e6r e\u00f0 \u00fe\u00fa uppbyggir eitt n\u00fdtt h\u00fas \u00fe\u00e1 gj\u00f6r \u00fe\u00e9r karma um kring upp \u00e1 \u00fe\u00ednu \u00feaki so a\u00f0 \u00fe\u00fa hla\u00f0ir ekki neinu bl\u00f3\u00f0i yfir \u00feitt h\u00fas ef a\u00f0 nokkur fellur \u00fear ofan af.<\/p>\n<p>\t\u00de\u00fa skalt ekki s\u00e1 \u00feinn v\u00edngar\u00f0 me\u00f0 margh\u00e1ttu\u00f0u s\u00e6\u00f0i a\u00f0 \u00fe\u00fa ekki heilagt gj\u00f6rir svoddan s\u00e6\u00f0i til einnrar uppfyllingar sem \u00fe\u00fa hefur ni\u00f0urs\u00e1\u00f0 hj\u00e1 v\u00edngar\u00f0sins innkomu. <span class=\"athugasemd\" title=\"Levit. 29\">[<\/span> \u00de\u00fa skalt ekki erja me\u00f0 einu nauti og einum asna til samans. \u00de\u00fa skalt ekki f\u00e6ra \u00feig \u00ed \u00feau f\u00f6t sem gj\u00f6r\u00f0 eru \u00fat af ullu og l\u00edni til samans. \u00de\u00fa skalt gj\u00f6ra \u00fe\u00e9r fald \u00e1 \u00feeim fj\u00f3rum l\u00f6fum \u00feinnar skikkju sem \u00fe\u00fa sk\u00fdlir \u00fe\u00e9r me\u00f0.<\/p>\n<p>\tN\u00e6r e\u00f0 nokkur ma\u00f0ur f\u00e6r s\u00e9r eignarkonu og ver\u00f0ur hann henni rei\u00f0ur s\u00ed\u00f0an hann hefur legi\u00f0 hj\u00e1 henni og leggur henni sk\u00f6mm til og kemur henni \u00fat \u00ed eitt vondslegt rykti og segir: &#8222;\u00deessa konu t\u00f3k \u00e9g m\u00e9r og \u00fe\u00e1 \u00e9g lag\u00f0i mig hj\u00e1 henni \u00fe\u00e1 fann \u00e9g a\u00f0 h\u00fan var ekki meyja&#8220; \u00fe\u00e1 skal fa\u00f0ir og m\u00f3\u00f0ir \u00feeirrar s\u00f6mu konu taka hana og lei\u00f0a hana inn fyrir \u00f6ldungana \u00ed sta\u00f0arportinu og s\u00fdna hennar meyd\u00f3msmerki. <span class=\"athugasemd\" title=\"Straff hans sem \u00f3fr\u00e6gir s\u00edna kvinnu\">[<\/span> \u00de\u00e1 skal fa\u00f0irinn \u00feeirrar s\u00f6mu kvinnu segja til \u00f6ldunganna: &#8222;\u00c9g gaf \u00feessum manni m\u00edna d\u00f3ttir til eignarkonu. N\u00fa er hann or\u00f0inn henni rei\u00f0ur og leggur henni eina skemmilega s\u00f6k til og segir: \u00c9g hefi ekki fundi\u00f0 \u00fe\u00edna d\u00f3ttir mey vera. H\u00e9r eru \u00feessarar minnar d\u00f3ttur meyd\u00f3msmerki.&#8220; So skulu \u00feeir brei\u00f0a kl\u00e6\u00f0in \u00fat fyrir \u00f6ldungum sta\u00f0arins. \u00de\u00e1 skulu \u00f6ldungarnir af sta\u00f0num taka \u00feann mann og refsa honum og skatta af honum hundra\u00f0 silfurpeninga og gefa \u00fe\u00e1 f\u00f6\u00f0urnum \u00feeirrar s\u00f6mu kvinnunar, fyrir \u00fea\u00f0 hann hefur \u00f3rykti gj\u00f6rt einni jungfr\u00fa \u00ed \u00cdsrael og hann skal hafa hana til eignarkonu so a\u00f0 hann m\u00e1 ekki yfirgefa hana um alla s\u00edna l\u00edfdaga.<\/p>\n<p>\tEn eru a\u00f0 sannindi a\u00f0 kvinnan fannst ekki a\u00f0 vera mey \u00fe\u00e1 skulu \u00fe\u00e9r lei\u00f0a hana \u00fat fyrir dyrnar hennars f\u00f6\u00f0urs h\u00fasa og f\u00f3lki\u00f0 \u00ed sta\u00f0num skal gr\u00fdta hana til heljar, af \u00fev\u00ed a\u00f0 h\u00fan gj\u00f6r\u00f0i svoddan heimsku \u00fear \u00ed \u00cdsrael og dr\u00fdg\u00f0i h\u00f3ran \u00ed s\u00edns f\u00f6\u00f0urs h\u00fasi. Og \u00fe\u00fa skalt \u00ed burt taka svoddan vondskap fr\u00e1 \u00fe\u00e9r.<\/p>\n<p>\tEf a\u00f0 nokkur finnst me\u00f0 \u00fev\u00ed a\u00f0 hann liggur hj\u00e1 \u00feeirri konu sem hefur sinn eignarmann \u00fe\u00e1 skulu \u00feau b\u00e6\u00f0i deyja, ma\u00f0urinn og konan sem hann hefur hj\u00e1 legi\u00f0, og \u00fe\u00fa skalt \u00ed burt taka \u00fea\u00f0 vonda af \u00cdsrael. <span class=\"athugasemd\" title=\"Straff h\u00f3rd\u00f3ms \/ Levit. 20\">[<\/span> <\/p>\n<p>\tEf a\u00f0 ein jungfr\u00fa er tr\u00falofu\u00f0 nokkrum og einn ma\u00f0ur hittir hana \u00ed sta\u00f0num og liggur hj\u00e1 henni \u00fe\u00e1 skulu \u00fe\u00e9r lei\u00f0a \u00feau b\u00e6\u00f0i \u00fat fyrir portin sta\u00f0arins og gr\u00fdta \u00feau b\u00e6\u00f0i til heljar, meyna af \u00fev\u00ed a\u00f0 h\u00fan kalla\u00f0i ekki fyrst a\u00f0 h\u00fan var innan sta\u00f0ar og manninn af \u00fev\u00ed a\u00f0 hann skamma\u00f0i festarkonu s\u00edns n\u00e1unga. <span class=\"athugasemd\" title=\"Ef nokkur liggur me\u00f0 tr\u00falofa\u00f0ri mey\">[<\/span> Og \u00fe\u00fa skalt \u00ed burt taka \u00fea\u00f0 vonda fr\u00e1 \u00fe\u00e9r.<\/p>\n<p>\tEf a\u00f0 nokkur hittir eina tr\u00falofa\u00f0a mey \u00fat \u00e1 akrinum og tekur hana me\u00f0 valdi og liggur hj\u00e1 henni \u00fe\u00e1 skal ma\u00f0urinn a\u00f0eins deyja sem hj\u00e1 henni l\u00e1. En meyjunni skaltu ekki mein gj\u00f6ra \u00fev\u00ed a\u00f0 h\u00fan gj\u00f6r\u00f0i \u00f6ngva \u00fe\u00e1 synd sem dau\u00f0a er ver\u00f0, heldur so sem \u00fe\u00e1 einhver setur sig upp \u00e1 m\u00f3ti s\u00ednum n\u00e1unga og sl\u00e6r hann \u00ed hel, eins l\u00edka er \u00feetta \u00fev\u00ed a\u00f0 hann hitti hana \u00fat \u00e1 akurl\u00f6ndunum og s\u00fa hin tr\u00falofa\u00f0a meyjan kalla\u00f0i og \u00fear var enginn sem hj\u00e1lpa\u00f0i henni.<\/p>\n<p>\tN\u00e6r e\u00f0 einhver hittir \u00fe\u00e1 mey sem ekki er tr\u00falofu\u00f0 og tekur hana og liggur hj\u00e1 henni og \u00fea\u00f0 ver\u00f0ur uppv\u00edst um hann \u00fe\u00e1 skal s\u00e1 sem l\u00e1 hj\u00e1 henni gefa f\u00f6\u00f0ur hennar timmt\u00edgi siclos silfurs og hafa hana s\u00ed\u00f0an til eiginkonu \u00fev\u00ed a\u00f0 hann vanvirti hana. <span class=\"athugasemd\" title=\"Exod. 21 \/ Levit. 15 \/ Deut. 27\">[<\/span> Hann m\u00e1 og ekki yfirgefa hana um alla s\u00edna l\u00edfdaga. Enginn skal taka s\u00edns f\u00f6\u00f0urs h\u00fasfreyju og uppfletti ekki s\u00edns f\u00f6\u00f0urs hylmingu.<\/p>\n","protected":false},"excerpt":{"rendered":"<p>\u00deegar e\u00f0 \u00fe\u00fa s\u00e9r \u00fe\u00edns br\u00f3\u00f0urs naut e\u00f0a sau\u00f0 fara villt \u00fe\u00e1 skalt \u00fe\u00fa ekki ganga fram hj\u00e1 \u00fev\u00ed heldur skalt \u00fe\u00fa lei\u00f0a \u00fea\u00f0 aftur til \u00fe\u00edns br\u00f3\u00f0urs. [ En n\u00e6r e\u00f0 \u00feinn br\u00f3\u00f0ir er ekki n\u00e6rri \u00fe\u00e9r og \u00fe\u00fa \u00feekkir hann ekki \u00fe\u00e1 skalt \u00fe\u00fa taka \u00fea\u00f0 \u00ed \u00feitt h\u00fas og halda \u00fev\u00ed so lengi hj\u00e1 \u00fe\u00e9r \u00feanga\u00f0 til a\u00f0 \u00feinn br\u00f3\u00f0ir kemur og leitar eftir \u00fev\u00ed so a\u00f0 \u00fe\u00fa kunnir \u00fe\u00e1 a\u00f0 f\u00e1 honum \u00fea\u00f0 aftur. So skalt \u00fe\u00fa gj\u00f6ra vi\u00f0 hans asna, vi\u00f0 hans kl\u00e6\u00f0na\u00f0 og vi\u00f0 allt \u00fea\u00f0 sem t\u00fdnt er sem \u00feinn br\u00f3\u00f0ir hann t\u00fdnir <a href=\"https:\/\/biblian.is\/gudbrandsbiblia\/fimmta-mosebok-22-kafli\/\"> [&#8230;]<\/a><\/p>\n","protected":false},"author":1,"featured_media":0,"parent":0,"menu_order":0,"comment_status":"open","ping_status":"open","template":"bibliukaflar.php","meta":{"footnotes":""},"class_list":["post-2867","page","type-page","status-publish","hentry"],"_links":{"self":[{"href":"https:\/\/biblian.is\/gudbrandsbiblia\/wp-json\/wp\/v2\/pages\/2867","targetHints":{"allow":["GET"]}}],"collection":[{"href":"https:\/\/biblian.is\/gudbrandsbiblia\/wp-json\/wp\/v2\/pages"}],"about":[{"href":"https:\/\/biblian.is\/gudbrandsbiblia\/wp-json\/wp\/v2\/types\/page"}],"author":[{"embeddable":true,"href":"https:\/\/biblian.is\/gudbrandsbiblia\/wp-json\/wp\/v2\/users\/1"}],"replies":[{"embeddable":true,"href":"https:\/\/biblian.is\/gudbrandsbiblia\/wp-json\/wp\/v2\/comments?post=2867"}],"version-history":[{"count":0,"href":"https:\/\/biblian.is\/gudbrandsbiblia\/wp-json\/wp\/v2\/pages\/2867\/revisions"}],"wp:attachment":[{"href":"https:\/\/biblian.is\/gudbrandsbiblia\/wp-json\/wp\/v2\/media?parent=2867"}],"curies":[{"name":"wp","href":"https:\/\/api.w.org\/{rel}","templated":true}]}}