{"id":2866,"date":"2017-12-18T18:31:57","date_gmt":"2017-12-18T18:31:57","guid":{"rendered":"http:\/\/biblian.is\/gudbrandsbiblia\/fimmta-mosebok-21-kafli\/"},"modified":"2017-12-18T18:31:57","modified_gmt":"2017-12-18T18:31:57","slug":"fimmta-mosebok-21-kafli","status":"publish","type":"page","link":"https:\/\/biblian.is\/gudbrandsbiblia\/fimmta-mosebok-21-kafli\/","title":{"rendered":"Fimmta M\u00f3seb\u00f3k 21. kafli"},"content":{"rendered":"<p>\u00deegar e\u00f0 mann finnur nokkurn \u00feann sem a\u00f0 er \u00ed hel sleginn \u00ed landinu \u00fev\u00ed sem Drottinn Gu\u00f0 \u00feinn mun gefa \u00fe\u00e9r a\u00f0 eignast og hann liggur \u00e1 akrinum og mann veit ekki hver a\u00f0 hann hefur \u00ed hel slegi\u00f0, \u00fe\u00e1 skulu \u00fe\u00ednir \u00f6ldungar og \u00fe\u00ednir d\u00f3mendur \u00fatganga og m\u00e6la fr\u00e1 \u00feeim sem \u00ed hel er sleginn og til \u00feeirra sta\u00f0anna sem \u00fear liggja um kring, hver s\u00e1 sta\u00f0ur sem \u00fear liggur n\u00e6st. \u00de\u00e1 skulu \u00f6ldungarnir af \u00feeim sta\u00f0num taka eina kv\u00edgu af hj\u00f6r\u00f0inni \u00fe\u00e1 sem ekki hefur veri\u00f0 erfi\u00f0a\u00f0 me\u00f0 og s\u00fa e\u00f0 ekki hefur ardurinn dregi\u00f0 og \u00feeir skulu lei\u00f0a hana ofan \u00ed einn \u00fer\u00f6ngvan og grj\u00f3tugan dal sem hverki hefur veri\u00f0 pl\u00e6g\u00f0ur n\u00e9 s\u00e1\u00f0ur og \u00ed \u00feeim sta\u00f0 ni\u00f0ur \u00ed dalnum skulu \u00fe\u00e9r h\u00f6ggva af henni h\u00e1lsinn.<\/p>\n<p>\tSo skulu prestarnir, synir Lev\u00ed, koma \u00fear (\u00fev\u00ed a\u00f0 Drottinn Gu\u00f0 \u00feinn hefur \u00fatvali\u00f0 \u00fe\u00e1 a\u00f0 \u00feeir \u00fej\u00f3ni honum og lofi hans nafn og \u00f6ll sakferli og \u00f6ll ska\u00f0r\u00e6\u00f0i skulu \u00farskur\u00f0ast eftir \u00feeirra munni). Og allir \u00f6ldungarnir af \u00feeim sama sta\u00f0 skulu ganga fram til \u00feess hins vegna og \u00fevo \u00feeirra hendur yfir \u00feeirri kv\u00edgunni sem h\u00e1lsinn er af h\u00f6ggvinn \u00ed dalnum og skulu andsvara og segja: &#8222;Vorar hendur hafa ekki \u00fathellt \u00feessu bl\u00f3\u00f0i og vor augu hafa ekki heldur s\u00e9\u00f0 \u00fea\u00f0. Vertu miskunnsamur \u00fe\u00ednu f\u00f3lki \u00cdsrael hvert e\u00f0 \u00fe\u00fa, Drottinn, hefur frelsa\u00f0 og legg ekki \u00feetta hi\u00f0 saklausa bl\u00f3\u00f0 upp \u00e1 \u00feitt f\u00f3lk \u00cdsrael.&#8220; So ver\u00f0a \u00feeir forl\u00edktir yfir \u00feessu bl\u00f3\u00f0i. \u00deanninn skalt \u00fe\u00fa taka \u00fea\u00f0 saklausa bl\u00f3\u00f0 \u00ed burt fr\u00e1 \u00fe\u00e9r so a\u00f0 \u00fe\u00fa gj\u00f6rir \u00fea\u00f0 sem r\u00e9ttfer\u00f0ugt er \u00ed augliti Drottins.<\/p>\n<p>\tN\u00e6r e\u00f0 \u00fe\u00fa dregur \u00fat \u00ed str\u00ed\u00f0 m\u00f3ti \u00fe\u00ednum \u00f3vinum og Drottinn Gu\u00f0 \u00feinn gefur \u00fe\u00e1 \u00ed \u00fe\u00ednar hendur so a\u00f0 \u00fe\u00fa \u00ed burt lei\u00f0ir nokkra hertekna af \u00feeim og \u00fe\u00fa s\u00e9r \u00e1 millum \u00feeirra eina hreinlega kvinnu og \u00fe\u00fa f\u00e6r \u00e1star\u00feokka til hennar svo a\u00f0 \u00fe\u00fa vilt taka hana \u00fe\u00e9r til eiginkonu, \u00fe\u00e1 haf hana inn \u00ed \u00feitt h\u00fas og l\u00e1t raka \u00ed burt hennar h\u00f6fu\u00f0h\u00e1r og skera \u00ed burt hennar neglur og l\u00e1t hana f\u00e6ra sig af \u00feeim kl\u00e6\u00f0unum sem h\u00fan var hertekin \u00fat\u00ed og l\u00e1t hana sitja \u00ed \u00fe\u00ednu h\u00fasi og gr\u00e1ta sinn f\u00f6\u00f0ur og m\u00f3\u00f0ur einn m\u00e1nu\u00f0. S\u00ed\u00f0an m\u00e1ttu sofa hj\u00e1 henni og taka hana \u00fe\u00e9r til eiginkonu og l\u00e1t hana vera \u00fe\u00edna h\u00fasfreyju. En n\u00e6r e\u00f0 \u00fe\u00fa hefur \u00f6ngvan \u00feokka til hennar \u00fe\u00e1 skalt \u00fe\u00fa l\u00e1ta hana \u00ed burtu fara \u00feanga\u00f0 sem h\u00fan vill sj\u00e1lf og selja hana ekki fyrir peninga n\u00e9 setja hana \u00fat \u00fev\u00ed a\u00f0 \u00fe\u00fa hefur gj\u00f6rt henni l\u00e6ging.<\/p>\n<p>\tEf a\u00f0 nokkur hefur tv\u00e6r eiginkonur, eina \u00fe\u00e1 hann elskar, a\u00f0ra \u00fe\u00e1 hann hatar, og \u00fe\u00e6r f\u00e6\u00f0a honum b\u00f6rn, b\u00e6\u00f0i h\u00fan sem hann elskar og hin sem hann hatar, so a\u00f0 hinn frumgetni sonurinn heyrir \u00feeirri til sem hann hatar, og s\u00e1 t\u00edmi kemur a\u00f0 hann skal \u00fatskipta arfinum \u00e1 millum sinna barna, \u00fe\u00e1 kann hann ekki a\u00f0 gj\u00f6ra hennar son sem hann elskar a\u00f0 \u00feeim frumgetna syninum upp yfir frumgetnum syni \u00feeirrar sem hann hatar, heldur skal hann me\u00f0kenna hennar son hverja hann hatar fyrir sinn frumgetna son og gefa honum tvefalt af \u00f6llu \u00fev\u00ed hann hefur. <span class=\"athugasemd\" title=\"R\u00e9ttur hins frumgetna\">[<\/span> \u00dev\u00ed a\u00f0 hann er hans fyrstur kraftur og honum ber a\u00f0 hafa \u00feann frumgetningsr\u00e9tt.<\/p>\n<p>\tEf a\u00f0 nokkur hefur einn \u00fer\u00e1lyndan og \u00f3hl\u00fd\u00f0inn son sem ekki vill hl\u00fd\u00f0a s\u00edns f\u00f6\u00f0urs og m\u00f3\u00f0ur \u00e1minningu og n\u00e6r e\u00f0 \u00feau str\u00fdkja hann \u00fe\u00e1 vill hann \u00fe\u00f3 ekki a\u00f0 heldur vera \u00feeim hl\u00fd\u00f0ugur, \u00fe\u00e1 skal fa\u00f0ir hans og m\u00f3\u00f0ir taka hann h\u00f6ndum og lei\u00f0a hann til \u00f6ldunganna sta\u00f0arins og \u00ed porti\u00f0 \u00feess sta\u00f0ar og til \u00f6ldunganna, segjandi: &#8222;\u00deessi okkar son er \u00ferj\u00f3skufullur og \u00f3hl\u00fd\u00f0inn og vill ekki hl\u00fd\u00f0a okkrum \u00e1minningum og er einn \u00f6lsvelgur og drykkjud\u00e1ri.&#8220; <span class=\"athugasemd\" title=\"Refsing \u00f3hl\u00fd\u00f0ins sonar\">[<\/span> So s\u00ed\u00f0an skal alm\u00faginn \u00ed sta\u00f0num berja hann til heljar. Og \u00fe\u00fa skalt so \u00ed burt skilja \u00fea\u00f0 hi\u00f0 vonda fr\u00e1 \u00fe\u00e9r so a\u00f0 allt \u00cdsrael megi \u00fea\u00f0 heyra og \u00f3ttast \u00fea\u00f0.<\/p>\n<p>\tN\u00e6r e\u00f0 nokkur hefur gj\u00f6rt einhverja synd so a\u00f0 hann er dau\u00f0a fyrir ver\u00f0ur og ver\u00f0ur svo l\u00edfl\u00e1tinn \u00fea\u00f0 hann er upphengdur \u00e1 eitt tr\u00e9 \u00fe\u00e1 skal hans l\u00edkami ekki vera \u00e1 tr\u00e9nu um n\u00f3ttina heldur skalt \u00fe\u00fa jar\u00f0a hann samd\u00e6gurs \u0096 \u00fev\u00ed a\u00f0 hann er b\u00f6lva\u00f0ur af Gu\u00f0i sem ver\u00f0ur hengdur \u0096 so a\u00f0 \u00fe\u00fa saurgir ekki \u00feitt land \u00fea\u00f0 sem Drottinn Gu\u00f0 \u00feinn gefur \u00fe\u00e9r til eignar. <span class=\"athugasemd\" title=\"S\u00e1 sem hengdur er er b\u00f6lva\u00f0ur\">[<\/span><\/p>\n","protected":false},"excerpt":{"rendered":"<p>\u00deegar e\u00f0 mann finnur nokkurn \u00feann sem a\u00f0 er \u00ed hel sleginn \u00ed landinu \u00fev\u00ed sem Drottinn Gu\u00f0 \u00feinn mun gefa \u00fe\u00e9r a\u00f0 eignast og hann liggur \u00e1 akrinum og mann veit ekki hver a\u00f0 hann hefur \u00ed hel slegi\u00f0, \u00fe\u00e1 skulu \u00fe\u00ednir \u00f6ldungar og \u00fe\u00ednir d\u00f3mendur \u00fatganga og m\u00e6la fr\u00e1 \u00feeim sem \u00ed hel er sleginn og til \u00feeirra sta\u00f0anna sem \u00fear liggja um kring, hver s\u00e1 sta\u00f0ur sem \u00fear liggur n\u00e6st. \u00de\u00e1 skulu \u00f6ldungarnir af \u00feeim sta\u00f0num taka eina kv\u00edgu af hj\u00f6r\u00f0inni \u00fe\u00e1 sem ekki hefur veri\u00f0 erfi\u00f0a\u00f0 me\u00f0 og s\u00fa e\u00f0 ekki hefur ardurinn dregi\u00f0 og \u00feeir <a href=\"https:\/\/biblian.is\/gudbrandsbiblia\/fimmta-mosebok-21-kafli\/\"> [&#8230;]<\/a><\/p>\n","protected":false},"author":1,"featured_media":0,"parent":0,"menu_order":0,"comment_status":"open","ping_status":"open","template":"bibliukaflar.php","meta":{"footnotes":""},"class_list":["post-2866","page","type-page","status-publish","hentry"],"_links":{"self":[{"href":"https:\/\/biblian.is\/gudbrandsbiblia\/wp-json\/wp\/v2\/pages\/2866","targetHints":{"allow":["GET"]}}],"collection":[{"href":"https:\/\/biblian.is\/gudbrandsbiblia\/wp-json\/wp\/v2\/pages"}],"about":[{"href":"https:\/\/biblian.is\/gudbrandsbiblia\/wp-json\/wp\/v2\/types\/page"}],"author":[{"embeddable":true,"href":"https:\/\/biblian.is\/gudbrandsbiblia\/wp-json\/wp\/v2\/users\/1"}],"replies":[{"embeddable":true,"href":"https:\/\/biblian.is\/gudbrandsbiblia\/wp-json\/wp\/v2\/comments?post=2866"}],"version-history":[{"count":0,"href":"https:\/\/biblian.is\/gudbrandsbiblia\/wp-json\/wp\/v2\/pages\/2866\/revisions"}],"wp:attachment":[{"href":"https:\/\/biblian.is\/gudbrandsbiblia\/wp-json\/wp\/v2\/media?parent=2866"}],"curies":[{"name":"wp","href":"https:\/\/api.w.org\/{rel}","templated":true}]}}