{"id":2865,"date":"2017-12-18T18:31:57","date_gmt":"2017-12-18T18:31:57","guid":{"rendered":"http:\/\/biblian.is\/gudbrandsbiblia\/fimmta-mosebok-20-kafli\/"},"modified":"2017-12-18T18:31:57","modified_gmt":"2017-12-18T18:31:57","slug":"fimmta-mosebok-20-kafli","status":"publish","type":"page","link":"https:\/\/biblian.is\/gudbrandsbiblia\/fimmta-mosebok-20-kafli\/","title":{"rendered":"Fimmta M\u00f3seb\u00f3k 20. kafli"},"content":{"rendered":"<p>\u00deegar e\u00f0 \u00fe\u00fa dregur \u00ed str\u00ed\u00f0 \u00e1 m\u00f3t \u00fe\u00ednum \u00f3vinum og \u00fe\u00fa s\u00e9r a\u00f0 \u00fea\u00f0 f\u00f3lk hefur fleiri v\u00edghesta og vagna en \u00fe\u00fa \u00fe\u00e1 vert ekki hr\u00e6ddur fyrir \u00feeim \u00fev\u00ed a\u00f0 Drottinn Gu\u00f0 \u00feinn sem \u00fatleiddi \u00feig af Egyptalandi er me\u00f0 \u00fe\u00e9r. <span class=\"athugasemd\" title=\"Hvernin sig skal halda \u00ed \u00f3fri\u00f0arstormi\">[<\/span> N\u00e6r e\u00f0 \u00fe\u00e9r komi\u00f0 n\u00fa \u00fear \u00ed n\u00e1nd sem bardaginn \u00e1 a\u00f0 vera \u00fe\u00e1 skal presturinn framganga og tala fyrir f\u00f3lkinu og segja til \u00feess: &#8222;Heyr \u00fe\u00fa \u00cdsrael. \u00de\u00e9r gangi\u00f0 \u00ed dag \u00ed bardaga m\u00f3t y\u00f0ar \u00f3vinum. Y\u00f0ar hj\u00f6rtu skulu ekki vantreysta, hr\u00e6\u00f0ist ekki og skelfist ekki og kv\u00ed\u00f0i\u00f0 ekki fyrir \u00feeim \u00fev\u00ed a\u00f0 Drottinn Gu\u00f0 y\u00f0ar gengur me\u00f0 y\u00f0ur so a\u00f0 hann vill berjast fyrir y\u00f0ur m\u00f3ti y\u00f0ar \u00f3vinum til a\u00f0 hj\u00e1lpa y\u00f0ur.&#8220;<\/p>\n<p>\tEn hersh\u00f6f\u00f0ingjarnir skulu tala fyrir li\u00f0inu og segja: &#8222;Hver s\u00e1 ma\u00f0ur sem upp hefur byggt eitt n\u00fdtt h\u00fas og hefur enn n\u00fa ekki <span class=\"athugasemd\" title=\"a \/ (V\u00edgja h\u00fas) \/ \u00dea\u00f0 er a ebreskt m\u00e1lt\u00e6ki so miki\u00f0 sem flytja sig \u00ed h\u00fasi\u00f0\">[<\/span> v\u00edgt \u00fea\u00f0, s\u00e1 fari \u00ed burt og bl\u00edfi \u00ed s\u00ednu h\u00fasi a\u00f0 hann falli ekki \u00ed str\u00ed\u00f0inu og \u00fea\u00f0 einn annar skuli \u00fe\u00e1 v\u00edgja \u00fea\u00f0. Hver sem a\u00f0 planta\u00f0 hefur einn v\u00edngar\u00f0 og hefur enn ekki gj\u00f6rt hann almennilegan, s\u00e1 gangi \u00ed burt og veri heima a\u00f0 hann deyi ekki \u00ed str\u00ed\u00f0inu og einn annar skuli gj\u00f6ra hann almennilegan.<\/p>\n<p>\tHver hann hefur tr\u00falofa\u00f0 sig einni konu og hefur enn n\u00fa ekki haft hana heim til s\u00edn, s\u00e1 gangi burt og veri heima a\u00f0 hann falli ekki \u00ed str\u00ed\u00f0inu og skuli \u00fe\u00f3 annar hafa hana heim.&#8220;<\/p>\n<p>\tOg hersh\u00f6f\u00f0ingjarnir skulu enn framarmeir tala til f\u00f3lksins og segja: &#8222;Hver hann er hr\u00e6ddur og ragur \u00ed s\u00ednu hjarta gangi s\u00e1 \u00ed burt og veri heima a\u00f0 hann skuli ekki hr\u00e6\u00f0slufull gj\u00f6ra hj\u00f6rtun sinna br\u00e6\u00f0ra l\u00edka so sem \u00fea\u00f0 hans hjarta er.&#8220; Og n\u00e6r e\u00f0 hersh\u00f6f\u00f0ingjarnir hafa n\u00fa \u00fat tala\u00f0 s\u00ednu m\u00e1li fyrir f\u00f3lkinu \u00fe\u00e1 skulu \u00feeir setja hina \u00e6\u00f0stu yfir herinn fremst  \u00ed fylkingunni fyrir li\u00f0inu.<\/p>\n<p>\tN\u00e6r e\u00f0 \u00fe\u00fa dregur inn fyrir nokkurn sta\u00f0 til a\u00f0 str\u00ed\u00f0a \u00e1 m\u00f3ti honum \u00fe\u00e1 skaltu fyrst bj\u00f3\u00f0a \u00feeim fri\u00f0. Svarar hann \u00fe\u00e1 til vinsamlega og l\u00e6tur upp fyrir \u00fe\u00e9r \u00fe\u00e1 skal allt \u00fea\u00f0 f\u00f3lk sem \u00fear ver\u00f0ur inni fundi\u00f0 vera \u00fe\u00e9r skattgilt og undirgefi\u00f0. En vilji hann ekki h\u00f6ndla fri\u00f0samlega vi\u00f0 \u00feig og vill str\u00ed\u00f0a \u00ed gegn \u00fe\u00e9r \u00fe\u00e1 sestu um hann. N\u00e6r Drottinn Gu\u00f0 \u00feinn gefur \u00fe\u00e9r hann \u00ed \u00fe\u00edna h\u00f6nd \u00fe\u00e1 skalt \u00fe\u00fa me\u00f0 sver\u00f0seggjum \u00ed hel sl\u00e1 allt hva\u00f0 \u00fear er kallkyns inni. <span class=\"athugasemd\" title=\"Str\u00ed\u00f0slagar\u00e9ttur\">[<\/span> Fyrir utan konur og b\u00f6rn og b\u00fasmalann og allt \u00fea\u00f0 sem \u00fear er \u00ed sta\u00f0num og \u00f6llu herfangi skalt \u00fe\u00fa \u00fatskipta \u00e1 millum y\u00f0ar. Og \u00fe\u00fa m\u00e1tt eta \u00fat af b\u00fdtinu \u00feinna \u00f3vina sem Drottinn Gu\u00f0 \u00feinn hefur gefi\u00f0 \u00fe\u00e9r. L\u00edka so skalt \u00fe\u00fa og gj\u00f6ra vi\u00f0 alla \u00fe\u00e1 sta\u00f0i sem liggja langt \u00ed burt fr\u00e1 \u00fe\u00e9r og ekki eru af \u00feeim st\u00f6\u00f0unum \u00feessa f\u00f3lks.<\/p>\n<p>\tEn \u00ed st\u00f6\u00f0unum \u00feessa f\u00f3lksins sem Drottinn Gu\u00f0 \u00feinn mun gefa \u00fe\u00e9r til arft\u00f6ku skalt \u00fe\u00fa ekki neitt l\u00e1ta \u00fea\u00f0 lifa sem andardr\u00e1tt hefur heldur skalt \u00fe\u00fa forey\u00f0a \u00feeim \u00f6llum, einkum sem eru \u00feeir Het\u00edter og Amor\u00edter og Kanan\u00edter og Peres\u00edter, Hev\u00edter og Jeb\u00fas\u00edter, so sem \u00fea\u00f0 Drottinn Gu\u00f0 \u00feinn hefur bo\u00f0i\u00f0 \u00fe\u00e9r, upp \u00e1 \u00fea\u00f0 a\u00f0 \u00feeir skulu ekki l\u00e6ra y\u00f0ur a\u00f0 gj\u00f6ra eftir allri \u00feeirra sv\u00edvir\u00f0ing sem \u00feeir plaga a\u00f0 gj\u00f6ra vi\u00f0 s\u00edna afgu\u00f0a og a\u00f0 \u00fe\u00e9r syndgist ekki vi\u00f0 Drottin Gu\u00f0 y\u00f0arn. <span class=\"athugasemd\" title=\"Hverjum \u00fej\u00f3\u00f0um forey\u00f0a skal\">[<\/span> <\/p>\n<p>\tN\u00e6r e\u00f0 \u00fe\u00fa hl\u00fdtur lengi a\u00f0 liggja fyrir einhverjum sta\u00f0 m\u00f3ti hverjum \u00fe\u00fa str\u00ed\u00f0ir so a\u00f0 \u00fe\u00fa vilt yfirvinna hann, \u00fe\u00e1 skalt \u00fe\u00fa ekki fordjarfa \u00feau aldintr\u00e9n so a\u00f0 \u00fe\u00fa h\u00f6ggvir \u00feau ni\u00f0ur me\u00f0 \u00f6xinni \u00fev\u00ed a\u00f0 \u00fe\u00fa kannt a\u00f0 eta aldini af \u00feeim, \u00fear fyrir skalt \u00fe\u00fa ekki uppr\u00e6ta \u00feau. \u00dev\u00ed a\u00f0 \u00feau eru tr\u00e9 \u00e1 j\u00f6r\u00f0u en ekki menn, a\u00f0 \u00feau kunni a\u00f0 vera svo eitt hervirki yfir \u00fe\u00e9r. En \u00feau tr\u00e9 sem mann kann ekki a\u00f0 eta af \u00feau skalt \u00fe\u00fa fordjarfa og h\u00f6ggva eitt hervirki \u00fear \u00fat af \u00ed gegn \u00feeim sta\u00f0num sem str\u00ed\u00f0ir \u00e1 m\u00f3ti \u00fe\u00e9r \u00feanga\u00f0 til a\u00f0 \u00fe\u00fa hefur vald yfir honum.<\/p>\n","protected":false},"excerpt":{"rendered":"<p>\u00deegar e\u00f0 \u00fe\u00fa dregur \u00ed str\u00ed\u00f0 \u00e1 m\u00f3t \u00fe\u00ednum \u00f3vinum og \u00fe\u00fa s\u00e9r a\u00f0 \u00fea\u00f0 f\u00f3lk hefur fleiri v\u00edghesta og vagna en \u00fe\u00fa \u00fe\u00e1 vert ekki hr\u00e6ddur fyrir \u00feeim \u00fev\u00ed a\u00f0 Drottinn Gu\u00f0 \u00feinn sem \u00fatleiddi \u00feig af Egyptalandi er me\u00f0 \u00fe\u00e9r. [ N\u00e6r e\u00f0 \u00fe\u00e9r komi\u00f0 n\u00fa \u00fear \u00ed n\u00e1nd sem bardaginn \u00e1 a\u00f0 vera \u00fe\u00e1 skal presturinn framganga og tala fyrir f\u00f3lkinu og segja til \u00feess: &#8222;Heyr \u00fe\u00fa \u00cdsrael. \u00de\u00e9r gangi\u00f0 \u00ed dag \u00ed bardaga m\u00f3t y\u00f0ar \u00f3vinum. Y\u00f0ar hj\u00f6rtu skulu ekki vantreysta, hr\u00e6\u00f0ist ekki og skelfist ekki og kv\u00ed\u00f0i\u00f0 ekki fyrir \u00feeim \u00fev\u00ed a\u00f0 Drottinn Gu\u00f0 y\u00f0ar <a href=\"https:\/\/biblian.is\/gudbrandsbiblia\/fimmta-mosebok-20-kafli\/\"> [&#8230;]<\/a><\/p>\n","protected":false},"author":1,"featured_media":0,"parent":0,"menu_order":0,"comment_status":"open","ping_status":"open","template":"bibliukaflar.php","meta":{"footnotes":""},"class_list":["post-2865","page","type-page","status-publish","hentry"],"_links":{"self":[{"href":"https:\/\/biblian.is\/gudbrandsbiblia\/wp-json\/wp\/v2\/pages\/2865","targetHints":{"allow":["GET"]}}],"collection":[{"href":"https:\/\/biblian.is\/gudbrandsbiblia\/wp-json\/wp\/v2\/pages"}],"about":[{"href":"https:\/\/biblian.is\/gudbrandsbiblia\/wp-json\/wp\/v2\/types\/page"}],"author":[{"embeddable":true,"href":"https:\/\/biblian.is\/gudbrandsbiblia\/wp-json\/wp\/v2\/users\/1"}],"replies":[{"embeddable":true,"href":"https:\/\/biblian.is\/gudbrandsbiblia\/wp-json\/wp\/v2\/comments?post=2865"}],"version-history":[{"count":0,"href":"https:\/\/biblian.is\/gudbrandsbiblia\/wp-json\/wp\/v2\/pages\/2865\/revisions"}],"wp:attachment":[{"href":"https:\/\/biblian.is\/gudbrandsbiblia\/wp-json\/wp\/v2\/media?parent=2865"}],"curies":[{"name":"wp","href":"https:\/\/api.w.org\/{rel}","templated":true}]}}