{"id":2863,"date":"2017-12-18T18:31:57","date_gmt":"2017-12-18T18:31:57","guid":{"rendered":"http:\/\/biblian.is\/gudbrandsbiblia\/fimmta-mosebok-18-kafli\/"},"modified":"2017-12-18T18:31:57","modified_gmt":"2017-12-18T18:31:57","slug":"fimmta-mosebok-18-kafli","status":"publish","type":"page","link":"https:\/\/biblian.is\/gudbrandsbiblia\/fimmta-mosebok-18-kafli\/","title":{"rendered":"Fimmta M\u00f3seb\u00f3k 18. kafli"},"content":{"rendered":"<p>Prestarnir, Lev\u00edtarnir af allri kynkv\u00edsl Lev\u00ed, skulu \u00f6ngva hlutdeild e\u00f0a arft\u00f6ku hafa \u00ed \u00cdsrael, \u00fev\u00ed a\u00f0 f\u00f3rnir Drottins og hans arft\u00f6ku skulu \u00feeir eta. <span class=\"athugasemd\" title=\"Num. 18 \/ Deut. 10; \/ 12; 14\">[<\/span> \u00dear fyrir skulu \u00feeir ekki hafa neina arft\u00f6ku \u00e1 me\u00f0al sinna br\u00e6\u00f0ra \u00fev\u00ed a\u00f0 Drottinn er \u00feeirra arfleif\u00f0, so sem hann hefur sj\u00e1lfur tilsagt \u00feeim. En \u00fea\u00f0 skal vera prestanna r\u00e9ttur af f\u00f3lkinu og af \u00feeim sem offra, hvert \u00fea\u00f0 er naut e\u00f0a sau\u00f0ur. En ma\u00f0ur skal gefa prestinum b\u00f3ginn, b\u00e1\u00f0a vangana og \u00fe\u00e1 fyrstu ullina sem \u00fe\u00fa tekur af \u00fe\u00ednu sau\u00f0f\u00e9. \u00dev\u00ed a\u00f0 Drottinn Gu\u00f0 \u00feinn hefur \u00fatvali\u00f0 hann af \u00f6llum \u00fe\u00ednum kynkv\u00edslum a\u00f0 hann skuli \u00fej\u00f3na \u00ed nafni Drottins, hann og hans synir \u00e6vinlega. <span class=\"athugasemd\" title=\"Prestanna og Lev\u00edtanna r\u00e9ttur\">[<\/span> <\/p>\n<p>\tN\u00e6r e\u00f0 Lev\u00edtinn kemur \u00fat af \u00fe\u00ednum sta\u00f0ardyrum, elligar \u00fat af einhverjum sta\u00f0 \u00ed \u00f6llum \u00cdsrael, \u00fear sem hann er framandi, og kemur eftir allri lysting sinnar s\u00e1lu til \u00feess sta\u00f0ar sem Drottinn hefur \u00fatvali\u00f0 a\u00f0 hann \u00fej\u00f3ni \u00ed nafni Drottins Gu\u00f0s s\u00edns, sem allir hans br\u00e6\u00f0ur Lev\u00edtarnir gj\u00f6ra sem \u00fear standa \u00ed sama sta\u00f0 fyrir Drottni, \u00feeir skulu hafa jafna hlutdeild matarins, fyrir utan \u00fea\u00f0 sem hann hefur af seldu g\u00f3ssi sinnar f\u00f6\u00f0urleif\u00f0ar.<\/p>\n<p>\tN\u00e6r \u00fe\u00fa kemur inn \u00ed \u00fea\u00f0 landi\u00f0 sem Drottinn Gu\u00f0 \u00feinn mun gefa \u00fe\u00e9r \u00fe\u00e1 skaltu ekki l\u00e6ra a\u00f0 gj\u00f6ra \u00feessa f\u00f3lks sv\u00edvir\u00f0ingar, <span class=\"athugasemd\" title=\"Levit. 18; 20 \/ Deut. 21; 17\">[<\/span> so a\u00f0 \u00fear skuli eigi nokkur finnast hj\u00e1 \u00fe\u00e9r s\u00e1 sem l\u00e6tur sinn son e\u00f0ur d\u00f3ttir \u00ed gegnum eldinn ganga e\u00f0ur s\u00e1 n\u00f6kkur sem fer me\u00f0 sp\u00e1d\u00f3ma e\u00f0ur er dagveljari e\u00f0ur s\u00e1 sem hyggur a\u00f0 fuglakvaki e\u00f0ur galdrama\u00f0ur e\u00f0ur s\u00e6ringama\u00f0ur e\u00f0ur nokkur f\u00edtonsanda forsagnari e\u00f0ur teiknanna \u00fatleggjari e\u00f0ur s\u00e1 nokkur sem leitar v\u00edsinda hj\u00e1 dau\u00f0um m\u00f6nnum. \u00dev\u00ed hver e\u00f0 hann gj\u00f6rir svoddan hann er ein sv\u00edvir\u00f0ing fyrir Drottni og fyrir sl\u00edkrar sv\u00edvir\u00f0ingar sakir \u00ed burtdr\u00edfur Drottinn Gu\u00f0 \u00feinn \u00fe\u00e1 fyrir \u00fe\u00e9r. En \u00fe\u00fa skalt vera flekklaus fyrir Drottni Gu\u00f0i \u00fe\u00ednum. \u00dev\u00ed a\u00f0 \u00feetta f\u00f3lk sem \u00fe\u00fa skalt undir \u00feig leggja \u00fea hl\u00fd\u00f0ir daga\u00fatveljurum og sp\u00e1sagnarm\u00f6nnum. En \u00fe\u00fa skalt ekki so gj\u00f6ra fyrir Drottni Gu\u00f0i \u00fe\u00ednum.<\/p>\n<p>\tEinn sp\u00e1mann mun Drottinn Gu\u00f0 \u00feinn uppvekja \u00fe\u00e9r \u00fat af \u00fe\u00e9r og \u00fe\u00ednum br\u00e6\u00f0rum. <span class=\"athugasemd\" title=\"Kristus fyrirheitinn \/ Act. 3; 7 \/ Exo. 20\">[<\/span> Honum skulu \u00fe\u00e9r heyra. L\u00edka sem a\u00f0 \u00fe\u00fa ba\u00f0st af Drottni Gu\u00f0i \u00fe\u00ednum \u00ed H\u00f3reb \u00e1 \u00feeim degi sem v\u00e9r vorum til samans \u00fear og \u00fe\u00fa sag\u00f0ir: &#8222;Eigi vil \u00e9g lengur heyra raustina Drottins Gu\u00f0s m\u00edns og eigi oftar sj\u00e1 \u00feann mikla eldinn so a\u00f0 \u00e9g skuli ekki deyja.&#8220; \u00de\u00e1 sag\u00f0i Drottinn til m\u00edn: &#8222;\u00deeir hafa tala\u00f0 vel. \u00c9g vil uppvekja \u00feeim einn profeta af \u00feeirra br\u00e6\u00f0rum l\u00edka sem \u00fe\u00fa ert og \u00e9g vil leggja m\u00edn or\u00f0 \u00ed hans munn. Hann skal segja \u00feeim allt \u00fea\u00f0 sem \u00e9g b\u00fd\u00f0 honum. Og hv\u00f6r sem eigi heyrir m\u00edn or\u00f0 sem hann mun tala \u00ed m\u00ednu nafni, af \u00feeim hinum sama vil \u00e9g \u00feess \u00fatkrefja.<\/p>\n<p>\t\u00de\u00f3 n\u00e6r e\u00f0 einhver profete dirfist til a\u00f0 tala \u00fea\u00f0 nokku\u00f0 \u00ed m\u00ednu nafni sem \u00e9g hefi ekki bo\u00f0i\u00f0 honum a\u00f0 tala og jafnvel s\u00e1 sem talar \u00ed annarlegra gu\u00f0a nafni, s\u00e1 hinn sami profeta deyja. <span class=\"athugasemd\" title=\"Straff falsprofetanna\">[<\/span> Ef a\u00f0 \u00fe\u00fa segir \u00fe\u00e1 \u00ed \u00fe\u00ednu hjarta: &#8222;Hvernin kann \u00e9g a\u00f0 formerkja \u00fea\u00f0 hv\u00f6rt or\u00f0 \u00fea\u00f0 Drottinn hefur ekki tala\u00f0?&#8220; N\u00e6r e\u00f0 profetinn talar \u00ed nafni Drottins og \u00fea\u00f0 kemur ekki fram, \u00fea\u00f0 sama er \u00fea\u00f0 or\u00f0 sem Drottinn hefur ekki tala\u00f0, en s\u00e1 sami profete hefur \u00fea\u00f0 tala\u00f0 \u00fat af sinni eiginlegri ofst\u00e6ki, \u00fear fyrir skalt \u00fe\u00fa ekki kv\u00ed\u00f0bug bera fyrir honum.<\/p>\n","protected":false},"excerpt":{"rendered":"<p>Prestarnir, Lev\u00edtarnir af allri kynkv\u00edsl Lev\u00ed, skulu \u00f6ngva hlutdeild e\u00f0a arft\u00f6ku hafa \u00ed \u00cdsrael, \u00fev\u00ed a\u00f0 f\u00f3rnir Drottins og hans arft\u00f6ku skulu \u00feeir eta. [ \u00dear fyrir skulu \u00feeir ekki hafa neina arft\u00f6ku \u00e1 me\u00f0al sinna br\u00e6\u00f0ra \u00fev\u00ed a\u00f0 Drottinn er \u00feeirra arfleif\u00f0, so sem hann hefur sj\u00e1lfur tilsagt \u00feeim. En \u00fea\u00f0 skal vera prestanna r\u00e9ttur af f\u00f3lkinu og af \u00feeim sem offra, hvert \u00fea\u00f0 er naut e\u00f0a sau\u00f0ur. En ma\u00f0ur skal gefa prestinum b\u00f3ginn, b\u00e1\u00f0a vangana og \u00fe\u00e1 fyrstu ullina sem \u00fe\u00fa tekur af \u00fe\u00ednu sau\u00f0f\u00e9. \u00dev\u00ed a\u00f0 Drottinn Gu\u00f0 \u00feinn hefur \u00fatvali\u00f0 hann af \u00f6llum \u00fe\u00ednum kynkv\u00edslum a\u00f0 <a href=\"https:\/\/biblian.is\/gudbrandsbiblia\/fimmta-mosebok-18-kafli\/\"> [&#8230;]<\/a><\/p>\n","protected":false},"author":1,"featured_media":0,"parent":0,"menu_order":0,"comment_status":"open","ping_status":"open","template":"bibliukaflar.php","meta":{"footnotes":""},"class_list":["post-2863","page","type-page","status-publish","hentry"],"_links":{"self":[{"href":"https:\/\/biblian.is\/gudbrandsbiblia\/wp-json\/wp\/v2\/pages\/2863","targetHints":{"allow":["GET"]}}],"collection":[{"href":"https:\/\/biblian.is\/gudbrandsbiblia\/wp-json\/wp\/v2\/pages"}],"about":[{"href":"https:\/\/biblian.is\/gudbrandsbiblia\/wp-json\/wp\/v2\/types\/page"}],"author":[{"embeddable":true,"href":"https:\/\/biblian.is\/gudbrandsbiblia\/wp-json\/wp\/v2\/users\/1"}],"replies":[{"embeddable":true,"href":"https:\/\/biblian.is\/gudbrandsbiblia\/wp-json\/wp\/v2\/comments?post=2863"}],"version-history":[{"count":0,"href":"https:\/\/biblian.is\/gudbrandsbiblia\/wp-json\/wp\/v2\/pages\/2863\/revisions"}],"wp:attachment":[{"href":"https:\/\/biblian.is\/gudbrandsbiblia\/wp-json\/wp\/v2\/media?parent=2863"}],"curies":[{"name":"wp","href":"https:\/\/api.w.org\/{rel}","templated":true}]}}