{"id":2862,"date":"2017-12-18T18:31:57","date_gmt":"2017-12-18T18:31:57","guid":{"rendered":"http:\/\/biblian.is\/gudbrandsbiblia\/fimmta-mosebok-17-kafli\/"},"modified":"2017-12-18T18:31:57","modified_gmt":"2017-12-18T18:31:57","slug":"fimmta-mosebok-17-kafli","status":"publish","type":"page","link":"https:\/\/biblian.is\/gudbrandsbiblia\/fimmta-mosebok-17-kafli\/","title":{"rendered":"Fimmta M\u00f3seb\u00f3k 17. kafli"},"content":{"rendered":"<p>D\u00f3mara og emb\u00e6ttismenn skaltu setja \u00fe\u00e9r \u00ed \u00f6llum \u00fe\u00ednum borgarhli\u00f0um sem Drottinn Gu\u00f0 \u00feinn mun gefa \u00fe\u00e9r \u00e1 me\u00f0al \u00feinna kynkv\u00edsla, a\u00f0 \u00feeir d\u00e6mi l\u00fd\u00f0inn eftir r\u00e9ttfer\u00f0ugum d\u00f3mi. <span class=\"athugasemd\" title=\"Hvernin d\u00f3mendur skulu heg\u00f0a s\u00e9r \u00ed s\u00ednu emb\u00e6tti \/ Exod. 18 \/ Levit. 19 \/ Deut. 1\">[<\/span> \u00de\u00fa skalt ekki halda r\u00e9ttinum, \u00fe\u00fa skalt og ekki \u00e1l\u00edta nokkurs manns pers\u00f3nu og ekki heldur gjafir \u00feiggja. \u00dev\u00ed a\u00f0 gjafirnar forblinda augun v\u00edsra manna og umvenda m\u00e1lum r\u00e9ttfer\u00f0ugra. \u00de\u00fa skalt eftirfylgja \u00fev\u00ed sem r\u00e9ttfer\u00f0ugt er so a\u00f0 \u00fe\u00fa megir lifa og eignast \u00fea\u00f0 landi\u00f0 sem Drottinn Gu\u00f0 \u00feinn mun gefa \u00fe\u00e9r.<\/p>\n<p>\t\u00de\u00fa skalt \u00f6ngva sk\u00f3garrunna af nokkursh\u00e1ttar vi\u00f0artrj\u00e1m r\u00f3tfesta \u00ed hj\u00e1 altari Drottins Gu\u00f0s \u00fe\u00edns sem \u00fe\u00fa gj\u00f6rir \u00fe\u00e9r. \u00de\u00fa skalt ekki uppreisa \u00fe\u00e9r neinar sto\u00f0ir hverjar e\u00f0 Drottinn Gu\u00f0 \u00feinn hatar.<\/p>\n<p>\t\u00de\u00fa skalt ekki f\u00f3rnf\u00e6ra Drottni Gu\u00f0i \u00fe\u00ednum neitt \u00fea\u00f0 naut e\u00f0a sau\u00f0 sem hefur nokku\u00f0 l\u00fdti e\u00f0a nokkurn l\u00f6st \u00e1 s\u00e9r \u00fev\u00ed a\u00f0 \u00fea\u00f0 er Drottni Gu\u00f0i \u00fe\u00ednum ein vanvir\u00f0ing.<\/p>\n<p>\tN\u00e6r e\u00f0 \u00fe\u00fa finnur nokkurn mann e\u00f0ur kvinnu innan \u00feinna sta\u00f0ardyra sem Drottinn Gu\u00f0 \u00feinn mun gefa \u00fe\u00e9r \u00feann er illa gj\u00f6rir fyrir Drottins Gu\u00f0s \u00fe\u00edns augs\u00fdn, <span class=\"athugasemd\" title=\"Refsing afgu\u00f0ad\u00fdrkarans\">[<\/span> a\u00f0 hann yfirtre\u00f0ur hans s\u00e1ttm\u00e1la og fer og \u00fej\u00f3nar annarlegum gu\u00f0um og tilbi\u00f0ur \u00fe\u00e1, s\u00e9 \u00fea\u00f0 Selen e\u00f0ur tungli\u00f0 e\u00f0ur nokku\u00f0 anna\u00f0 af himinsins her, sem \u00e9g hefi ekki bo\u00f0i\u00f0, og \u00feetta ver\u00f0ur sagt \u00fe\u00e9r og \u00fe\u00fa heyrir \u00fea\u00f0, <span class=\"athugasemd\" title=\"Deut. 19; 21 \/ Num. 35 \/ 2 Kor. 13 \/ Ebre. 10\">[<\/span> \u00fe\u00e1 skalt \u00fe\u00fa spyrja vel a\u00f0 \u00fev\u00ed. Og n\u00e6r e\u00f0 \u00fe\u00fa formerkir \u00fea\u00f0 a\u00f0 \u00fea\u00f0 eru vissuleg sannindi a\u00f0 svoddan sv\u00edvir\u00f0ing er sken \u00ed \u00cdsrael \u00fe\u00e1 skalt \u00fe\u00fa l\u00e1ta \u00feann mann e\u00f0ur kvinnu sem soddan gl\u00e6p hefur gj\u00f6rt \u00fatlei\u00f0a af \u00fe\u00ednum portdyrum og \u00fe\u00fa skalt berja \u00feau me\u00f0 grj\u00f3ti til heljar. Eftir tveggja e\u00f0ur \u00feriggja manna vitnisbur\u00f0i \u00fe\u00e1 skal s\u00e1 deyja sem dau\u00f0a er ver\u00f0ur, en enginn skal \u00fear deyja eftir eins manns vitnisbur\u00f0i. \u00deeirra h\u00f6nd sem vitna\u00f0 hafa skal vera hins fyrsta til a\u00f0 l\u00edfl\u00e1ta hann og s\u00ed\u00f0an h\u00f6ndin alls f\u00f3lksins, a\u00f0 \u00fe\u00fa skiljir \u00feig so vi\u00f0 \u00fea\u00f0 vonda.<\/p>\n<p>\tEf nokkurt kl\u00f6gum\u00e1l ver\u00f0ur \u00fe\u00e9r of\u00feungt yfir a\u00f0 d\u00e6ma \u00e1 millum bl\u00f3\u00f0s og bl\u00f3\u00f0s, <span class=\"athugasemd\" title=\"Um d\u00f3ma\">[<\/span> \u00e1 millum sakferlis og sakferlis, \u00e1 millum ska\u00f0semdar og ska\u00f0semdar, og hva\u00f0a k\u00e6rum\u00e1lum sem \u00fea\u00f0 eru innan \u00feinna sta\u00f0ardyra, \u00fe\u00e1 skaltu hafa \u00feig til vegar og fara upp til \u00feess sta\u00f0ar sem Drottinn Gu\u00f0 \u00feinn mun \u00fatvelja \u00fe\u00e9r og koma til prestanna og Lev\u00edtanna og til \u00feess d\u00f3mara sem \u00feann sama t\u00edma ver\u00f0ur og spyrjast fyrir af \u00feeim. So skulu \u00feeir segja \u00fe\u00e9r upp d\u00f3minn. Og \u00fe\u00fa skalt gj\u00f6ra \u00fea\u00f0 sem \u00feeir segja \u00fe\u00e9r \u00ed \u00feeim sta\u00f0 sem Drottinn hefur \u00fatvali\u00f0 og \u00fe\u00fa skalt hyggja vel a\u00f0 \u00fev\u00ed a\u00f0 \u00fe\u00fa gj\u00f6rir eftir \u00f6llu \u00fev\u00ed sem \u00feeir kenna \u00fe\u00e9r. Eftir \u00fev\u00ed l\u00f6gm\u00e1li sem \u00feeir kenna \u00fe\u00e9r og eftir \u00feeim d\u00f3minum sem \u00feeir segja \u00fe\u00e9r upp \u00fe\u00e1 skaltu r\u00e9tta \u00feig so a\u00f0 \u00fe\u00fa v\u00edsir ekki \u00fear \u00ed fr\u00e1, hverki til h\u00e6gri n\u00e9 til vinstri handar.<\/p>\n<p>\tOg ef a\u00f0 nokkur mann \u00ferj\u00f3skast so a\u00f0 hann vill ekki hl\u00fd\u00f0a prestinum a\u00f0, sem stendur \u00fear \u00ed Drottins Gu\u00f0s \u00fe\u00edns emb\u00e6tti, e\u00f0ur d\u00f3maranum, s\u00e1 skal deyja. Og \u00fe\u00e9r skulu\u00f0 \u00ed burt taka \u00feann hinn vonda af \u00cdsrael svo \u00fea\u00f0 alm\u00fagaf\u00f3lki\u00f0 megi \u00fea\u00f0 heyra og \u00f3ttast og \u00ferj\u00f3skast ekki lengur.<\/p>\n<p>\tN\u00e6r \u00fe\u00fa kemur inn \u00ed \u00fea\u00f0 land sem Drottinn Gu\u00f0 \u00feinn mun gefa \u00fe\u00e9r og eignast \u00fea\u00f0 og \u00fe\u00fa b\u00fdr \u00fear inni og segir svo: <span class=\"athugasemd\" title=\"1 Reg. 8\">[<\/span> &#8222;\u00c9g vil setja einn k\u00f3ng yfir mig so sem allar a\u00f0rar \u00fej\u00f3\u00f0ir hafa h\u00e9r \u00ed kringum mig&#8220; \u00fe\u00e1 skalt \u00fe\u00fa setja \u00feann til k\u00f3ngs yfir \u00fe\u00e9r sem Drottinn Gu\u00f0 \u00feinn mun \u00fatvelja. En einn af \u00fe\u00ednum br\u00e6\u00f0rum skalt \u00fe\u00fa setja til konungs yfir \u00feig. <span class=\"athugasemd\" title=\"Hvernin k\u00f3ngurinn skal sig halda\">[<\/span> \u00de\u00fa skalt ekki setja nokkurn framanda yfir \u00feig sem ekki er \u00feinn br\u00f3\u00f0ir. A\u00f0eins \u00fea\u00f0 a\u00f0 hann skal ekki halda marga v\u00edghesta og ekki innlei\u00f0a f\u00f3lki\u00f0 \u00ed Egyptaland aftur af \u00fev\u00ed \u00fea\u00f0 hann hefur marga v\u00edghesta, eftir \u00fev\u00ed sem Drotitnn hefur sagt y\u00f0ur, a\u00f0 \u00fe\u00e9r skulu\u00f0 ekki h\u00e9\u00f0an \u00ed fr\u00e1 fara um \u00feennan veg aftur. Hann skal og ekki heldur taka s\u00e9r margar eiginkonur, a\u00f0 hans hjarta \u00ed burt sn\u00faist ekki. Hann skal og ekki samandraga miki\u00f0 gull og silfur.<\/p>\n<p>\tN\u00e6r e\u00f0 hann kemur n\u00fa a\u00f0 sitja \u00ed h\u00e1s\u00e6ti s\u00edns k\u00f3ngsr\u00edkis \u00fe\u00e1 skal hann taka \u00feetta anna\u00f0 l\u00f6gm\u00e1li\u00f0 af prestunum og Lev\u00edtunum og l\u00e1ta skrifa \u00fea\u00f0 \u00ed eina b\u00f3k. H\u00fan skal vera \u00ed hj\u00e1 honum og hann skal lesa \u00fear inni um alla s\u00edna l\u00edfdaga so a\u00f0 hann megi l\u00e6ra a\u00f0 \u00f3ttast Drottin Gu\u00f0 sinn, <span class=\"athugasemd\" title=\"K\u00f3ngar skulu l\u00e6ra Gu\u00f0s or\u00f0 og framfylgja \u00fev\u00ed\">[<\/span> a\u00f0 hann kunni a\u00f0 halda \u00f6ll or\u00f0in af \u00feessu l\u00f6gm\u00e1li og r\u00e9ttindum so a\u00f0 hann gj\u00f6ri \u00fear eftir. Hann skal ekki ofst\u00e6ra sitt hjarta yfir s\u00edna br\u00e6\u00f0ur og ekki \u00ed burt v\u00edkja af bo\u00f0or\u00f0unum, hverki til h\u00e6gri n\u00e9 til vinstri handar, a\u00f0 hann megi so lengja s\u00edna daga \u00ed s\u00ednu k\u00f3ngar\u00edki, hann og hans b\u00f6rn \u00ed \u00cdsrael.<\/p>\n","protected":false},"excerpt":{"rendered":"<p>D\u00f3mara og emb\u00e6ttismenn skaltu setja \u00fe\u00e9r \u00ed \u00f6llum \u00fe\u00ednum borgarhli\u00f0um sem Drottinn Gu\u00f0 \u00feinn mun gefa \u00fe\u00e9r \u00e1 me\u00f0al \u00feinna kynkv\u00edsla, a\u00f0 \u00feeir d\u00e6mi l\u00fd\u00f0inn eftir r\u00e9ttfer\u00f0ugum d\u00f3mi. [ \u00de\u00fa skalt ekki halda r\u00e9ttinum, \u00fe\u00fa skalt og ekki \u00e1l\u00edta nokkurs manns pers\u00f3nu og ekki heldur gjafir \u00feiggja. \u00dev\u00ed a\u00f0 gjafirnar forblinda augun v\u00edsra manna og umvenda m\u00e1lum r\u00e9ttfer\u00f0ugra. \u00de\u00fa skalt eftirfylgja \u00fev\u00ed sem r\u00e9ttfer\u00f0ugt er so a\u00f0 \u00fe\u00fa megir lifa og eignast \u00fea\u00f0 landi\u00f0 sem Drottinn Gu\u00f0 \u00feinn mun gefa \u00fe\u00e9r. \u00de\u00fa skalt \u00f6ngva sk\u00f3garrunna af nokkursh\u00e1ttar vi\u00f0artrj\u00e1m r\u00f3tfesta \u00ed hj\u00e1 altari Drottins Gu\u00f0s \u00fe\u00edns sem \u00fe\u00fa gj\u00f6rir \u00fe\u00e9r. \u00de\u00fa <a href=\"https:\/\/biblian.is\/gudbrandsbiblia\/fimmta-mosebok-17-kafli\/\"> [&#8230;]<\/a><\/p>\n","protected":false},"author":1,"featured_media":0,"parent":0,"menu_order":0,"comment_status":"open","ping_status":"open","template":"bibliukaflar.php","meta":{"footnotes":""},"class_list":["post-2862","page","type-page","status-publish","hentry"],"_links":{"self":[{"href":"https:\/\/biblian.is\/gudbrandsbiblia\/wp-json\/wp\/v2\/pages\/2862","targetHints":{"allow":["GET"]}}],"collection":[{"href":"https:\/\/biblian.is\/gudbrandsbiblia\/wp-json\/wp\/v2\/pages"}],"about":[{"href":"https:\/\/biblian.is\/gudbrandsbiblia\/wp-json\/wp\/v2\/types\/page"}],"author":[{"embeddable":true,"href":"https:\/\/biblian.is\/gudbrandsbiblia\/wp-json\/wp\/v2\/users\/1"}],"replies":[{"embeddable":true,"href":"https:\/\/biblian.is\/gudbrandsbiblia\/wp-json\/wp\/v2\/comments?post=2862"}],"version-history":[{"count":0,"href":"https:\/\/biblian.is\/gudbrandsbiblia\/wp-json\/wp\/v2\/pages\/2862\/revisions"}],"wp:attachment":[{"href":"https:\/\/biblian.is\/gudbrandsbiblia\/wp-json\/wp\/v2\/media?parent=2862"}],"curies":[{"name":"wp","href":"https:\/\/api.w.org\/{rel}","templated":true}]}}