{"id":2856,"date":"2017-12-18T18:31:57","date_gmt":"2017-12-18T18:31:57","guid":{"rendered":"http:\/\/biblian.is\/gudbrandsbiblia\/fimmta-mosebok-11-kafli\/"},"modified":"2017-12-18T18:31:57","modified_gmt":"2017-12-18T18:31:57","slug":"fimmta-mosebok-11-kafli","status":"publish","type":"page","link":"https:\/\/biblian.is\/gudbrandsbiblia\/fimmta-mosebok-11-kafli\/","title":{"rendered":"Fimmta M\u00f3seb\u00f3k 11. kafli"},"content":{"rendered":"<p>Svo skalt \u00fe\u00fa n\u00fa elska Drottin Gu\u00f0 \u00feinn og halda hans l\u00f6gm\u00e1l, setninga, r\u00e9ttindi og bo\u00f0or\u00f0 alla \u00fe\u00edna l\u00edfdaga. Og me\u00f0kenni\u00f0 \u00ed dag \u00fea\u00f0 sem y\u00f0ar b\u00f6rn vita ekki n\u00e9 hafa s\u00e9\u00f0, <span class=\"athugasemd\" title=\"Exod. 14\">[<\/span> einkum sem er tyttan Drottins Gu\u00f0s y\u00f0vars, hans d\u00fdr\u00f0, \u00fear til hans volduga h\u00f6nd og \u00fatr\u00e9ttan armlegg og hans st\u00f3r undur og d\u00e1semdarverk sem hann gj\u00f6r\u00f0i me\u00f0al egypskra manna \u00e1 fara\u00f3ne Egyptak\u00f3ngi og \u00e1 \u00f6llu hans landi og hva\u00f0 hann hefur gj\u00f6rt vi\u00f0 \u00fe\u00e1 magtina egypskra manna, vi\u00f0 \u00feeirra vagna og v\u00edghesta \u00fe\u00e1 e\u00f0 hann leiddi vatni\u00f0 \u00ed \u00fev\u00ed rau\u00f0a hafinu yfir \u00fe\u00e1, \u00feann t\u00ed\u00f0 \u00feeir dr\u00f3gu eftir y\u00f0ur og Drottinn foreyddi \u00feeim allt til \u00feessa dags, og hva\u00f0 hann hefur gj\u00f6rt vi\u00f0 y\u00f0ur \u00ed ey\u00f0im\u00f6rkinni allt til \u00feess a\u00f0 \u00fe\u00e9r komu\u00f0 \u00ed \u00feennan sta\u00f0, hva\u00f0 hann gj\u00f6r\u00f0i vi\u00f0 Datan og Ab\u00edram \u00fe\u00e1 sonu El\u00edab, <span class=\"athugasemd\" title=\"Num. 16\">[<\/span> sonar R\u00faben, hvernin \u00fea\u00f0 j\u00f6r\u00f0in opna\u00f0i sinn munn og svelgdi \u00fe\u00e1 \u00ed sig me\u00f0 \u00feeirra heimkynni og tjaldb\u00fa\u00f0um og \u00f6llu \u00feeirra g\u00f3ssi sem \u00feeir h\u00f6f\u00f0u afla\u00f0, mitt \u00e1 me\u00f0al alls \u00cdsrael.<\/p>\n<p>\t\u00dev\u00ed a\u00f0 y\u00f0ar augu hafa s\u00e9\u00f0 \u00feau miklu d\u00e1semdarverk Drottins sem hann hefur gj\u00f6rt. \u00dear fyrir skulu \u00fe\u00e9r halda \u00f6ll \u00feau bo\u00f0or\u00f0 sem \u00e9g b\u00fd\u00f0 y\u00f0ur \u00ed dag svo a\u00f0 \u00fe\u00e9r m\u00e6ttu\u00f0 styrkir ver\u00f0a inn a\u00f0 koma og a\u00f0 eignast \u00fea\u00f0 landi\u00f0 sem n\u00fa fari \u00fe\u00e9r til inn a\u00f0 taka, og a\u00f0 \u00fe\u00fa megir lengi lifa \u00ed \u00fev\u00ed sama landi sem Drottinn hefur svari\u00f0 \u00fe\u00ednum forfe\u00f0rum a\u00f0 gefa \u00feeim og \u00feeirra s\u00e6\u00f0i, eitt land \u00fear mj\u00f3lk og hunang innifl\u00fdtur.<\/p>\n<p>\t\u00dev\u00ed \u00fea\u00f0 land sem \u00fe\u00fa fer n\u00fa til a\u00f0 eignast er ekki l\u00edka sem Egyptaland af hverju \u00fe\u00e9r eru\u00f0 \u00fatfarnir, <span class=\"athugasemd\" title=\"Gu\u00f0 gj\u00f6rir landi\u00f0 frj\u00f3samt\">[<\/span> \u00fear er \u00fe\u00fa sj\u00e1lfur s\u00e1\u00f0ir \u00fe\u00ednu s\u00e6\u00f0i og hlaust sj\u00e1lfur a\u00f0 bera vatn \u00e1 \u00fea\u00f0 sem \u00e1 annan k\u00e1lgar\u00f0, heldur hefur \u00fea\u00f0 fj\u00f6ll og dali sem d\u00f6ggin af himninum v\u00f6kvar, \u00e1 hv\u00f6rju landi a\u00f0 Drottinn Gu\u00f0 \u00feinn hefur g\u00e6tur \u00e1 og augun Drottins Gu\u00f0s \u00fe\u00edns \u00e1l\u00edta \u00fea\u00f0 me\u00f0 jafna\u00f0i, \u00ed fr\u00e1 upphafinu \u00e1rsins og allt til enda.<\/p>\n<p>\tEf a\u00f0 \u00fe\u00e9r hl\u00fd\u00f0i\u00f0 n\u00fa m\u00ednum bo\u00f0or\u00f0um sem \u00e9g b\u00fd\u00f0 y\u00f0ur \u00ed dag so a\u00f0 \u00fe\u00e9r elski\u00f0 Drottin Gu\u00f0 y\u00f0arn og \u00fej\u00f3ni\u00f0 honum af \u00f6llu hjarta og af allri s\u00e1lu, <span class=\"athugasemd\" title=\"Deut. 28\">[<\/span> \u00fe\u00e1 vil \u00e9g gefa y\u00f0ar landi regn \u00ed tilheyrilegan t\u00edma, b\u00e6\u00f0i s\u00ed\u00f0 og snemma, so a\u00f0 \u00fe\u00fa innsafnir \u00fe\u00ednu korni, \u00fe\u00ednu v\u00edni og vi\u00f0smj\u00f6ri. Og \u00e9g vil gefa \u00fe\u00ednum f\u00e9na\u00f0i gras af t\u00fanv\u00f6llum so a\u00f0 \u00fe\u00e9r skulu\u00f0 eta og ver\u00f0a saddir.<\/p>\n<p>\tEn \u00fe\u00e9r vari\u00f0 y\u00f0ur vi\u00f0 \u00fev\u00ed a\u00f0 \u00fe\u00e9r l\u00e1ti\u00f0 ekki villa y\u00f0ar hj\u00f6rtu svo a\u00f0 \u00fe\u00e9r afv\u00edki\u00f0 og \u00fej\u00f3ni\u00f0 framandi gu\u00f0um og tilbi\u00f0ji\u00f0 \u00fe\u00e1 og \u00fea\u00f0 rei\u00f0i Drottins gremjist y\u00f0ur og l\u00e1ti aftur himininn svo a\u00f0 \u00fear komi ekki regn og j\u00f6r\u00f0in gefi ekki sinn \u00e1v\u00f6xt og a\u00f0 \u00fe\u00e9r forey\u00f0ist \u00fe\u00e1 snarlega burt af \u00fev\u00ed g\u00f3\u00f0a landinu sem Drottinn hefur gefi\u00f0 y\u00f0ur.<\/p>\n<p>\tSo r\u00f3tfesti\u00f0 n\u00fa \u00feessi or\u00f0 \u00ed hjartanu og \u00ed y\u00f0ar s\u00e1lum og bindi\u00f0 \u00feau til merkis \u00e1 y\u00f0ar hendur a\u00f0 \u00feau s\u00e9u eitt minnisband fyrir y\u00f0ar augum. Og kenni\u00f0 \u00feau b\u00f6rnum y\u00f0ar svo a\u00f0 \u00fe\u00fa talir um \u00feau n\u00e6r e\u00f0 \u00fe\u00fa situr \u00ed \u00fe\u00ednu h\u00fasi e\u00f0ur gengur farinn veg, n\u00e6r \u00fe\u00fa leggur \u00feig ni\u00f0ur og n\u00e6r e\u00f0 \u00fe\u00fa stendur upp. Og skrifa \u00feau \u00e1 dyrug\u00e6tti \u00fe\u00edns heimilis og yfir \u00fe\u00ednum andyrum so a\u00f0 \u00fe\u00fa og \u00fe\u00edn b\u00f6rn megi lengi lifa \u00ed \u00fev\u00ed landinu sem Drottinn hefur svari\u00f0 forfe\u00f0rum \u00fe\u00ednum a\u00f0 gefa \u00feeim, svo lengi sem dagar himins vara \u00e1 j\u00f6r\u00f0unni.<\/p>\n<p>\t\u00dev\u00ed ef a\u00f0 \u00fe\u00e9r haldi\u00f0 \u00f6ll \u00feessi bo\u00f0or\u00f0 sem \u00e9g b\u00fd\u00f0 y\u00f0ur og gj\u00f6ri\u00f0 \u00fear eftir, <span class=\"athugasemd\" title=\"Fyrirheit \/ Num. 32 \/ J\u00f3s. 1\">[<\/span> a\u00f0 \u00fe\u00e9r elski\u00f0 Drottin Gu\u00f0 y\u00f0arn og gangi\u00f0 \u00e1 \u00f6llum hans vegum og hyllist hann a\u00f0, \u00fe\u00e1 mun Drottinn \u00fatdr\u00edfa allt \u00feetta f\u00f3lk fyrir y\u00f0ur so a\u00f0 \u00fe\u00e9r skulu\u00f0 undir y\u00f0ur leggja st\u00e6rra og sterkara f\u00f3lk en \u00fe\u00e9r eru\u00f0. Og hv\u00f6r s\u00e1 sta\u00f0ur sem \u00fe\u00e9r setji\u00f0 y\u00f0ar f\u00e6tur \u00e1 \u00fe\u00e1 skal hann vera y\u00f0ar eign, \u00ed fr\u00e1 ey\u00f0im\u00f6rkinni og \u00ed fr\u00e1 fjallinu L\u00edbanon og \u00ed fr\u00e1 \u00fev\u00ed vatninu Euphrates allt \u00fat til \u00feess ysta hafsins, \u00fea skal vera y\u00f0ar landamerki. \u00dear skal enginn \u00feora at standa \u00ed m\u00f3ti y\u00f0ur. Hr\u00e6\u00f0slu og skelfing af y\u00f0ur mun Drottinn koma l\u00e1ta yfir \u00f6ll \u00feau l\u00f6nd um hver \u00fe\u00e9r reisi\u00f0, so sem \u00fea\u00f0 hann hefur sagt y\u00f0ur.<\/p>\n<p>\tSj\u00e1 \u00fe\u00fa, \u00e9g framset fyri y\u00f0ur \u00ed dag blessanina og b\u00f6lvanina, blessanina ef a\u00f0 \u00fe\u00e9r hl\u00fd\u00f0i\u00f0 \u00feeim bo\u00f0or\u00f0um Drottins gu\u00f0s y\u00f0vars sem \u00e9g b\u00fd\u00f0 y\u00f0ur \u00ed dag, en b\u00f6lvanina ef \u00fe\u00e9r hl\u00fd\u00f0i\u00f0 ekki bo\u00f0or\u00f0um Drottins Gu\u00f0s y\u00f0ars og v\u00edki\u00f0 af \u00feeim veginum sem \u00e9g b\u00fd\u00f0 y\u00f0ur \u00ed dag, \u00fea\u00f0 \u00fe\u00e9r eftirfylgi\u00f0 annarlegum gu\u00f0um sem \u00fe\u00e9r \u00feekki\u00f0 ekki. <span class=\"athugasemd\" title=\"Blessan \/ B\u00f6lvan \/ Levit. 26 \/ Deut. 28\">[<\/span> <\/p>\n<p>\tN\u00e6r e\u00f0 Drottinn Gu\u00f0 \u00feinn innlei\u00f0ir \u00feig \u00ed \u00fea\u00f0 landi\u00f0 \u00fear \u00fe\u00fa kemur inn til a\u00f0 eignast \u00fea\u00f0 \u00fe\u00e1 skalt \u00fe\u00fa \u00fathr\u00f3pa blessunina upp\u00e1 fjallinu Gr\u00eds\u00edm og b\u00f6lvanina upp\u00e1 fjallinu Ebal, hv\u00f6r a\u00f0 eru hinumegin J\u00f3rdanar, \u00e1 \u00feeim veginum m\u00f3t vestrinu \u00ed Kanaanslandi \u00feeirra sem b\u00faa \u00e1 \u00fev\u00ed sl\u00e9ttlendinu gegnt Gilgal m\u00f3ti \u00feeim lundi M\u00f3re. <span class=\"athugasemd\" title=\"Gr\u00eds\u00edm \/ Ebal\">[<\/span> \u00dev\u00ed a\u00f0 \u00fe\u00fa skalt ganga yfir um J\u00f3rdan so a\u00f0 \u00fe\u00fa komir inn \u00feanga\u00f0 til a\u00f0 eignast \u00fea\u00f0 landi\u00f0 sem Drottinn Gu\u00f0 y\u00f0ar hefur gefi\u00f0 y\u00f0ur og \u00fe\u00e9r skulu\u00f0 eignast \u00fea\u00f0 og b\u00faa \u00fear inni. \u00dear fyrir g\u00e6ti\u00f0 a\u00f0 \u00fev\u00ed a\u00f0 \u00fe\u00e9r gj\u00f6ri\u00f0 eftir \u00f6llum \u00feeim bo\u00f0or\u00f0um og r\u00e9ttindum sem \u00e9g legg fyrir y\u00f0ur \u00ed dag.<\/p>\n","protected":false},"excerpt":{"rendered":"<p>Svo skalt \u00fe\u00fa n\u00fa elska Drottin Gu\u00f0 \u00feinn og halda hans l\u00f6gm\u00e1l, setninga, r\u00e9ttindi og bo\u00f0or\u00f0 alla \u00fe\u00edna l\u00edfdaga. Og me\u00f0kenni\u00f0 \u00ed dag \u00fea\u00f0 sem y\u00f0ar b\u00f6rn vita ekki n\u00e9 hafa s\u00e9\u00f0, [ einkum sem er tyttan Drottins Gu\u00f0s y\u00f0vars, hans d\u00fdr\u00f0, \u00fear til hans volduga h\u00f6nd og \u00fatr\u00e9ttan armlegg og hans st\u00f3r undur og d\u00e1semdarverk sem hann gj\u00f6r\u00f0i me\u00f0al egypskra manna \u00e1 fara\u00f3ne Egyptak\u00f3ngi og \u00e1 \u00f6llu hans landi og hva\u00f0 hann hefur gj\u00f6rt vi\u00f0 \u00fe\u00e1 magtina egypskra manna, vi\u00f0 \u00feeirra vagna og v\u00edghesta \u00fe\u00e1 e\u00f0 hann leiddi vatni\u00f0 \u00ed \u00fev\u00ed rau\u00f0a hafinu yfir \u00fe\u00e1, \u00feann t\u00ed\u00f0 \u00feeir dr\u00f3gu <a href=\"https:\/\/biblian.is\/gudbrandsbiblia\/fimmta-mosebok-11-kafli\/\"> [&#8230;]<\/a><\/p>\n","protected":false},"author":1,"featured_media":0,"parent":0,"menu_order":0,"comment_status":"open","ping_status":"open","template":"bibliukaflar.php","meta":{"footnotes":""},"class_list":["post-2856","page","type-page","status-publish","hentry"],"_links":{"self":[{"href":"https:\/\/biblian.is\/gudbrandsbiblia\/wp-json\/wp\/v2\/pages\/2856","targetHints":{"allow":["GET"]}}],"collection":[{"href":"https:\/\/biblian.is\/gudbrandsbiblia\/wp-json\/wp\/v2\/pages"}],"about":[{"href":"https:\/\/biblian.is\/gudbrandsbiblia\/wp-json\/wp\/v2\/types\/page"}],"author":[{"embeddable":true,"href":"https:\/\/biblian.is\/gudbrandsbiblia\/wp-json\/wp\/v2\/users\/1"}],"replies":[{"embeddable":true,"href":"https:\/\/biblian.is\/gudbrandsbiblia\/wp-json\/wp\/v2\/comments?post=2856"}],"version-history":[{"count":0,"href":"https:\/\/biblian.is\/gudbrandsbiblia\/wp-json\/wp\/v2\/pages\/2856\/revisions"}],"wp:attachment":[{"href":"https:\/\/biblian.is\/gudbrandsbiblia\/wp-json\/wp\/v2\/media?parent=2856"}],"curies":[{"name":"wp","href":"https:\/\/api.w.org\/{rel}","templated":true}]}}