{"id":2855,"date":"2017-12-18T18:31:57","date_gmt":"2017-12-18T18:31:57","guid":{"rendered":"http:\/\/biblian.is\/gudbrandsbiblia\/fimmta-mosebok-10-kafli\/"},"modified":"2017-12-18T18:31:57","modified_gmt":"2017-12-18T18:31:57","slug":"fimmta-mosebok-10-kafli","status":"publish","type":"page","link":"https:\/\/biblian.is\/gudbrandsbiblia\/fimmta-mosebok-10-kafli\/","title":{"rendered":"Fimmta M\u00f3seb\u00f3k 10. kafli"},"content":{"rendered":"<p>\u00c1 \u00feeim sama t\u00edma sag\u00f0i Drottinn til m\u00edn: &#8222;\u00dath\u00f6gg \u00fe\u00fa \u00fe\u00e9r tv\u00f6 steinspj\u00f6ld sem a\u00f0 \u00feau hinu fyrri voru og kom til m\u00edn upp\u00e1 fjalli\u00f0 og gj\u00f6r \u00fe\u00e9r eina \u00f6rk af tr\u00e9. \u00de\u00e1 vil \u00e9g skrifa \u00feau or\u00f0in \u00e1 spj\u00f6ldin sem voru \u00e1 hinum fyrrum sem \u00fe\u00fa braust \u00ed sundur og \u00fe\u00fa skalt leggja \u00feau \u00ed \u00f6rkina.&#8220; \u00de\u00e1 gj\u00f6r\u00f0a \u00e9g eina \u00f6rk af tr\u00e9 og \u00fathj\u00f3 tv\u00f6 steinspj\u00f6ld l\u00edka sem \u00feau hin fyrri voru og gekk upp\u00e1 fjalli\u00f0 og haf\u00f0i \u00feau steinspj\u00f6ld \u00ed m\u00ednum h\u00f6ndum. \u00de\u00e1 skrifa\u00f0i hann \u00e1 spj\u00f6ldin l\u00edka sem \u00fea\u00f0 skrifa\u00f0 var \u00e1 \u00feeim hinum fyrrum, \u00feau t\u00edu or\u00f0in sem Drottinn tala\u00f0i til y\u00f0ar af eldinum upp\u00e1 fjallinu \u00fe\u00e1 e\u00f0 v\u00e9r vorum \u00fear til samans komnir og Drottinn f\u00e9kk m\u00e9r \u00feau. <span class=\"athugasemd\" title=\"Exo. 32 \/ Deut. 9 \/ Exo. 34\">[<\/span> Og \u00e9g snera m\u00e9r og gekk ofan af fjallinu og lag\u00f0i spj\u00f6ldin \u00ed \u00fe\u00e1 \u00f6rkina sem \u00e9g haf\u00f0a gj\u00f6rt a\u00f0 \u00feau skyldu vera \u00fear \u00fat\u00ed l\u00edka sem \u00fea\u00f0 Drottinn haf\u00f0i bo\u00f0i\u00f0 m\u00e9r.<\/p>\n<p>\tOg \u00cdsraelssynir dr\u00f3gu \u00ed burt af Ber\u00f3t Bne Jakan til M\u00f3ser (\u00fear anda\u00f0ist Aron og var jar\u00f0a\u00f0ur og hans son Eleasar var\u00f0 kennima\u00f0ur \u00ed hans sta\u00f0), so dr\u00f3gu \u00feeir \u00fea\u00f0an og til G\u00fadeg\u00f3da og fr\u00e1 G\u00fadeg\u00f3da til Jatbat \u00ed \u00fea\u00f0 land sem l\u00e6kirnir eru. <span class=\"athugasemd\" title=\"Aron andast \/ Num. 20; 3 \/ 4; 18 \/ J\u00f3s. 8\">[<\/span> \u00cd \u00feann sama t\u00edma fr\u00e1skildi Drottinn kynsmenn Lev\u00ed a\u00f0 \u00feeir skyldu bera s\u00e1ttm\u00e1ls\u00f6rk Drottins og a\u00f0 standa fyrir Drottni og \u00fej\u00f3na honum og lofa hans nafn, allt til \u00feessa dags. \u00dear fyrir skulu Lev\u00edtarnir ekkert hlutskipti e\u00f0a arft\u00f6ku hafa me\u00f0 \u00feeirra br\u00e6\u00f0rum \u00fev\u00ed a\u00f0 Drotitnn er \u00feeirra arfleif\u00f0 so sem \u00fea\u00f0 Drottinn Gu\u00f0 \u00feinn hefur lofa\u00f0 \u00feeim. <span class=\"athugasemd\" title=\"Exo. 32\">[<\/span><\/p>\n<p>\tEn \u00e9g st\u00f3\u00f0 \u00fe\u00e1 sem \u00e1\u00f0ur fyrri \u00ed fj\u00f6rutygi daga og \u00ed fj\u00f6rutygi n\u00e6tur \u00e1 fjallinu og Drottinn b\u00e6nheyr\u00f0i mig og \u00ed \u00fea\u00f0 sama sinni og vildi ekki fordjarfa \u00feig. <span class=\"athugasemd\" title=\"Deut. 9\">[<\/span> En hann sag\u00f0i til m\u00edn: &#8222;Tak \u00feig upp og far h\u00e9\u00f0an a\u00f0 \u00fe\u00fa gangir fyrir f\u00f3lkinu a\u00f0 \u00fea\u00f0 megi innkoma og eignast \u00fea\u00f0 landi\u00f0 sem \u00e9g hefi svari\u00f0 a\u00f0 gefa \u00feeirra forfe\u00f0rum.&#8220;<\/p>\n<p>\tN\u00fa \u00cdsrael, hv\u00f6rs krefst Drotitnn Gu\u00f0 \u00feinn af \u00fe\u00e9r utan \u00feess a\u00f0 \u00fe\u00fa skulir \u00f3ttast Drottinn Gu\u00f0 \u00feinn so a\u00f0 \u00fe\u00fa gangir \u00ed hans vegum og elskir hann og \u00fej\u00f3nir Drottni Gu\u00f0i \u00fe\u00ednum af \u00f6llu hjarta og af allri s\u00e1lu so a\u00f0 \u00fe\u00fa haldir hans bo\u00f0or\u00f0 og hans r\u00e9ttindi sem \u00e9g b\u00fd\u00f0 \u00fe\u00e9r \u00ed dag upp\u00e1 \u00fea\u00f0 a\u00f0 \u00fe\u00e9r skuli vel vegna? <span class=\"athugasemd\" title=\"\u00datlegging fyrsta bo\u00f0or\u00f0s\">[<\/span> Sj\u00e1 \u00fe\u00fa, himinninn og allir himnanna himnar og j\u00f6r\u00f0in og allt \u00fea\u00f0 hva\u00f0 \u00fear er inni, \u00fea\u00f0 er Drottins Gu\u00f0s \u00fe\u00edns. So hefur ahnn alleinasta haft ge\u00f0\u00feekkni til \u00feinna forfe\u00f0ra svo a\u00f0 hann elska\u00f0i \u00fe\u00e1 og hefur \u00fatvali\u00f0 \u00feeirra s\u00e6\u00f0i eftir \u00fe\u00e1, y\u00f0ur, yfir allt f\u00f3lk, so sem \u00fea\u00f0 er n\u00fa \u00feennan dag. <\/p>\n<p>\t\u00dear fyrir umskeri\u00f0 n\u00fa yfirh\u00fa\u00f0 y\u00f0ars hjarta og veri\u00f0 ekki h\u00e9\u00f0an \u00ed fr\u00e1 har\u00f0sv\u00edra\u00f0ir \u00fev\u00ed a\u00f0 Drottinn Gu\u00f0 y\u00f0ar er einn Gu\u00f0 yfir \u00f6llum gu\u00f0um, einn Drottin yfir \u00f6llum drottnum, einn mikilsh\u00e1ttar Gu\u00f0, voldugur og hr\u00e6\u00f0ilegur og vir\u00f0ir ekki neins pers\u00f3nu og \u00feiggur \u00f6ngvar m\u00fatur og gj\u00f6rir f\u00f6\u00f0urlausum b\u00f6rnum og ekkjum r\u00e9ttan d\u00f3m og elskar hina framandi so a\u00f0 hann gefur \u00feeim mat og kl\u00e6\u00f0i. <span class=\"athugasemd\" title=\"Hjarta\u00f0 skal ma\u00f0urinn umskera \/ Deut. 20 \/ R\u00f3m. 2\">[<\/span> \u00dear fyrir skulu \u00fe\u00e9r og elska hina framandi \u00fev\u00ed a\u00f0 \u00fe\u00e9r hafi\u00f0 og framandi veri\u00f0 \u00ed Egyptalandi.<\/p>\n<p>\t\u00dev\u00ed a\u00f0 Drottin Gu\u00f0 \u00feinn skaltu \u00f3ttast, honum skaltu \u00fej\u00f3na, hann skaltu a\u00f0hyllast og vi\u00f0 hans nafn skaltu sverja. <span class=\"athugasemd\" title=\"Deut. 6 \/ Mat. 4 \/ L\u00fak. 4\">[<\/span> Hann er \u00feinn lofst\u00edr og \u00feinn Gu\u00f0 sem hefur gj\u00f6rt svo mikla og hr\u00e6\u00f0ilega hluti hj\u00e1 \u00fe\u00e9r sem \u00fe\u00edn augu hafa s\u00e9\u00f0. \u00de\u00ednir forfe\u00f0ur f\u00f3ru ofan \u00ed Egyptaland sj\u00f6tygi s\u00e1lir en n\u00fa hefur Drottinn Gu\u00f0 \u00feinn fj\u00f6lga\u00f0 \u00feig svo sem stj\u00f6rnur \u00e1 himni. <span class=\"athugasemd\" title=\"Gen. 46\">[<\/span><\/p>\n","protected":false},"excerpt":{"rendered":"<p>\u00c1 \u00feeim sama t\u00edma sag\u00f0i Drottinn til m\u00edn: &#8222;\u00dath\u00f6gg \u00fe\u00fa \u00fe\u00e9r tv\u00f6 steinspj\u00f6ld sem a\u00f0 \u00feau hinu fyrri voru og kom til m\u00edn upp\u00e1 fjalli\u00f0 og gj\u00f6r \u00fe\u00e9r eina \u00f6rk af tr\u00e9. \u00de\u00e1 vil \u00e9g skrifa \u00feau or\u00f0in \u00e1 spj\u00f6ldin sem voru \u00e1 hinum fyrrum sem \u00fe\u00fa braust \u00ed sundur og \u00fe\u00fa skalt leggja \u00feau \u00ed \u00f6rkina.&#8220; \u00de\u00e1 gj\u00f6r\u00f0a \u00e9g eina \u00f6rk af tr\u00e9 og \u00fathj\u00f3 tv\u00f6 steinspj\u00f6ld l\u00edka sem \u00feau hin fyrri voru og gekk upp\u00e1 fjalli\u00f0 og haf\u00f0i \u00feau steinspj\u00f6ld \u00ed m\u00ednum h\u00f6ndum. \u00de\u00e1 skrifa\u00f0i hann \u00e1 spj\u00f6ldin l\u00edka sem \u00fea\u00f0 skrifa\u00f0 var \u00e1 \u00feeim hinum fyrrum, \u00feau <a href=\"https:\/\/biblian.is\/gudbrandsbiblia\/fimmta-mosebok-10-kafli\/\"> [&#8230;]<\/a><\/p>\n","protected":false},"author":1,"featured_media":0,"parent":0,"menu_order":0,"comment_status":"open","ping_status":"open","template":"bibliukaflar.php","meta":{"footnotes":""},"class_list":["post-2855","page","type-page","status-publish","hentry"],"_links":{"self":[{"href":"https:\/\/biblian.is\/gudbrandsbiblia\/wp-json\/wp\/v2\/pages\/2855","targetHints":{"allow":["GET"]}}],"collection":[{"href":"https:\/\/biblian.is\/gudbrandsbiblia\/wp-json\/wp\/v2\/pages"}],"about":[{"href":"https:\/\/biblian.is\/gudbrandsbiblia\/wp-json\/wp\/v2\/types\/page"}],"author":[{"embeddable":true,"href":"https:\/\/biblian.is\/gudbrandsbiblia\/wp-json\/wp\/v2\/users\/1"}],"replies":[{"embeddable":true,"href":"https:\/\/biblian.is\/gudbrandsbiblia\/wp-json\/wp\/v2\/comments?post=2855"}],"version-history":[{"count":0,"href":"https:\/\/biblian.is\/gudbrandsbiblia\/wp-json\/wp\/v2\/pages\/2855\/revisions"}],"wp:attachment":[{"href":"https:\/\/biblian.is\/gudbrandsbiblia\/wp-json\/wp\/v2\/media?parent=2855"}],"curies":[{"name":"wp","href":"https:\/\/api.w.org\/{rel}","templated":true}]}}