{"id":2851,"date":"2017-12-18T18:31:54","date_gmt":"2017-12-18T18:31:54","guid":{"rendered":"http:\/\/biblian.is\/gudbrandsbiblia\/fimmta-mosebok-6-kafli\/"},"modified":"2017-12-18T18:31:54","modified_gmt":"2017-12-18T18:31:54","slug":"fimmta-mosebok-6-kafli","status":"publish","type":"page","link":"https:\/\/biblian.is\/gudbrandsbiblia\/fimmta-mosebok-6-kafli\/","title":{"rendered":"Fimmta M\u00f3seb\u00f3k 6. kafli"},"content":{"rendered":"<p>\u00deessi eru \u00feau l\u00f6gin og bo\u00f0or\u00f0in og r\u00e9ttindin sem Drottinn Gu\u00f0 y\u00f0ar hefur bo\u00f0i\u00f0 a\u00f0 \u00fe\u00e9r skulu\u00f0 l\u00e6ra og gj\u00f6ra \u00feau \u00ed \u00fev\u00ed landinu sem \u00fe\u00e9r n\u00fa innfari\u00f0 til a\u00f0 eignast. A\u00f0 \u00fe\u00fa skalt \u00f3ttast Drottin Gu\u00f0 \u00feinn og halda \u00f6ll hans r\u00e9ttindi og bo\u00f0or\u00f0, \u00feau sem a\u00f0 \u00e9g b\u00fd\u00f0 \u00fe\u00e9r, b\u00e6\u00f0i \u00fe\u00fa og \u00fe\u00edn b\u00f6rn og \u00fe\u00edn barnab\u00f6rn um alla y\u00f0ra l\u00edfdaga so a\u00f0 \u00fe\u00e9r megi\u00f0 lengi lifa. Og \u00fe\u00fa, \u00cdsrael, skalt heyra og var\u00f0veita \u00feetta og gj\u00f6ra \u00fear eftir so a\u00f0 \u00fe\u00e9r gangi vel og megir so fj\u00f6lgast miklu meir svo sem \u00fea\u00f0 Drottinn Gu\u00f0 fe\u00f0ra \u00feinna hefur lofa\u00f0 \u00fe\u00e9r \u00fev\u00ed landi sem mj\u00f3lk og hunang innifl\u00fdtur.<\/p>\n<p>\tHeyr \u00fe\u00fa, \u00cdsrael, Drottinn Gu\u00f0 vor er einn Drottinn. <span class=\"athugasemd\" title=\"Deut 11 \/ Gu\u00f0s or\u00f0 skulu menn i\u00f0ka jafnlega\">[<\/span> \u00de\u00fa skalt elska Drottin Gu\u00f0 \u00feinn af \u00f6llu \u00fe\u00ednu hjarta, af allri \u00f6nd \u00feinni og af \u00f6llum \u00fe\u00ednum form\u00e6tti. Og \u00feessi or\u00f0 sem \u00e9g b\u00fd\u00f0 \u00fe\u00e9r \u00ed dag skalt \u00fe\u00fa r\u00f3tfesta \u00ed hjarta \u00fe\u00ednu og \u00fe\u00fa skalt <span class=\"athugasemd\" title=\"a \/ (Br\u00fdna) \/ I\u00f0ka \u00fea\u00f0 og oft lesa so a\u00f0 ei ry\u00f0gi \u00fea\u00f0 n\u00e9 mygli n\u00e9 falli \u00e1 \u00fea\u00f0 heldur a\u00f0 \u00fea\u00f0 s\u00e9 jafnan \u00ed hugskotinu og munninum n\u00fdtt og sk\u00e6rt. \u00dev\u00ed a\u00f0 \u00feess meir sem menn handt\u00e9ra Gu\u00f0s or\u00f0 \u00feess feskara og sk\u00e6rara ver\u00f0ur \u00fea\u00f0. En hvar \u00fea\u00f0 ekki i\u00f0kast, \u00fear gleyma menn \u00fev\u00ed jafnsnart og \u00fear missir \u00fea\u00f0 sinn kraft\">[<\/span> br\u00fdna \u00feau alljafnt fyrir b\u00f6rnum \u00fe\u00ednum og r\u00e6\u00f0a um \u00feau n\u00e6r e\u00f0 \u00fe\u00fa situr \u00ed \u00fe\u00ednu h\u00fasi og \u00fe\u00fa n\u00e6r e\u00f0 \u00fe\u00fa gengur um farinn veg, n\u00e6r e\u00f0 \u00fe\u00fa leggur \u00feig ni\u00f0ur og stendur upp. Og \u00fe\u00fa skalt binda \u00feau til merkis \u00e1 \u00fe\u00edna h\u00f6nd og \u00feau skulu vera \u00fe\u00e9r minningarteikn fyrir \u00fe\u00ednum augum og \u00fe\u00fa skalt skrifa \u00feau upp yfir g\u00e1ttum og dyrum \u00fe\u00edns heimilis.<\/p>\n<p>\tN\u00e6r e\u00f0 Drottinn Gu\u00f0 \u00feinn lei\u00f0ir \u00feig inn \u00ed \u00fea\u00f0 landi\u00f0 sem hann hefur svari\u00f0 \u00fe\u00ednum forfe\u00f0rum Abraham, \u00cdsak og Jakob, a\u00f0 gefa \u00fe\u00e9r st\u00f3ra og \u00e1g\u00e6ta sta\u00f0i hverja e\u00f0 \u00fe\u00fa hefur ekki uppbyggt og h\u00fasin full me\u00f0 allsh\u00e1ttu\u00f0 au\u00f0\u00e6fi \u00feau sem \u00fe\u00fa hefur \u00fe\u00f3 ekki uppfyllt og \u00fath\u00f6ggna brunna \u00fe\u00e1 sem \u00fe\u00fa hefur ekki \u00fath\u00f6ggvi\u00f0 og v\u00edngar\u00f0a og ol\u00edugar\u00f0a \u00fe\u00e1 sem \u00fe\u00fa hefur ekki planta\u00f0, so a\u00f0 \u00fe\u00fa etir og ver\u00f0ir mettur, \u00fe\u00e1 vara \u00feig vi\u00f0 \u00fev\u00ed a\u00f0 \u00fe\u00fa forgleymir ekki Drottni \u00feeim sem \u00fatleiddi \u00feig af Egyptalandi, af \u00fer\u00e6ld\u00f3msh\u00fasinu. Og \u00fe\u00fa skalt ekki eftirfylgja annarlegum gu\u00f0um \u00feess f\u00f3lksins sem \u00ed kringum \u00feig er \u00fev\u00ed a\u00f0 Drottinn Gu\u00f0 inn er einn vandl\u00e1tur Gu\u00f0 \u00e1 me\u00f0al \u00fe\u00edn, so a\u00f0 rei\u00f0i Drottins Gu\u00f0s \u00fe\u00edns upp\u00e6sist ekki yfir \u00feig og afm\u00e1i \u00feig af j\u00f6r\u00f0u.<\/p>\n<p>\t\u00de\u00e9r skulu\u00f0 ekki freista Drottins Gu\u00f0s y\u00f0ars svo sem a\u00f0 \u00fe\u00e9r freistu\u00f0u\u00f0 hans \u00ed Mara, heldur skulu\u00f0 \u00fe\u00e9r halda bo\u00f0or\u00f0 Drottins Gu\u00f0s y\u00f0vars og vitnisbur\u00f0i og hans r\u00e9ttindi \u00feau sem hann hefur bo\u00f0i\u00f0, so a\u00f0 \u00fe\u00e9r megi vel vegna og a\u00f0 \u00fe\u00fa megir innfara og eignast \u00fea\u00f0 g\u00f3\u00f0a landi\u00f0 hvert e\u00f0 Drottinn hefur svari\u00f0 \u00fe\u00ednum forfe\u00f0rum, a\u00f0 hann skuli \u00fatdr\u00edfa alla \u00fe\u00edna \u00f3vini fyrir \u00fe\u00e9r so sem \u00fea\u00f0 Drottinn hefur sagt. <span class=\"athugasemd\" title=\"Exod. 17 \/ Num. 2 \/ Matt. 4 \/ L\u00fak. 4\">[<\/span> <\/p>\n<p>\tN\u00e6r e\u00f0 sonur \u00feinn spyr \u00feig n\u00fa a\u00f0 \u00ed dag e\u00f0a \u00e1 morgun og segir: &#8222;Hva\u00f0a vitnisbur\u00f0um, bo\u00f0or\u00f0um og r\u00e9ttindum er \u00fea\u00f0 sem Drottinn Gu\u00f0 vor hefur bo\u00f0i\u00f0 y\u00f0ur?&#8220; \u00fe\u00e1 skalt \u00fe\u00fa segja til sonar \u00fe\u00edns: &#8222;V\u00e9r vorum \u00fer\u00e6lar fara\u00f3nis \u00ed Egyptalandi og Drottinn hann \u00fatleiddi oss af Egyptalandi me\u00f0 voldugri h\u00f6nd og Drottinn gj\u00f6r\u00f0i fur\u00f0umikil og hr\u00e6\u00f0ileg undur og st\u00f3rmerki yfir Egyptalandi og fara\u00f3 og \u00f6llu hans heimkynni fyrir vorum augum. <span class=\"athugasemd\" title=\"Gu\u00f0s or\u00f0 skal leggja fyrir ungd\u00f3minn\">[<\/span> Og hann leiddi oss \u00fat \u00fea\u00f0an so a\u00f0 hann innleiddi oss og g\u00e6fi oss \u00fea\u00f0 land sem hann haf\u00f0i svari\u00f0 forfe\u00f0rum vorum. Og Drottinn hefur bo\u00f0i\u00f0 oss a\u00f0 gj\u00f6ra eftir \u00f6llum \u00feessum r\u00e9ttindum a\u00f0 v\u00e9r skulum \u00f3ttast Drottin Gu\u00f0 vorn so a\u00f0 oss gangi vel alla vora l\u00edfdaga so sem a\u00f0 \u00fea\u00f0 gengur n\u00fa \u00feennan dag. Og \u00fea\u00f0 skal vera vort r\u00e9ttl\u00e6ti fyrir Drottni vorum Gu\u00f0i ef a\u00f0 v\u00e9r h\u00f6ldum og gj\u00f6rum \u00f6ll \u00feessi bo\u00f0or\u00f0 sem hann hefur bo\u00f0i\u00f0 oss.&#8220;<\/p>\n","protected":false},"excerpt":{"rendered":"<p>\u00deessi eru \u00feau l\u00f6gin og bo\u00f0or\u00f0in og r\u00e9ttindin sem Drottinn Gu\u00f0 y\u00f0ar hefur bo\u00f0i\u00f0 a\u00f0 \u00fe\u00e9r skulu\u00f0 l\u00e6ra og gj\u00f6ra \u00feau \u00ed \u00fev\u00ed landinu sem \u00fe\u00e9r n\u00fa innfari\u00f0 til a\u00f0 eignast. A\u00f0 \u00fe\u00fa skalt \u00f3ttast Drottin Gu\u00f0 \u00feinn og halda \u00f6ll hans r\u00e9ttindi og bo\u00f0or\u00f0, \u00feau sem a\u00f0 \u00e9g b\u00fd\u00f0 \u00fe\u00e9r, b\u00e6\u00f0i \u00fe\u00fa og \u00fe\u00edn b\u00f6rn og \u00fe\u00edn barnab\u00f6rn um alla y\u00f0ra l\u00edfdaga so a\u00f0 \u00fe\u00e9r megi\u00f0 lengi lifa. Og \u00fe\u00fa, \u00cdsrael, skalt heyra og var\u00f0veita \u00feetta og gj\u00f6ra \u00fear eftir so a\u00f0 \u00fe\u00e9r gangi vel og megir so fj\u00f6lgast miklu meir svo sem \u00fea\u00f0 Drottinn Gu\u00f0 fe\u00f0ra \u00feinna hefur <a href=\"https:\/\/biblian.is\/gudbrandsbiblia\/fimmta-mosebok-6-kafli\/\"> [&#8230;]<\/a><\/p>\n","protected":false},"author":1,"featured_media":0,"parent":0,"menu_order":0,"comment_status":"open","ping_status":"open","template":"bibliukaflar.php","meta":{"footnotes":""},"class_list":["post-2851","page","type-page","status-publish","hentry"],"_links":{"self":[{"href":"https:\/\/biblian.is\/gudbrandsbiblia\/wp-json\/wp\/v2\/pages\/2851","targetHints":{"allow":["GET"]}}],"collection":[{"href":"https:\/\/biblian.is\/gudbrandsbiblia\/wp-json\/wp\/v2\/pages"}],"about":[{"href":"https:\/\/biblian.is\/gudbrandsbiblia\/wp-json\/wp\/v2\/types\/page"}],"author":[{"embeddable":true,"href":"https:\/\/biblian.is\/gudbrandsbiblia\/wp-json\/wp\/v2\/users\/1"}],"replies":[{"embeddable":true,"href":"https:\/\/biblian.is\/gudbrandsbiblia\/wp-json\/wp\/v2\/comments?post=2851"}],"version-history":[{"count":0,"href":"https:\/\/biblian.is\/gudbrandsbiblia\/wp-json\/wp\/v2\/pages\/2851\/revisions"}],"wp:attachment":[{"href":"https:\/\/biblian.is\/gudbrandsbiblia\/wp-json\/wp\/v2\/media?parent=2851"}],"curies":[{"name":"wp","href":"https:\/\/api.w.org\/{rel}","templated":true}]}}