{"id":2848,"date":"2017-12-18T18:31:54","date_gmt":"2017-12-18T18:31:54","guid":{"rendered":"http:\/\/biblian.is\/gudbrandsbiblia\/fimmta-mosebok-3-kafli\/"},"modified":"2017-12-18T18:31:54","modified_gmt":"2017-12-18T18:31:54","slug":"fimmta-mosebok-3-kafli","status":"publish","type":"page","link":"https:\/\/biblian.is\/gudbrandsbiblia\/fimmta-mosebok-3-kafli\/","title":{"rendered":"Fimmta M\u00f3seb\u00f3k 3. kafli"},"content":{"rendered":"<p>Og v\u00e9r snerum oss og f\u00f3rum upp \u00fea\u00f0an \u00feann veg sem liggur til Basan. \u00de\u00e1 dr\u00f3 \u00d3g k\u00f3ngurinn af Basan \u00fat \u00ed m\u00f3ti oss me\u00f0 allt sitt f\u00f3lk til bardaga hj\u00e1 Edrei. En Drottinn sag\u00f0i til m\u00edn: &#8222;Vert \u00f3hr\u00e6ddur fyrir honum \u00fev\u00ed a\u00f0 \u00e9g hefi gefi\u00f0 hann og allt hans f\u00f3lk og hans land \u00ed \u00fe\u00ednar hendur. Og \u00fe\u00fa skalt gj\u00f6ra vi\u00f0 hann l\u00edka sem \u00fe\u00fa gj\u00f6r\u00f0ir vi\u00f0 S\u00edhon Amor\u00edta k\u00f3ng sem bj\u00f3 \u00ed Hesbon.&#8220; So gaf Drottinn Gu\u00f0 vor einnin \u00d3g k\u00f3nginn af Basan \u00ed vorar hendur me\u00f0 \u00f6llu hans f\u00f3lki, so a\u00f0 v\u00e9r sl\u00f3um hann \u00feanga\u00f0 til a\u00f0 \u00fear var enginn eftir. <span class=\"athugasemd\" title=\"Num. 21 \/ Deut. 29 \/ \u00d3g \/ Deut. 20\">[<\/span> <\/p>\n<p>\t\u00de\u00e1 yfirunnum v\u00e9r \u00feann sama t\u00edma allar hans borgir og \u00fear var enginn s\u00e1 sta\u00f0ur a\u00f0 v\u00e9r t\u00f3kum eigi fr\u00e1 honum, sextygi borgir, allt \u00fea\u00f0 h\u00e9ra\u00f0i\u00f0 Arg\u00f3b \u00ed k\u00f3ngar\u00edkinu \u00d3g \u00ed Basan. Allir \u00feessir sta\u00f0ir voru rammbygg\u00f0ir me\u00f0 h\u00e1vum m\u00farveggjum, borgarhli\u00f0um og slagbr\u00f6ndum, fyrir utan m\u00f6rg \u00f6nnur kaupt\u00fan sem ekki voru m\u00farveggir um kring. Og v\u00e9r foreyddum \u00fe\u00e1 l\u00edka so sem v\u00e9r gj\u00f6r\u00f0um vi\u00f0 S\u00edhon k\u00f3nginn af Hesbon. Alla sta\u00f0ina foreyddum v\u00e9r, b\u00e6\u00f0i m\u00f6nnum, konum og b\u00f6rnum. En allt kvikf\u00e9\u00f0 og herfangi\u00f0 sem var \u00ed st\u00f6\u00f0unum dr\u00f3gum v\u00e9r undir oss.<\/p>\n<p>\tSo t\u00f3kum v\u00e9r \u00ed \u00feann t\u00edma landi\u00f0 af hendi \u00feeirra tveggja Amor\u00edtis k\u00f3nga \u00feessumegin J\u00f3rdanar, allt \u00ed fr\u00e1 \u00feeim l\u00e6knum Arnon inn til fjallsins Hermon, hvert e\u00f0 S\u00eddon\u00edtis kalla Sir\u00edon. <span class=\"athugasemd\" title=\"Sir\u00edon\">[<\/span> En \u00feeir Amorei kalla \u00fea\u00f0 Sen\u00edr. Alla sta\u00f0ina \u00e1 sl\u00e9ttlendinu og gj\u00f6rvallt G\u00edlea\u00f0 og allt Basan inn til Salka og Edrei, \u00fe\u00e1 sta\u00f0ina \u00ed \u00d3gs k\u00f3ngsr\u00edki af Basan. \u00dev\u00ed a\u00f0 k\u00f3ngurinn \u00d3g af Basan var n\u00fa enn eftirbl\u00edfinn af risunum. Sj\u00e1 \u00fe\u00fa, hans j\u00e1rns\u00e6ng er h\u00e9r \u00ed Rabbat hj\u00e1 sonum Am\u00f3n, n\u00edu \u00e1lna l\u00f6ng og fj\u00f6gra \u00e1lna brei\u00f0, eftir kallmanns alin. <span class=\"athugasemd\" title=\"\u00d3gs s\u00e6ng n\u00edu \u00e1lna l\u00f6ng\">[<\/span><\/p>\n<p>\tOg v\u00e9r l\u00f6g\u00f0um \u00fea\u00f0 land undir oss \u00feann sama t\u00edma \u00ed fr\u00e1 Ar\u00f3er sem liggur hj\u00e1 l\u00e6knum Arnon. Og \u00e9g gaf R\u00faben og Ga\u00f0 \u00fea\u00f0 h\u00e1lfa fjalli\u00f0 G\u00edlea\u00f0 me\u00f0 s\u00ednum st\u00f6\u00f0um. <span class=\"athugasemd\" title=\"Arfaskipti \u00feeirra kynkv\u00edsla R\u00faben og Ga\u00f0 og h\u00e1lfrar \u00e6ttar Manasses\">[<\/span> Og \u00fev\u00ed h\u00e1lfu Manasses slekti gaf \u00e9g \u00fe\u00e1 a\u00f0ra helftina af G\u00edlea\u00f0 og allt k\u00f3ngar\u00edki\u00f0 \u00d3g af Basan og gj\u00f6rvallt h\u00e9ra\u00f0i\u00f0 Arg\u00f3b og allt Basan, \u00fea\u00f0 kallast Risaland. <span class=\"athugasemd\" title=\"Risaland\">[<\/span> Ja\u00edr son Manasses t\u00f3k allt h\u00e9ra\u00f0i\u00f0 Arg\u00f3b inn til Gess\u00far\u00ed og Maakat\u00ed landamerkja og hann kalla\u00f0i Basan eftir s\u00ednu nafni Hav\u00f3t Ja\u00edr allt til \u00feessa dags. <span class=\"athugasemd\" title=\"Hav\u00f3t Ja\u00edr\">[<\/span> En Mak\u00edr gaf \u00e9g G\u00edlea\u00f0. Og \u00feeim af R\u00faben og Ga\u00f0 gaf \u00e9g einn partinn af sama landi G\u00edlea\u00f0 inn til l\u00e6kjarins Arnon, mitt \u00ed l\u00e6kinn sem landamerki\u00f0 er, og allt inn til \u00feess l\u00e6kjarins Jabok sem er landamerki sona Am\u00f3n. \u00dear me\u00f0 sl\u00e9ttu vellirnir og J\u00f3rdan (sem er landamerki\u00f0), fr\u00e1 K\u00edneret inn til sj\u00e1varins hj\u00e1 sl\u00e9ttlendinu sem er s\u00e1 salti sj\u00f3rinn ne\u00f0anvert hj\u00e1 \u00fev\u00ed fjallinu Pisga m\u00f3ti austrinu. <\/p>\n<p>\t\u00c9g bau\u00f0 y\u00f0ur \u00feann sama t\u00ed\u00f0 og sag\u00f0i: &#8222;Drottinn Gu\u00f0 y\u00f0ar hefur gefi\u00f0 y\u00f0ur \u00feetta land til eignar. Af \u00fev\u00ed dragi\u00f0 n\u00fa herkl\u00e6ddir frammi fyrir y\u00f0ar br\u00e6\u00f0rum \u00cdsraelssonum so margir sem f\u00e6rir eru \u00ed str\u00ed\u00f0 a\u00f0 fara, fyrir utan y\u00f0ar h\u00fasfreyjur, b\u00f6rn og f\u00e9na\u00f0 (\u00fev\u00ed a\u00f0 \u00e9g veit a\u00f0 \u00fe\u00e9r hafi\u00f0 miki\u00f0 kvikf\u00e9), \u00fea\u00f0 l\u00e1ti\u00f0 bl\u00edfa \u00ed y\u00f0rum st\u00f6\u00f0um, \u00feeim sem \u00e9g hefi gefi\u00f0 y\u00f0ur, \u00feanga\u00f0 til a\u00f0 Drottinn hann kemur y\u00f0ar br\u00e6\u00f0rum til hv\u00edldar so sem y\u00f0ur so a\u00f0 \u00feeir megi og eignast \u00fea\u00f0 land sem Drottinn Gu\u00f0 y\u00f0ar mun gefa \u00feeim hinumegin J\u00f3rdanar. \u00de\u00e1 skulu \u00fe\u00e9r sn\u00faa aftur hver til sinnar eignar sem \u00e9g hefi gefi\u00f0 y\u00f0ur.&#8220;<\/p>\n<p>\tOg \u00e9g bau\u00f0 J\u00f3s\u00faa \u00feann sama t\u00edma og sag\u00f0i: &#8222;\u00de\u00edn augu hafa s\u00e9\u00f0 allt hva\u00f0 Drottinn hefur gj\u00f6rt \u00feessum tveimur k\u00f3ngunum, so mun og Drottinn gj\u00f6ra vi\u00f0 \u00f6ll \u00feau k\u00f3ngar\u00edki sem \u00fe\u00fa dregur til. <span class=\"athugasemd\" title=\"J\u00f3s\u00faa \/ Num. 17\">[<\/span> Vert ekki hr\u00e6ddur fyrir \u00feeim \u00fev\u00ed a\u00f0 Drottinn Gu\u00f0 y\u00f0ar str\u00ed\u00f0ir fyrir y\u00f0ur.&#8220;<\/p>\n<p>\tOg \u00e9g ba\u00f0 Drottin \u00feann sama t\u00edma og sag\u00f0i: &#8222;Drottinn, Drottinn, \u00fe\u00fa hefur uppbyrja\u00f0 a\u00f0 s\u00fdna \u00fe\u00ednum \u00fe\u00e9nara \u00fe\u00edna d\u00fdr\u00f0 og \u00fe\u00edna \u00f6flugu h\u00f6nd. <span class=\"athugasemd\" title=\"Deut. 3 \/ Num. 27 \/ Deut. 31 \/ Num. 34 \/ J\u00f3s. 14\">[<\/span> \u00dev\u00ed hver er s\u00e1 nokkur Gu\u00f0 \u00e1 himni og j\u00f6r\u00f0u sem kunni a\u00f0 gj\u00f6ra eftir \u00fe\u00ednum verkum og magtarveldi? L\u00e1t \u00fe\u00fa mig fara og sj\u00e1 \u00fea\u00f0 g\u00f3\u00f0a landi\u00f0 hinumegin J\u00f3rdanar, \u00fea\u00f0 g\u00f3\u00f0a fjalli\u00f0 og L\u00edbanon.&#8220; En Drottinn var rei\u00f0ur vi\u00f0 mig fyri y\u00f0ar skuld og b\u00e6nheyr\u00f0i mig ekki heldur sag\u00f0i hann til m\u00edn: &#8222;L\u00e1t \u00fe\u00f3 so n\u00e6gja, seg \u00fe\u00fa m\u00e9r \u00fear ekki meira \u00fat af. St\u00edg \u00fe\u00fa upp\u00e1 h\u00e6\u00f0irnar fjallsins Pisga og upplyft \u00fe\u00ednum augum m\u00f3t vestrinu og m\u00f3t nor\u00f0rinu og m\u00f3t su\u00f0rinu og m\u00f3t austrinu og sj\u00e1 \u00fea\u00f0 me\u00f0 augunum \u00fev\u00ed \u00fe\u00fa skalt ekki ganga yfir \u00feessa J\u00f3rdan. Heldur skipa \u00fe\u00fa J\u00f3s\u00faa a\u00f0 hann s\u00e9 hraustur og \u00f3efa\u00f0ur \u00fev\u00ed a\u00f0 hann skal ganga fyrir \u00feessu f\u00f3lkinu yfir um J\u00f3rdan og skal \u00fatskipta me\u00f0 \u00feeim \u00fev\u00ed landinu sem \u00fe\u00fa skalt sj\u00e1.&#8220; Og so vorum v\u00e9r \u00ed \u00feeim dalnum gegnt <span class=\"athugasemd\" title=\"a \/ Kirkju e\u00f0ur musteri\">[<\/span> h\u00fasinu Pe\u00f3r.<\/p>\n","protected":false},"excerpt":{"rendered":"<p>Og v\u00e9r snerum oss og f\u00f3rum upp \u00fea\u00f0an \u00feann veg sem liggur til Basan. \u00de\u00e1 dr\u00f3 \u00d3g k\u00f3ngurinn af Basan \u00fat \u00ed m\u00f3ti oss me\u00f0 allt sitt f\u00f3lk til bardaga hj\u00e1 Edrei. En Drottinn sag\u00f0i til m\u00edn: &#8222;Vert \u00f3hr\u00e6ddur fyrir honum \u00fev\u00ed a\u00f0 \u00e9g hefi gefi\u00f0 hann og allt hans f\u00f3lk og hans land \u00ed \u00fe\u00ednar hendur. Og \u00fe\u00fa skalt gj\u00f6ra vi\u00f0 hann l\u00edka sem \u00fe\u00fa gj\u00f6r\u00f0ir vi\u00f0 S\u00edhon Amor\u00edta k\u00f3ng sem bj\u00f3 \u00ed Hesbon.&#8220; So gaf Drottinn Gu\u00f0 vor einnin \u00d3g k\u00f3nginn af Basan \u00ed vorar hendur me\u00f0 \u00f6llu hans f\u00f3lki, so a\u00f0 v\u00e9r sl\u00f3um hann \u00feanga\u00f0 til a\u00f0 <a href=\"https:\/\/biblian.is\/gudbrandsbiblia\/fimmta-mosebok-3-kafli\/\"> [&#8230;]<\/a><\/p>\n","protected":false},"author":1,"featured_media":0,"parent":0,"menu_order":0,"comment_status":"open","ping_status":"open","template":"bibliukaflar.php","meta":{"footnotes":""},"class_list":["post-2848","page","type-page","status-publish","hentry"],"_links":{"self":[{"href":"https:\/\/biblian.is\/gudbrandsbiblia\/wp-json\/wp\/v2\/pages\/2848","targetHints":{"allow":["GET"]}}],"collection":[{"href":"https:\/\/biblian.is\/gudbrandsbiblia\/wp-json\/wp\/v2\/pages"}],"about":[{"href":"https:\/\/biblian.is\/gudbrandsbiblia\/wp-json\/wp\/v2\/types\/page"}],"author":[{"embeddable":true,"href":"https:\/\/biblian.is\/gudbrandsbiblia\/wp-json\/wp\/v2\/users\/1"}],"replies":[{"embeddable":true,"href":"https:\/\/biblian.is\/gudbrandsbiblia\/wp-json\/wp\/v2\/comments?post=2848"}],"version-history":[{"count":0,"href":"https:\/\/biblian.is\/gudbrandsbiblia\/wp-json\/wp\/v2\/pages\/2848\/revisions"}],"wp:attachment":[{"href":"https:\/\/biblian.is\/gudbrandsbiblia\/wp-json\/wp\/v2\/media?parent=2848"}],"curies":[{"name":"wp","href":"https:\/\/api.w.org\/{rel}","templated":true}]}}