{"id":2845,"date":"2017-12-18T18:31:54","date_gmt":"2017-12-18T18:31:54","guid":{"rendered":"http:\/\/biblian.is\/gudbrandsbiblia\/fjorda-mosebok-36-kafli\/"},"modified":"2017-12-18T18:31:54","modified_gmt":"2017-12-18T18:31:54","slug":"fjorda-mosebok-36-kafli","status":"publish","type":"page","link":"https:\/\/biblian.is\/gudbrandsbiblia\/fjorda-mosebok-36-kafli\/","title":{"rendered":"Fj\u00f3r\u00f0a M\u00f3seb\u00f3k 36. kafli"},"content":{"rendered":"<p>Og \u00feeir yppustu fe\u00f0ur af \u00e6ttkv\u00edsl sona G\u00edlea\u00f0, sona Mak\u00edr, sem var son Manasses, af \u00e6ttkv\u00edsl sona J\u00f3sef, gengu fram og t\u00f6lu\u00f0u til M\u00f3sen og so til h\u00f6fu\u00f0smannanna og til ypustu fe\u00f0ra \u00cdsraelssona og s\u00f6g\u00f0u: &#8222;K\u00e6ri herra, Drottinn hefur bo\u00f0i\u00f0 a\u00f0 menn skulu gefa \u00cdsraelissonum landi\u00f0 til arfskiptis me\u00f0 hlutfalli og \u00fe\u00fa, minn herra, hefur b\u00edfala\u00f0 \u00fea\u00f0 fyrir Drottni a\u00f0 v\u00e9r skyldum gefa vors br\u00f3\u00f0urs Selafeha\u00f0 d\u00e6trum hans erf\u00f0ahlut. <span class=\"athugasemd\" title=\"Selafea\u00f0 d\u00e6tur \/ Num. 17 \/ J\u00f3s. 15; 17\">[<\/span> N\u00fa ef nokkur af \u00cdsraelssonum tekur \u00fe\u00e6r til eiginkvenna \u00fe\u00e1 ver\u00f0ur vor f\u00f6\u00f0urarfur minni og svo miki\u00f0 sem \u00fe\u00e6r hafa fellur \u00fea\u00f0 til arfs \u00ed \u00fe\u00e1 \u00e6ttkv\u00edsl sem \u00fe\u00e6r koma til og ver\u00f0ur \u00fe\u00e1 vor erf\u00f0ahlutur \u00feess minni. Og \u00fe\u00e1 \u00fea\u00f0 fagna\u00f0ar\u00e1r kemur n\u00fa fyrir \u00cdsraelssonum \u00fe\u00e1 kemur og \u00feeirra erf\u00f0ahlutur burt til \u00feeirrar \u00e6ttkv\u00edslar sem \u00fe\u00e6r eru. Og me\u00f0 \u00feessu ver\u00f0ur vor f\u00f6\u00f0urarfur \u00feess mun minni sem \u00fe\u00e6r hafa meira.&#8220;<\/p>\n<p>\tOg M\u00f3ses bau\u00f0 \u00cdsraelsissonum eftir b\u00edfalning Drottins og sag\u00f0i: &#8222;\u00dea\u00f0 er r\u00e9tt sem \u00e6ttkv\u00edsl sona J\u00f3sef hefur sagt. \u00deetta b\u00fd\u00f0ur Drottinn um Selafeha\u00f0 d\u00e6tur og segir: \u00de\u00e6r mega gifta sig s\u00e9rhverjum \u00fe\u00e6r vilja, \u00fe\u00f3 svo a\u00f0 \u00fe\u00e6r gifti sig \u00ed s\u00edna f\u00f6\u00f0ur \u00e6ttkv\u00edsl og fr\u00e6ndleif\u00f0, svo a\u00f0 erf\u00f0 \u00cdsraelissona falli ekki fr\u00e1 einni \u00e6ttkv\u00edsl til annarrar. \u00dev\u00ed a\u00f0 hv\u00f6r og einn af \u00cdsraelssonum skal bl\u00edfa vi\u00f0 arf sinnar f\u00f6\u00f0ur\u00e6ttar. Og allar d\u00e6tur sem hafa erf\u00f0arpart \u00e1 me\u00f0al \u00cdsraelissona \u00fe\u00e6r skulu giftast \u00ed sinna fe\u00f0ra \u00e6ttkv\u00edsl og slekti svo hver einn og einn \u00e1 me\u00f0al \u00cdsraelissona megi halda s\u00edns f\u00f6\u00f0urs arfi so a\u00f0 ekki falli nokkur erf\u00f0 \u00far\u00e6ttis \u00ed a\u00f0ra \u00e6ttkv\u00edsl, heldur a\u00f0 hver megi halda sinni erf\u00f0 \u00e1 millum \u00cdsraelissona kynkv\u00edsla.&#8220;<\/p>\n<p>\tSelafea\u00f0d\u00e6tur, Mahela, Tirsa, Hagla, Milka og N\u00f3a, gj\u00f6r\u00f0u sem Drottinn haf\u00f0i bo\u00f0i\u00f0 M\u00f3se og giftust s\u00ednum fr\u00e6ndum \u00ed Manasse sona \u00e6ttkv\u00edsl, sonar J\u00f3sef. So bleif \u00feeirra arfleif\u00f0 \u00ed \u00e6ttinni kynkv\u00edslarinnar \u00feeirra fe\u00f0ra. \u00deessi eru \u00feau bo\u00f0or\u00f0 og \u00feau r\u00e9ttindi sem Drotitnn bau\u00f0 \u00cdsraelissonum fyrir M\u00f3sen \u00e1 \u00feeim v\u00f6llum M\u00f3ab hj\u00e1 J\u00f3rdan gagnvart Jer\u00edk\u00f3.<\/p>\n<p>Endir \u00e1 \u00feeirri Fj\u00f3r\u00f0u b\u00f3k M\u00f3ses<\/p>\n","protected":false},"excerpt":{"rendered":"<p>Og \u00feeir yppustu fe\u00f0ur af \u00e6ttkv\u00edsl sona G\u00edlea\u00f0, sona Mak\u00edr, sem var son Manasses, af \u00e6ttkv\u00edsl sona J\u00f3sef, gengu fram og t\u00f6lu\u00f0u til M\u00f3sen og so til h\u00f6fu\u00f0smannanna og til ypustu fe\u00f0ra \u00cdsraelssona og s\u00f6g\u00f0u: &#8222;K\u00e6ri herra, Drottinn hefur bo\u00f0i\u00f0 a\u00f0 menn skulu gefa \u00cdsraelissonum landi\u00f0 til arfskiptis me\u00f0 hlutfalli og \u00fe\u00fa, minn herra, hefur b\u00edfala\u00f0 \u00fea\u00f0 fyrir Drottni a\u00f0 v\u00e9r skyldum gefa vors br\u00f3\u00f0urs Selafeha\u00f0 d\u00e6trum hans erf\u00f0ahlut. [ N\u00fa ef nokkur af \u00cdsraelssonum tekur \u00fe\u00e6r til eiginkvenna \u00fe\u00e1 ver\u00f0ur vor f\u00f6\u00f0urarfur minni og svo miki\u00f0 sem \u00fe\u00e6r hafa fellur \u00fea\u00f0 til arfs \u00ed \u00fe\u00e1 \u00e6ttkv\u00edsl sem \u00fe\u00e6r koma <a href=\"https:\/\/biblian.is\/gudbrandsbiblia\/fjorda-mosebok-36-kafli\/\"> [&#8230;]<\/a><\/p>\n","protected":false},"author":1,"featured_media":0,"parent":0,"menu_order":0,"comment_status":"open","ping_status":"open","template":"bibliukaflar.php","meta":{"footnotes":""},"class_list":["post-2845","page","type-page","status-publish","hentry"],"_links":{"self":[{"href":"https:\/\/biblian.is\/gudbrandsbiblia\/wp-json\/wp\/v2\/pages\/2845","targetHints":{"allow":["GET"]}}],"collection":[{"href":"https:\/\/biblian.is\/gudbrandsbiblia\/wp-json\/wp\/v2\/pages"}],"about":[{"href":"https:\/\/biblian.is\/gudbrandsbiblia\/wp-json\/wp\/v2\/types\/page"}],"author":[{"embeddable":true,"href":"https:\/\/biblian.is\/gudbrandsbiblia\/wp-json\/wp\/v2\/users\/1"}],"replies":[{"embeddable":true,"href":"https:\/\/biblian.is\/gudbrandsbiblia\/wp-json\/wp\/v2\/comments?post=2845"}],"version-history":[{"count":0,"href":"https:\/\/biblian.is\/gudbrandsbiblia\/wp-json\/wp\/v2\/pages\/2845\/revisions"}],"wp:attachment":[{"href":"https:\/\/biblian.is\/gudbrandsbiblia\/wp-json\/wp\/v2\/media?parent=2845"}],"curies":[{"name":"wp","href":"https:\/\/api.w.org\/{rel}","templated":true}]}}