{"id":2843,"date":"2017-12-18T18:31:54","date_gmt":"2017-12-18T18:31:54","guid":{"rendered":"http:\/\/biblian.is\/gudbrandsbiblia\/fjorda-mosebok-34-kafli\/"},"modified":"2017-12-18T18:31:54","modified_gmt":"2017-12-18T18:31:54","slug":"fjorda-mosebok-34-kafli","status":"publish","type":"page","link":"https:\/\/biblian.is\/gudbrandsbiblia\/fjorda-mosebok-34-kafli\/","title":{"rendered":"Fj\u00f3r\u00f0a M\u00f3seb\u00f3k 34. kafli"},"content":{"rendered":"<p>Og Drottinn tala\u00f0i vi\u00f0 M\u00f3sen og sag\u00f0i: &#8222;Bj\u00f3\u00f0 \u00fe\u00fa \u00cdsraelssonum og seg til \u00feeirra: \u00de\u00e1 \u00fe\u00e9r komi\u00f0 \u00ed Kanaansland \u00fe\u00e1 skal \u00fea\u00f0 land sem y\u00f0ur hlotnast til arfs \u00ed Kanaanslandi hafa s\u00edn landamerki. <span class=\"athugasemd\" title=\"Landamerki Kanaanslands\">[<\/span> \u00dea\u00f0 sy\u00f0ra landshorni\u00f0 skal taka fr\u00e1 ey\u00f0im\u00f6rkinni S\u00edn hj\u00e1 Ed\u00f3m svo y\u00f0ar landamerki \u00ed su\u00f0ur s\u00e9 fr\u00e1 enda \u00feess salta Hafs sem liggur \u00ed austur. Og \u00fea\u00f0 landamerki sem liggur fr\u00e1 su\u00f0ri upp \u00ed m\u00f3t Akrab\u00edm og \u00ed gegnum Sinna og tekur \u00ed fr\u00e1 su\u00f0ri allt til Kades Barnea og n\u00e6r allt til \u00feess \u00feorps Adar og gengur \u00ed gegnum Asm\u00f3n og tekur allt fr\u00e1 Asm\u00f3n til Egypt\u00edl\u00e6kjar og skulu endast vi\u00f0 sj\u00f3inn.<\/p>\n<p>\tEn landamerkin \u00ed vestur skulu vera \u00fea\u00f0 mikla haf. \u00dea\u00f0 skal vera y\u00f0ar landamerki vestur fr\u00e1.<\/p>\n<p>\tEn landamerki nor\u00f0ur fr\u00e1 skulu \u00feessi vera: \u00de\u00e9r skulu\u00f0 m\u00e6la fr\u00e1 \u00fev\u00ed st\u00f3ra hafi til fjallsins H\u00f3r og fr\u00e1 fjallinu H\u00f3r skulu \u00fe\u00e9r m\u00e6la allt a\u00f0 Hamat og \u00fea\u00f0 skal ganga \u00fat allt til landamerkja Sebada og \u00feau s\u00f6mu ummerki taki allt til S\u00edfr\u00f3n en endast hj\u00e1 \u00fev\u00ed \u00feorpi Enon. \u00deetta skulu vera y\u00f0ar landamerki \u00ed nor\u00f0ur\u00e1tt.<\/p>\n<p>\tOg \u00fe\u00e9r skulu\u00f0 m\u00e6la y\u00f0ar landamerki \u00ed austur fr\u00e1 \u00feeim b\u00fd Enan til Sefam. Og landamerki\u00f0 skal ganga ni\u00f0ur fr\u00e1 Sefam til Ribla austanvert vi\u00f0 A\u00edn. \u00dear eftir skal \u00fea\u00f0 ganga ofan eftir og beygja sig til sj\u00e1vars\u00ed\u00f0unnar K\u00edneret til austurs og \u00fea\u00f0an a\u00f0 J\u00f3rdan. So skal \u00fea\u00f0 endast vi\u00f0 \u00fea\u00f0 salta hafi\u00f0. \u00deetta skal vera y\u00f0art land allt um kring me\u00f0 s\u00ednum ummerkjum.&#8220;<\/p>\n<p>\tOg M\u00f3ses bau\u00f0 \u00cdsraelssonum og sag\u00f0i: &#8222;\u00deetta er \u00fea\u00f0 land sem \u00fe\u00e9r skulu\u00f0 skipta \u00e1 millum y\u00f0ar eftir hlutfalli, hvert Drottinn b\u00edfala\u00f0i a\u00f0 gefa \u00cdsraelissonum, \u00feeim n\u00edu kynk\u00edslum og \u00feeim h\u00e1lfum kyn\u00fe\u00e6tti.&#8220; <span class=\"athugasemd\" title=\"Num. 23\">[<\/span> \u00dev\u00ed a\u00f0 \u00e6ttkv\u00edsl sona R\u00faben eftir \u00feeirra fe\u00f0ra h\u00fasi og Manasses h\u00e1lf \u00e6ttkv\u00edsl hefur teki\u00f0 sinn hlut. So eru \u00fe\u00e6r tv\u00e6r \u00e6ttir og \u00fea\u00f0 h\u00e1lft slekti me\u00f0 \u00feeirra arfskipti \u00ed burt \u00e1 \u00feessa s\u00ed\u00f0u J\u00f3rdanar \u00ed austri gegnt Jer\u00edk\u00f3.<\/p>\n<p>\tOg Drottinn tala\u00f0i vi\u00f0 M\u00f3sen og sag\u00f0i: &#8222;\u00deessi eru n\u00f6fn \u00feeirra manna sem skipta skulu landinu me\u00f0 y\u00f0ur: Presturinn Eleasar og J\u00f3s\u00faa son N\u00fan. <span class=\"athugasemd\" title=\"N\u00f6fn \u00feeirra sem landinu skyldu skipta me\u00f0 \u00cdsraelssonum\">[<\/span> \u00dear fyrir skulu \u00fe\u00e9r taka hvern \u00e6ttarh\u00f6f\u00f0ingja til a\u00f0 skipta landinu. Og \u00feetta eru n\u00f6fn \u00feeirra manna: Kaleb son Jef\u00fanne af J\u00fada kyni, Sem\u00fael son Am\u00edh\u00fad af S\u00edmeon kyni, El\u00eddad son K\u00edslon af Benjam\u00edn kyni, B\u00fak\u00ed son Jagl\u00ed h\u00f6f\u00f0ingi yfir kyni sona Dan, Han\u00edel son Ef\u00f3\u00f0 h\u00f6f\u00f0ingi fyrir kyni sona Manasse, af sonum J\u00f3sef Kem\u00fael son Siftan h\u00f6f\u00f0inginn yfir kyni sona Efra\u00edm, El\u00edsaf\u00f3n son Parnak h\u00f6f\u00f0inginn yfir kyni sona Seb\u00falon, Palt\u00edel son Asar h\u00f6f\u00f0inginn yfir kyn\u00fe\u00e1tt sona \u00cdsaskar, Ab\u00edh\u00fad son Sel\u00f3m\u00ed h\u00f6f\u00f0inginn yfir kyn\u00fe\u00e1tt Asser, Pedahel son Amm\u00edh\u00fad h\u00f6f\u00f0inginn yfir kyn\u00fe\u00e1tt sona Neftal\u00ed. \u00deessir eru \u00feeir sem Drottinn bau\u00f0 a\u00f0 skipta aurfunum me\u00f0 \u00cdsraelssonum \u00ed Kanaanslandi.<\/p>\n","protected":false},"excerpt":{"rendered":"<p>Og Drottinn tala\u00f0i vi\u00f0 M\u00f3sen og sag\u00f0i: &#8222;Bj\u00f3\u00f0 \u00fe\u00fa \u00cdsraelssonum og seg til \u00feeirra: \u00de\u00e1 \u00fe\u00e9r komi\u00f0 \u00ed Kanaansland \u00fe\u00e1 skal \u00fea\u00f0 land sem y\u00f0ur hlotnast til arfs \u00ed Kanaanslandi hafa s\u00edn landamerki. [ \u00dea\u00f0 sy\u00f0ra landshorni\u00f0 skal taka fr\u00e1 ey\u00f0im\u00f6rkinni S\u00edn hj\u00e1 Ed\u00f3m svo y\u00f0ar landamerki \u00ed su\u00f0ur s\u00e9 fr\u00e1 enda \u00feess salta Hafs sem liggur \u00ed austur. Og \u00fea\u00f0 landamerki sem liggur fr\u00e1 su\u00f0ri upp \u00ed m\u00f3t Akrab\u00edm og \u00ed gegnum Sinna og tekur \u00ed fr\u00e1 su\u00f0ri allt til Kades Barnea og n\u00e6r allt til \u00feess \u00feorps Adar og gengur \u00ed gegnum Asm\u00f3n og tekur allt fr\u00e1 Asm\u00f3n <a href=\"https:\/\/biblian.is\/gudbrandsbiblia\/fjorda-mosebok-34-kafli\/\"> [&#8230;]<\/a><\/p>\n","protected":false},"author":1,"featured_media":0,"parent":0,"menu_order":0,"comment_status":"open","ping_status":"open","template":"bibliukaflar.php","meta":{"footnotes":""},"class_list":["post-2843","page","type-page","status-publish","hentry"],"_links":{"self":[{"href":"https:\/\/biblian.is\/gudbrandsbiblia\/wp-json\/wp\/v2\/pages\/2843","targetHints":{"allow":["GET"]}}],"collection":[{"href":"https:\/\/biblian.is\/gudbrandsbiblia\/wp-json\/wp\/v2\/pages"}],"about":[{"href":"https:\/\/biblian.is\/gudbrandsbiblia\/wp-json\/wp\/v2\/types\/page"}],"author":[{"embeddable":true,"href":"https:\/\/biblian.is\/gudbrandsbiblia\/wp-json\/wp\/v2\/users\/1"}],"replies":[{"embeddable":true,"href":"https:\/\/biblian.is\/gudbrandsbiblia\/wp-json\/wp\/v2\/comments?post=2843"}],"version-history":[{"count":0,"href":"https:\/\/biblian.is\/gudbrandsbiblia\/wp-json\/wp\/v2\/pages\/2843\/revisions"}],"wp:attachment":[{"href":"https:\/\/biblian.is\/gudbrandsbiblia\/wp-json\/wp\/v2\/media?parent=2843"}],"curies":[{"name":"wp","href":"https:\/\/api.w.org\/{rel}","templated":true}]}}