{"id":2840,"date":"2017-12-18T18:31:54","date_gmt":"2017-12-18T18:31:54","guid":{"rendered":"http:\/\/biblian.is\/gudbrandsbiblia\/fjorda-mosebok-31-kafli\/"},"modified":"2017-12-18T18:31:54","modified_gmt":"2017-12-18T18:31:54","slug":"fjorda-mosebok-31-kafli","status":"publish","type":"page","link":"https:\/\/biblian.is\/gudbrandsbiblia\/fjorda-mosebok-31-kafli\/","title":{"rendered":"Fj\u00f3r\u00f0a M\u00f3seb\u00f3k 31. kafli"},"content":{"rendered":"<p>Og Drottinn tala\u00f0i vi\u00f0 M\u00f3sen og sag\u00f0i: &#8222;Hefn \u00fe\u00fa \u00cdsraelssona \u00e1 \u00feeim Mad\u00edan\u00edtis svo \u00fe\u00fa megir \u00fear eftir safnast til \u00fe\u00edns f\u00f3lks.&#8220; \u00de\u00e1 tala\u00f0i M\u00f3ses vi\u00f0 f\u00f3lki\u00f0 og sag\u00f0i: &#8222;B\u00fai\u00f0 li\u00f0 til bardaga \u00e1 me\u00f0al y\u00f0ar \u00ed m\u00f3ti Mad\u00edan\u00edtis so \u00feeir megi hefna Drottins \u00e1 Mad\u00edan\u00edtis. \u00datvelji\u00f0 \u00fe\u00fasund manna af hverri \u00e6ttkv\u00edsl og \u00fatsendi\u00f0 \u00fe\u00e1 af \u00f6llum \u00cdsraelis kynkv\u00edslum \u00ed bardaga.&#8220; Og \u00feeir \u00fatv\u00f6ldu af \u00fe\u00fasundum \u00cdsrael \u00fe\u00fasund af hv\u00f6rjum kyn\u00fe\u00e6tti, t\u00f3lf \u00fe\u00fasundir manna vopna\u00f0 li\u00f0. Og M\u00f3ses \u00fatsendi \u00fe\u00e1 \u00ed bardaga me\u00f0 P\u00edneas syni Eleasar prests og \u00feau heil\u00f6gu kl\u00e6\u00f0in og l\u00fa\u00f0rana til a\u00f0 bl\u00e1sa \u00ed.<\/p>\n<p>\tOg \u00feeir h\u00e9ldu orostu vi\u00f0 Mad\u00edan\u00edtis svo sem Drottinn haf\u00f0i bo\u00f0i\u00f0 M\u00f3se. Og \u00feeir sl\u00f3u \u00ed hel allt kallkyns, so og sl\u00f3u \u00feeir \u00fe\u00e1 Mad\u00edan\u00edtis k\u00f3nga \u00ed hel og felldu \u00feeirra li\u00f0, sem voru Ev\u00ed, Rekem, S\u00far, H\u00far og Reba, \u00feessa fimm Mad\u00edan\u00edtis k\u00f3nga. <span class=\"athugasemd\" title=\"K\u00f3ngar Mad\u00edan\u00edtarum\">[<\/span> \u00deeir sl\u00f3u og Balaam son Be\u00f3r \u00ed hel me\u00f0 sver\u00f0i. Og \u00cdsraelssynir t\u00f3ku Mad\u00edan\u00edtakvinnur og \u00feeirra b\u00f6rn a\u00f0 herfangi og \u00feeir r\u00e6ntu \u00f6llum \u00feeirra f\u00e9na\u00f0i, \u00f6llum \u00feeirra fj\u00e1rhlutum og aullu \u00feeirra g\u00f3ssi. Og \u00feeir uppbrenndu me\u00f0 eldi alla \u00feeirra sta\u00f0i, \u00feeirra bygg\u00f0ir og borgir.<\/p>\n<p>\tOg \u00feeir t\u00f3ku allt herfangi\u00f0 og allt \u00fea\u00f0 til var, b\u00e6\u00f0i menn og fj\u00e1rhluti, og f\u00e6r\u00f0u \u00fe\u00e1 til M\u00f3sen og til prestsins Eleasar og til alm\u00fagans \u00cdsraelissona, sem er \u00fe\u00e1 herteknu og allt \u00fea\u00f0 herfang sem \u00feeir h\u00f6f\u00f0u fengi\u00f0, \u00fea\u00f0 h\u00f6f\u00f0u \u00feeir \u00ed herb\u00fa\u00f0irnar \u00e1 M\u00f3absv\u00f6llu sem liggur hj\u00e1 J\u00f3rdan gegnt Jer\u00edk\u00f3. Og M\u00f3ses og presturinn Eleasar og allir h\u00f6f\u00f0ingjar alm\u00fagans gengu \u00fat \u00ed m\u00f3ti \u00feeim \u00fat fyrir herb\u00fa\u00f0irnar.<\/p>\n<p>\tOg M\u00f3ses var\u00f0 rei\u00f0ur hersh\u00f6f\u00f0ingjunum \u00feeim sem settir voru yfir \u00fe\u00fasund og hundra\u00f0 og komnir voru fr\u00e1 \u00feessum bardaga og sag\u00f0i til \u00feeirra: &#8222;\u00dev\u00ed g\u00e1fu \u00fe\u00e9r l\u00edf \u00f6llum kvinnunum? Sj\u00e1, hafa ekki \u00feessar inu s\u00f6mu sn\u00fai\u00f0 \u00cdsraelssonum eftir Balaams r\u00e1\u00f0i a\u00f0 \u00feeir syndgu\u00f0ust \u00ed m\u00f3ti Drottni me\u00f0 (synd) Pe\u00f3r og \u00fear kom ein pl\u00e1ga yfir alm\u00fagann Drottins? <span class=\"athugasemd\" title=\"Synd Balaams og hans r\u00e1\u00f0legging\">[<\/span> So sl\u00e1i\u00f0 n\u00fa allt kallkyns \u00ed hel \u00e1 me\u00f0al \u00feeirra sona og allar \u00fe\u00e6r konur sem samr\u00e6\u00f0i hafa \u00e1tt vi\u00f0 kallmenn. En l\u00e1ti\u00f0 \u00f6ll meyb\u00f6rn lifa og allar \u00f3spilltar meyjar sem ekki hafa legi\u00f0 hj\u00e1 kallm\u00f6nnum. Veri\u00f0 utan herb\u00fa\u00f0a \u00ed sj\u00f6 daga, allir \u00feeir sem mann hafa \u00ed hel slegi\u00f0 e\u00f0a komi\u00f0 hafa vi\u00f0 nokku\u00f0 l\u00edk, a\u00f0 \u00fe\u00e9r l\u00e1ti\u00f0 y\u00f0ur hreinsa \u00e1 \u00feeim \u00feri\u00f0ja og sj\u00f6unda degi me\u00f0 \u00feeim sem \u00fe\u00e9r hafi\u00f0 herteki\u00f0, og allan kl\u00e6\u00f0na\u00f0 og allt \u00fea\u00f0 sem af skinni er gj\u00f6rt og alla skinnav\u00f6ru og allsh\u00e1ttu\u00f0 tr\u00e9ker skulu \u00fe\u00e9r hreinsa.&#8220;<\/p>\n<p>\tOg presturinn Eleasar sag\u00f0i til str\u00ed\u00f0sf\u00f3lksins sem \u00ed bardaganum haf\u00f0i veri\u00f0: &#8222;\u00deetta er l\u00f6gm\u00e1li\u00f0 sem Drottinn hefur b\u00edfala\u00f0 M\u00f3se: Gull, silfur, kopar, j\u00e1rn, tin og bl\u00fd og allt \u00fea\u00f0 sem \u00feolir eld skulu \u00fe\u00e9r l\u00e1ta ganga \u00ed gegnum eld og hreinsa \u00fea\u00f0 so a\u00f0 \u00fea\u00f0 s\u00e9 hreinsa\u00f0 me\u00f0 \u00e1dreifingarvatni. <span class=\"athugasemd\" title=\"Levit. 6. 11\">[<\/span> En allt \u00fea\u00f0 sem ekki \u00feolir eld, \u00fea\u00f0 skulu \u00fe\u00e9r l\u00e1ta ganga \u00ed gegnum vatn og \u00fe\u00e9r skulu\u00f0 \u00fevo y\u00f0ar kl\u00e6\u00f0i \u00e1 \u00feann sj\u00f6unda dag, so eru \u00fe\u00e9r hreinir og eftir \u00fea\u00f0 skulu \u00fe\u00e9r koma \u00ed herb\u00fa\u00f0irnar.&#8220;<\/p>\n<p>\tOg Drottinn tala\u00f0i vi\u00f0 M\u00f3sen og sag\u00f0i: &#8222;Reikna \u00fe\u00fa allt \u00fea\u00f0 herfang sem \u00feeir hafa fengi\u00f0, b\u00e6\u00f0i af m\u00f6nnum og fj\u00e1rhlutum, \u00fe\u00fa og presturinn Eleasar og \u00feeir ypp\u00f6stu fe\u00f0ur fyrir alm\u00faganum, og gef \u00feeim helftina \u00fear af sem f\u00f3ru \u00ed str\u00ed\u00f0i\u00f0 og b\u00f6r\u00f0ust og annan helming alm\u00faganum. Og \u00fe\u00fa skalt upplyfta fyrir Drottni af str\u00ed\u00f0sm\u00f6nnum sem voru dregnir \u00ed str\u00ed\u00f0i\u00f0, j\u00e1 einni s\u00e1l af fimm hundru\u00f0um, b\u00e6\u00f0i af m\u00f6nnum og f\u00e9na\u00f0i, ausnum og sau\u00f0um, af \u00feeirra helmingi skaltu \u00fea\u00f0 taka og afhenda prestinum Eleasar \u00fea\u00f0 Drottni til eins upplyftingaroffurs. <span class=\"athugasemd\" title=\"Prestarnir f\u00e1 og so af herfanginu\">[<\/span> En af \u00feeim helmingi sem \u00cdsraelssonum tilkemur skaltu taka \u00feann fimmtugasta part, b\u00e6\u00f0i af m\u00f6nnum og f\u00e9na\u00f0i, af \u00f6snum og sau\u00f0um og af \u00f6llu kvikf\u00e9, og afhenda \u00fea\u00f0 Lev\u00edtunum, \u00feeim sem var\u00f0veita tjaldb\u00fa\u00f0 Drottins.&#8220;<\/p>\n<p>\tM\u00f3ses og presturinn Eleasar gj\u00f6r\u00f0u sem Drottinn haf\u00f0i bo\u00f0i\u00f0 M\u00f3se. Og herfangi\u00f0 sem eftir var \u00fea\u00f0 sem str\u00ed\u00f0sf\u00f3lki\u00f0 haf\u00f0i fengi\u00f0 til b\u00fdtis var sex hundru\u00f0 \u00fe\u00fasunda og sj\u00f6tygi \u00fe\u00fasundru\u00f0 og fimm \u00fe\u00fasundru\u00f0 sau\u00f0a og sj\u00f6tygu og tv\u00f6 \u00fe\u00fasund uxa og ein og sextygi \u00fe\u00fasund asna. <span class=\"athugasemd\" title=\"Herfangi\u00f0\">[<\/span> Og \u00fe\u00e6r kvensniftir sem ekki h\u00f6f\u00f0u mann kennt og eigi legi\u00f0 hj\u00e1 m\u00f6nnum voru t\u00f3lf og tuttugu \u00fe\u00fasund s\u00e1lir.<\/p>\n<p>\tEn helftin sem \u00feeim tilheyr\u00f0i er \u00ed str\u00ed\u00f0inu h\u00f6f\u00f0u veri\u00f0 var \u00ferj\u00fa hundru\u00f0 \u00fe\u00fasunda og seytj\u00e1n og tuttugu \u00fe\u00fasundir og fimm hundru\u00f0 nauta. \u00dear af f\u00e9kk Drottinn sex hundru\u00f0 fimm og sj\u00f6tygi sau\u00f0i. \u00cdtem sext\u00e1n og tuttugu \u00fe\u00fasund uxa. \u00dear af f\u00e9kk Drottinn tvo og sj\u00f6tygi. \u00cdtem \u00ferj\u00e1tygu \u00fe\u00fasund og fimm hundra\u00f0 asna. \u00dear af f\u00e9kk Drottinn sextygu og einn. \u00cdtem kvenmanna s\u00e1lir sext\u00e1n \u00fe\u00fasundir. \u00dear af f\u00e9kk Drottinn t\u00f3lf og tuttugu. Og M\u00f3ses afhenti prestinum Eleasar \u00feetta Drottins upplyftingaroffur, sem Drottinn haf\u00f0i b\u00edfala\u00f0 honum.<\/p>\n<p>\tEn s\u00e1 annar helmingur sem M\u00f3ses skipti \u00e1 millum \u00cdsraelissona og hann t\u00f3k fr\u00e1 str\u00ed\u00f0sf\u00f3lkinu, sem var s\u00e1 helmingur sem alm\u00faganum f\u00e9ll til, voru \u00ferj\u00fa hundru\u00f0 \u00fe\u00fasunda seytj\u00e1n og tuttugu \u00fe\u00fasundir og fimm hundru\u00f0 sau\u00f0ir, sext\u00e1n og tuttugu \u00fe\u00fasundir uxa, \u00ferj\u00e1tygi \u00fe\u00fasundir og fimm hundru\u00f0 asna og kvenmanna s\u00e1lir sext\u00e1n \u00fe\u00fasundir. Og M\u00f3ses t\u00f3k af \u00feeim h\u00e1lfum parti \u00cdsraelis eitt af hverjum fimmtygi, b\u00e6\u00f0i af m\u00f6nnum og f\u00e9na\u00f0i, og f\u00e9kk \u00fea\u00f0 Lev\u00edtunum sem t\u00f3ku vara upp\u00e1 tjaldb\u00fa\u00f0 Drottins, sem Drottinn haf\u00f0i b\u00edfala\u00f0 M\u00f3se.<\/p>\n<p>\tOg hersh\u00f6f\u00f0ingjarnir yfir \u00fe\u00fasund og yfir hundra\u00f0 gengu fram fyrir M\u00f3sen og s\u00f6g\u00f0u til hans: &#8222;\u00de\u00ednir \u00fe\u00e9narar hafa teki\u00f0 manntal alls \u00feess str\u00ed\u00f0sf\u00f3lks sem var undir vorum h\u00f6ndum og \u00fear vanta\u00f0i ekki eitt. \u00dear fyrir skenkjum v\u00e9r Drottni af \u00fev\u00ed sem hver af oss hefur fundi\u00f0 af gulli, gersemum, kl\u00e6\u00f0um, ked\u00edum, armsp\u00f6ngum, hringum, eyrnagulli og \u00f6\u00f0ru sm\u00ed\u00f0i, til eins forl\u00edkunaroffurs fyrir vorar s\u00e1lir fyrir Drottni.&#8220;<\/p>\n<p>\tOg M\u00f3ses og presturinn Eleasar me\u00f0t\u00f3ku af \u00feeim \u00fea\u00f0 sama gull \u00ed allsh\u00e1ttu\u00f0um gersemum. Og allt gull til upplyftingaroffurs sem \u00feeir upplyftu fyrir Drottni var sext\u00e1n \u00fe\u00fasund og sj\u00f6 hundru\u00f0 og fimmtyi sicli af hersh\u00f6f\u00f0ingjum yfir \u00fe\u00fasund og hundra\u00f0. \u00dev\u00ed str\u00ed\u00f0sf\u00f3lki\u00f0 haf\u00f0i r\u00e6nt hver fyrir sig. Og M\u00f3ses og Eleasar me\u00f0t\u00f3ku \u00feetta gull af hersh\u00f6f\u00f0ingjum yfir \u00fe\u00fasund og hundra\u00f0 og b\u00e1ru \u00fea\u00f0 \u00ed vitnisbur\u00f0arins tjaldb\u00fa\u00f0 \u00cdsraelssonum til minningar fyrir Drottni.<\/p>\n","protected":false},"excerpt":{"rendered":"<p>Og Drottinn tala\u00f0i vi\u00f0 M\u00f3sen og sag\u00f0i: &#8222;Hefn \u00fe\u00fa \u00cdsraelssona \u00e1 \u00feeim Mad\u00edan\u00edtis svo \u00fe\u00fa megir \u00fear eftir safnast til \u00fe\u00edns f\u00f3lks.&#8220; \u00de\u00e1 tala\u00f0i M\u00f3ses vi\u00f0 f\u00f3lki\u00f0 og sag\u00f0i: &#8222;B\u00fai\u00f0 li\u00f0 til bardaga \u00e1 me\u00f0al y\u00f0ar \u00ed m\u00f3ti Mad\u00edan\u00edtis so \u00feeir megi hefna Drottins \u00e1 Mad\u00edan\u00edtis. \u00datvelji\u00f0 \u00fe\u00fasund manna af hverri \u00e6ttkv\u00edsl og \u00fatsendi\u00f0 \u00fe\u00e1 af \u00f6llum \u00cdsraelis kynkv\u00edslum \u00ed bardaga.&#8220; Og \u00feeir \u00fatv\u00f6ldu af \u00fe\u00fasundum \u00cdsrael \u00fe\u00fasund af hv\u00f6rjum kyn\u00fe\u00e6tti, t\u00f3lf \u00fe\u00fasundir manna vopna\u00f0 li\u00f0. Og M\u00f3ses \u00fatsendi \u00fe\u00e1 \u00ed bardaga me\u00f0 P\u00edneas syni Eleasar prests og \u00feau heil\u00f6gu kl\u00e6\u00f0in og l\u00fa\u00f0rana til a\u00f0 bl\u00e1sa \u00ed. Og \u00feeir h\u00e9ldu <a href=\"https:\/\/biblian.is\/gudbrandsbiblia\/fjorda-mosebok-31-kafli\/\"> [&#8230;]<\/a><\/p>\n","protected":false},"author":1,"featured_media":0,"parent":0,"menu_order":0,"comment_status":"open","ping_status":"open","template":"bibliukaflar.php","meta":{"footnotes":""},"class_list":["post-2840","page","type-page","status-publish","hentry"],"_links":{"self":[{"href":"https:\/\/biblian.is\/gudbrandsbiblia\/wp-json\/wp\/v2\/pages\/2840","targetHints":{"allow":["GET"]}}],"collection":[{"href":"https:\/\/biblian.is\/gudbrandsbiblia\/wp-json\/wp\/v2\/pages"}],"about":[{"href":"https:\/\/biblian.is\/gudbrandsbiblia\/wp-json\/wp\/v2\/types\/page"}],"author":[{"embeddable":true,"href":"https:\/\/biblian.is\/gudbrandsbiblia\/wp-json\/wp\/v2\/users\/1"}],"replies":[{"embeddable":true,"href":"https:\/\/biblian.is\/gudbrandsbiblia\/wp-json\/wp\/v2\/comments?post=2840"}],"version-history":[{"count":0,"href":"https:\/\/biblian.is\/gudbrandsbiblia\/wp-json\/wp\/v2\/pages\/2840\/revisions"}],"wp:attachment":[{"href":"https:\/\/biblian.is\/gudbrandsbiblia\/wp-json\/wp\/v2\/media?parent=2840"}],"curies":[{"name":"wp","href":"https:\/\/api.w.org\/{rel}","templated":true}]}}