{"id":2839,"date":"2017-12-18T18:31:54","date_gmt":"2017-12-18T18:31:54","guid":{"rendered":"http:\/\/biblian.is\/gudbrandsbiblia\/fjorda-mosebok-30-kafli\/"},"modified":"2017-12-18T18:31:54","modified_gmt":"2017-12-18T18:31:54","slug":"fjorda-mosebok-30-kafli","status":"publish","type":"page","link":"https:\/\/biblian.is\/gudbrandsbiblia\/fjorda-mosebok-30-kafli\/","title":{"rendered":"Fj\u00f3r\u00f0a M\u00f3seb\u00f3k 30. kafli"},"content":{"rendered":"<p>Og M\u00f3ses tala\u00f0i vi\u00f0 h\u00f6f\u00f0ingjana yfir \u00e6ttkv\u00edslum \u00cdsraelissona og sag\u00f0i: &#8222;\u00deetta er \u00fea\u00f0 sem Drottinn hefur bo\u00f0i\u00f0: Ef nokkur ma\u00f0ur gj\u00f6rir eitt heit fyrir Drottni e\u00f0a sver einn ei\u00f0 a\u00f0 hann heitbindur s\u00edna s\u00e1l, hann skal ekki breg\u00f0a s\u00edn or\u00f0 heldur skal hann gj\u00f6ra allt so sem \u00fea\u00f0 framgekk af hans munni. <span class=\"athugasemd\" title=\"Um heit \/ Deut. 23\">[<\/span> <\/p>\n<p>\t\u00deegar ein kvenmanns pers\u00f3na gj\u00f6rir Drottni nokku\u00f0 heit og h\u00fan heitbindur sig \u00e1 me\u00f0an h\u00fan er \u00ed s\u00edns f\u00f6\u00f0urs h\u00fasi ein mey og hennar heit og lofan sem h\u00fan gj\u00f6rir upp\u00e1 s\u00edna s\u00e1l kemur fyrir hennar f\u00f6\u00f0ur og hann \u00feegir \u00fear vi\u00f0, \u00fe\u00e1 gildir \u00f6ll hennar lofan og so allt hennar heit sem h\u00fan hefur gj\u00f6rt upp\u00e1 s\u00edna s\u00e1l. En ef hennar fa\u00f0ir fyrirb\u00fd\u00f0ur henni \u00fea\u00f0 \u00e1 \u00feeim degi sem hann \u00fea\u00f0 heyrir \u00fe\u00e1 gildir hverki heiti\u00f0 n\u00e9 s\u00fa heitstrenging me\u00f0 hverri h\u00fan hefur heitbundi\u00f0 s\u00edna s\u00e1l. Og Drottinn mun vera henni n\u00e1\u00f0ugur fyrst a\u00f0 hennar fa\u00f0ir st\u00f3\u00f0 \u00fear \u00ed m\u00f3ti.<\/p>\n<p>\tEn eigi h\u00fan mann og h\u00fan hefur nokku\u00f0 heit \u00e1 s\u00e9r e\u00f0a falli af hennar v\u00f6rum nokkur heitlofun upp\u00e1 hennar s\u00e1l og hennar ma\u00f0ur heyrir \u00fea\u00f0 og \u00feegir um \u00fea\u00f0 \u00e1 \u00feeim sama degi \u00fe\u00e1 gildir hennar lofan og heitstrenging sem h\u00fan hefur bundi\u00f0 upp\u00e1 s\u00edna s\u00e1l. En standi hennar ma\u00f0ur \u00fear \u00ed m\u00f3t \u00feann sama dag sem hann heyrir \u00fea\u00f0 \u00fe\u00e1 er hennar heit laust sem h\u00fan hefur \u00e1 s\u00e9r og s\u00fa heitstrenging sem fram er gengin af hennar v\u00f6rum upp\u00e1 hennar s\u00e1l. Og Drottinn mun vera henni miskunnsamur. <\/p>\n<p>\tEn hverju ein ekkja heitir e\u00f0a s\u00fa fr\u00e1 manni er skilin og heitbindur s\u00edna s\u00e1l me\u00f0, \u00fea\u00f0 skal h\u00fan halda.<\/p>\n<p>\tN\u00e6r nokkurs manns vinnuhj\u00fa heita e\u00f0a lofa nokkru upp\u00e1 s\u00edna s\u00e1l me\u00f0 einum ei\u00f0i og h\u00fasb\u00f3ndinn heyrir \u00fea\u00f0 og \u00feegir yfir \u00fev\u00ed og stendur \u00fear ekki \u00ed m\u00f3t, \u00fe\u00e1 skal \u00fea\u00f0 allt heit haldast og \u00fea\u00f0 allt sem \u00feau hafa tr\u00falofa\u00f0 upp\u00e1 s\u00edna s\u00e1l. <span class=\"athugasemd\" title=\"Vinnuhj\u00faa heit\">[<\/span> En tali h\u00fasb\u00f3ndinn \u00fe\u00e1 \u00ed m\u00f3t \u00e1 sama degi sem hann \u00fea\u00f0 heyrir, \u00fe\u00e1 dugir \u00fea\u00f0 ekki sem fram er gengi\u00f0 af \u00feeirra v\u00f6rum sem \u00fev\u00ed lofu\u00f0u e\u00f0a heitbundu sig upp\u00e1 s\u00edna s\u00e1l \u00fev\u00ed h\u00fasb\u00f3ndinn hefur rofi\u00f0 \u00fea\u00f0. Og Drottinn skal vera \u00feeim n\u00e1\u00f0igur. Og \u00f6ll heit og alla ei\u00f0a sem bundnir eru l\u00edkamanum til \u00fej\u00e1ningar m\u00e1 h\u00fasb\u00f3ndinn sta\u00f0festa e\u00f0a rj\u00fafa \u00ed soddan m\u00e1ta: N\u00e6r hann \u00feegir \u00fear um til annars dags \u00fe\u00e1 sta\u00f0festir hann \u00f6ll \u00feeirra heit og tr\u00falofanir sem \u00feau hafa gj\u00f6rt, \u00fear fyrir a\u00f0 hann \u00feag\u00f0i \u00e1 \u00feeim degi \u00fe\u00e1 hann \u00fea\u00f0 heyr\u00f0i. En rj\u00fafi hann \u00fea\u00f0 \u00fear eftir sem hann hefur \u00fea\u00f0 heyrt \u00fe\u00e1 skal hann bera s\u00f6kina.&#8220;<\/p>\n<p>\t\u00deetta eru \u00fe\u00e6r skikkanir sem Drottinn bau\u00f0 M\u00f3se millum manns og kvinnu og millum f\u00f6\u00f0ur og d\u00f3ttur \u00e1 me\u00f0an \u00fea\u00f0 h\u00fan er enn jungfr\u00fa \u00ed s\u00edns f\u00f6\u00f0urs h\u00fasi.<\/p>\n","protected":false},"excerpt":{"rendered":"<p>Og M\u00f3ses tala\u00f0i vi\u00f0 h\u00f6f\u00f0ingjana yfir \u00e6ttkv\u00edslum \u00cdsraelissona og sag\u00f0i: &#8222;\u00deetta er \u00fea\u00f0 sem Drottinn hefur bo\u00f0i\u00f0: Ef nokkur ma\u00f0ur gj\u00f6rir eitt heit fyrir Drottni e\u00f0a sver einn ei\u00f0 a\u00f0 hann heitbindur s\u00edna s\u00e1l, hann skal ekki breg\u00f0a s\u00edn or\u00f0 heldur skal hann gj\u00f6ra allt so sem \u00fea\u00f0 framgekk af hans munni. [ \u00deegar ein kvenmanns pers\u00f3na gj\u00f6rir Drottni nokku\u00f0 heit og h\u00fan heitbindur sig \u00e1 me\u00f0an h\u00fan er \u00ed s\u00edns f\u00f6\u00f0urs h\u00fasi ein mey og hennar heit og lofan sem h\u00fan gj\u00f6rir upp\u00e1 s\u00edna s\u00e1l kemur fyrir hennar f\u00f6\u00f0ur og hann \u00feegir \u00fear vi\u00f0, \u00fe\u00e1 gildir \u00f6ll hennar lofan <a href=\"https:\/\/biblian.is\/gudbrandsbiblia\/fjorda-mosebok-30-kafli\/\"> [&#8230;]<\/a><\/p>\n","protected":false},"author":1,"featured_media":0,"parent":0,"menu_order":0,"comment_status":"open","ping_status":"open","template":"bibliukaflar.php","meta":{"footnotes":""},"class_list":["post-2839","page","type-page","status-publish","hentry"],"_links":{"self":[{"href":"https:\/\/biblian.is\/gudbrandsbiblia\/wp-json\/wp\/v2\/pages\/2839","targetHints":{"allow":["GET"]}}],"collection":[{"href":"https:\/\/biblian.is\/gudbrandsbiblia\/wp-json\/wp\/v2\/pages"}],"about":[{"href":"https:\/\/biblian.is\/gudbrandsbiblia\/wp-json\/wp\/v2\/types\/page"}],"author":[{"embeddable":true,"href":"https:\/\/biblian.is\/gudbrandsbiblia\/wp-json\/wp\/v2\/users\/1"}],"replies":[{"embeddable":true,"href":"https:\/\/biblian.is\/gudbrandsbiblia\/wp-json\/wp\/v2\/comments?post=2839"}],"version-history":[{"count":0,"href":"https:\/\/biblian.is\/gudbrandsbiblia\/wp-json\/wp\/v2\/pages\/2839\/revisions"}],"wp:attachment":[{"href":"https:\/\/biblian.is\/gudbrandsbiblia\/wp-json\/wp\/v2\/media?parent=2839"}],"curies":[{"name":"wp","href":"https:\/\/api.w.org\/{rel}","templated":true}]}}