{"id":2838,"date":"2017-12-18T18:31:54","date_gmt":"2017-12-18T18:31:54","guid":{"rendered":"http:\/\/biblian.is\/gudbrandsbiblia\/fjorda-mosebok-29-kafli\/"},"modified":"2017-12-18T18:31:54","modified_gmt":"2017-12-18T18:31:54","slug":"fjorda-mosebok-29-kafli","status":"publish","type":"page","link":"https:\/\/biblian.is\/gudbrandsbiblia\/fjorda-mosebok-29-kafli\/","title":{"rendered":"Fj\u00f3r\u00f0a M\u00f3seb\u00f3k 29. kafli"},"content":{"rendered":"<p>Og s\u00e1 fyrsti dagur \u00ed \u00feeim sj\u00f6unda m\u00e1nu\u00f0i skal kallast heilagur hj\u00e1 y\u00f0ur so \u00fe\u00e9r skulu\u00f0 koma til samans. <span class=\"athugasemd\" title=\"Levit. 23 \/ 1. okt\u00f3b.\">[<\/span> \u00d6ngvan erfi\u00f0isgj\u00f6rning skulu \u00fe\u00e9r gj\u00f6ra \u00e1 honum. \u00dea\u00f0 er y\u00f0ar l\u00fa\u00f0rah\u00e1t\u00ed\u00f0. <span class=\"athugasemd\" title=\"Trametanna h\u00e1t\u00ed\u00f0\">[<\/span> Og \u00fe\u00e9r skulu\u00f0 f\u00e6ra brennif\u00f3rnir Drottni til eins s\u00e6ts ilms: Einn ungan uxa, einn hr\u00fat, sj\u00f6 vetrarg\u00f6mul l\u00f6mb \u00e1n l\u00fdta, \u00fear til \u00feeirra matoffur: \u00ferj\u00e1 t\u00edundaparta hveitimj\u00f6lssarla menga\u00f0 me\u00f0 oleo til uxans, tvo t\u00edundaparta til hr\u00fatsins og einn t\u00edundapart til hvers lambs af \u00feeim sj\u00f6 l\u00f6mbum, og einn kjarnhafur til syndaoffurs til einnar forl\u00edkunar fyrir y\u00f0ur, fyrir utan m\u00e1na\u00f0arins brennioffur og matoffur me\u00f0 \u00feeirra drykkjaroffri eftir \u00feeirra skikkan, til eins s\u00e6ts ilms. \u00dea\u00f0 er Drottni eitt offur.<\/p>\n<p>\tS\u00e1 t\u00edundi dagur \u00ed \u00feeim sj\u00f6unda m\u00e1nu\u00f0i skal og helgur kallast hj\u00e1 y\u00f0ur a\u00f0 \u00fe\u00e9r skulu\u00f0 koma til samans. Og \u00fe\u00e9r skulu\u00f0 \u00fej\u00e1 y\u00f0ar l\u00edkami og ekkert erfi\u00f0i \u00fe\u00e1 fremja. En \u00fe\u00e9r skulu\u00f0 offra Drottni brennif\u00f3rn til eins s\u00e6ts ilms: Eitt ungt naut, einn hr\u00fat, sj\u00f6 l\u00f6mb \u00e1rsg\u00f6mul \u00e1n l\u00fdta, og \u00feeirra matoffur: \u00ferj\u00e1 t\u00edundaparta hveitimj\u00f6lssarla menga\u00f0 me\u00f0 oleo til nautsins, tvo t\u00edundaparta til hr\u00fatsins og svo einn t\u00edundapart til hvers af \u00feeim sj\u00f6 l\u00f6mbum, \u00fear til einn hafur til syndaoffurs, fyrir utan forl\u00edkunar syndaoffur, og \u00fea\u00f0 daglega brennioffur me\u00f0 s\u00ednu matoffri og me\u00f0 \u00feeirra drykkkjaroffri.<\/p>\n<p>\tS\u00e1 fimmt\u00e1ndi dagur \u00ed \u00feeim sj\u00f6unda m\u00e1nu\u00f0i skal kallast helgur hj\u00e1 y\u00f0ur a\u00f0 \u00fe\u00e9r skulu\u00f0 koma til samans. <span class=\"athugasemd\" title=\"Levit. 16.13\">[<\/span> \u00de\u00e9r skulu\u00f0 ekkert erfi\u00f0i fremja \u00e1 \u00feann dag og \u00fe\u00e9r skulu\u00f0 halda h\u00e1t\u00ed\u00f0 Drottins \u00ed sj\u00f6 daga <span class=\"athugasemd\" title=\"H\u00e1t\u00ed\u00f0ir hins sj\u00f6unda m\u00e1na\u00f0ar\">[<\/span> og skulu\u00f0 offra Drottni brennioffri til s\u00e6tleiks offurs fyrir Drottni: \u00derett\u00e1n unga uxa, tvo hr\u00fata, fj\u00f3rt\u00e1n l\u00f6mb \u00e1rsg\u00f6mul \u00e1n l\u00fdta, og \u00feeirra matoffur: \u00ferj\u00e1 t\u00edundaparta hveitimj\u00f6lssarla menga\u00f0 me\u00f0 oleo til hvers uxa af \u00feeim \u00ferett\u00e1n og tvo t\u00edundaparta til hvers hr\u00fats af \u00feeim tveimur og einn t\u00edundapart hveitimj\u00f6lssarla til hvers lambs af \u00feeim fj\u00f3rt\u00e1n, \u00fear til einn kjarnhafur til eins syndaoffurs, a\u00f0 auk \u00feess daglega brennioffurs me\u00f0 s\u00ednu matoffri og me\u00f0 \u00feeirra drykkjaroffri.<\/p>\n<p>\tAnnan daginn t\u00f3lf unga uxa, tvo hr\u00fata, fj\u00f3rt\u00e1n l\u00f6mb \u00e1rsg\u00f6mul \u00e1n l\u00fdta, me\u00f0 \u00feeirra matoffri og drykkjaroffri til uxanna, til hr\u00fatanna og til lambanna, \u00ed \u00feeirra t\u00f6lu, eftir setninginum, \u00fear til einn kjarnhafur til syndaoffurs, a\u00f0 auk \u00feess daglega brennioffurs me\u00f0 s\u00ednu matoffri og me\u00f0 \u00feeirra drykkjaroffri.<\/p>\n<p>\t\u00c1 \u00feeim \u00feri\u00f0ja degi ellefu uxa, tvo hr\u00fata, fj\u00f3rt\u00e1n l\u00f6mb \u00e1rsg\u00f6mul fyrir utan l\u00fdti, me\u00f0 \u00feeirra mataroffri og drykkjaroffri til uxanna, til hr\u00fatanna og til lambanna, \u00ed sinni t\u00f6lu, eftir si\u00f0venju, \u00fear til einn hafur til syndaoffurs, a\u00f0 auk \u00feess daglega brennioffurs me\u00f0 s\u00ednu matoffri og drykkjaroffri.<\/p>\n<p>\t\u00c1 fj\u00f3r\u00f0a degi t\u00edu uxa, tvo hr\u00fata, fj\u00f3rt\u00e1n l\u00f6mb \u00e1rsg\u00f6mul \u00e1n l\u00fdta, me\u00f0 \u00feeirra matoffri og drykkjaroffri til uxanna og hr\u00fatanna og til lambanna, \u00ed \u00feeirra t\u00f6lu, eftir vana, \u00fear til einn hafur til syndaoffurs, fyrir utan \u00fea\u00f0 daglega brennioffur me\u00f0 s\u00ednu matoffri og drykkjaroffri.<\/p>\n<p>\t\u00c1 fimmta degi n\u00edu uxa, tvo hr\u00fata, fj\u00f3rt\u00e1n l\u00f6mb \u00e1rsg\u00f6mul \u00e1n l\u00fdta, me\u00f0 \u00feeirra mataroffri og drykkjaroffri til uxanna, til hr\u00fatanna og til lambanna, \u00ed \u00feeirra t\u00f6lu, eftir si\u00f0venju, \u00fear til einn hafur til syndaoffurs, fyrir utan \u00fea\u00f0 daglega brennioffur me\u00f0 s\u00ednu matoffri og drykkjaroffri.<\/p>\n<p>\t\u00c1 sj\u00f6tta degi \u00e1tta uxa, tvo hr\u00fata, fj\u00f3rt\u00e1n l\u00f6mb \u00e1rsg\u00f6mul \u00e1n l\u00fdta, me\u00f0 \u00feeirra matoffri og drykkjaroffri til uxanna, hr\u00fatanna og til lambanna, \u00ed \u00feeirra t\u00f6lu, eftir si\u00f0venju, \u00fear til einn hafur til syndaoffurs, a\u00f0 auk \u00feeirrar daglegrar brennif\u00f3rnar me\u00f0 s\u00ednu matoffri og drykkjaroffri.<\/p>\n<p>\t\u00c1 sj\u00f6unda degi sj\u00f6 uxa, tvo hr\u00fata, fj\u00f3rt\u00e1n \u00e1rsg\u00f6mul l\u00f6mb \u00e1n l\u00fdta, me\u00f0 \u00feeirra matoffri og drykkjaroffri til uxanna, til hr\u00fatanna og til lambanna, \u00ed \u00feeirra t\u00f6lu, eftir si\u00f0venju, \u00fear til einn kjarnhafur til syndaoffurs, fyrir utan \u00fe\u00e1 daglega brennif\u00f3rn me\u00f0 s\u00ednu matoffri og drykkjaroffri.<\/p>\n<p>\t\u00c1 \u00e1ttunda degi skal vera samkoma. \u00de\u00e9r skulu\u00f0 \u00f6ngva vinnu \u00fe\u00e1 fremja. Og \u00fe\u00e9r skulu\u00f0 offra brennif\u00f3rnir til eins s\u00e6ts ilms fyrir Drottni: Einn uxa, einn hr\u00fat, sj\u00f6 l\u00f6mb \u00e1rsg\u00f6mul \u00e1n l\u00fdta, me\u00f0 \u00feeirra matoffri og drykkjaroffri til uxanna, hr\u00fatanna og til lambanna, \u00ed \u00feeirra t\u00f6lu, eftir si\u00f0vana, \u00fear til einn kjarnhafur til syndaoffurs, fyrir utan \u00fe\u00e1 daglega brennif\u00f3rn me\u00f0 s\u00ednu matoffri og drykkjaroffri.<\/p>\n<p>\tSl\u00edkt skulu \u00fe\u00e9r gj\u00f6ra Drottni \u00e1 y\u00f0rum h\u00e1t\u00ed\u00f0um, fyrir utan \u00fea\u00f0 sem \u00fe\u00e9r hafi\u00f0 lofa\u00f0 og af frj\u00e1lsum vilja gefi\u00f0 til brennioffurs, matoffurs, drykkjaroffurs og \u00feakkaroffurs.&#8220; Og M\u00f3ses sag\u00f0i \u00cdsraelssonum allt \u00feetta sem Drottinn haf\u00f0i bo\u00f0i\u00f0 honum.<\/p>\n","protected":false},"excerpt":{"rendered":"<p>Og s\u00e1 fyrsti dagur \u00ed \u00feeim sj\u00f6unda m\u00e1nu\u00f0i skal kallast heilagur hj\u00e1 y\u00f0ur so \u00fe\u00e9r skulu\u00f0 koma til samans. [ \u00d6ngvan erfi\u00f0isgj\u00f6rning skulu \u00fe\u00e9r gj\u00f6ra \u00e1 honum. \u00dea\u00f0 er y\u00f0ar l\u00fa\u00f0rah\u00e1t\u00ed\u00f0. [ Og \u00fe\u00e9r skulu\u00f0 f\u00e6ra brennif\u00f3rnir Drottni til eins s\u00e6ts ilms: Einn ungan uxa, einn hr\u00fat, sj\u00f6 vetrarg\u00f6mul l\u00f6mb \u00e1n l\u00fdta, \u00fear til \u00feeirra matoffur: \u00ferj\u00e1 t\u00edundaparta hveitimj\u00f6lssarla menga\u00f0 me\u00f0 oleo til uxans, tvo t\u00edundaparta til hr\u00fatsins og einn t\u00edundapart til hvers lambs af \u00feeim sj\u00f6 l\u00f6mbum, og einn kjarnhafur til syndaoffurs til einnar forl\u00edkunar fyrir y\u00f0ur, fyrir utan m\u00e1na\u00f0arins brennioffur og matoffur me\u00f0 \u00feeirra drykkjaroffri eftir \u00feeirra skikkan, <a href=\"https:\/\/biblian.is\/gudbrandsbiblia\/fjorda-mosebok-29-kafli\/\"> [&#8230;]<\/a><\/p>\n","protected":false},"author":1,"featured_media":0,"parent":0,"menu_order":0,"comment_status":"open","ping_status":"open","template":"bibliukaflar.php","meta":{"footnotes":""},"class_list":["post-2838","page","type-page","status-publish","hentry"],"_links":{"self":[{"href":"https:\/\/biblian.is\/gudbrandsbiblia\/wp-json\/wp\/v2\/pages\/2838","targetHints":{"allow":["GET"]}}],"collection":[{"href":"https:\/\/biblian.is\/gudbrandsbiblia\/wp-json\/wp\/v2\/pages"}],"about":[{"href":"https:\/\/biblian.is\/gudbrandsbiblia\/wp-json\/wp\/v2\/types\/page"}],"author":[{"embeddable":true,"href":"https:\/\/biblian.is\/gudbrandsbiblia\/wp-json\/wp\/v2\/users\/1"}],"replies":[{"embeddable":true,"href":"https:\/\/biblian.is\/gudbrandsbiblia\/wp-json\/wp\/v2\/comments?post=2838"}],"version-history":[{"count":0,"href":"https:\/\/biblian.is\/gudbrandsbiblia\/wp-json\/wp\/v2\/pages\/2838\/revisions"}],"wp:attachment":[{"href":"https:\/\/biblian.is\/gudbrandsbiblia\/wp-json\/wp\/v2\/media?parent=2838"}],"curies":[{"name":"wp","href":"https:\/\/api.w.org\/{rel}","templated":true}]}}