{"id":2837,"date":"2017-12-18T18:31:54","date_gmt":"2017-12-18T18:31:54","guid":{"rendered":"http:\/\/biblian.is\/gudbrandsbiblia\/fjorda-mosebok-28-kafli\/"},"modified":"2017-12-18T18:31:54","modified_gmt":"2017-12-18T18:31:54","slug":"fjorda-mosebok-28-kafli","status":"publish","type":"page","link":"https:\/\/biblian.is\/gudbrandsbiblia\/fjorda-mosebok-28-kafli\/","title":{"rendered":"Fj\u00f3r\u00f0a M\u00f3seb\u00f3k 28. kafli"},"content":{"rendered":"<p>Og Drottinn tala\u00f0i vi\u00f0 M\u00f3sen og sag\u00f0i: &#8222;Bj\u00f3\u00f0 \u00fe\u00fa \u00cdsraelssonum og seg \u00fe\u00fa til \u00feeirra: F\u00f3rnf\u00e6ring m\u00edns brau\u00f0s, sem er eitt offur til eins s\u00e6ts ilms, skulu \u00fe\u00e9r halda \u00e1 s\u00ednum t\u00edma a\u00f0 \u00fe\u00e9r offri\u00f0 m\u00e9r \u00fev\u00ed. Og seg til \u00feeirra: \u00deetta eru \u00fe\u00e6r f\u00f3rnir sem \u00fe\u00e9r skulu\u00f0 offra Drottni: \u00c1rsgamalt lamb sem er \u00e1n l\u00fdta, hvern dag tv\u00f6 til eins daglegs brennioffurs, anna\u00f0 a\u00f0 morni og anna\u00f0 a\u00f0 kveldi. \u00dear til t\u00edunda part af efa hveitimj\u00f6lssarla til eins matoffurs menga\u00f0 me\u00f0 oleo \u00fea\u00f0 sem er skeki\u00f0, einn t\u00edundapart af h\u00edn. \u00dea\u00f0 er eitt daglegt brennioffur \u00fea\u00f0 sem \u00fe\u00e9r f\u00f3rnf\u00e6r\u00f0u\u00f0 \u00e1 S\u00edna\u00edfjalli, til eins s\u00e6ts ilms, einn eldur fyrir Drottni. \u00dear til drykkoffur, j\u00e1, til eins lambs fj\u00f3r\u00f0apart af h\u00edn. Mann skal offra v\u00edni til drykkjaroffurs fyrir Drottni. \u00dea\u00f0 anna\u00f0 lambi\u00f0 skaltu f\u00e6ra \u00ed m\u00f3t aftni l\u00edka sem matoffur um morguninn og \u00feess drykkjaroffur til offurs s\u00e6tleiks ilms fyrir Drottni.<\/p>\n<p>\tEn \u00e1 sabbatsdegi tv\u00f6 l\u00f6mb \u00e1rsg\u00f6mul \u00e1n l\u00fdta og tvo t\u00edundaparta hveitisarlamj\u00f6ls blanda\u00f0 me\u00f0 oleo til eins matoffurs og drykkjaroffur \u00fear til. <span class=\"athugasemd\" title=\"Sabbatsdagaf\u00f3rnir\">[<\/span> \u00dea\u00f0 er s\u00e9rhvers sabbatsdags brennioffur, fyrir utan \u00fea\u00f0 daglega brennioffur me\u00f0 s\u00ednu drykkjaroffri.<\/p>\n<p>\tEn \u00feann fyrsta dag \u00ed \u00f6\u00f0rum m\u00e1nu\u00f0u = m\u00e1nu\u00f0inum\/m\u00e1nu\u00f0um??? Skulu \u00fe\u00e9r f\u00f3rnf\u00e6ra Drottni eitt brennioffur: Tvo unga uxa, einn hr\u00fat, sj\u00f6 l\u00f6mb \u00e1rsg\u00f6mul \u00e1n l\u00fdta, og so \u00ferj\u00e1 t\u00edundaparta hveitimj\u00f6lssarla til matoffurs blanda\u00f0 me\u00f0 oleo til hvers uxa og tvo t\u00edundaparta hveitimj\u00f6lssarla til matoffurs menga\u00f0 me\u00f0 oleo til hvers hr\u00fats og tvo t\u00edundaparta hveitimj\u00f6lssarla til matoffurs blanda\u00f0 me\u00f0 oleo til hvers lambs. <span class=\"athugasemd\" title=\"N\u00fdrra m\u00e1na\u00f0a f\u00f3rnir\">[<\/span> \u00dea\u00f0 er brennioffur s\u00e6tlegs ilms fyrir Drottni. Og \u00feeirra drykkjaroffur skal vera ein h\u00e1lf h\u00edn v\u00edns til uxans og inn \u00feri\u00f0ji part af h\u00edn til hr\u00fatsins og inn fj\u00f3r\u00f0i partur h\u00edn til lambsins. \u00dea\u00f0 er brennioffri\u00f0 \u00e1 s\u00e9rhverjum m\u00e1nu\u00f0i um \u00e1ri\u00f0. H\u00e9r me\u00f0 skal mann f\u00e6ra Drottni einn kjarnhafur til syndaoffurs auk \u00feess daglega brennioffurs me\u00f0 s\u00ednu drykkjaroffri.<\/p>\n<p>\tEn \u00e1 \u00feeim fj\u00f3rt\u00e1nda degi hins fyrsta m\u00e1na\u00f0ar eru p\u00e1skar Drottins og \u00e1 fimmt\u00e1nda degi \u00e1 \u00feeim sama m\u00e1na\u00f0i er h\u00e1t\u00ed\u00f0. <span class=\"athugasemd\" title=\"P\u00e1skar \/ Exod. 12 \/ Levit. 23 \/ Deut. 16\">[<\/span> Menn skulu eta \u00f3s\u00fdrt brau\u00f0 \u00ed sj\u00f6 daga. S\u00e1 fyrsti dagur skal kallast heilagur a\u00f0 \u00fe\u00e9r skulu\u00f0 koma til samans. \u00de\u00e9r skulu\u00f0 ekkert erfi\u00f0i fremja \u00ed \u00feessa daga. Og \u00fe\u00e9r skulu\u00f0 offra Drottni brennioffri: Tvo unga uxa, einn hr\u00fat, sj\u00f6 l\u00f6mb \u00e1rsg\u00f6mul vankalaus, me\u00f0 \u00feeirra matoffri, sem er \u00fer\u00edr t\u00edundapartar hveitimj\u00f6lssarla blanda\u00f0 me\u00f0 oleo til s\u00e9rhvers uxa og tvo t\u00edundaparta til hr\u00fatsins og so einn t\u00edundapart til hv\u00f6rs lambs af \u00feeim sj\u00f6, so og einn kjarnhafur til syndaoffurs og forl\u00edkunar fyrir y\u00f0ur. \u00deetta skulu \u00fe\u00e9r gj\u00f6ra \u00e1 morna a\u00f0 auk \u00feess brennioffurs sem er eitt daglegt brennioffur. Eftir \u00feessum h\u00e6tti skulu \u00fe\u00e9r hvern dag \u00fe\u00e1 sj\u00f6 daga \u00ed samt offra brau\u00f0i til eins offurs s\u00e6ts ilms fyrir Drottni fyrir utan \u00fea\u00f0 daglega brennioffur og drykkjaroffur. Og s\u00e1 sj\u00f6undi dagur skal kallast heilagur hj\u00e1 y\u00f0ur a\u00f0 \u00fe\u00e9r komi\u00f0 til samans. \u00de\u00e9r skulu\u00f0 \u00f6ngva vinnu vinna \u00e1 \u00feeim degi.<\/p>\n<p>\tOg s\u00e1 dagur fyrsta \u00e1vaxtar \u00fe\u00e1 \u00fe\u00e9r offri\u00f0 Drottni \u00fea\u00f0 n\u00fdja matoffur \u00fe\u00e1 y\u00f0ar vikur eru \u00fati hann skal kallast heilagur, so \u00fe\u00e9r skulu\u00f0 koma til samans. <span class=\"athugasemd\" title=\"Fyrstu \u00e1vaxta h\u00e1t\u00ed\u00f0\">[<\/span> \u00de\u00e9r skulu\u00f0 ekkert erfi\u00f0i fremja \u00e1 \u00feeim degi. Og \u00fe\u00e9r skulu\u00f0 f\u00f3rnf\u00e6ra Drottni brennioffur til eins s\u00e6ts ilms: Tv\u00f6 ungneyti, einn hr\u00fat, sj\u00f6 l\u00f6mb \u00e1rsg\u00f6mul og \u00fear til \u00feeirra matoffri \u00ferj\u00e1r t\u00edundir hveitimj\u00f6lssarla menga\u00f0 me\u00f0 oleo til hvers nauts, tveimur t\u00edundum til hr\u00fatsins og svo einni t\u00edund til hvers lambs af \u00feeim sj\u00f6 l\u00f6mbum, og einn kjarnhafur til einnrar forl\u00edkunar fyrir y\u00f0ur. \u00deetta skulu \u00fe\u00e9r gj\u00f6ra auk \u00feess daglega brennioffurs me\u00f0 s\u00ednu matoffri. \u00deetta skal vera \u00e1n l\u00fdta \u00fear me\u00f0 \u00feeirra drykkjaroffur.<\/p>\n","protected":false},"excerpt":{"rendered":"<p>Og Drottinn tala\u00f0i vi\u00f0 M\u00f3sen og sag\u00f0i: &#8222;Bj\u00f3\u00f0 \u00fe\u00fa \u00cdsraelssonum og seg \u00fe\u00fa til \u00feeirra: F\u00f3rnf\u00e6ring m\u00edns brau\u00f0s, sem er eitt offur til eins s\u00e6ts ilms, skulu \u00fe\u00e9r halda \u00e1 s\u00ednum t\u00edma a\u00f0 \u00fe\u00e9r offri\u00f0 m\u00e9r \u00fev\u00ed. Og seg til \u00feeirra: \u00deetta eru \u00fe\u00e6r f\u00f3rnir sem \u00fe\u00e9r skulu\u00f0 offra Drottni: \u00c1rsgamalt lamb sem er \u00e1n l\u00fdta, hvern dag tv\u00f6 til eins daglegs brennioffurs, anna\u00f0 a\u00f0 morni og anna\u00f0 a\u00f0 kveldi. \u00dear til t\u00edunda part af efa hveitimj\u00f6lssarla til eins matoffurs menga\u00f0 me\u00f0 oleo \u00fea\u00f0 sem er skeki\u00f0, einn t\u00edundapart af h\u00edn. \u00dea\u00f0 er eitt daglegt brennioffur \u00fea\u00f0 sem \u00fe\u00e9r f\u00f3rnf\u00e6r\u00f0u\u00f0 <a href=\"https:\/\/biblian.is\/gudbrandsbiblia\/fjorda-mosebok-28-kafli\/\"> [&#8230;]<\/a><\/p>\n","protected":false},"author":1,"featured_media":0,"parent":0,"menu_order":0,"comment_status":"open","ping_status":"open","template":"bibliukaflar.php","meta":{"footnotes":""},"class_list":["post-2837","page","type-page","status-publish","hentry"],"_links":{"self":[{"href":"https:\/\/biblian.is\/gudbrandsbiblia\/wp-json\/wp\/v2\/pages\/2837","targetHints":{"allow":["GET"]}}],"collection":[{"href":"https:\/\/biblian.is\/gudbrandsbiblia\/wp-json\/wp\/v2\/pages"}],"about":[{"href":"https:\/\/biblian.is\/gudbrandsbiblia\/wp-json\/wp\/v2\/types\/page"}],"author":[{"embeddable":true,"href":"https:\/\/biblian.is\/gudbrandsbiblia\/wp-json\/wp\/v2\/users\/1"}],"replies":[{"embeddable":true,"href":"https:\/\/biblian.is\/gudbrandsbiblia\/wp-json\/wp\/v2\/comments?post=2837"}],"version-history":[{"count":0,"href":"https:\/\/biblian.is\/gudbrandsbiblia\/wp-json\/wp\/v2\/pages\/2837\/revisions"}],"wp:attachment":[{"href":"https:\/\/biblian.is\/gudbrandsbiblia\/wp-json\/wp\/v2\/media?parent=2837"}],"curies":[{"name":"wp","href":"https:\/\/api.w.org\/{rel}","templated":true}]}}