{"id":2834,"date":"2017-12-18T18:31:54","date_gmt":"2017-12-18T18:31:54","guid":{"rendered":"http:\/\/biblian.is\/gudbrandsbiblia\/fjorda-mosebok-25-kafli\/"},"modified":"2017-12-18T18:31:54","modified_gmt":"2017-12-18T18:31:54","slug":"fjorda-mosebok-25-kafli","status":"publish","type":"page","link":"https:\/\/biblian.is\/gudbrandsbiblia\/fjorda-mosebok-25-kafli\/","title":{"rendered":"Fj\u00f3r\u00f0a M\u00f3seb\u00f3k 25. kafli"},"content":{"rendered":"<p>Og \u00cdsrael bj\u00f3 \u00ed Sit\u00edm og f\u00f3lki\u00f0 t\u00f3k til a\u00f0 fremja h\u00f3ranir me\u00f0 d\u00e6trum \u00feeirra M\u00f3ab\u00edtis, hverjar a\u00f0 bu\u00f0u f\u00f3lkinu til offurs sinna skurgo\u00f0a. <span class=\"athugasemd\" title=\"Baal Pe\u00f3r\">[<\/span> Og f\u00f3lki\u00f0 \u00e1t og tilba\u00f0 \u00feeirra skurgo\u00f0 og \u00cdsrael samtengdist Baal Pe\u00f3r. \u00dev\u00ed gramdist rei\u00f0i Drottins yfir \u00cdsrael og hann sag\u00f0i til M\u00f3sen: &#8222;Taktu alla h\u00f6f\u00f0ingja f\u00f3lksins og heng \u00fe\u00e1 upp \u00ed m\u00f3ti s\u00f3lunni fyrir Drottni so a\u00f0 grimmdarrei\u00f0i Drottins sn\u00faist fr\u00e1 f\u00f3lkinu.&#8220; Og M\u00f3ses sag\u00f0i til \u00cdsraels d\u00f3menda: &#8222;Hver drepi s\u00edna menn \u00fe\u00e1 sem samtengst hafa Baal Pe\u00f3r.&#8220;<\/p>\n<p>\tOg sj\u00e1, einn ma\u00f0ur af \u00cdsraelssonum kom og leiddi eina mad\u00edaneska kvinnu til sinna br\u00e6\u00f0ra a\u00f0 \u00e1sj\u00e1anda M\u00f3se og \u00f6llum alm\u00faganum \u00cdsraelissona \u00feeir e\u00f0 gr\u00e9tu fyrir vitnisbur\u00f0arins tjaldb\u00fa\u00f0ardyrum. En sem P\u00edneas son Eleasar sonar Arons prests s\u00e1 \u00fea\u00f0 st\u00f3\u00f0 hann upp fr\u00e1 alm\u00faganum og t\u00f3k eitt spj\u00f3t \u00ed h\u00f6nd s\u00e9r og gekk inn \u00ed h\u00f3ruh\u00fasi\u00f0 eftir \u00feeim \u00cdsraelismanni og lag\u00f0i \u00feau b\u00e6\u00f0i \u00ed gegnum l\u00edfi\u00f0, \u00feann \u00cdsraelismann og so kvinnuna. <span class=\"athugasemd\" title=\"P\u00edneas \/ Psal. 106 \/ 1 Kor. 10\">[<\/span> \u00de\u00e1 stilltist s\u00fa pl\u00e1ga strax sem komin var yfir \u00cdsraelssonu. Og \u00fear f\u00e9llu \u00ed \u00feeirri pl\u00e1gu fj\u00f3rar og tuttugu \u00fe\u00fasundir manna.<\/p>\n<p>\tOg Drottinn tala\u00f0i vi\u00f0 M\u00f3sen og sag\u00f0i: &#8222;P\u00edneas son Eleasar sonar Arons prests hann hefur sn\u00fai\u00f0 minni rei\u00f0i fr\u00e1 \u00cdsraelssonum fyrir sitt vandl\u00e6ti minna vegna, svo \u00e9g ekki \u00ed minni vandl\u00e6tingu ey\u00f0ileggi \u00cdsraelssonu. <span class=\"athugasemd\" title=\"1 Mak. 2 \/ S\u00fdrak 45\">[<\/span> \u00dear fyrir seg\u00f0u: Sj\u00e1, \u00e9g gef honum s\u00e1ttm\u00e1la m\u00edns fri\u00f0ar og hann og hans s\u00e6\u00f0i eftir hann skulu hafa \u00feann s\u00e1ttm\u00e1la til eins eil\u00edfs kennimannskapar s\u00f6kum \u00feess a\u00f0 hann vandl\u00e6tti vegna s\u00edns Gu\u00f0s og forl\u00edkti \u00cdsraelssonu.&#8220;<\/p>\n<p>\tEn s\u00e1 \u00cdsrael\u00edta sem var sleginn me\u00f0 \u00feeirri mad\u00edaneskri kvinnu h\u00e9t Simr\u00ed son Sal\u00fa, einn h\u00f6f\u00f0ingi yfir S\u00edmeon f\u00f6\u00f0urs h\u00fasi. En s\u00fa mad\u00edaneska kvinna sem og slegin var h\u00e9t Kasb\u00ed d\u00f3ttir S\u00far, sem var h\u00f6f\u00f0ingi einnar kynkv\u00edslar \u00feeirrar Mad\u00edan\u00edtarum.<\/p>\n<p>\tOg Drottinn tala\u00f0i vi\u00f0 M\u00f3sen og sag\u00f0i: &#8222;Gj\u00f6ri\u00f0 ska\u00f0a \u00feeim Mad\u00edan\u00edtis og sl\u00e1i\u00f0 \u00fe\u00e1 \u00fev\u00ed \u00feeir hafa gj\u00f6rt y\u00f0ur ska\u00f0a me\u00f0 s\u00ednum svikum sem \u00feeir veittu y\u00f0ur fyrir Pe\u00f3r og \u00feeirra systir Kasb\u00ed, \u00feess Mad\u00edan\u00edtis h\u00f6f\u00f0ingja d\u00f3ttir sem slegin var \u00e1 pl\u00e1gunnar degi fyrir Pe\u00f3r skuld og pl\u00e1gan kom \u00fear eftir.&#8220;<\/p>\n","protected":false},"excerpt":{"rendered":"<p>Og \u00cdsrael bj\u00f3 \u00ed Sit\u00edm og f\u00f3lki\u00f0 t\u00f3k til a\u00f0 fremja h\u00f3ranir me\u00f0 d\u00e6trum \u00feeirra M\u00f3ab\u00edtis, hverjar a\u00f0 bu\u00f0u f\u00f3lkinu til offurs sinna skurgo\u00f0a. [ Og f\u00f3lki\u00f0 \u00e1t og tilba\u00f0 \u00feeirra skurgo\u00f0 og \u00cdsrael samtengdist Baal Pe\u00f3r. \u00dev\u00ed gramdist rei\u00f0i Drottins yfir \u00cdsrael og hann sag\u00f0i til M\u00f3sen: &#8222;Taktu alla h\u00f6f\u00f0ingja f\u00f3lksins og heng \u00fe\u00e1 upp \u00ed m\u00f3ti s\u00f3lunni fyrir Drottni so a\u00f0 grimmdarrei\u00f0i Drottins sn\u00faist fr\u00e1 f\u00f3lkinu.&#8220; Og M\u00f3ses sag\u00f0i til \u00cdsraels d\u00f3menda: &#8222;Hver drepi s\u00edna menn \u00fe\u00e1 sem samtengst hafa Baal Pe\u00f3r.&#8220; Og sj\u00e1, einn ma\u00f0ur af \u00cdsraelssonum kom og leiddi eina mad\u00edaneska kvinnu til sinna br\u00e6\u00f0ra a\u00f0 <a href=\"https:\/\/biblian.is\/gudbrandsbiblia\/fjorda-mosebok-25-kafli\/\"> [&#8230;]<\/a><\/p>\n","protected":false},"author":1,"featured_media":0,"parent":0,"menu_order":0,"comment_status":"open","ping_status":"open","template":"bibliukaflar.php","meta":{"footnotes":""},"class_list":["post-2834","page","type-page","status-publish","hentry"],"_links":{"self":[{"href":"https:\/\/biblian.is\/gudbrandsbiblia\/wp-json\/wp\/v2\/pages\/2834","targetHints":{"allow":["GET"]}}],"collection":[{"href":"https:\/\/biblian.is\/gudbrandsbiblia\/wp-json\/wp\/v2\/pages"}],"about":[{"href":"https:\/\/biblian.is\/gudbrandsbiblia\/wp-json\/wp\/v2\/types\/page"}],"author":[{"embeddable":true,"href":"https:\/\/biblian.is\/gudbrandsbiblia\/wp-json\/wp\/v2\/users\/1"}],"replies":[{"embeddable":true,"href":"https:\/\/biblian.is\/gudbrandsbiblia\/wp-json\/wp\/v2\/comments?post=2834"}],"version-history":[{"count":0,"href":"https:\/\/biblian.is\/gudbrandsbiblia\/wp-json\/wp\/v2\/pages\/2834\/revisions"}],"wp:attachment":[{"href":"https:\/\/biblian.is\/gudbrandsbiblia\/wp-json\/wp\/v2\/media?parent=2834"}],"curies":[{"name":"wp","href":"https:\/\/api.w.org\/{rel}","templated":true}]}}