{"id":2830,"date":"2017-12-18T18:31:50","date_gmt":"2017-12-18T18:31:50","guid":{"rendered":"http:\/\/biblian.is\/gudbrandsbiblia\/fjorda-mosebok-21-kafli\/"},"modified":"2017-12-18T18:31:50","modified_gmt":"2017-12-18T18:31:50","slug":"fjorda-mosebok-21-kafli","status":"publish","type":"page","link":"https:\/\/biblian.is\/gudbrandsbiblia\/fjorda-mosebok-21-kafli\/","title":{"rendered":"Fj\u00f3r\u00f0a M\u00f3seb\u00f3k 21. kafli"},"content":{"rendered":"<p>\u00de\u00e1 Arad k\u00f3ngur Kananeorum sem bj\u00f3 \u00ed su\u00f0ur heyr\u00f0i a\u00f0 \u00cdsrael var kominn a\u00f0 vegi nj\u00f3snarmanna \u00fe\u00e1 bar\u00f0ist hann \u00e1 m\u00f3ti \u00cdsrael og t\u00f3k nokkra til fanga af \u00feeim. <span class=\"athugasemd\" title=\"Arad\">[<\/span> \u00de\u00e1 h\u00e9t \u00cdsraelsl\u00fd\u00f0ur Drottni einu heiti og sag\u00f0i: &#8222;\u00deegar \u00fe\u00fa gefur \u00feetta f\u00f3lk undir m\u00edna h\u00f6nd \u00fe\u00e1 vil \u00e9g og bannf\u00e6ra \u00feeirra borgir.&#8220; Og Drottinn heyr\u00f0i \u00cdsraelis raust og gaf \u00feeim Kanan\u00edtana og \u00feeir bannf\u00e6r\u00f0u \u00fe\u00e1 og \u00feeirra borgir og k\u00f6llu\u00f0u \u00feann sta\u00f0 <span class=\"athugasemd\" title=\"a \/ (Harma) er Bann\">[<\/span> Harma. <\/p>\n<p>\tS\u00ed\u00f0an reistu \u00feeir fr\u00e1 \u00fev\u00ed fjalli H\u00f3r \u00e1 veginum sem liggur til \u00feess rau\u00f0a Hafs, a\u00f0 \u00feeir f\u00e6ri um kring landi\u00f0 \u00feeirra Ed\u00f3m\u00edtis. Og f\u00f3lkinu leiddist vegalengdin og tala\u00f0i \u00ed m\u00f3ti Gu\u00f0i og \u00ed m\u00f3t M\u00f3se: &#8222;\u00dev\u00ed f\u00e6r\u00f0ir \u00fe\u00fa oss af Egyptalandi svo a\u00f0 v\u00e9r d\u00e6jum \u00ed \u00feessari ey\u00f0im\u00f6rku? <span class=\"athugasemd\" title=\"M\u00f6glan f\u00f3lksins \/ Num. 11\">[<\/span> \u00dev\u00ed h\u00e9r er hverki brau\u00f0 n\u00e9 vatn og vorar s\u00e1lir velgir vi\u00f0 \u00feessari l\u00e9ttri f\u00e6\u00f0u.&#8220;<\/p>\n<p>\t\u00de\u00e1 sendi Drottinn brennandi h\u00f6ggorma \u00e1 me\u00f0al f\u00f3lksins. <span class=\"athugasemd\" title=\"\u00deeir kallast brennandi a\u00f0 menn ur\u00f0u af \u00feeirra eitri rau\u00f0ir sem eldur og d\u00f3u af hita sem \u00ed dreps\u00f3tt e\u00f0ur carbunculo\">[<\/span> \u00deeir bitu f\u00f3lki\u00f0 so a\u00f0 margir d\u00f3u af \u00cdsrael. \u00de\u00e1 komu \u00feeir til M\u00f3sen og s\u00f6g\u00f0u: &#8222;V\u00e9r h\u00f6fum syndgast \u00ed \u00fev\u00ed a\u00f0 v\u00e9r h\u00f6fum tala\u00f0 \u00ed m\u00f3ti Drottni og \u00ed m\u00f3ti \u00fe\u00e9r. Bi\u00f0 \u00fe\u00fa Drottinn a\u00f0 hann vilji taka \u00feessa h\u00f6ggorma fr\u00e1 oss.&#8220; Og M\u00f3ses ba\u00f0 fyrir f\u00f3lkinu.<\/p>\n<p>\t\u00de\u00e1 sag\u00f0i Drottinn til M\u00f3sen: &#8222;Gj\u00f6r \u00fe\u00e9r einn eirorm og reis hann upp til eins merkis. Hver sem er bitinn og l\u00edtur \u00e1 hann s\u00e1 skal lifa.&#8220; \u00de\u00e1 gj\u00f6r\u00f0i M\u00f3ses einn eirorm og reisti hann upp til eins merkis. Og \u00feegar eirn h\u00f6ggormur beit nokkurn \u00fe\u00e1 leit s\u00e1 til eirormsins og h\u00e9lt l\u00edfi.<\/p>\n<p>\tOg \u00cdsraelssynir voru \u00ed \u00d3b\u00f3t. \u00deeir f\u00f3ru fr\u00e1 \u00d3b\u00f3t og l\u00f6g\u00f0u sig \u00ed Jim hj\u00e1 Abar\u00edmfjalli \u00ed ey\u00f0im\u00f6rkunni, \u00fevert yfir fr\u00e1 M\u00f3ab \u00ed m\u00f3t s\u00f3larinnar uppgangi. \u00deeir fer\u00f0u\u00f0ust \u00fea\u00f0an og l\u00f6g\u00f0u sig hj\u00e1 \u00feeim l\u00e6k Sared. \u00de\u00e1 dr\u00f3gu \u00feeir \u00fear fr\u00e1 og l\u00f6g\u00f0u sig \u00feessumegin Arnon sem liggur \u00ed ey\u00f0im\u00f6rku og strekkir sig \u00fea\u00f0an \u00fat til M\u00f3ab\u00edtanna landamerkja. \u00dev\u00ed a\u00f0 Arnon er M\u00f3abs landamerki millum M\u00f3ab og \u00feeirra Amor\u00edta. \u00dear fyrir segist \u00ed Bardagab\u00f3k Drottins a\u00f0 Vaheb \u00ed S\u00fafa og Arnonl\u00e6kur og l\u00e6kjanna uppsprettur taka til borgar \u00c1r og beygir sig og er M\u00f3ab\u00edtanna landamerki.<\/p>\n<p>\tOg \u00feeir fer\u00f0u\u00f0ust \u00fea\u00f0an og komu a\u00f0 einum brunni, \u00fea\u00f0 er s\u00e1 brunnur sem Drottinn tala\u00f0i um vi\u00f0 M\u00f3sen: &#8222;Samansafna f\u00f3lkinu, \u00e9g vil gefa \u00feeim vatn.&#8220; \u00dear s\u00f6ng \u00cdsrael \u00feessa v\u00edsu og eirn s\u00f6ng til annars yfir brunninum: &#8222;\u00deessi er s\u00e1 brunnur sem h\u00f6f\u00f0ingarnir hafa grafi\u00f0, \u00feeir g\u00f6fugu \u00e1 me\u00f0al f\u00f3lksins hafa grafi\u00f0 hann, fyrir l\u00e6rimeistarann og \u00feeirra <span class=\"athugasemd\" title=\"b \/ (Stafi) \/ Mega h\u00e9r kallast h\u00f6f\u00f0ingjarnir sj\u00e1lfir so sem hj\u00e1 Esaja kallast Egyptalands k\u00f3ngur stafur, \u00fev\u00ed hann stj\u00f3rnar f\u00f3lkinu\">[<\/span> stafi.&#8220; \u00deeir f\u00f3ru fr\u00e1 \u00feessari au\u00f0n til Matana og fr\u00e1 Matana til Nahal\u00edel og fr\u00e1 Nahal\u00edel til Bam\u00f3t og fr\u00e1 Bam\u00f3t til \u00feess dals sem liggur \u00ed M\u00f3ab\u00edta landi, til \u00feess h\u00e1va fjallsins Pisga sem brei\u00f0ist vi\u00f0 ey\u00f0im\u00f6rkinni.<\/p>\n<p>\tOg \u00cdsrael sendi bo\u00f0 til S\u00edhon Amor\u00edtak\u00f3ngs og l\u00e9t segja honum: &#8222;Leyf m\u00e9r a\u00f0 fara \u00ed gegnum \u00feitt land. V\u00e9r viljum ekki v\u00edkja \u00fat \u00e1 akrana og ekki \u00ed v\u00edngar\u00f0ana, v\u00e9r viljum og ekki drekka vatni\u00f0 af brunnunum, v\u00e9r viljum fara \u00fej\u00f3\u00f0brautir \u00fear til a\u00f0 v\u00e9r komum \u00ed gegnum \u00fe\u00edn landamerki.&#8220; En S\u00edhon vildi ekki gefa \u00cdsrael fararleyfi \u00ed gegnum s\u00edn landamerki heldur safna\u00f0i hann a\u00f0 s\u00e9r \u00f6llu s\u00ednu f\u00f3lki og dr\u00f3 \u00fat \u00ed m\u00f3t \u00cdsrael \u00ed ey\u00f0im\u00f6rkina. <span class=\"athugasemd\" title=\"S\u00edhon\">[<\/span> Og \u00fe\u00e1 hann kom til Jaksa bar\u00f0ist hann vi\u00f0 \u00cdsrael. En \u00cdsrael sl\u00f3 hann me\u00f0 sver\u00f0seggjum og eigna\u00f0ist hans land fr\u00e1 Am\u00f3n og allt til Jabob og allt til Arnonsona, \u00fev\u00ed Amm\u00f3nssona landamerki voru rambygg\u00f0. <span class=\"athugasemd\" title=\"\u00cdsrael eignast land S\u00edhon k\u00f3ngs\">[<\/span> So t\u00f3k \u00cdsrael alla \u00feessa sta\u00f0i og bj\u00f3 \u00ed \u00f6llum Amor\u00edtanna st\u00f6\u00f0um \u00ed (borg) Hesbon og \u00f6llum hennar <span class=\"athugasemd\" title=\"c \/ (D\u00e6trum) \/ \u00dea\u00f0 er \u00feorpum og sm\u00e1st\u00f6\u00f0um sem liggja umhverfis borgirnar\">[<\/span> d\u00e6trum. \u00dev\u00ed a\u00f0 borgin Hesbon heyr\u00f0i S\u00edhon Amor\u00edtanna k\u00f3ngi til og hann haf\u00f0i \u00e1\u00f0ur str\u00edtt \u00ed m\u00f3ti k\u00f3nginum \u00feeirra M\u00f3ab\u00edtarum og teki\u00f0 hans land fr\u00e1 honum allt til Arnon.<\/p>\n<p>\tH\u00e9r af segja menn \u00ed s\u00ednum or\u00f0skvi\u00f0um: &#8222;Komi\u00f0 til Hesbon a\u00f0 byggja og uppreisa S\u00edhon sta\u00f0. \u00dev\u00ed \u00fear er kominn eldur af Hesbon, einn logi af S\u00edhonsta\u00f0, sem hefur upp\u00e9ti\u00f0 \u00e1r \u00feeirra M\u00f3ab\u00edtanna og borgarana \u00feeirrar h\u00e1vu Arnon. Vei \u00fe\u00e9r M\u00f3ab, \u00fe\u00fa Kamosf\u00f3lk ert fortapa\u00f0, hans synir eru slegnir \u00e1 fl\u00f3tta og hans d\u00e6tur eru herteknar, haf\u00f0ar \u00ed burt til S\u00edhon k\u00f3ngsins Amor\u00edtarum. \u00deeirra pr\u00fd\u00f0i er or\u00f0in a\u00f0 \u00f6ngvu fr\u00e1 Hesbon og inn til D\u00edbon. H\u00fan er ey\u00f0il\u00f6g\u00f0 allt til N\u00f3fa sem tekur til Medba.&#8220; Svo bj\u00f3 \u00cdsrael \u00ed Amor\u00edtanna landi.<\/p>\n<p>\tOg M\u00f3ses sendi nj\u00f3snarmenn \u00fat til Jaeser og \u00feeir unnu hans undirborgir og t\u00f3ku \u00fe\u00e1 Amor\u00edta sem \u00fear bjuggu. Og \u00feeir sneru s\u00e9r og dr\u00f3gu upp a\u00f0 veginum til Basan. \u00de\u00e1 dr\u00f3 \u00d3g k\u00f3ngurinn af Basan \u00fat \u00ed m\u00f3ti \u00feeim me\u00f0 allt sitt f\u00f3lk til a\u00f0 berjast \u00ed Edrei. <span class=\"athugasemd\" title=\"\u00d3g\">[<\/span> Og Drottinn sag\u00f0i til M\u00f3sen: &#8222;\u00d3ttast hann ekki \u00fev\u00ed \u00e9g hef gefi\u00f0 hann \u00ed \u00fe\u00ednar hendur me\u00f0 landi og l\u00fd\u00f0um. Og \u00fe\u00fa skalt gj\u00f6ra vi\u00f0 hann l\u00edka sem \u00fe\u00fa gj\u00f6r\u00f0ir vi\u00f0 S\u00edhon Amor\u00edtanna k\u00f3ng sem bj\u00f3 \u00ed Hesbon.&#8220; Og \u00feeir sl\u00f3u hann og hans sonu og allt hans f\u00f3lk so \u00fear var ekki ein eftir og eignu\u00f0ust allt \u00fea\u00f0 land. <span class=\"athugasemd\" title=\"\u00cdsrael eignast land \u00d3gs k\u00f3ngs \/ Deut. 29\">[<\/span> Eftir \u00feetta f\u00f3ru \u00cdsraelssynir og settu herb\u00fa\u00f0ir s\u00ednar \u00e1 v\u00f6llum M\u00f3ab, hinumegin J\u00f3rdanar, gagnvart Jer\u00edk\u00f3.<\/p>\n","protected":false},"excerpt":{"rendered":"<p>\u00de\u00e1 Arad k\u00f3ngur Kananeorum sem bj\u00f3 \u00ed su\u00f0ur heyr\u00f0i a\u00f0 \u00cdsrael var kominn a\u00f0 vegi nj\u00f3snarmanna \u00fe\u00e1 bar\u00f0ist hann \u00e1 m\u00f3ti \u00cdsrael og t\u00f3k nokkra til fanga af \u00feeim. [ \u00de\u00e1 h\u00e9t \u00cdsraelsl\u00fd\u00f0ur Drottni einu heiti og sag\u00f0i: &#8222;\u00deegar \u00fe\u00fa gefur \u00feetta f\u00f3lk undir m\u00edna h\u00f6nd \u00fe\u00e1 vil \u00e9g og bannf\u00e6ra \u00feeirra borgir.&#8220; Og Drottinn heyr\u00f0i \u00cdsraelis raust og gaf \u00feeim Kanan\u00edtana og \u00feeir bannf\u00e6r\u00f0u \u00fe\u00e1 og \u00feeirra borgir og k\u00f6llu\u00f0u \u00feann sta\u00f0 [ Harma. S\u00ed\u00f0an reistu \u00feeir fr\u00e1 \u00fev\u00ed fjalli H\u00f3r \u00e1 veginum sem liggur til \u00feess rau\u00f0a Hafs, a\u00f0 \u00feeir f\u00e6ri um kring landi\u00f0 \u00feeirra Ed\u00f3m\u00edtis. Og f\u00f3lkinu <a href=\"https:\/\/biblian.is\/gudbrandsbiblia\/fjorda-mosebok-21-kafli\/\"> [&#8230;]<\/a><\/p>\n","protected":false},"author":1,"featured_media":0,"parent":0,"menu_order":0,"comment_status":"open","ping_status":"open","template":"bibliukaflar.php","meta":{"footnotes":""},"class_list":["post-2830","page","type-page","status-publish","hentry"],"_links":{"self":[{"href":"https:\/\/biblian.is\/gudbrandsbiblia\/wp-json\/wp\/v2\/pages\/2830","targetHints":{"allow":["GET"]}}],"collection":[{"href":"https:\/\/biblian.is\/gudbrandsbiblia\/wp-json\/wp\/v2\/pages"}],"about":[{"href":"https:\/\/biblian.is\/gudbrandsbiblia\/wp-json\/wp\/v2\/types\/page"}],"author":[{"embeddable":true,"href":"https:\/\/biblian.is\/gudbrandsbiblia\/wp-json\/wp\/v2\/users\/1"}],"replies":[{"embeddable":true,"href":"https:\/\/biblian.is\/gudbrandsbiblia\/wp-json\/wp\/v2\/comments?post=2830"}],"version-history":[{"count":0,"href":"https:\/\/biblian.is\/gudbrandsbiblia\/wp-json\/wp\/v2\/pages\/2830\/revisions"}],"wp:attachment":[{"href":"https:\/\/biblian.is\/gudbrandsbiblia\/wp-json\/wp\/v2\/media?parent=2830"}],"curies":[{"name":"wp","href":"https:\/\/api.w.org\/{rel}","templated":true}]}}