{"id":2827,"date":"2017-12-18T18:31:50","date_gmt":"2017-12-18T18:31:50","guid":{"rendered":"http:\/\/biblian.is\/gudbrandsbiblia\/fjorda-mosebok-18-kafli\/"},"modified":"2017-12-18T18:31:50","modified_gmt":"2017-12-18T18:31:50","slug":"fjorda-mosebok-18-kafli","status":"publish","type":"page","link":"https:\/\/biblian.is\/gudbrandsbiblia\/fjorda-mosebok-18-kafli\/","title":{"rendered":"Fj\u00f3r\u00f0a M\u00f3seb\u00f3k 18. kafli"},"content":{"rendered":"<p>Og Drottinn sag\u00f0i til Aron: &#8222;\u00de\u00fa og \u00fe\u00ednir synir og \u00fe\u00edns f\u00f6\u00f0urs h\u00fas me\u00f0 \u00fe\u00e9r skulu\u00f0 bera misgj\u00f6rning helgid\u00f3msins og \u00fe\u00fa og \u00fe\u00ednir synir me\u00f0 \u00fe\u00e9r skulu\u00f0 bera misgj\u00f6rning y\u00f0ars prestaemb\u00e6ttis. En \u00fe\u00fa skalt taka \u00fe\u00edna br\u00e6\u00f0ur af \u00fe\u00edns f\u00f6\u00f0urs Lev\u00ed slekti til \u00fe\u00edn so a\u00f0 \u00feeir skulu vera hj\u00e1 \u00fe\u00e9r og \u00fej\u00f3na \u00fe\u00e9r. En \u00fe\u00fa og \u00fe\u00ednir synir me\u00f0 \u00fe\u00e9r skulu\u00f0 \u00fej\u00f3na \u00ed vitnisbur\u00f0arins tjaldb\u00fa\u00f0. Og \u00feeir skulu taka vara upp\u00e1 sinni \u00fej\u00f3nustu og \u00e1 \u00feeirri allri tjaldb\u00fa\u00f0arinnar \u00fej\u00f3nustu. \u00de\u00f3 skulu \u00feeir ekki koma vi\u00f0 helgid\u00f3msins ker e\u00f0a vi\u00f0 altari\u00f0 so a\u00f0 b\u00e6\u00f0i \u00feeir og \u00fe\u00fa megi\u00f0 ekki deyja. En \u00feeir skulu vera hj\u00e1 \u00fe\u00e9r og taka vara \u00e1 \u00fej\u00f3nustunni \u00ed vitnisbur\u00f0arins tjaldb\u00fa\u00f0 og \u00e1 \u00f6llu emb\u00e6tti tjaldb\u00fa\u00f0arinnar og enginn framandi skal n\u00e1l\u00e6gjast y\u00f0ur.<\/p>\n<p>\tSo taki\u00f0 n\u00fa vara \u00e1 helgid\u00f3msins \u00fej\u00f3nustu og svo \u00e1 altarisins \u00fej\u00f3nustu svo a\u00f0 h\u00e9\u00f0an \u00ed fr\u00e1 komi ekki meir h\u00f6stug rei\u00f0i yfir \u00cdsraelssonu. \u00dev\u00ed sj\u00e1 \u00fe\u00fa, \u00e9g hefi teki\u00f0 y\u00f0ar br\u00e6\u00f0ur Lev\u00edtana af \u00cdsraelssonum og skenkt y\u00f0ur \u00fe\u00e1, Drottni til einnrar g\u00e1fu, a\u00f0 \u00feeir skyldu annast emb\u00e6tti \u00ed tjaldb\u00fa\u00f0 vitnisbur\u00f0arins. En \u00fe\u00fa og \u00fe\u00ednir synir skulu\u00f0 taka vara \u00e1 y\u00f0ru prestaemb\u00e6tti svo \u00fe\u00e9r \u00fej\u00f3ni\u00f0 \u00ed \u00f6llu \u00fev\u00ed sem heyrir til altarinu og fyrir innan fortjaldi\u00f0. \u00dev\u00ed \u00e9g gef y\u00f0ur y\u00f0art prestaemb\u00e6tti fyrir einn skenk. En komi nokkur framandi \u00fear til \u00fe\u00e1 skal hann deyja.&#8220;<\/p>\n<p>\tOg Drottinn sag\u00f0i til Aron: &#8222;Sj\u00e1, \u00e9g hefi gefi\u00f0 \u00fe\u00e9r m\u00ednar upplyftingarf\u00f3rnir af \u00f6llu \u00fev\u00ed sem \u00cdsraelssynir helga fyrir \u00feitt og \u00feinna sona prestaemb\u00e6tti, til einnrar eil\u00edfrar skikkunar. <span class=\"athugasemd\" title=\"Hva\u00f0 prestarnir og Lev\u00edtarnir skulu hafa fyrir \u00feeirra \u00fej\u00f3nustu\">[<\/span> \u00dea\u00f0 skaltu hafa af \u00f6llu \u00fev\u00ed helgasta sem \u00feeir offra, allar \u00feeirra g\u00e1fur me\u00f0 \u00f6llu \u00feeirra matoffri og me\u00f0 \u00f6llu \u00feeirra syndoffri og me\u00f0 \u00f6llu \u00feeirra skuldoffri sem \u00feeir gefa m\u00e9r, \u00fea\u00f0 skal vera \u00fe\u00e9r og \u00fe\u00ednum sonum \u00fea\u00f0 allra helgasta. Og \u00fe\u00fa skalt eta \u00fea\u00f0 \u00ed \u00feeim allra helgasta sta\u00f0. Hva\u00f0 kallkyns er skal eta \u00fear af.<\/p>\n<p>\tOg \u00e9g hefi gefi\u00f0 \u00fe\u00e9r \u00fea\u00f0 sama upplyftingaroffur af \u00feeirra g\u00e1fum me\u00f0 \u00f6llu \u00cdsraelissona veifunaroffri, a\u00f0 \u00fe\u00fa og \u00fe\u00ednir synir, \u00fe\u00ednar d\u00e6tur, skulu hafa \u00feau fyrir eil\u00edfa skikkan. <span class=\"athugasemd\" title=\"Gu\u00f0 skikkar prestunum \u00fea\u00f0 besta\">[<\/span> Og hv\u00f6r s\u00e1 sem hreinn er \u00ed \u00fe\u00ednu h\u00fasi skal eta \u00fear af. Allt \u00fea\u00f0 besta af vi\u00f0smj\u00f6rinu og allt \u00fea\u00f0 besta af v\u00edninu og allt \u00fea\u00f0 fyrsta af kornsins s\u00e1\u00f0i sem \u00feeir gefa Drottni \u00fea\u00f0 hefi \u00e9g gefi\u00f0 \u00fe\u00e9r. \u00deann fyrsta \u00e1v\u00f6xt af \u00f6llu \u00fev\u00ed sem er \u00ed \u00feeirra landi sem \u00feeir gefa Drottni \u00fea\u00f0 skal vera \u00feitt. Hv\u00f6r sem er hreinn \u00ed \u00fe\u00ednu h\u00fasi hann skal eta \u00fear af.<\/p>\n<p>\tAllt \u00fea\u00f0 sem bannf\u00e6rt er \u00ed \u00cdsrael \u00fea\u00f0 skal vera \u00feitt. Allt \u00fea\u00f0 sem fyrst opnar sinnar m\u00f3\u00f0ur kvi\u00f0 af \u00f6llu holdi sem eir bera til Drottins, hv\u00f6rt \u00fea\u00f0 er af m\u00f6nnum e\u00f0a af f\u00e9na\u00f0inum, \u00fea\u00f0 skal vera \u00feitt. <span class=\"athugasemd\" title=\"Exod. 34\">[<\/span> \u00de\u00f3 so a\u00f0 \u00fe\u00fa l\u00e1tir mannsins frumbur\u00f0 leysast aftur, s\u00e1 frumbur\u00f0ur af \u00f3hreinu f\u00e9 skal og leysast. En \u00feeir skulu leysa \u00fea\u00f0 \u00fe\u00e1 \u00fea\u00f0 er eins m\u00e1na\u00f0ar gamalt og \u00fea\u00f0 skal gefast laust fyrir peninga, fyrir fimm siclos eftir helgid\u00f3msins sikli, sem gildir tuttugu gera. En \u00fe\u00e1 frumbur\u00f0i af nautum og sau\u00f0um e\u00f0a geitum skaltu ekki l\u00e1ta til lausnar, \u00fev\u00ed \u00fea\u00f0 er heilagt. \u00deeirra bl\u00f3\u00f0i skaltu st\u00f6kkva \u00e1 altari\u00f0 og upptendra \u00feeirra feiti til eins offurs og til eins s\u00e6ts ilms fyrir Drottni. \u00deeirra kj\u00f6t skal heyra \u00fe\u00e9r til l\u00edka sem veifunarbringan og s\u00e1 h\u00e6gri b\u00f3gurinn heyrir \u00fe\u00e9r til. \u00d6ll upplyftingaroffur sem \u00cdsraelssynir helga Drottni hefi \u00e9g gefi\u00f0 \u00fe\u00e9r og \u00fe\u00ednum sonum og \u00fe\u00ednum d\u00e6trum me\u00f0 \u00fe\u00e9r, til einnrar eil\u00edfrar skikkunar. \u00dea\u00f0 skal vera \u00fe\u00e9r og \u00fe\u00ednu s\u00e6\u00f0i me\u00f0 \u00fe\u00e9r einn \u00f3forgengilegur s\u00e1ttm\u00e1li fyrir Drottni \u00e6vinlega.&#8220;<\/p>\n<p>\tOg Drottinn sag\u00f0i til Arons: &#8222;\u00de\u00fa skalt ekkert eignast \u00ed \u00feeirra landi og ekkert hlutskipti \u00e1 me\u00f0al \u00feeirra taka. \u00dev\u00ed \u00e9g er \u00feitt hlutskipti og \u00feinn arfur \u00e1 me\u00f0al \u00cdsraelssona. En \u00e9g hefi gefi\u00f0 lev\u00ed sonu allar t\u00edundir \u00ed \u00cdsrael til eins arfs fyrir \u00feeirra \u00fej\u00f3nustu sem \u00feeir gj\u00f6ra m\u00e9r \u00ed vitnisbur\u00f0arins tjaldb\u00fa\u00f0, a\u00f0 \u00cdsraelssynir skulu ekki meir h\u00e9r eftir fara til vitnisbur\u00f0arins tjaldb\u00fa\u00f0ar so a\u00f0 \u00feeir hla\u00f0i ekki \u00e1 sig nokkri synd og deyi. <span class=\"athugasemd\" title=\"Lev\u00edtar skulu \u00f6ngvan arf hafa \u00e1 me\u00f0al \u00cdsraelssona \/ Deut. 8 \/ J\u00f3s\u00fa. 13\">[<\/span> En Lev\u00edtarnir skulu taka vara \u00e1 \u00fej\u00f3nustunni \u00ed vitnisbur\u00f0arins tjaldb\u00fa\u00f0 og \u00feeir skulu bera \u00feeirra annarra misgj\u00f6rninga til eins eil\u00edfs r\u00e9ttar hj\u00e1 y\u00f0ar eftirkomendum. Og \u00feeir skulu ekkert arfag\u00f3ss eignast me\u00f0al \u00cdsraelssona, \u00fev\u00ed \u00e9g hefi gefi\u00f0 Lev\u00edtunum til eins arfs t\u00edundir \u00cdsraelssona sem \u00feeir upplyfta fyrir Drottni. \u00dev\u00ed hefi \u00e9g sagt til \u00feeirra a\u00f0 \u00feeir skulu \u00f6ngvan arf eignast \u00e1 me\u00f0al \u00cdsraelssona.&#8220;<\/p>\n<p>\tOg Drottinn tala\u00f0i vi\u00f0 M\u00f3sen og sag\u00f0i: &#8222;Tala \u00fe\u00fa vi\u00f0 Lev\u00edtana og seg \u00fe\u00fa til \u00feeirra: \u00de\u00e1 \u00fe\u00e9r taki\u00f0 \u00fe\u00e1 t\u00edund af \u00cdsraelssonum sem \u00e9g hefi gefi\u00f0 y\u00f0ur af \u00feeim til y\u00f0ars erf\u00f0ag\u00f3ss, \u00fe\u00e1 skulu \u00fe\u00e9r gj\u00f6ra Drottni eitt upplyftingaroffur \u00fear af, j\u00e1 \u00feann t\u00edunda part af t\u00edundinni, og \u00fea\u00f0 y\u00f0art upplyftingaroffur skal reiknast y\u00f0ur, l\u00edka sem \u00fe\u00e9r g\u00e6fu\u00f0 korni\u00f0 af hl\u00f6\u00f0unni og <span class=\"athugasemd\" title=\"a \/ (Fylling) \/ \u00dea\u00f0 er, v\u00edn, vi\u00f0smj\u00f6r og anna\u00f0 \u00fev\u00edl\u00edkt\">[<\/span> fyllinguna af v\u00edn\u00fer\u00fagunni. So skulu \u00fe\u00e9r og gefa Drottni upplyftingaroffur af \u00f6llum y\u00f0ar t\u00edundum sem \u00fe\u00e9r taki\u00f0 af \u00cdsraelssonum, a\u00f0 \u00fe\u00e9r gefi\u00f0 prestinum Aron \u00fea\u00f0 sama Drottins upplyft offur. \u00de\u00e9r skulu\u00f0 gefa Drottni upplyftingaroffur af \u00f6llu \u00fev\u00ed sem y\u00f0ur gefst, af \u00f6llu \u00fev\u00ed inu besta sem helga\u00f0 ver\u00f0ur \u00fear af.<\/p>\n<p>\tOg seg\u00f0u til \u00feeirra: \u00de\u00e1 \u00fe\u00e9r so upplyfti\u00f0 \u00fev\u00ed <span class=\"athugasemd\" title=\"b \/ (Besta) \/ \u00dea\u00f0 er, \u00fev\u00ed inu feita\">[<\/span> besta \u00fear af \u00fe\u00e1 skal \u00fea\u00f0 reiknast Lev\u00edtunum til, l\u00edka sem ein inntekt af kornhl\u00f6\u00f0unni og l\u00edka sem ein inntekt af v\u00ednpressunni. Og \u00feetta megi \u00fe\u00e9r eta \u00e1 \u00f6llum st\u00f6\u00f0um, \u00fe\u00e9r og y\u00f0ar b\u00f6rn, \u00fev\u00ed \u00fea\u00f0 eru y\u00f0ar laun fyrir y\u00f0ar \u00fej\u00f3nustu \u00ed vitnisbur\u00f0arins tjaldb\u00fa\u00f0. Svo hla\u00f0i\u00f0 ekki \u00e1 y\u00f0ur syndum me\u00f0 \u00fev\u00ed \u00fe\u00e1 \u00fe\u00e9r upplyfti\u00f0 \u00fev\u00ed besta \u00fear af og vanhelgi\u00f0 ekki \u00cdsraelssona helgi, so skulu \u00fe\u00e9r ekki deyja.&#8220;<\/p>\n","protected":false},"excerpt":{"rendered":"<p>Og Drottinn sag\u00f0i til Aron: &#8222;\u00de\u00fa og \u00fe\u00ednir synir og \u00fe\u00edns f\u00f6\u00f0urs h\u00fas me\u00f0 \u00fe\u00e9r skulu\u00f0 bera misgj\u00f6rning helgid\u00f3msins og \u00fe\u00fa og \u00fe\u00ednir synir me\u00f0 \u00fe\u00e9r skulu\u00f0 bera misgj\u00f6rning y\u00f0ars prestaemb\u00e6ttis. En \u00fe\u00fa skalt taka \u00fe\u00edna br\u00e6\u00f0ur af \u00fe\u00edns f\u00f6\u00f0urs Lev\u00ed slekti til \u00fe\u00edn so a\u00f0 \u00feeir skulu vera hj\u00e1 \u00fe\u00e9r og \u00fej\u00f3na \u00fe\u00e9r. En \u00fe\u00fa og \u00fe\u00ednir synir me\u00f0 \u00fe\u00e9r skulu\u00f0 \u00fej\u00f3na \u00ed vitnisbur\u00f0arins tjaldb\u00fa\u00f0. Og \u00feeir skulu taka vara upp\u00e1 sinni \u00fej\u00f3nustu og \u00e1 \u00feeirri allri tjaldb\u00fa\u00f0arinnar \u00fej\u00f3nustu. \u00de\u00f3 skulu \u00feeir ekki koma vi\u00f0 helgid\u00f3msins ker e\u00f0a vi\u00f0 altari\u00f0 so a\u00f0 b\u00e6\u00f0i \u00feeir og \u00fe\u00fa megi\u00f0 ekki deyja. <a href=\"https:\/\/biblian.is\/gudbrandsbiblia\/fjorda-mosebok-18-kafli\/\"> [&#8230;]<\/a><\/p>\n","protected":false},"author":1,"featured_media":0,"parent":0,"menu_order":0,"comment_status":"open","ping_status":"open","template":"bibliukaflar.php","meta":{"footnotes":""},"class_list":["post-2827","page","type-page","status-publish","hentry"],"_links":{"self":[{"href":"https:\/\/biblian.is\/gudbrandsbiblia\/wp-json\/wp\/v2\/pages\/2827","targetHints":{"allow":["GET"]}}],"collection":[{"href":"https:\/\/biblian.is\/gudbrandsbiblia\/wp-json\/wp\/v2\/pages"}],"about":[{"href":"https:\/\/biblian.is\/gudbrandsbiblia\/wp-json\/wp\/v2\/types\/page"}],"author":[{"embeddable":true,"href":"https:\/\/biblian.is\/gudbrandsbiblia\/wp-json\/wp\/v2\/users\/1"}],"replies":[{"embeddable":true,"href":"https:\/\/biblian.is\/gudbrandsbiblia\/wp-json\/wp\/v2\/comments?post=2827"}],"version-history":[{"count":0,"href":"https:\/\/biblian.is\/gudbrandsbiblia\/wp-json\/wp\/v2\/pages\/2827\/revisions"}],"wp:attachment":[{"href":"https:\/\/biblian.is\/gudbrandsbiblia\/wp-json\/wp\/v2\/media?parent=2827"}],"curies":[{"name":"wp","href":"https:\/\/api.w.org\/{rel}","templated":true}]}}