{"id":2821,"date":"2017-12-18T18:31:50","date_gmt":"2017-12-18T18:31:50","guid":{"rendered":"http:\/\/biblian.is\/gudbrandsbiblia\/fjorda-mosebok-12-kafli\/"},"modified":"2017-12-18T18:31:50","modified_gmt":"2017-12-18T18:31:50","slug":"fjorda-mosebok-12-kafli","status":"publish","type":"page","link":"https:\/\/biblian.is\/gudbrandsbiblia\/fjorda-mosebok-12-kafli\/","title":{"rendered":"Fj\u00f3r\u00f0a M\u00f3seb\u00f3k 12. kafli"},"content":{"rendered":"<p>Og Mar\u00eda og Aron \u00e1t\u00f6ldu M\u00f3sen fyrir hans kvinnu skuld, sem var af Bl\u00e1landi, \u00fear fyrir a\u00f0 hann haf\u00f0i teki\u00f0 eina bl\u00e1lenska konu s\u00e9r til eiginkvinnu, og s\u00f6g\u00f0u: &#8222;Talar \u00fe\u00e1 Drottinn alleinasta fyrir M\u00f3sen? <span class=\"athugasemd\" title=\"Mar\u00eda og Aron m\u00f6gla m\u00f3t M\u00f3se\">[<\/span> Talar hann ekki og so fyrir oss?&#8220; Og Drottinn heyr\u00f0i \u00fea\u00f0. En M\u00f3ses var eirn mj\u00f6g <span class=\"athugasemd\" title=\"a \/ (M\u00f3tgangsma\u00f0ur) sem mart hlaut a\u00f0 l\u00ed\u00f0a. Psal. Cxxxy. Minnstu, Drottinn, Dav\u00ed\u00f0s og alls hans m\u00f3tgangs\">[<\/span> pl\u00e1ga\u00f0ur ma\u00f0ur, framar en allir menn \u00e1 j\u00f6r\u00f0unni.<\/p>\n<p>\tOg Drottinn sag\u00f0i hastarlega til M\u00f3sen og til Arons og til Mar\u00edu: &#8222;Fari\u00f0 \u00fat \u00fe\u00e9r \u00ferj\u00fa saman til vitnisbur\u00f0arins tjaldb\u00fa\u00f0ar.&#8220; Og \u00feau \u00f6ll \u00ferj\u00fa gengu \u00feanga\u00f0. \u00de\u00e1 kom Drottinn ni\u00f0ur \u00ed sk\u00fdst\u00f3lpanum og f\u00f3r \u00ed tjaldb\u00fa\u00f0ardyrnar og kalla\u00f0i \u00e1 Aron og Mar\u00edam og \u00feau gengu b\u00e6\u00f0i fram. Og hann sag\u00f0i: &#8222;Heyri\u00f0 m\u00edn or\u00f0. Er \u00fear nokkur sp\u00e1ma\u00f0ur Drottins \u00e1 me\u00f0al y\u00f0ar, \u00feeim vil \u00e9g opinbera mig \u00ed einni s\u00fdn e\u00f0a \u00e9g vil tala vi\u00f0 hann \u00ed einum draumi. En ekki er so minn \u00fe\u00e9nari M\u00f3ses, sem er tr\u00falyndur \u00ed \u00f6llu m\u00ednu h\u00fasi. \u00c9g tala munnlega vi\u00f0 hann og hann s\u00e9r Drottinn \u00ed sinni mynd, ekki fyri r\u00e1\u00f0g\u00e1tu n\u00e9 l\u00edkingar. \u00dev\u00ed \u00f3ttu\u00f0ust \u00fei\u00f0 \u00fe\u00e1 ekki a\u00f0 hallm\u00e6la m\u00ednum \u00fe\u00e9nara M\u00f3ses?&#8220;<\/p>\n<p>\tOg rei\u00f0i Drottins gramdist \u00feeim og hann f\u00f3r \u00ed burt. \u00dear me\u00f0 hvarf og sk\u00fdi\u00f0 \u00ed burt fr\u00e1 tjaldb\u00fa\u00f0inni. Og sj\u00e1, Mar\u00eda var\u00f0 <span class=\"athugasemd\" title=\"sword hv\u00edt sem snj\u00f3r af l\u00edk\u00fer\u00e1\">[<\/span> spitelsk l\u00edka sem snj\u00f3r. Og Aron sneri s\u00e9r til Mar\u00edam og var\u00f0 var vi\u00f0 a\u00f0 h\u00fan var or\u00f0in l\u00edk\u00fer\u00e1 og hann sag\u00f0i til M\u00f3sen: &#8222;Minn herra, l\u00e1t ekki \u00feessa synd bl\u00edfa yfir okkur me\u00f0 hv\u00f6rri vi\u00f0 h\u00f6fum d\u00e1rlega gj\u00f6rt og syngast, a\u00f0 \u00feessi s\u00e9 ekki so sem s\u00e1 er dau\u00f0ur kemur af sinnar m\u00f3\u00f0ur l\u00edfi, h\u00fan hefur allarei\u00f0u upp\u00e9ti\u00f0 h\u00e1lft hennar hold.&#8220;<\/p>\n<p>\t\u00de\u00e1 kalla\u00f0i M\u00f3ses til Drottins og sag\u00f0i: &#8222;Drottinn, gr\u00e6\u00f0 \u00fe\u00fa hana.&#8220; Drottinn sag\u00f0i til M\u00f3sen: &#8222;Ef hennar fa\u00f0ir hef\u00f0i hr\u00e6kt \u00ed hennar andlit, skyldi h\u00fan \u00fe\u00e1 ekki hafa kinnro\u00f0a \u00ed sj\u00f6 daga? L\u00e1t hana vera \u00fatilukta \u00ed sj\u00f6 daga utan herb\u00fa\u00f0anna, eftir \u00fea\u00f0 m\u00e1 h\u00fan takast aftur til y\u00f0ar.&#8220; So var Mar\u00eda \u00fatilukt af herb\u00fa\u00f0unum \u00ed sj\u00f6 daga. Og f\u00f3lki\u00f0 fer\u00f0a\u00f0ist hv\u00f6rgi fyrr en Mar\u00eda var me\u00f0tekin aftur. Eftir \u00fea\u00f0 dr\u00f3 f\u00f3lki\u00f0 fr\u00e1 Haser\u00f3t og setti herb\u00fa\u00f0ir s\u00ednar \u00ed \u00feeirri ey\u00f0im\u00f6rku Paran.<\/p>\n","protected":false},"excerpt":{"rendered":"<p>Og Mar\u00eda og Aron \u00e1t\u00f6ldu M\u00f3sen fyrir hans kvinnu skuld, sem var af Bl\u00e1landi, \u00fear fyrir a\u00f0 hann haf\u00f0i teki\u00f0 eina bl\u00e1lenska konu s\u00e9r til eiginkvinnu, og s\u00f6g\u00f0u: &#8222;Talar \u00fe\u00e1 Drottinn alleinasta fyrir M\u00f3sen? [ Talar hann ekki og so fyrir oss?&#8220; Og Drottinn heyr\u00f0i \u00fea\u00f0. En M\u00f3ses var eirn mj\u00f6g [ pl\u00e1ga\u00f0ur ma\u00f0ur, framar en allir menn \u00e1 j\u00f6r\u00f0unni. Og Drottinn sag\u00f0i hastarlega til M\u00f3sen og til Arons og til Mar\u00edu: &#8222;Fari\u00f0 \u00fat \u00fe\u00e9r \u00ferj\u00fa saman til vitnisbur\u00f0arins tjaldb\u00fa\u00f0ar.&#8220; Og \u00feau \u00f6ll \u00ferj\u00fa gengu \u00feanga\u00f0. \u00de\u00e1 kom Drottinn ni\u00f0ur \u00ed sk\u00fdst\u00f3lpanum og f\u00f3r \u00ed tjaldb\u00fa\u00f0ardyrnar og kalla\u00f0i \u00e1 Aron <a href=\"https:\/\/biblian.is\/gudbrandsbiblia\/fjorda-mosebok-12-kafli\/\"> [&#8230;]<\/a><\/p>\n","protected":false},"author":1,"featured_media":0,"parent":0,"menu_order":0,"comment_status":"open","ping_status":"open","template":"bibliukaflar.php","meta":{"footnotes":""},"class_list":["post-2821","page","type-page","status-publish","hentry"],"_links":{"self":[{"href":"https:\/\/biblian.is\/gudbrandsbiblia\/wp-json\/wp\/v2\/pages\/2821","targetHints":{"allow":["GET"]}}],"collection":[{"href":"https:\/\/biblian.is\/gudbrandsbiblia\/wp-json\/wp\/v2\/pages"}],"about":[{"href":"https:\/\/biblian.is\/gudbrandsbiblia\/wp-json\/wp\/v2\/types\/page"}],"author":[{"embeddable":true,"href":"https:\/\/biblian.is\/gudbrandsbiblia\/wp-json\/wp\/v2\/users\/1"}],"replies":[{"embeddable":true,"href":"https:\/\/biblian.is\/gudbrandsbiblia\/wp-json\/wp\/v2\/comments?post=2821"}],"version-history":[{"count":0,"href":"https:\/\/biblian.is\/gudbrandsbiblia\/wp-json\/wp\/v2\/pages\/2821\/revisions"}],"wp:attachment":[{"href":"https:\/\/biblian.is\/gudbrandsbiblia\/wp-json\/wp\/v2\/media?parent=2821"}],"curies":[{"name":"wp","href":"https:\/\/api.w.org\/{rel}","templated":true}]}}