{"id":2819,"date":"2017-12-18T18:31:50","date_gmt":"2017-12-18T18:31:50","guid":{"rendered":"http:\/\/biblian.is\/gudbrandsbiblia\/fjorda-mosebok-10-kafli\/"},"modified":"2017-12-18T18:31:50","modified_gmt":"2017-12-18T18:31:50","slug":"fjorda-mosebok-10-kafli","status":"publish","type":"page","link":"https:\/\/biblian.is\/gudbrandsbiblia\/fjorda-mosebok-10-kafli\/","title":{"rendered":"Fj\u00f3r\u00f0a M\u00f3seb\u00f3k 10. kafli"},"content":{"rendered":"<p>Og Drottinn tala\u00f0i vi\u00f0 M\u00f3sen og sag\u00f0i: &#8222;Gj\u00f6r \u00fe\u00e9r tvo l\u00fa\u00f0ra af kl\u00e1ru silfri so \u00fe\u00fa megir hafa \u00fe\u00e1 \u00fear til a\u00f0 kalla alm\u00fagann saman og \u00feegar y\u00f0ar her skal herb\u00fa\u00f0um svipta. <span class=\"athugasemd\" title=\"Tveir l\u00fa\u00f0rar e\u00f0ur trametur\">[<\/span> \u00deegar bl\u00e1si\u00f0 er \u00ed \u00fe\u00e1 b\u00e1\u00f0a einfaldlega \u00fe\u00e1 skal allur alm\u00faginn samansafnast til \u00fe\u00edn utan fyrir vitnisbur\u00f0arins tjaldb\u00fa\u00f0ardyrum. Og \u00fe\u00e1 bl\u00e1si\u00f0 er \u00ed annan einfaldlega \u00fe\u00e1 skulu h\u00f6f\u00f0ingjarnir safnast til \u00fe\u00edn og \u00feeir inu yppustu yfir \u00fe\u00fasund \u00ed \u00cdsrael. En \u00fe\u00e1 l\u00fa\u00f0urinn gellur lengi og trametar \u00fe\u00e1 skal s\u00e1 flokkur herb\u00fa\u00f0um svipta sem er \u00ed austri. Og \u00fe\u00e1 \u00feeir bl\u00e1sa \u00ed annan t\u00edma og trameta \u00fe\u00e1 skal s\u00e1 flokkur tj\u00f6ldum svipta sem liggur \u00ed m\u00f3t su\u00f0ri. \u00dev\u00ed \u00fe\u00e1 \u00feeir skulu fer\u00f0ast \u00fe\u00e1 skulu \u00feeir trameta. En \u00fe\u00e1 alm\u00faginn skal samankoma \u00fe\u00e1 skulu \u00fe\u00e9r einfaldlega bl\u00e1sa og ekki trameta. Prestarnir Arons skulu bl\u00e1sa \u00ed l\u00fa\u00f0rana og \u00fea\u00f0 skal vera ein l\u00f6gtekin skikkan hj\u00e1 y\u00f0rum eftirkomendum.<\/p>\n<p>\t\u00de\u00e1 er \u00fe\u00e9r dragi\u00f0 \u00ed str\u00ed\u00f0 \u00ed y\u00f0ar landi \u00ed m\u00f3ti y\u00f0rum \u00f3vinum sem gj\u00f6ra y\u00f0ur ska\u00f0a \u00fe\u00e1 skulu \u00fe\u00e9r trameta me\u00f0 l\u00fa\u00f0runum so y\u00f0ar megi minnst ver\u00f0a fyrir Drottni y\u00f0rum Gu\u00f0i og a\u00f0 \u00fe\u00e9r ver\u00f0i\u00f0 frelstir fr\u00e1 y\u00f0rum \u00f3vinum. <span class=\"athugasemd\" title=\"Hven\u00e6r e\u00f0 trameta skal\">[<\/span> S\u00f6mulei\u00f0is \u00fe\u00e1 \u00fe\u00e9r hafi\u00f0 fagna\u00f0 \u00e1 y\u00f0ar h\u00e1t\u00ed\u00f0um og \u00e1 y\u00f0rum n\u00fdjum m\u00e1nu\u00f0um \u00fe\u00e1 skulu \u00fe\u00e9r bl\u00e1sa \u00ed trameturnar yfir y\u00f0ar brennif\u00f3rnum og \u00feakkaroffri so a\u00f0 y\u00f0ar ver\u00f0i minnst fyrir y\u00f0rum Gu\u00f0i. \u00c9g er Drottinn y\u00f0ar Gu\u00f0.&#8220;<\/p>\n<p>\t\u00c1 \u00feeim tuttugasta degi \u00ed \u00feeim \u00f6\u00f0rum m\u00e1na\u00f0i og \u00e1 \u00fev\u00ed \u00f6\u00f0ru \u00e1ri h\u00f3fst sk\u00fdi\u00f0 upp fr\u00e1 vitnisbur\u00f0arins tjaldb\u00fa\u00f0inni. Og \u00cdsraelssynir t\u00f3ku sig upp og dr\u00f3gu af ey\u00f0im\u00f6rkinni S\u00edna\u00ed og sk\u00fdi\u00f0 nam sta\u00f0ar \u00ed \u00feeirri ey\u00f0im\u00f6rku Paran. <span class=\"athugasemd\" title=\"Me\u00f0 hv\u00f6rri skipan \u00cdsraelsf\u00f3lk fer\u00f0a\u00f0ist\">[<\/span> En \u00feessir sviptu fyrst herb\u00fa\u00f0um eftir or\u00f0um Drottins vi\u00f0 M\u00f3sen, sem er fyrst voru merki herb\u00fa\u00f0anna J\u00fada sona og \u00feeirra flokkur og h\u00f6f\u00f0ingi fyrir \u00feeirra li\u00f0i var Nahasson son Amm\u00ednadab. <span class=\"athugasemd\" title=\"1 \/ J\u00fada\">[<\/span> Og Netaneel son S\u00faar var h\u00f6f\u00f0ingi yfir li\u00f0i \u00cdsaskars sona \u00e6ttar. Og El\u00edab son Helon var h\u00f6f\u00f0ingi yfir li\u00f0i Seb\u00falonsona \u00e6ttar. \u00dear me\u00f0 t\u00f3ku \u00feeir og tjaldb\u00fa\u00f0ina ni\u00f0ur og synir Gerson og Merar\u00ed f\u00f3ru og b\u00e1ru tjaldb\u00fa\u00f0ina.<\/p>\n<p>\t\u00dev\u00ed n\u00e6st f\u00f3r merki herb\u00fa\u00f0a R\u00faben og \u00feeirra li\u00f0 og El\u00eds\u00far son Sede\u00far var h\u00f6f\u00f0ingi yfir \u00feeirra li\u00f0i. <span class=\"athugasemd\" title=\"2 \/ R\u00faben\">[<\/span> Sel\u00fam\u00edel son S\u00far\u00ed Sada\u00ed var h\u00f6f\u00f0ingi fyrir li\u00f0i S\u00edmeonissona \u00e6ttar. Og El\u00edasaf son Deg\u00faels var h\u00f6f\u00f0ingi yfir li\u00f0i Ga\u00f0 sona \u00e6ttar. \u00de\u00e1 f\u00f3ru og so Kahat\u00edterne og b\u00e1ru helgid\u00f3minn. Og hinir a\u00f0rir reistu tjaldb\u00fa\u00f0ina upp (\u00e1 me\u00f0an) \u00fear til a\u00f0 \u00feessir komu eftir \u00feeim.<\/p>\n<p>\t\u00dear n\u00e6st f\u00f3r merki Efra\u00edms sona herb\u00fa\u00f0a og \u00feeirra li\u00f0 og El\u00edsama son Am\u00edh\u00fad var \u00feeirra h\u00f6f\u00f0ingi. <span class=\"athugasemd\" title=\"3 \/ Efra\u00edm\">[<\/span> Og Gaml\u00edel son Pedas\u00far var h\u00f6f\u00f0ingi yfir li\u00f0i Manasse sona \u00e6ttar. Og Ab\u00eddan son G\u00edde\u00f3n\u00ed var h\u00f6f\u00f0ingi yfir li\u00f0i Benjam\u00edns \u00e6ttar.<\/p>\n<p>\tH\u00e9r n\u00e6st f\u00f3r merki sona Dans herb\u00fa\u00f0a og \u00feeirra li\u00f0 og \u00fe\u00e1 var \u00f6llum herb\u00fa\u00f0um svipt. <span class=\"athugasemd\" title=\"4 \/ Dan\">[<\/span> Og Ah\u00edeser son Amm\u00ed-Sada\u00ed var h\u00f6f\u00f0ingi yfir \u00feeirra li\u00f0i. Og Pag\u00edel son Okran var h\u00f6f\u00f0ingi yfir li\u00f0i Asser sona \u00e6ttar. Og Ah\u00edar son Enan var h\u00f6f\u00f0ingi fyrir li\u00f0i Neftal\u00ed sona \u00e6ttar. Me\u00f0 \u00feessari skipan f\u00f3ru \u00cdsraelssynir og \u00feeirra herli\u00f0.<\/p>\n<p>\tOg M\u00f3ses sag\u00f0i til s\u00edns m\u00e1gs H\u00f3bab, sonar Reg\u00fael, af Mad\u00edan: &#8222;V\u00e9r f\u00f6rum til \u00feess sta\u00f0ar um hvern Drottinn hefur sagt: \u00c9g vil gefa y\u00f0ur hann. \u00dev\u00ed far n\u00fa me\u00f0 oss, \u00fe\u00e1 viljum v\u00e9r gj\u00f6ra vel til \u00fe\u00edn, \u00fea\u00f0 Drotitnn hefur lofa\u00f0 \u00cdsrael g\u00f3\u00f0u.&#8220; En hann svara\u00f0i: &#8222;Eigi vil \u00e9g fara me\u00f0 y\u00f0ur, heldur mun \u00e9g fara til minnar \u00e6ttjar\u00f0ar.&#8220; En hann sag\u00f0i: &#8222;K\u00e6ri, forl\u00e1t oss ekki, \u00fev\u00ed \u00fe\u00fa veist hvar v\u00e9r skulum setja vorar herb\u00fa\u00f0ir \u00ed ey\u00f0im\u00f6rkinni og \u00fe\u00fa skalt vera vort <span class=\"athugasemd\" title=\"sword Lei\u00f0togari\">[<\/span> auga. Og ef \u00fe\u00fa fer me\u00f0 oss \u00fe\u00e1 viljum v\u00e9r gj\u00f6ra vel til \u00fe\u00edn af \u00fev\u00ed g\u00f3\u00f0a sem Drottinn gefur oss.&#8220;<\/p>\n<p>\tSo fer\u00f0u\u00f0ust \u00feeir fr\u00e1 fjalli Drottins \u00feriggja daga lei\u00f0 og s\u00e1ttm\u00e1lsaurk Drottins f\u00f3r fyrir \u00feeim \u00fe\u00e1 s\u00f6mu \u00feriggja daga lei\u00f0 til a\u00f0 v\u00edsa \u00feeim veginn hvar \u00feeir skyldu hv\u00edla. Og sk\u00fd Drottins var yfir \u00feeim um daga \u00fe\u00e1 \u00feeir f\u00f3ru af herb\u00fa\u00f0unum. <span class=\"athugasemd\" title=\"Sk\u00fdi\u00f0 v\u00edsar f\u00f3lkinu veg um daga\">[<\/span> <\/p>\n<p>\tOg \u00fe\u00e1 \u00f6rkin f\u00f3r \u00fe\u00e1 sag\u00f0i M\u00f3ses: &#8222;R\u00eds upp, \u00fe\u00fa Drottinn, l\u00e1t \u00fe\u00edna \u00f3vini tv\u00edstrast og fl\u00fdi allir fyrir \u00fe\u00e9r \u00feeir sem \u00feig hata.&#8220; <span class=\"athugasemd\" title=\"Psal. 83\">[<\/span> Og \u00fe\u00e1 \u00f6rkin var ni\u00f0ursett \u00fe\u00e1 sag\u00f0i hann: &#8222;Kom aftur, \u00fe\u00fa Drottinn, til fj\u00f6ldans \u00fe\u00fasundanna \u00cdsrael.&#8220;<\/p>\n","protected":false},"excerpt":{"rendered":"<p>Og Drottinn tala\u00f0i vi\u00f0 M\u00f3sen og sag\u00f0i: &#8222;Gj\u00f6r \u00fe\u00e9r tvo l\u00fa\u00f0ra af kl\u00e1ru silfri so \u00fe\u00fa megir hafa \u00fe\u00e1 \u00fear til a\u00f0 kalla alm\u00fagann saman og \u00feegar y\u00f0ar her skal herb\u00fa\u00f0um svipta. [ \u00deegar bl\u00e1si\u00f0 er \u00ed \u00fe\u00e1 b\u00e1\u00f0a einfaldlega \u00fe\u00e1 skal allur alm\u00faginn samansafnast til \u00fe\u00edn utan fyrir vitnisbur\u00f0arins tjaldb\u00fa\u00f0ardyrum. Og \u00fe\u00e1 bl\u00e1si\u00f0 er \u00ed annan einfaldlega \u00fe\u00e1 skulu h\u00f6f\u00f0ingjarnir safnast til \u00fe\u00edn og \u00feeir inu yppustu yfir \u00fe\u00fasund \u00ed \u00cdsrael. En \u00fe\u00e1 l\u00fa\u00f0urinn gellur lengi og trametar \u00fe\u00e1 skal s\u00e1 flokkur herb\u00fa\u00f0um svipta sem er \u00ed austri. Og \u00fe\u00e1 \u00feeir bl\u00e1sa \u00ed annan t\u00edma og trameta \u00fe\u00e1 skal <a href=\"https:\/\/biblian.is\/gudbrandsbiblia\/fjorda-mosebok-10-kafli\/\"> [&#8230;]<\/a><\/p>\n","protected":false},"author":1,"featured_media":0,"parent":0,"menu_order":0,"comment_status":"open","ping_status":"open","template":"bibliukaflar.php","meta":{"footnotes":""},"class_list":["post-2819","page","type-page","status-publish","hentry"],"_links":{"self":[{"href":"https:\/\/biblian.is\/gudbrandsbiblia\/wp-json\/wp\/v2\/pages\/2819","targetHints":{"allow":["GET"]}}],"collection":[{"href":"https:\/\/biblian.is\/gudbrandsbiblia\/wp-json\/wp\/v2\/pages"}],"about":[{"href":"https:\/\/biblian.is\/gudbrandsbiblia\/wp-json\/wp\/v2\/types\/page"}],"author":[{"embeddable":true,"href":"https:\/\/biblian.is\/gudbrandsbiblia\/wp-json\/wp\/v2\/users\/1"}],"replies":[{"embeddable":true,"href":"https:\/\/biblian.is\/gudbrandsbiblia\/wp-json\/wp\/v2\/comments?post=2819"}],"version-history":[{"count":0,"href":"https:\/\/biblian.is\/gudbrandsbiblia\/wp-json\/wp\/v2\/pages\/2819\/revisions"}],"wp:attachment":[{"href":"https:\/\/biblian.is\/gudbrandsbiblia\/wp-json\/wp\/v2\/media?parent=2819"}],"curies":[{"name":"wp","href":"https:\/\/api.w.org\/{rel}","templated":true}]}}