{"id":2818,"date":"2017-12-18T18:31:50","date_gmt":"2017-12-18T18:31:50","guid":{"rendered":"http:\/\/biblian.is\/gudbrandsbiblia\/fjorda-mosebok-9-kafli\/"},"modified":"2017-12-18T18:31:50","modified_gmt":"2017-12-18T18:31:50","slug":"fjorda-mosebok-9-kafli","status":"publish","type":"page","link":"https:\/\/biblian.is\/gudbrandsbiblia\/fjorda-mosebok-9-kafli\/","title":{"rendered":"Fj\u00f3r\u00f0a M\u00f3seb\u00f3k 9. kafli"},"content":{"rendered":"<p>Og Drottinn tala\u00f0i vi\u00f0 M\u00f3sen \u00ed ey\u00f0im\u00f6rku S\u00edna\u00ed \u00e1 \u00f6\u00f0ru \u00e1ri eftir \u00fea\u00f0 \u00feeir voru \u00fatfarnir af Egyptalandi, \u00e1 \u00feeim fyrsta m\u00e1na\u00f0i og sag\u00f0i: &#8222;L\u00e1t \u00cdsraelssonu halda p\u00e1ska \u00e1 s\u00ednum t\u00edma eftir allri sinni skikkan og \u00f6llum s\u00ednum r\u00e9tti \u00feann fj\u00f3rt\u00e1nda dag \u00ed \u00feessum m\u00e1na\u00f0i a\u00f0 aftni.&#8220; <span class=\"athugasemd\" title=\"Num. 28 \/ Exod. 12 \/ Levit. 13 \/ Deut. 16\">[<\/span> Og M\u00f3ses tala\u00f0i vi\u00f0 \u00cdsraelssonu a\u00f0 \u00feeir skyldu halda p\u00e1ska. Og \u00feeir h\u00e9ldu p\u00e1ska \u00feann fj\u00f3rt\u00e1nda dag \u00ed \u00feeim fyrsta m\u00e1na\u00f0i m\u00f3ti kv\u00f6ldi \u00ed ey\u00f0im\u00f6rku S\u00edna\u00ed. Og \u00cdsraelssynir gj\u00f6r\u00f0u allt \u00fea\u00f0 sem Drottinn haf\u00f0i bo\u00f0i\u00f0 M\u00f3se.<\/p>\n<p>\t\u00de\u00e1 voru \u00fear nokkrir menn sem saurgast h\u00f6f\u00f0u af framli\u00f0num manni so \u00feeir g\u00e1tu ekki haldi\u00f0 p\u00e1skana \u00e1 \u00feeim degi. \u00deeir gengu fyrir M\u00f3sen og Aron \u00feann sama dag og s\u00f6g\u00f0u: &#8222;V\u00e9r erum \u00f3hreinir af framli\u00f0num manni. \u00dev\u00ed skulum v\u00e9r \u00fear fyrir vera minnih\u00e1ttar a\u00f0 v\u00e9r megum eigi bera vorar g\u00e1fur inn fyrir Drottin \u00e1 s\u00ednum t\u00edma \u00e1 me\u00f0al \u00cdsraelssona?&#8220; En M\u00f3ses sag\u00f0i til \u00feeirra: &#8222;Hafi\u00f0 bi\u00f0lund, \u00e9g vil heyra hva\u00f0 Drottinn b\u00fd\u00f0ur y\u00f0ur.&#8220; Og Drottinn tala\u00f0i vi\u00f0 M\u00f3sen og sag\u00f0i: &#8222;Tala \u00fe\u00fa til \u00cdsraelssona og seg\u00f0u: \u00deegar a\u00f0 nokkur saurgast af einum framli\u00f0num e\u00f0a er \u00ed fjarska vi\u00f0 y\u00f0ur \u00e1 sinni reisu e\u00f0a \u00e1 me\u00f0al y\u00f0ar \u00e6ttmanna, s\u00e1 sami skal l\u00edka vel halda Herrans p\u00e1ska, en \u00fe\u00f3 \u00e1 \u00feann fj\u00f3rt\u00e1nda dag \u00ed \u00feeim \u00f6\u00f0rum m\u00e1na\u00f0i \u00e1 m\u00f3ti kv\u00f6ldi, og skal eta \u00fea\u00f0 me\u00f0 \u00f3s\u00fdr\u00f0u brau\u00f0i og beisku salti og l\u00e1ta \u00fear ekki neitt afleyfast til annars morguns og ekkert bein skulu \u00feeir brj\u00f3ta \u00ed \u00fev\u00ed og \u00feeir skulu halda \u00fea\u00f0 \u00ed allan m\u00e1ta so sem menn plaga p\u00e1ska a\u00f0 halda. <span class=\"athugasemd\" title=\"Exod. 12 \/ J\u00f3h. 19\">[<\/span><\/p>\n<p>\tEn hv\u00f6r hann er hreinn og er ei \u00ed fjarl\u00e6g\u00f0 \u00e1 sinni reisu og h\u00e9lt \u00fe\u00f3 ekki p\u00e1skana, hans s\u00e1l skal afm\u00e1st fr\u00e1 hans f\u00f3lki, s\u00f6kum \u00feess a\u00f0 hann hefur ekki f\u00e6rt Drottni s\u00edna g\u00e1fu \u00e1 s\u00ednum t\u00edma, hann skal bera s\u00edna synd. Og \u00fe\u00e1 \u00fear b\u00fdr nokkur framandi hj\u00e1 y\u00f0ur, hann skal og halda Drottins p\u00e1ska og hann skal halda \u00fe\u00e1 eftir p\u00e1skanna skikkan og r\u00e9tti. \u00deessi skikkan skal vera eins fyrir alla, so \u00feann framanda so sem \u00feann \u00f3\u00f0alborna.&#8220;<\/p>\n<p>\tOg \u00e1 \u00feeim degi sem tjaldb\u00fa\u00f0in var uppreist \u00fe\u00e1 kom eitt sk\u00fd og huldi tjaldb\u00fa\u00f0ina vitnisbur\u00f0arins og \u00fea\u00f0 var a\u00f0 sj\u00e1 yfir tjaldb\u00fa\u00f0inni fr\u00e1 kv\u00f6ldi og til morguns \u00fev\u00edl\u00edkast sem eirn eldur. <span class=\"athugasemd\" title=\"Hven\u00e6r \u00cdsraelssynir fer\u00f0u\u00f0ust og n\u00e6r \u00feeir reistu herb\u00fa\u00f0ir\">[<\/span> So ske\u00f0i jafnan a\u00f0 sk\u00fdi\u00f0 huldi hana og um n\u00e6tur var \u00fea\u00f0 a\u00f0 sj\u00e1 sem eirn eldur. Og \u00fe\u00e1 sk\u00fdi\u00f0 t\u00f3k sig upp fr\u00e1 tjaldb\u00fa\u00f0inni \u00fe\u00e1 fer\u00f0u\u00f0ust \u00cdsraelssynir s\u00edna lei\u00f0. Og hvar sem sk\u00fdi\u00f0 sta\u00f0n\u00e6mdist \u00fear settu \u00cdsraelssynir s\u00ednar tjaldb\u00fa\u00f0ir. \u00cdsraelssynir fer\u00f0u\u00f0ust eftir or\u00f0i Drottins og eftir hans or\u00f0i l\u00f6g\u00f0u \u00feeir sig. Og so lengi sem sk\u00fdi\u00f0 var yfir tjaldb\u00fa\u00f0inni, so lengi l\u00e1u \u00feeir kyrrir. Og \u00fe\u00e1 sk\u00fdi\u00f0 var marga daga yfir tjaldb\u00fa\u00f0inni \u00fe\u00e1 g\u00e6ttu \u00cdsraelssynir var\u00f0halds Drottins og fer\u00f0u\u00f0ust hv\u00f6rgi.<\/p>\n<p>\tOg \u00feegar so bar a\u00f0 a\u00f0 sk\u00fdi\u00f0 var nokkra daga samfleytt yfir tjaldb\u00fa\u00f0inni \u00fe\u00e1 settu \u00feeir s\u00ednar herb\u00fa\u00f0ir eftir or\u00f0i Drottins, so og fer\u00f0u\u00f0ust \u00feeir \u00e1lei\u00f0is eftir or\u00f0i Drottins. \u00de\u00e1 sk\u00fdi\u00f0 var \u00fear fr\u00e1 kv\u00f6ldi til morguns og t\u00f3k sig \u00fe\u00e1 upp \u00fe\u00e1 fer\u00f0u\u00f0ust \u00feeir framvegis. E\u00f0a \u00fe\u00e1 \u00fea\u00f0 t\u00f3k sig upp um daga e\u00f0a um n\u00e6tur \u00fe\u00e1 fer\u00f0u\u00f0ust \u00feeir s\u00edna lei\u00f0. En \u00fe\u00e1 \u00fea\u00f0 var tvo daga e\u00f0a eirn m\u00e1nu\u00f0 e\u00f0a nokku\u00f0 lengur yfir tjaldb\u00fa\u00f0inni \u00fe\u00e1 voru \u00cdsraelssynir kyrrir og fer\u00f0u\u00f0ust hv\u00f6rgi. Og \u00fe\u00e1 \u00fea\u00f0 t\u00f3k sig upp \u00fe\u00e1 fer\u00f0u\u00f0ust \u00feeir. \u00dev\u00ed eftir Drottins munni reistu \u00feeir s\u00ednar herb\u00fa\u00f0ir og eftir Drottins munni fer\u00f0u\u00f0ust \u00feeir. Og \u00feeir g\u00e6ttu a\u00f0 Drottins var\u00f0haldi eftir or\u00f0um Drottins fyrir M\u00f3sen.<\/p>\n","protected":false},"excerpt":{"rendered":"<p>Og Drottinn tala\u00f0i vi\u00f0 M\u00f3sen \u00ed ey\u00f0im\u00f6rku S\u00edna\u00ed \u00e1 \u00f6\u00f0ru \u00e1ri eftir \u00fea\u00f0 \u00feeir voru \u00fatfarnir af Egyptalandi, \u00e1 \u00feeim fyrsta m\u00e1na\u00f0i og sag\u00f0i: &#8222;L\u00e1t \u00cdsraelssonu halda p\u00e1ska \u00e1 s\u00ednum t\u00edma eftir allri sinni skikkan og \u00f6llum s\u00ednum r\u00e9tti \u00feann fj\u00f3rt\u00e1nda dag \u00ed \u00feessum m\u00e1na\u00f0i a\u00f0 aftni.&#8220; [ Og M\u00f3ses tala\u00f0i vi\u00f0 \u00cdsraelssonu a\u00f0 \u00feeir skyldu halda p\u00e1ska. Og \u00feeir h\u00e9ldu p\u00e1ska \u00feann fj\u00f3rt\u00e1nda dag \u00ed \u00feeim fyrsta m\u00e1na\u00f0i m\u00f3ti kv\u00f6ldi \u00ed ey\u00f0im\u00f6rku S\u00edna\u00ed. Og \u00cdsraelssynir gj\u00f6r\u00f0u allt \u00fea\u00f0 sem Drottinn haf\u00f0i bo\u00f0i\u00f0 M\u00f3se. \u00de\u00e1 voru \u00fear nokkrir menn sem saurgast h\u00f6f\u00f0u af framli\u00f0num manni so \u00feeir g\u00e1tu ekki haldi\u00f0 <a href=\"https:\/\/biblian.is\/gudbrandsbiblia\/fjorda-mosebok-9-kafli\/\"> [&#8230;]<\/a><\/p>\n","protected":false},"author":1,"featured_media":0,"parent":0,"menu_order":0,"comment_status":"open","ping_status":"open","template":"bibliukaflar.php","meta":{"footnotes":""},"class_list":["post-2818","page","type-page","status-publish","hentry"],"_links":{"self":[{"href":"https:\/\/biblian.is\/gudbrandsbiblia\/wp-json\/wp\/v2\/pages\/2818","targetHints":{"allow":["GET"]}}],"collection":[{"href":"https:\/\/biblian.is\/gudbrandsbiblia\/wp-json\/wp\/v2\/pages"}],"about":[{"href":"https:\/\/biblian.is\/gudbrandsbiblia\/wp-json\/wp\/v2\/types\/page"}],"author":[{"embeddable":true,"href":"https:\/\/biblian.is\/gudbrandsbiblia\/wp-json\/wp\/v2\/users\/1"}],"replies":[{"embeddable":true,"href":"https:\/\/biblian.is\/gudbrandsbiblia\/wp-json\/wp\/v2\/comments?post=2818"}],"version-history":[{"count":0,"href":"https:\/\/biblian.is\/gudbrandsbiblia\/wp-json\/wp\/v2\/pages\/2818\/revisions"}],"wp:attachment":[{"href":"https:\/\/biblian.is\/gudbrandsbiblia\/wp-json\/wp\/v2\/media?parent=2818"}],"curies":[{"name":"wp","href":"https:\/\/api.w.org\/{rel}","templated":true}]}}