{"id":2817,"date":"2017-12-18T18:31:50","date_gmt":"2017-12-18T18:31:50","guid":{"rendered":"http:\/\/biblian.is\/gudbrandsbiblia\/fjorda-mosebok-8-kafli\/"},"modified":"2017-12-18T18:31:50","modified_gmt":"2017-12-18T18:31:50","slug":"fjorda-mosebok-8-kafli","status":"publish","type":"page","link":"https:\/\/biblian.is\/gudbrandsbiblia\/fjorda-mosebok-8-kafli\/","title":{"rendered":"Fj\u00f3r\u00f0a M\u00f3seb\u00f3k 8. kafli"},"content":{"rendered":"<p>Og Drottinn tala\u00f0i vi\u00f0 M\u00f3sen og sag\u00f0i: &#8222;Tala \u00fe\u00fa vi\u00f0 Aron og seg\u00f0u til hans: \u00de\u00e1 \u00fe\u00fa setur lampana upp \u00fe\u00e1 skaltu so setja \u00fe\u00e1 a\u00f0 \u00feeir l\u00fdsi allir sj\u00f6 til l\u00edka <span class=\"athugasemd\" title=\"a \/ (Framanvert) \u00dea\u00f0 er, lj\u00f3sin \u00ed l\u00f6mpunum skulu vera \u00feeirra megin sem horfir innar a\u00f0 fortjaldinu\">[<\/span> framanvert fyrir lj\u00f3sastikuna.&#8220; Og Aron gj\u00f6r\u00f0i so og setti lampana a\u00f0 l\u00fdsa framanvert fyrir lj\u00f3sastikunni, sem Drottinn haf\u00f0i b\u00edfala\u00f0 M\u00f3se. Kertistikan var af slegnu gulli, b\u00e6\u00f0i stjakinn sj\u00e1lfur og liljurnar. Eftir \u00feeirra l\u00edking sem Drottinn haf\u00f0i s\u00fdnt M\u00f3se, so gj\u00f6r\u00f0i hann lj\u00f3sastikuna.<\/p>\n<p>\tOg Drottinn tala\u00f0i vi\u00f0 M\u00f3sen og sag\u00f0i: &#8222;Tak \u00fe\u00fa Lev\u00edtana burt fr\u00e1 \u00cdsraelissonum og hreinsa \u00fe\u00e1. En so skaltu fara a\u00f0 hreinsa \u00fe\u00e1: \u00de\u00fa skalt <span class=\"athugasemd\" title=\"sword (Syndavatn) \/ V\u00edgt vatn sem st\u00f6kkt var yfir \u00fe\u00e1 sem afleystir voru\">[<\/span> st\u00f6kkva syndavatninu \u00e1 \u00fe\u00e1 og \u00feeir skulu raka allir sitt h\u00e1r af og \u00fevo s\u00edn kl\u00e6\u00f0i, so eru \u00feeir me\u00f0 \u00f6llu hreinir. <span class=\"athugasemd\" title=\"Hreinsan Lev\u00edtanna\">[<\/span><\/p>\n<p>\t\u00de\u00e1 skulu \u00feeir taka eirn ungan uxa og hans matoffur, hveitisarla blanda\u00f0 me\u00f0 oleo. Og \u00fe\u00fa salt taka eirn annan ungan uxa til syndaoffurs. Og \u00fe\u00fa skalt lei\u00f0a Lev\u00edtana fyrir vitnisbur\u00f0arins tjaldb\u00fa\u00f0 og samansafna \u00f6llum \u00cdsraelssonum og lei\u00f0a Lev\u00edtana fyrir Drottin. Og \u00cdsraelssynir skulu leggja s\u00ednar hendur yfir Lev\u00edtana. Og Aron skal veifa Lev\u00edtunum af \u00cdsraelssonum til veifunaroffurs fyrir Drottni so \u00feeir megi \u00fej\u00f3na \u00ed emb\u00e6ttinu fyrir Drottni.<\/p>\n<p>\t\u00de\u00e1 skulu Lev\u00edtarnir leggja s\u00ednar hendur upp\u00e1 uxanna h\u00f6fu\u00f0 og \u00feann eina skaltu f\u00e6ra til syndaoffurs en annan til brennif\u00f3rnar fyrir Drottni til eirnrar forl\u00edkunar fyrir Lev\u00edtunum. Og \u00fe\u00fa skalt skikka Lev\u00edtana fram fyrir Aron og hans syni og veifa \u00feeim til veifunaroffurs fyrir Drottni og skilja \u00fe\u00e1 so fr\u00e1 \u00cdsarelissonum, a\u00f0 \u00feeir s\u00e9 m\u00ednir. \u00dev\u00ed n\u00e6st skulu \u00feeir ganga og \u00fej\u00f3na \u00ed vitnisbur\u00f0arins tjaldb\u00fa\u00f0. Svo skalt \u00fe\u00fa hreinsa \u00fe\u00e1 og veifa \u00feeim, \u00fev\u00ed \u00feeir eru m\u00e9r gefnir af \u00cdsraelssonum og \u00e9g hefi \u00fe\u00e1 til m\u00edn teki\u00f0 fyrir allt \u00fea\u00f0 sem opnar sinnar m\u00f3\u00f0ur kvi\u00f0, sem er fyrir \u00fe\u00e1 frumgetnu af \u00f6llum \u00cdsraelssonum.<\/p>\n<p>\t\u00dev\u00ed allir frumbur\u00f0ir \u00e1 me\u00f0al \u00cdsraelssona heyra m\u00e9r til, b\u00e6\u00f0i af m\u00f6nnum og f\u00e9na\u00f0i, s\u00ed\u00f0an \u00fea\u00f0 \u00e9g \u00ed hel sl\u00f3 alla frumbur\u00f0i \u00e1 Egyptalandi og helga\u00f0i \u00fe\u00e1 m\u00e9r og t\u00f3k Lev\u00edtana af \u00cdsraelssonum so \u00feeir skyldu \u00fej\u00f3na \u00ed \u00cdsraelssona emb\u00e6tti \u00ed vitnisbur\u00f0arins tjaldb\u00fa\u00f0, til a\u00f0 gj\u00f6ra forl\u00edkun fyrir \u00cdsraelssyni, so a\u00f0 \u00fear s\u00e9 engin pl\u00e1ga \u00e1 me\u00f0al \u00cdsraelissona, ef \u00feeir vilja koma n\u00e6r helgid\u00f3minum.&#8220; <span class=\"athugasemd\" title=\"Allir frumbur\u00f0ir heyra Drottni til \/ Exod. 13 \/ Num. 3 \/ L\u00fak. 2\">[<\/span>  <\/p>\n<p>\tOg M\u00f3ses og Aron og allur alm\u00faginn af \u00cdsraelssonum breytti \u00ed \u00f6llum hlutum vi\u00f0 Lev\u00edtana svo sem Drottinn haf\u00f0i bo\u00f0i\u00f0 M\u00f3se. Og Lev\u00edtarnir hreinsu\u00f0u sig og \u00fevo\u00f0u s\u00edn kl\u00e6\u00f0i og Aron upplyfti \u00feeim fyrir Drottni og forl\u00edkti \u00fe\u00e1, so \u00feeir ur\u00f0u hreinir. Og eftir \u00fea\u00f0 gengu \u00feeir inn og fr\u00f6mdu sitt emb\u00e6tti \u00ed vitnisbur\u00f0arins tjaldb\u00fa\u00f0 fyrir Aroni og hans sonum, sem Drottinn haf\u00f0i b\u00edfala\u00f0 M\u00f3se yfir Lev\u00edtunum, so gj\u00f6r\u00f0u \u00feeir vi\u00f0 \u00fe\u00e1.<\/p>\n<p>\tOg Drottinn tala\u00f0i vi\u00f0 M\u00f3sen og sag\u00f0i: &#8222;\u00deetta er \u00fea\u00f0 sem Lev\u00edtarnir skulu gj\u00f6ra: Fr\u00e1 \u00fev\u00ed \u00feeir eru fimm og tuttugu \u00e1ra og \u00fea\u00f0an af eru \u00feeir duganlegir a\u00f0 draga \u00ed str\u00ed\u00f0 og \u00fej\u00f3na \u00ed vitnisbur\u00f0arins tjaldb\u00fa\u00f0. <span class=\"athugasemd\" title=\"Lev\u00edtanna aldur\">[<\/span> En fr\u00e1 fimmtuganda \u00e1ri skulu \u00feeir vera frj\u00e1lsir fr\u00e1 s\u00ednu emb\u00e6tti og \u00fej\u00f3nustu og skulu ekki meir \u00fej\u00f3na, heldur taka vara \u00e1 \u00feeirra br\u00e6\u00f0ra \u00fej\u00f3nustu \u00ed vitnisbur\u00f0arins tjaldb\u00fa\u00f0. En \u00feeir skulu ekki annast emb\u00e6tti\u00f0. So skaltu breyta vi\u00f0 Lev\u00edtana svo a\u00f0 hv\u00f6r vakti sitt var\u00f0hald.&#8220;<\/p>\n","protected":false},"excerpt":{"rendered":"<p>Og Drottinn tala\u00f0i vi\u00f0 M\u00f3sen og sag\u00f0i: &#8222;Tala \u00fe\u00fa vi\u00f0 Aron og seg\u00f0u til hans: \u00de\u00e1 \u00fe\u00fa setur lampana upp \u00fe\u00e1 skaltu so setja \u00fe\u00e1 a\u00f0 \u00feeir l\u00fdsi allir sj\u00f6 til l\u00edka [ framanvert fyrir lj\u00f3sastikuna.&#8220; Og Aron gj\u00f6r\u00f0i so og setti lampana a\u00f0 l\u00fdsa framanvert fyrir lj\u00f3sastikunni, sem Drottinn haf\u00f0i b\u00edfala\u00f0 M\u00f3se. Kertistikan var af slegnu gulli, b\u00e6\u00f0i stjakinn sj\u00e1lfur og liljurnar. Eftir \u00feeirra l\u00edking sem Drottinn haf\u00f0i s\u00fdnt M\u00f3se, so gj\u00f6r\u00f0i hann lj\u00f3sastikuna. Og Drottinn tala\u00f0i vi\u00f0 M\u00f3sen og sag\u00f0i: &#8222;Tak \u00fe\u00fa Lev\u00edtana burt fr\u00e1 \u00cdsraelissonum og hreinsa \u00fe\u00e1. En so skaltu fara a\u00f0 hreinsa \u00fe\u00e1: \u00de\u00fa skalt <a href=\"https:\/\/biblian.is\/gudbrandsbiblia\/fjorda-mosebok-8-kafli\/\"> [&#8230;]<\/a><\/p>\n","protected":false},"author":1,"featured_media":0,"parent":0,"menu_order":0,"comment_status":"open","ping_status":"open","template":"bibliukaflar.php","meta":{"footnotes":""},"class_list":["post-2817","page","type-page","status-publish","hentry"],"_links":{"self":[{"href":"https:\/\/biblian.is\/gudbrandsbiblia\/wp-json\/wp\/v2\/pages\/2817","targetHints":{"allow":["GET"]}}],"collection":[{"href":"https:\/\/biblian.is\/gudbrandsbiblia\/wp-json\/wp\/v2\/pages"}],"about":[{"href":"https:\/\/biblian.is\/gudbrandsbiblia\/wp-json\/wp\/v2\/types\/page"}],"author":[{"embeddable":true,"href":"https:\/\/biblian.is\/gudbrandsbiblia\/wp-json\/wp\/v2\/users\/1"}],"replies":[{"embeddable":true,"href":"https:\/\/biblian.is\/gudbrandsbiblia\/wp-json\/wp\/v2\/comments?post=2817"}],"version-history":[{"count":0,"href":"https:\/\/biblian.is\/gudbrandsbiblia\/wp-json\/wp\/v2\/pages\/2817\/revisions"}],"wp:attachment":[{"href":"https:\/\/biblian.is\/gudbrandsbiblia\/wp-json\/wp\/v2\/media?parent=2817"}],"curies":[{"name":"wp","href":"https:\/\/api.w.org\/{rel}","templated":true}]}}