{"id":2811,"date":"2017-12-18T18:31:47","date_gmt":"2017-12-18T18:31:47","guid":{"rendered":"http:\/\/biblian.is\/gudbrandsbiblia\/fjorda-mosebok-2-kafli\/"},"modified":"2017-12-18T18:31:47","modified_gmt":"2017-12-18T18:31:47","slug":"fjorda-mosebok-2-kafli","status":"publish","type":"page","link":"https:\/\/biblian.is\/gudbrandsbiblia\/fjorda-mosebok-2-kafli\/","title":{"rendered":"Fj\u00f3r\u00f0a M\u00f3seb\u00f3k 2. kafli"},"content":{"rendered":"<p>Og Drottinn tala\u00f0i vi\u00f0 M\u00f3sen og Aron og sag\u00f0i: &#8222;\u00cdsraelissynir skulu reisa \u00feeirra herb\u00fa\u00f0ir utan um kring vitnisbur\u00f0arb\u00fa\u00f0ina, hv\u00f6r undir s\u00ednu merki og teikni, eftir \u00feeirra fe\u00f0ra h\u00fasum. <span class=\"athugasemd\" title=\"Skipan herb\u00fa\u00f0anna \u00cdsraelssona\">[<\/span> <\/p>\n<p>\tJ\u00fada skal setja s\u00ednar herb\u00fa\u00f0ir fyrir austan fram me\u00f0 s\u00ednu merki og \u00f6llum her, \u00feeirra h\u00f6f\u00f0ingi Nahesson son Amm\u00ednadab og hans her, sem er a\u00f0 manntali fj\u00f3rar og sj\u00f6tygu \u00fe\u00fasundir og sex hundru\u00f0. <span class=\"athugasemd\" title=\"Herb\u00fa\u00f0ir J\u00fada \u00ed austur fr\u00e1 tjaldb\u00fa\u00f0inni\">[<\/span> N\u00e6st honum skal \u00cdsaskar kynkv\u00edsl s\u00ednar herb\u00fa\u00f0ir reisa, \u00feeirra h\u00f6fu\u00f0sma\u00f0ur Netaneel son S\u00faar og hans reikna\u00f0ur her, fj\u00f3rar og fimmtygi \u00fe\u00fasundir og fj\u00f6gur hundru\u00f0. \u00dear n\u00e6st Seb\u00falons \u00e6tt, \u00feeirra h\u00f6f\u00f0ingi El\u00edab son Helon og hans reikna\u00f0ur her, sj\u00f6 og fimmtygir \u00fe\u00fasundir og fj\u00f6gur hundru\u00f0. So a\u00f0 allir \u00feeir sem heyra til J\u00fada herb\u00fa\u00f0um eru \u00ed einni summa hundra\u00f0 \u00fe\u00fasundir og sex og \u00e1ttatygir \u00fe\u00fasundir og fj\u00f6gur hundru\u00f0, sem heyrir til \u00feeirra her, og skulu reisa fremstir.<\/p>\n<p>\t\u00cd su\u00f0ur skal vera merki R\u00faben og tjaldb\u00fa\u00f0 me\u00f0 s\u00ednum her, \u00feeirra h\u00f6f\u00f0ingi El\u00eds\u00far son Sede\u00far og hans reikna\u00f0ur her, sex og fj\u00f6rutygir \u00fe\u00fasundir og fimm hundru\u00f0. <span class=\"athugasemd\" title=\"Herb\u00fa\u00f0ir R\u00faben \u00ed su\u00f0ur fr\u00e1 tjaldb\u00fa\u00f0inni\">[<\/span> N\u00e6st honum skal S\u00edmeons kyn\u00fe\u00e1ttur setja s\u00ednar herb\u00fa\u00f0ir, \u00feeirra h\u00f6f\u00f0ingi Sel\u00fam\u00edel son S\u00far\u00ed-Sada\u00ed og hans reikna\u00f0ur her, n\u00edu og fimmtyi \u00fe\u00fasundir og \u00ferj\u00fa hundru\u00f0. \u00dear n\u00e6st kyn Ga\u00f0, \u00feeirra h\u00f6f\u00f0ingi Eleasar son Reg\u00faels og hans reikna\u00f0ur her, sem er fimm og fj\u00f3rutygir \u00fe\u00fasundir sex hundru\u00f0 og fimmtygu. So a\u00f0 allir \u00feeir sem heyra til R\u00fabens herb\u00fa\u00f0um eru a\u00f0 manntali reikna\u00f0ir hundra\u00f0 \u00fe\u00fasund og eitt og fimmtygu \u00fe\u00fasund og fj\u00f6gur hundru\u00f0 og fimmtygi, sem heyrir til \u00feeirra her. Og \u00feeir skulu reisa n\u00e6st \u00feeim fyrstu.<\/p>\n<p>\t\u00dear n\u00e6st skal vitnisbur\u00f0arins tjaldb\u00fa\u00f0 fara me\u00f0 Lev\u00edtanna herb\u00fa\u00f0unum r\u00e9tt \u00e1 me\u00f0al herb\u00fa\u00f0anna og allt eftir \u00fev\u00ed sem \u00feeir leggja sig ni\u00f0ur so skulu \u00feeir og fer\u00f0ast, hv\u00f6r \u00ed s\u00ednum sta\u00f0, undir s\u00ednu merki. <span class=\"athugasemd\" title=\"Lev\u00edtanna herb\u00fa\u00f0ir\">[<\/span><\/p>\n<p>\t\u00cd vestur skulu Efra\u00edms herb\u00fa\u00f0ir og merki liggja me\u00f0 s\u00ednum her. <span class=\"athugasemd\" title=\"Herb\u00fa\u00f0ir Efra\u00edm \u00ed vestur\">[<\/span> \u00deeirra h\u00f6f\u00f0ingi skal vera El\u00edsama son Am\u00edh\u00fad og hans reikna\u00f0ur her er a\u00f0 manntali fj\u00f6rut\u00edu \u00fe\u00fasundir og fimm hundru\u00f0. En hj\u00e1 \u00feeim skal Manasse \u00e6tt leggja sig, \u00feeirra h\u00f6f\u00f0ingi Gaml\u00edel son Pedas\u00far og hans reikna\u00f0ur her, tv\u00e6r og \u00ferj\u00e1tyi \u00fe\u00fasundir og tv\u00f6 hundru\u00f0. \u00dear n\u00e6st Ben-Jam\u00edns kyn\u00fe\u00e1ttur, \u00feeirra h\u00f6f\u00f0ingi Alb\u00eddan son Gede\u00f3n\u00ed, hans reikna\u00f0ur her a\u00f0 manntali fimm og \u00ferj\u00e1tygi \u00fe\u00fasundir og fj\u00f6gur hundru\u00f0. So a\u00f0 allir \u00feeir sem heyra til Efra\u00edms herb\u00fa\u00f0um \u00feeir eru samanreikna\u00f0ir eftir manntali hundra\u00f0 \u00fe\u00fasund og \u00e1tta \u00fe\u00fasund og eitt hundra\u00f0, \u00feeir sem heyra til hans her. Og \u00feeir skulu vera \u00ed \u00feri\u00f0ju fylkingu \u00fe\u00e1 \u00feeir reisa.<\/p>\n<p>\tHerb\u00fa\u00f0ir Dan og merki skal vera \u00ed nor\u00f0ur me\u00f0 s\u00ednum her, \u00feeirra h\u00f6f\u00f0ingi Ah\u00edeser son Amm\u00ed-Sada\u00ed, hans reikna\u00f0ur her tv\u00f6 og sextygu \u00fe\u00fasundru\u00f0 og sj\u00f6 hundru\u00f0. <span class=\"athugasemd\" title=\"Herb\u00fa\u00f0ir Dan \u00ed nor\u00f0ur fr\u00e1 tjaldb\u00fa\u00f0inni\">[<\/span> Hj\u00e1 honum skal Asser kyn\u00fe\u00e1ttur leggja sig, \u00feeirra h\u00f6f\u00f0ingi Pag\u00edel son Okran, hans reikna\u00f0ur her eitt og fj\u00f3rutygi \u00fe\u00fasund og fimm hundru\u00f0. \u00dear n\u00e6st Neftal\u00ed \u00e6tt, \u00feeirra h\u00f6f\u00f0ingi Ah\u00edra son Enan, hans reikna\u00f0ur her \u00ferj\u00e1r og fimmtygi \u00fe\u00fasundir og fj\u00f6gur hundru\u00f0. So a\u00f0 allir \u00feeir sem heyra til herb\u00fa\u00f0um Dan eru reikna\u00f0ir hundra\u00f0 \u00fe\u00fasund sj\u00f6 og fimmtygi \u00fe\u00fasundir og sex hundru\u00f0. Og \u00feeir skulu vera \u00feeir inir seinustu sem a\u00f0 reisa \u00fat me\u00f0 \u00feeirra merkjum.&#8220;<\/p>\n<p>\t\u00deetta er manntali\u00f0 allra \u00cdsraelissona eftir \u00feeirra fe\u00f0ra h\u00fasi og herb\u00fa\u00f0um, me\u00f0 \u00feeirra her, sex sinnum hundra\u00f0 \u00fe\u00fasunda \u00ferj\u00e1r \u00fe\u00fasundir fimm hundru\u00f0 og fimmtygi. <span class=\"athugasemd\" title=\"Summa og manntal \u00cdsraelissona \/ Num. 1 \/ Exod. 12\">[<\/span> En Lev\u00edtarnir voru ekki taldir \u00ed \u00feessu manntali \u00e1 me\u00f0al \u00cdsraelssona, sem Drottinn haf\u00f0i b\u00edfala\u00f0 M\u00f3se. Og \u00cdsraelissynir gj\u00f6r\u00f0u allt saman so sem Drottinn haf\u00f0i bo\u00f0i\u00f0 M\u00f3se og settu herb\u00fa\u00f0irnar undir \u00feeirra merki og dr\u00f3gu \u00fat hv\u00f6r me\u00f0 s\u00ednum kyn\u00fe\u00e6tti, eftir \u00feeirra fe\u00f0ra h\u00fasi.<\/p>\n","protected":false},"excerpt":{"rendered":"<p>Og Drottinn tala\u00f0i vi\u00f0 M\u00f3sen og Aron og sag\u00f0i: &#8222;\u00cdsraelissynir skulu reisa \u00feeirra herb\u00fa\u00f0ir utan um kring vitnisbur\u00f0arb\u00fa\u00f0ina, hv\u00f6r undir s\u00ednu merki og teikni, eftir \u00feeirra fe\u00f0ra h\u00fasum. [ J\u00fada skal setja s\u00ednar herb\u00fa\u00f0ir fyrir austan fram me\u00f0 s\u00ednu merki og \u00f6llum her, \u00feeirra h\u00f6f\u00f0ingi Nahesson son Amm\u00ednadab og hans her, sem er a\u00f0 manntali fj\u00f3rar og sj\u00f6tygu \u00fe\u00fasundir og sex hundru\u00f0. [ N\u00e6st honum skal \u00cdsaskar kynkv\u00edsl s\u00ednar herb\u00fa\u00f0ir reisa, \u00feeirra h\u00f6fu\u00f0sma\u00f0ur Netaneel son S\u00faar og hans reikna\u00f0ur her, fj\u00f3rar og fimmtygi \u00fe\u00fasundir og fj\u00f6gur hundru\u00f0. \u00dear n\u00e6st Seb\u00falons \u00e6tt, \u00feeirra h\u00f6f\u00f0ingi El\u00edab son Helon og hans reikna\u00f0ur her, <a href=\"https:\/\/biblian.is\/gudbrandsbiblia\/fjorda-mosebok-2-kafli\/\"> [&#8230;]<\/a><\/p>\n","protected":false},"author":1,"featured_media":0,"parent":0,"menu_order":0,"comment_status":"open","ping_status":"open","template":"bibliukaflar.php","meta":{"footnotes":""},"class_list":["post-2811","page","type-page","status-publish","hentry"],"_links":{"self":[{"href":"https:\/\/biblian.is\/gudbrandsbiblia\/wp-json\/wp\/v2\/pages\/2811","targetHints":{"allow":["GET"]}}],"collection":[{"href":"https:\/\/biblian.is\/gudbrandsbiblia\/wp-json\/wp\/v2\/pages"}],"about":[{"href":"https:\/\/biblian.is\/gudbrandsbiblia\/wp-json\/wp\/v2\/types\/page"}],"author":[{"embeddable":true,"href":"https:\/\/biblian.is\/gudbrandsbiblia\/wp-json\/wp\/v2\/users\/1"}],"replies":[{"embeddable":true,"href":"https:\/\/biblian.is\/gudbrandsbiblia\/wp-json\/wp\/v2\/comments?post=2811"}],"version-history":[{"count":0,"href":"https:\/\/biblian.is\/gudbrandsbiblia\/wp-json\/wp\/v2\/pages\/2811\/revisions"}],"wp:attachment":[{"href":"https:\/\/biblian.is\/gudbrandsbiblia\/wp-json\/wp\/v2\/media?parent=2811"}],"curies":[{"name":"wp","href":"https:\/\/api.w.org\/{rel}","templated":true}]}}