{"id":2806,"date":"2017-12-18T18:31:47","date_gmt":"2017-12-18T18:31:47","guid":{"rendered":"http:\/\/biblian.is\/gudbrandsbiblia\/thridja-mosebok-24-kafli\/"},"modified":"2017-12-18T18:31:47","modified_gmt":"2017-12-18T18:31:47","slug":"thridja-mosebok-24-kafli","status":"publish","type":"page","link":"https:\/\/biblian.is\/gudbrandsbiblia\/thridja-mosebok-24-kafli\/","title":{"rendered":"\u00deri\u00f0ja M\u00f3seb\u00f3k 24. kafli"},"content":{"rendered":"<p>Og Drottinn tala\u00f0i til M\u00f3sen og sag\u00f0i: &#8222;Bj\u00f3\u00f0 \u00fe\u00fa \u00cdsraelissonum a\u00f0 \u00feeir beri \u00fe\u00e9r eitt hreint og skeki\u00f0 vi\u00f0smj\u00f6r til lj\u00f3sa sem a\u00f0 daglega megi l\u00e1ta ofan \u00ed lampana fyrir framan vitnisbur\u00f0arins fortjald \u00ed vitnisbur\u00f0arb\u00fa\u00f0inni. <span class=\"athugasemd\" title=\"Exod. 27\">[<\/span> Og Aron skal tilb\u00faa \u00fe\u00e1 daglega fyrir Drottni, um kv\u00f6ld og morna. \u00deetta skal vera ein eil\u00edf skikkan hj\u00e1 y\u00f0rum eftirkomendum. En hann skal tilrei\u00f0a lampana \u00e1 \u00feeirri f\u00f6gru lj\u00f3sastiku daglega fyrir Drottni.<\/p>\n<p>\tOg \u00fe\u00fa skalt taka hveitisarla og baka \u00fear af t\u00f3lf k\u00f6kur. <span class=\"athugasemd\" title=\"Sko\u00f0unarbrau\u00f0in kallast h\u00e9r k\u00f6kur, \u00fev\u00ed \u00feau voru fl\u00f6t, \u00fev\u00edl\u00edkast sem k\u00f6kur\">[<\/span> \u00cd hv\u00f6rri k\u00f6ku skulu vera tveir t\u00edundapartar. S\u00ed\u00f0an skaltu leggja sex til samans yfir \u00fea\u00f0 fagra bor\u00f0 fyrir Drottni. Og \u00fe\u00fa skalt leggja hreint reykelsi ofan \u00e1 \u00fe\u00e6r svo a\u00f0 \u00fe\u00e6r s\u00e9 minningarbrau\u00f0 til eins elds fyrir Drottni. Alla sabbatsdaga \u00e6vinlega skal hann tilrei\u00f0a \u00feau fyrir Drottni af \u00cdsraelissonum til eil\u00edfs s\u00e1ttm\u00e1la. Og \u00feau skulu heyra Aroni og hans sonum til, \u00feeir skulu eta \u00feau \u00ed heil\u00f6gum sta\u00f0, \u00fev\u00ed \u00fea\u00f0 er \u00fea\u00f0 allra helgasta af Drottins offri, til eins eil\u00edfs s\u00e1ttm\u00e1la.&#8220;<\/p>\n<p>\tEn \u00fear gekk \u00fat einn \u00edsrael\u00edt\u00edskrar kvinnu son sem a\u00f0 var sonur eins egypsks manns \u00e1 me\u00f0al \u00cdsraelssona og \u00fer\u00e1tta\u00f0i vi\u00f0 eirn mann af \u00cdsrael \u00ed herb\u00fa\u00f0unum og lasta\u00f0i nafni\u00f0 (Drottins) og b\u00f6lva\u00f0i. \u00de\u00e1 leiddu \u00feeir hann til M\u00f3sen (hans m\u00f3\u00f0ir h\u00e9t Sel\u00f3m\u00edt D\u00edbr\u00edd\u00f3ttir, af \u00e6tt Dan) og settu hann \u00ed fangelsi \u00fear til a\u00f0 \u00feeir fengi a\u00f0 vita atkv\u00e6\u00f0i Drottins.<\/p>\n<p>\tOg Drottinn tala\u00f0i vi\u00f0 M\u00f3sen og sag\u00f0i: &#8222;Hafi\u00f0 hann \u00fat fyrir herb\u00fa\u00f0irnar sem svo hefur b\u00f6lva\u00f0 og l\u00e1t \u00fe\u00e1 alla sem \u00fea\u00f0 heyr\u00f0u leggja hendur yfir hans h\u00f6fu\u00f0 og l\u00e1t allan alm\u00fagann lemja hann grj\u00f3ti. <span class=\"athugasemd\" title=\"Huenin bl\u00f3tmenn og gu\u00f0lastarar skulu refsast\">[<\/span> Og seg \u00cdsraelissonum: Hv\u00f6r sem b\u00f6lvar s\u00ednum Gu\u00f0i, hann skal bera s\u00edna synd. Hv\u00f6r sem lastar nafn Drottins, s\u00e1 skal dau\u00f0a deyja, allur alm\u00faginn skal gr\u00fdta hann. L\u00edka sem s\u00e1 framandi so skal og innbyggjarinn vera n\u00e6r hann gu\u00f0lastar, \u00fe\u00e1 skal hann deyja.<\/p>\n<p>\tEf nokkur sl\u00e6r annan mann \u00ed hel \u00fe\u00e1 skal hann vissilega deyja. En ef hann sl\u00e6r nokku\u00f0 kvikf\u00e9 \u00ed hel, \u00fe\u00e1 skal hann betala l\u00edf fyrir l\u00edf. En hver sem veitir lemstur s\u00ednum n\u00e1unga, \u00fe\u00e1 skal gj\u00f6ra vi\u00f0 hann so sem hann hefur gj\u00f6rt: Ska\u00f0a fyrir ska\u00f0a, auga fyrir auga, t\u00f6nn fyrir t\u00f6nn. Svo sem hann hefur lemstra\u00f0 annan, so skal hann og lemstra\u00f0ur ver\u00f0a. Hv\u00f6r sem sl\u00e6r eitt kvikindi til dau\u00f0s hann skal betala \u00fea\u00f0. En hv\u00f6r sem sl\u00e6r eirn mann \u00ed hel hann skal deyja. <span class=\"athugasemd\" title=\"Exod. 21 \/ Deut. 19 \/ Matt. 5\">[<\/span> Einn r\u00e9ttur skal vera fyrir alla, so vel fyrir \u00feann \u00fatlenda sem \u00feann innlenda. \u00dev\u00ed \u00e9g er Drottinn y\u00f0ar Gu\u00f0.&#8220;<\/p>\n<p>\t\u00deetta sag\u00f0i M\u00f3ses til \u00cdsraelssona. Og \u00feeir leiddu \u00feann bl\u00f3tmann \u00fat fyrir herb\u00fa\u00f0irnar og gr\u00fdttu hann \u00ed hel. Og \u00cdsraelssynir gj\u00f6r\u00f0u so sem Drottinn haf\u00f0i bo\u00f0i\u00f0 M\u00f3se.<\/p>\n","protected":false},"excerpt":{"rendered":"<p>Og Drottinn tala\u00f0i til M\u00f3sen og sag\u00f0i: &#8222;Bj\u00f3\u00f0 \u00fe\u00fa \u00cdsraelissonum a\u00f0 \u00feeir beri \u00fe\u00e9r eitt hreint og skeki\u00f0 vi\u00f0smj\u00f6r til lj\u00f3sa sem a\u00f0 daglega megi l\u00e1ta ofan \u00ed lampana fyrir framan vitnisbur\u00f0arins fortjald \u00ed vitnisbur\u00f0arb\u00fa\u00f0inni. [ Og Aron skal tilb\u00faa \u00fe\u00e1 daglega fyrir Drottni, um kv\u00f6ld og morna. \u00deetta skal vera ein eil\u00edf skikkan hj\u00e1 y\u00f0rum eftirkomendum. En hann skal tilrei\u00f0a lampana \u00e1 \u00feeirri f\u00f6gru lj\u00f3sastiku daglega fyrir Drottni. Og \u00fe\u00fa skalt taka hveitisarla og baka \u00fear af t\u00f3lf k\u00f6kur. [ \u00cd hv\u00f6rri k\u00f6ku skulu vera tveir t\u00edundapartar. S\u00ed\u00f0an skaltu leggja sex til samans yfir \u00fea\u00f0 fagra bor\u00f0 fyrir Drottni. <a href=\"https:\/\/biblian.is\/gudbrandsbiblia\/thridja-mosebok-24-kafli\/\"> [&#8230;]<\/a><\/p>\n","protected":false},"author":1,"featured_media":0,"parent":0,"menu_order":0,"comment_status":"open","ping_status":"open","template":"bibliukaflar.php","meta":{"footnotes":""},"class_list":["post-2806","page","type-page","status-publish","hentry"],"_links":{"self":[{"href":"https:\/\/biblian.is\/gudbrandsbiblia\/wp-json\/wp\/v2\/pages\/2806","targetHints":{"allow":["GET"]}}],"collection":[{"href":"https:\/\/biblian.is\/gudbrandsbiblia\/wp-json\/wp\/v2\/pages"}],"about":[{"href":"https:\/\/biblian.is\/gudbrandsbiblia\/wp-json\/wp\/v2\/types\/page"}],"author":[{"embeddable":true,"href":"https:\/\/biblian.is\/gudbrandsbiblia\/wp-json\/wp\/v2\/users\/1"}],"replies":[{"embeddable":true,"href":"https:\/\/biblian.is\/gudbrandsbiblia\/wp-json\/wp\/v2\/comments?post=2806"}],"version-history":[{"count":0,"href":"https:\/\/biblian.is\/gudbrandsbiblia\/wp-json\/wp\/v2\/pages\/2806\/revisions"}],"wp:attachment":[{"href":"https:\/\/biblian.is\/gudbrandsbiblia\/wp-json\/wp\/v2\/media?parent=2806"}],"curies":[{"name":"wp","href":"https:\/\/api.w.org\/{rel}","templated":true}]}}