{"id":2802,"date":"2017-12-18T18:31:47","date_gmt":"2017-12-18T18:31:47","guid":{"rendered":"http:\/\/biblian.is\/gudbrandsbiblia\/thridja-mosebok-20-kafli\/"},"modified":"2017-12-18T18:31:47","modified_gmt":"2017-12-18T18:31:47","slug":"thridja-mosebok-20-kafli","status":"publish","type":"page","link":"https:\/\/biblian.is\/gudbrandsbiblia\/thridja-mosebok-20-kafli\/","title":{"rendered":"\u00deri\u00f0ja M\u00f3seb\u00f3k 20. kafli"},"content":{"rendered":"<p>Og Drottinn tala\u00f0i vi\u00f0 M\u00f3sen og sag\u00f0i: &#8222;Seg \u00fe\u00fa \u00cdsraelssonum: Hv\u00f6r \u00e1 me\u00f0al \u00cdsraelssona e\u00f0a einn framandi sem b\u00fdr \u00ed bland \u00cdsrael og gefur <span class=\"athugasemd\" title=\"a \/ M\u00f3lek var eitt sk\u00fargo\u00f0 hverju \u00feeir f\u00f3rnf\u00e6r\u00f0u s\u00edn eigin b\u00f6rn og brenndu \u00feau, svo sem gj\u00f6r\u00f0i Manasses k\u00f3ngur J\u00fada, og meintu \u00feeir sig h\u00e9r me\u00f0 a\u00f0 gj\u00f6ra Gu\u00f0i \u00fe\u00e9nustu, \u00e1l\u00edka sem Abraham \u00fe\u00e1 hann f\u00f3rnf\u00e6r\u00f0i \u00cdsak son sinn Gu\u00f0i. En me\u00f0 \u00fev\u00ed a\u00f0 Gu\u00f0 haf\u00f0i ekki bo\u00f0i\u00f0 \u00feeim \u00fea\u00f0 so sem Abraham, \u00fe\u00e1 var \u00fea\u00f0 \u00f3r\u00e9tt. \u00dear fyrir segir Gu\u00f0 h\u00e9r a\u00f0 hans nafn saurgist \u00fear me\u00f0, \u00fev\u00ed a\u00f0 \u00feetta var gj\u00f6rt undir Gu\u00f0s nafns yfirvarpi en var \u00fe\u00f3 dj\u00f6fuls \u00fej\u00f3nusta, so sem klaustraheit og a\u00f0rir fleiri mannasetningar pretta allmarga me\u00f0 \u00fev\u00ed skini so sem \u00f6nnur s\u00e9rleg Gu\u00f0s \u00fej\u00f3nustugj\u00f6r\u00f0\">[<\/span> M\u00f3lek af s\u00ednu <span class=\"athugasemd\" title=\"a \/ (S\u00e6\u00f0i) \u00dea\u00f0 er s\u00edn b\u00f6rn\">[<\/span> s\u00e6\u00f0i, hann skal vissilega deyja. <span class=\"athugasemd\" title=\"M\u00f3lek\">[<\/span> F\u00f3lki\u00f0 \u00ed landinu skal gr\u00fdta hann \u00ed hel. Og \u00e9g vil setja mitt auglit \u00ed m\u00f3t soddan manni og uppr\u00e6ta hann fr\u00e1 s\u00ednu f\u00f3lki, \u00fear fyrir a\u00f0 hann gaf M\u00f3lek af s\u00ednu s\u00e6\u00f0i og gj\u00f6r\u00f0i \u00f3hreinan minn helgid\u00f3m og vanhelga\u00f0i mitt heilaga nafn. En ef f\u00f3lki\u00f0 \u00ed landinu s\u00e9r \u00ed gegnum fingurnar me\u00f0 svoddan manni sem M\u00f3lek gefur af s\u00ednu s\u00e6\u00f0i og vill ekki sl\u00e1 hann \u00ed hel, \u00fe\u00e1 vil \u00e9g \u00fe\u00f3 setja mitt auglit \u00ed m\u00f3ti \u00feeim sama manni og \u00ed gegn hans \u00e6tt og \u00e9g vil afm\u00e1 hann fr\u00e1 hans f\u00f3lki og so \u00fe\u00e1 alla sem frami\u00f0 hafa h\u00f3rd\u00f3m eftir honum me\u00f0 M\u00f3lek.<\/p>\n<p>\tN\u00e6r ein s\u00e1l sn\u00fdr s\u00e9r til sp\u00e1sagnara e\u00f0a \u00feeirra sem teikn \u00fatleggja og h\u00fan h\u00f3rast eftir \u00feeim, \u00fe\u00e1 vil \u00e9g setja mitt auglit \u00ed gegn \u00feeirri s\u00f6mu s\u00e1l og afm\u00e1 hana fr\u00e1 s\u00ednu f\u00f3lki. \u00dear fyrir gj\u00f6ri\u00f0 y\u00f0ur heilaga og veir\u00f0 heilagir, \u00fev\u00ed a\u00f0 \u00e9g er Drottinn y\u00f0ar Gu\u00f0. Og haldi\u00f0 m\u00edna setninga og gj\u00f6ri\u00f0 \u00fe\u00e1, \u00fev\u00ed \u00e9g er Drottinn sem y\u00f0ur gj\u00f6rir heilaga.<\/p>\n<p>\tHv\u00f6r sem b\u00f6lvar s\u00ednum f\u00f6\u00f0ur e\u00f0a sinni m\u00f3\u00f0ur, hann skal dau\u00f0a deyja, hans bl\u00f3\u00f0 s\u00e9 yfir honum, \u00fev\u00ed hann b\u00f6lva\u00f0i s\u00ednum f\u00f6\u00f0ur e\u00f0ur m\u00f3\u00f0ur.<\/p>\n<p>\tHv\u00f6r sem h\u00f3rast me\u00f0 annars manns kvinnu, hann skal dau\u00f0a deyja, b\u00e6\u00f0i h\u00f3rkarlinn og so h\u00f3rkonan, \u00fear fyrir a\u00f0 hann dr\u00fdg\u00f0i h\u00f3r me\u00f0 s\u00edns n\u00e1ungs kvinnu.<\/p>\n<p>\tEf nokkur liggur me\u00f0 eiginkonu s\u00edns f\u00f6\u00f0urs og hefur so opinbera\u00f0 s\u00edns f\u00f6\u00f0ur lj\u00f3tleika, \u00fe\u00e1 skulu \u00feau b\u00e6\u00f0i dau\u00f0a deyja, \u00feeirra bl\u00f3\u00f0 s\u00e9 yfir \u00feeim.<\/p>\n<p>\tEf nokkur liggur hj\u00e1 einum kallmanni so sem hj\u00e1 eirni konu, \u00feeir hafa gj\u00f6rt eina sv\u00edvir\u00f0ilega sk\u00f6mm og skulu b\u00e1\u00f0ir dau\u00f0a deyja, \u00feeirra bl\u00f3\u00f0 s\u00e9 yfir \u00feeim.<\/p>\n<p>\tEf nokkur liggur me\u00f0 sinni sonarkvinnu, \u00fe\u00e1 skulu \u00feau b\u00e6\u00f0i deyja, \u00fev\u00ed \u00feau hafa frami\u00f0 eina sk\u00f6mm, \u00feeirra bl\u00f3\u00f0 s\u00e9 yfir \u00feeim.<\/p>\n<p>\tEf nokkur liggur me\u00f0 einni kvinnu og so me\u00f0 hennar m\u00f3\u00f0ir, hann hefur frami\u00f0 eina sk\u00f6mm og hann skal brennast \u00ed eldi og \u00feau bau\u00f0i, svo \u00fear ver\u00f0i ei sl\u00edkur gl\u00e6pur \u00e1 me\u00f0al y\u00f0ar.<\/p>\n<p>\tEf einhv\u00f6r samblandast f\u00e9na\u00f0i \u00fe\u00e1 skal hann vissilega deyja og gripurinn skal drepast.<\/p>\n<p>\tEf kvinna samlagar sig nokkru kvikindi svo a\u00f0 h\u00fan hefur samr\u00e6\u00f0i me\u00f0 \u00fev\u00ed, hana skalt \u00fe\u00fa dey\u00f0a og svo kvikindi\u00f0 me\u00f0, \u00feau skulu dau\u00f0a deyja og \u00feeirra bl\u00f3\u00f0 s\u00e9 yfir \u00feeim.<\/p>\n<p>\tEf nokkur tekur s\u00edna systir, s\u00edns f\u00f6\u00f0urs d\u00f3ttir, e\u00f0a sinnar m\u00f3\u00f0ur d\u00f3ttir, og s\u00e9r hennar l\u00fdti og so h\u00fan hans l\u00fdti, \u00fea\u00f0 er ein bl\u00f3\u00f0sk\u00f6mm. \u00deau skulu l\u00edfl\u00e1tast fyrir f\u00f3lkinu, \u00fev\u00ed hann opinbera\u00f0i sinnar systur lj\u00f3tleika. Hann skal bera sinn misgj\u00f6rning.<\/p>\n<p>\tEf nokkur ma\u00f0ur liggur hj\u00e1 eirni kvinnu, \u00fe\u00e1 h\u00fan hefur sinn kvenlegan krankleika, og opinberar hennar lj\u00f3tleika og opnar hennar brunn og h\u00fan l\u00e6tur upp sinn bl\u00f3\u00f0falls brunn, \u00feau skulu b\u00e6\u00f0i afm\u00e1st fr\u00e1 s\u00ednu f\u00f3lki.<\/p>\n<p>\t\u00de\u00fa skalt ekki opinbera lj\u00f3tleika \u00feinnar m\u00f3\u00f0ursystir e\u00f0a \u00feinnar f\u00f6\u00f0ursystur \u00fev\u00ed sl\u00edkur ma\u00f0ur hefur opinbert gj\u00f6rt l\u00fdti sinnar n\u00e1nustu fr\u00e6ndkonu og \u00feau skulu bera sinn misgj\u00f6rning.<\/p>\n<p>\tEf nokkur leggst me\u00f0 s\u00edns f\u00f6\u00f0urs br\u00f3\u00f0urs eiginkonu, hann hefur opinbera\u00f0 l\u00fdti s\u00edns f\u00f6\u00f0urs br\u00f3\u00f0ur. \u00deau skulu bera s\u00edna synd og deyja barnlaus.<\/p>\n<p>\tEf nokkur tekur s\u00edns br\u00f3\u00f0urs kvinnu, \u00fea\u00f0 er eitt skemmdarverk. \u00deau skulu vera \u00e1n barna, \u00fev\u00ed hann opinbera\u00f0i s\u00edns br\u00f3\u00f0urs l\u00fdti.<\/p>\n<p>\tSo haldi\u00f0 n\u00fa alla m\u00edna setninga og m\u00edna d\u00f3ma og gj\u00f6ri\u00f0 \u00fear eftir, upp\u00e1 \u00fea\u00f0 a\u00f0 landi\u00f0 skuli ekki \u00fatskyrpa y\u00f0ur, \u00ed hv\u00f6rt \u00e9g vil innlei\u00f0a y\u00f0ur, svo a\u00f0 \u00fe\u00e9r b\u00fai\u00f0 \u00fear inni. Og gangi\u00f0 ekki \u00ed setningum hei\u00f0ingjanna hverja \u00e9g vil \u00fatreka fyrir y\u00f0ur, \u00fev\u00ed a\u00f0 allt soddan hafa \u00feeir gj\u00f6rt og m\u00e9r er andstygg\u00f0 \u00e1 \u00feeim.<\/p>\n<p>\tEn \u00e9g segi y\u00f0ur: \u00de\u00e9r skulu\u00f0 eignast \u00feeirra land, \u00fev\u00ed \u00e9g vil gefa y\u00f0ur eitt land til erf\u00f0ar, hv\u00f6rt a\u00f0 fl\u00fdtur \u00ed mj\u00f3lk og hunangi. \u00c9g er Drottinn y\u00f0ar Gu\u00f0, sem y\u00f0ur hefur skili\u00f0 fr\u00e1 \u00f6\u00f0rum \u00fej\u00f3\u00f0um so \u00fe\u00e9r skulu\u00f0 og skilja \u00fea\u00f0 hreina kvikindi fr\u00e1 \u00fev\u00ed \u00f3hreina og \u00f3hreina fugla fr\u00e1 \u00feeim hreinu og \u00fe\u00e9r saurgi\u00f0 ekki y\u00f0ar s\u00e1lir \u00e1 kvikindum, \u00e1 fuglum og \u00e1 \u00fev\u00ed n\u00f6kkru sem skr\u00ed\u00f0ur \u00e1 j\u00f6r\u00f0unni, hv\u00f6rt a\u00f0 \u00e9g hefi skili\u00f0 fr\u00e1 y\u00f0ur a\u00f0 \u00fea\u00f0 skuli vera \u00f3hreint. \u00dear fyrir skulu \u00fe\u00e9r vera m\u00e9r heilagir, \u00fev\u00ed \u00e9g, Drottinn, em heilagur, sem y\u00f0ur hefur skili\u00f0 fr\u00e1 \u00f6\u00f0rum \u00fej\u00f3\u00f0um a\u00f0 \u00fe\u00e9r skulu\u00f0 vera m\u00ednir.<\/p>\n<p>\t\u00de\u00e1 nokkur ma\u00f0ur e\u00f0ur kvinna fremur <span class=\"athugasemd\" title=\"sword Fj\u00f6lkynngi\">[<\/span> sp\u00e1sagnir e\u00f0a teikna\u00fatleggingar, \u00feau skulu dau\u00f0a deyja og skulu gr\u00fdtast \u00ed hel, \u00feeirra bl\u00f3\u00f0 s\u00e9 yfir \u00feeim.&#8220;<\/p>\n","protected":false},"excerpt":{"rendered":"<p>Og Drottinn tala\u00f0i vi\u00f0 M\u00f3sen og sag\u00f0i: &#8222;Seg \u00fe\u00fa \u00cdsraelssonum: Hv\u00f6r \u00e1 me\u00f0al \u00cdsraelssona e\u00f0a einn framandi sem b\u00fdr \u00ed bland \u00cdsrael og gefur [ M\u00f3lek af s\u00ednu [ s\u00e6\u00f0i, hann skal vissilega deyja. [ F\u00f3lki\u00f0 \u00ed landinu skal gr\u00fdta hann \u00ed hel. Og \u00e9g vil setja mitt auglit \u00ed m\u00f3t soddan manni og uppr\u00e6ta hann fr\u00e1 s\u00ednu f\u00f3lki, \u00fear fyrir a\u00f0 hann gaf M\u00f3lek af s\u00ednu s\u00e6\u00f0i og gj\u00f6r\u00f0i \u00f3hreinan minn helgid\u00f3m og vanhelga\u00f0i mitt heilaga nafn. En ef f\u00f3lki\u00f0 \u00ed landinu s\u00e9r \u00ed gegnum fingurnar me\u00f0 svoddan manni sem M\u00f3lek gefur af s\u00ednu s\u00e6\u00f0i og vill ekki sl\u00e1 <a href=\"https:\/\/biblian.is\/gudbrandsbiblia\/thridja-mosebok-20-kafli\/\"> [&#8230;]<\/a><\/p>\n","protected":false},"author":1,"featured_media":0,"parent":0,"menu_order":0,"comment_status":"open","ping_status":"open","template":"bibliukaflar.php","meta":{"footnotes":""},"class_list":["post-2802","page","type-page","status-publish","hentry"],"_links":{"self":[{"href":"https:\/\/biblian.is\/gudbrandsbiblia\/wp-json\/wp\/v2\/pages\/2802","targetHints":{"allow":["GET"]}}],"collection":[{"href":"https:\/\/biblian.is\/gudbrandsbiblia\/wp-json\/wp\/v2\/pages"}],"about":[{"href":"https:\/\/biblian.is\/gudbrandsbiblia\/wp-json\/wp\/v2\/types\/page"}],"author":[{"embeddable":true,"href":"https:\/\/biblian.is\/gudbrandsbiblia\/wp-json\/wp\/v2\/users\/1"}],"replies":[{"embeddable":true,"href":"https:\/\/biblian.is\/gudbrandsbiblia\/wp-json\/wp\/v2\/comments?post=2802"}],"version-history":[{"count":0,"href":"https:\/\/biblian.is\/gudbrandsbiblia\/wp-json\/wp\/v2\/pages\/2802\/revisions"}],"wp:attachment":[{"href":"https:\/\/biblian.is\/gudbrandsbiblia\/wp-json\/wp\/v2\/media?parent=2802"}],"curies":[{"name":"wp","href":"https:\/\/api.w.org\/{rel}","templated":true}]}}