{"id":2800,"date":"2017-12-18T18:31:47","date_gmt":"2017-12-18T18:31:47","guid":{"rendered":"http:\/\/biblian.is\/gudbrandsbiblia\/thridja-mosebok-18-kafli\/"},"modified":"2017-12-18T18:31:47","modified_gmt":"2017-12-18T18:31:47","slug":"thridja-mosebok-18-kafli","status":"publish","type":"page","link":"https:\/\/biblian.is\/gudbrandsbiblia\/thridja-mosebok-18-kafli\/","title":{"rendered":"\u00deri\u00f0ja M\u00f3seb\u00f3k 18. kafli"},"content":{"rendered":"<p>Og Drottinn tala\u00f0i vi\u00f0 M\u00f3sen og sag\u00f0i: &#8222;Tala \u00fe\u00fa vi\u00f0 \u00cdsraelssonu og seg \u00fe\u00fa til \u00feeirra: \u00c9g er Drottinn y\u00f0ar Gu\u00f0. \u00de\u00e9r skulu\u00f0 ekkert gj\u00f6ra eftir Egyptalands gj\u00f6rningum \u00fear sem \u00fe\u00e9r bjuggu\u00f0, ekki heldur eftir Kanaanslands gj\u00f6rningum \u00fear sem \u00e9g vil innlei\u00f0a y\u00f0ur. \u00de\u00e9r skulu\u00f0 og ekki halda y\u00f0ur eftir \u00feeirra setningum, heldur skulu\u00f0 \u00fe\u00e9r halda y\u00f0ur eftir m\u00ednum d\u00f3mum, og m\u00edna setninga skulu \u00fe\u00e9r halda, a\u00f0 \u00fe\u00e9r gangi\u00f0 \u00ed \u00feeim. \u00dev\u00ed a\u00f0 \u00e9g er Drottinn y\u00f0ar Gu\u00f0. \u00dear fyrir skulu \u00fe\u00e9r og halda m\u00edna skikkan og m\u00edna d\u00f3ma. \u00dev\u00ed hv\u00f6r manna sem \u00fea\u00f0 gj\u00f6rir, hann skal lifa \u00fear af. \u00dev\u00ed a\u00f0 \u00e9g er Drottinn.<\/p>\n<p>\tEnginn ma\u00f0ur skal ganga til sinnar n\u00e1nustu \u00e6ttar a\u00f0 opinbera hennar lj\u00f3tleik. \u00dev\u00ed \u00e9g er Drottinn. \u00de\u00fa skalt ekki opinbera \u00fe\u00edns f\u00f6\u00f0urs e\u00f0a \u00feinnar m\u00f3\u00f0ur lj\u00f3tleik. H\u00fan er \u00fe\u00edn m\u00f3\u00f0ir, \u00fear fyrir skaltu ekki opinbera hennar lj\u00f3tleik. <span class=\"athugasemd\" title=\"Fyrirbo\u00f0nir li\u00f0ir vegna bl\u00f3\u00f0skuldugleika\">[<\/span> \u00de\u00fa skalt ekki opinbera lj\u00f3tleik \u00feinnar f\u00f6\u00f0ur kvinnu, \u00fev\u00ed \u00fea\u00f0 er lj\u00f3tleiki \u00fe\u00edns f\u00f6\u00f0urs. \u00de\u00fa skalt ekki opinbera lj\u00f3tleik \u00feinnar systur, sem er \u00fe\u00edns f\u00f6\u00f0urs e\u00f0a \u00feinnar m\u00f3\u00f0ur d\u00f3ttir, hvor heldur h\u00fan er f\u00e6dd heima e\u00f0a annarssta\u00f0ar. \u00de\u00fa skalt ekki opinbera lj\u00f3tleik \u00feinnar sonard\u00f3ttur e\u00f0ur \u00feinnar d\u00f3tturd\u00f3ttir, \u00fev\u00ed \u00fea\u00f0 er \u00feinn lj\u00f3tleiki. \u00de\u00fa skalt ekki opinbera lj\u00f3tleika \u00feinnar stj\u00fapm\u00f3\u00f0urd\u00f3ttur sem er f\u00e6dd af \u00fe\u00ednum f\u00f6\u00f0ur og er \u00fe\u00edn systir. \u00de\u00fa skalt ekki opinbera lj\u00f3tleika \u00feinnar f\u00f6\u00f0ursystur, \u00fev\u00ed h\u00fan er n\u00e1nust \u00fe\u00ednum f\u00f6\u00f0ur. \u00de\u00fa skalt ekki opinbera \u00feinnar m\u00f3\u00f0ursystir lj\u00f3tleika, \u00fev\u00ed h\u00fan er skyldust \u00feinni m\u00f3\u00f0ur.<\/p>\n<p>\t\u00de\u00fa skalt ekki opinbera lj\u00f3tleika \u00fe\u00edns f\u00f6\u00f0urbr\u00f3\u00f0urs so \u00fe\u00fa takir hans kvinnu, \u00fev\u00ed h\u00fan er \u00fe\u00edn sifkona. <span class=\"athugasemd\" title=\"Fyrirbo\u00f0nir li\u00f0ir vegna sifja\">[<\/span> \u00de\u00fa skalt ekki opinbera lj\u00f3tleika \u00feinnar sonarkonu, \u00fev\u00ed h\u00fan er \u00fe\u00edns sonar kvinna, \u00fear fyrir skalt <span class=\"athugasemd\" title=\"\u00fe\u00fa\">[<\/span> ekki opinbera hennar lj\u00f3tleika. \u00de\u00fa skalt ekki opinbera lj\u00f3tleika \u00feinnar br\u00f3\u00f0urs kvinnu, \u00fev\u00ed \u00fea\u00f0 er \u00fe\u00edns br\u00f3\u00f0urs lj\u00f3tleiki. \u00de\u00fa skalt ekki opinbera hans kvinnu, eigi heldur hennar d\u00f3ttur lj\u00f3tleika, ekki heldur hennar sonard\u00f3ttur e\u00f0ur d\u00f3tturd\u00f3ttur lj\u00f3tleika, \u00fev\u00ed \u00fea\u00f0 er hennar n\u00e6sta \u00e6tt og er skammarlegt. \u00de\u00fa skalt ekki taka \u00feinnar kvinnu systir me\u00f0 henni og opinbera hennar lj\u00f3tleika henni \u00ed m\u00f3ti \u00fe\u00e1 stund sem h\u00fan enn lifir.<\/p>\n<p>\t\u00de\u00fa skalt ekki ganga til nokkrar kvinnu n\u00e6r h\u00fan hefur sinn sj\u00fakd\u00f3m a\u00f0 opinbera hennar lj\u00f3tleik \u00ed hennar \u00f3hreinleika.<\/p>\n<p>\t\u00de\u00fa skalt og ekki liggja hj\u00e1 kvinnu \u00fe\u00edns n\u00e1unga a\u00f0 hafa samr\u00e6\u00f0i me\u00f0 henni \u00fe\u00e9r til saurgunar.<\/p>\n<p>\t\u00de\u00fa skalt ekki gefa af \u00fe\u00ednu s\u00e6\u00f0i til a\u00f0 brenna \u00fea\u00f0 fyrir M\u00f3lek so \u00fe\u00fa vanhelgir ekki \u00fe\u00edns Gu\u00f0s nafn. \u00dev\u00ed \u00e9g er Drottinn.<\/p>\n<p>\t\u00de\u00fa skalt ekki liggja hj\u00e1 einum kallmanni sem hj\u00e1 eirni kvinnu, \u00fev\u00ed \u00fea\u00f0 er sv\u00edvir\u00f0ilegt. \u00de\u00fa skalt og ekki samlagast nokkru kvikindi svo a\u00f0 \u00fe\u00fa saurgist af \u00fev\u00ed. Og enginn kvinna skal samlaga sig nokkru d\u00fdri, \u00fev\u00ed \u00fea\u00f0 er ein sv\u00edvir\u00f0ing.<\/p>\n<p>\t\u00de\u00e9r skulu\u00f0 ekki saurga y\u00f0ur af nokkru \u00feessu, \u00fev\u00ed a\u00f0 hei\u00f0ingjarnir hafa saurga\u00f0 sig me\u00f0 \u00feessu \u00f6llusaman, hverja a\u00f0 \u00e9g vil \u00ed burt reka fyrir y\u00f0ur, og landi\u00f0 er saurga\u00f0 \u00fear af. <span class=\"athugasemd\" title=\"Pl\u00e1gur \u00f3leyfilegra girnda og bl\u00f3\u00f0skamma\">[<\/span> Og \u00e9g vil vitja \u00feeirra synda yfir \u00fe\u00e1 so a\u00f0 landi\u00f0 skal \u00fatskyrpa s\u00ednum innbyggjurum. Haldi\u00f0 \u00fear fyrir minn setning og m\u00edna d\u00f3ma og gj\u00f6ri\u00f0 ekki neitt af \u00feessum sv\u00edvir\u00f0ingum, hvort hann er heldur innbyggjari e\u00f0ur framandi hj\u00e1 y\u00f0ur. \u00dev\u00ed \u00feetta landsf\u00f3lk sem var fyrir y\u00f0ur gj\u00f6r\u00f0i allar soddan sv\u00edvir\u00f0ingar og hafa \u00fear me\u00f0 saurga\u00f0 landi\u00f0, so a\u00f0 landi\u00f0 ekki \u00fatskyrpi y\u00f0ur ef \u00fe\u00e9r saurgi\u00f0 \u00fea\u00f0, l\u00edka sem \u00fea\u00f0 \u00fatskyrpti hei\u00f0ingjum sem \u00fear voru fyrir y\u00f0ur. \u00dev\u00ed a\u00f0 hverjir sem gj\u00f6ra nokku\u00f0 af \u00feessum sv\u00edvir\u00f0ingum, \u00feeirra s\u00e1lir skulu afm\u00e1st fr\u00e1 \u00feeirra f\u00f3lki. Haldi\u00f0 \u00fear fyrir m\u00ednar skikkanir og gj\u00f6ri\u00f0 ekki nokku\u00f0 af \u00feessum andstyggilegum si\u00f0venjum \u00feeirra e\u00f0 \u00fear voru fyrir y\u00f0ur, a\u00f0 \u00fe\u00e9r saurgi\u00f0 y\u00f0ur ekki \u00fear me\u00f0. \u00dev\u00ed \u00e9g er Drottinn y\u00f0ar Gu\u00f0.&#8220;<\/p>\n","protected":false},"excerpt":{"rendered":"<p>Og Drottinn tala\u00f0i vi\u00f0 M\u00f3sen og sag\u00f0i: &#8222;Tala \u00fe\u00fa vi\u00f0 \u00cdsraelssonu og seg \u00fe\u00fa til \u00feeirra: \u00c9g er Drottinn y\u00f0ar Gu\u00f0. \u00de\u00e9r skulu\u00f0 ekkert gj\u00f6ra eftir Egyptalands gj\u00f6rningum \u00fear sem \u00fe\u00e9r bjuggu\u00f0, ekki heldur eftir Kanaanslands gj\u00f6rningum \u00fear sem \u00e9g vil innlei\u00f0a y\u00f0ur. \u00de\u00e9r skulu\u00f0 og ekki halda y\u00f0ur eftir \u00feeirra setningum, heldur skulu\u00f0 \u00fe\u00e9r halda y\u00f0ur eftir m\u00ednum d\u00f3mum, og m\u00edna setninga skulu \u00fe\u00e9r halda, a\u00f0 \u00fe\u00e9r gangi\u00f0 \u00ed \u00feeim. \u00dev\u00ed a\u00f0 \u00e9g er Drottinn y\u00f0ar Gu\u00f0. \u00dear fyrir skulu \u00fe\u00e9r og halda m\u00edna skikkan og m\u00edna d\u00f3ma. \u00dev\u00ed hv\u00f6r manna sem \u00fea\u00f0 gj\u00f6rir, hann skal lifa \u00fear af. <a href=\"https:\/\/biblian.is\/gudbrandsbiblia\/thridja-mosebok-18-kafli\/\"> [&#8230;]<\/a><\/p>\n","protected":false},"author":1,"featured_media":0,"parent":0,"menu_order":0,"comment_status":"open","ping_status":"open","template":"bibliukaflar.php","meta":{"footnotes":""},"class_list":["post-2800","page","type-page","status-publish","hentry"],"_links":{"self":[{"href":"https:\/\/biblian.is\/gudbrandsbiblia\/wp-json\/wp\/v2\/pages\/2800","targetHints":{"allow":["GET"]}}],"collection":[{"href":"https:\/\/biblian.is\/gudbrandsbiblia\/wp-json\/wp\/v2\/pages"}],"about":[{"href":"https:\/\/biblian.is\/gudbrandsbiblia\/wp-json\/wp\/v2\/types\/page"}],"author":[{"embeddable":true,"href":"https:\/\/biblian.is\/gudbrandsbiblia\/wp-json\/wp\/v2\/users\/1"}],"replies":[{"embeddable":true,"href":"https:\/\/biblian.is\/gudbrandsbiblia\/wp-json\/wp\/v2\/comments?post=2800"}],"version-history":[{"count":0,"href":"https:\/\/biblian.is\/gudbrandsbiblia\/wp-json\/wp\/v2\/pages\/2800\/revisions"}],"wp:attachment":[{"href":"https:\/\/biblian.is\/gudbrandsbiblia\/wp-json\/wp\/v2\/media?parent=2800"}],"curies":[{"name":"wp","href":"https:\/\/api.w.org\/{rel}","templated":true}]}}