{"id":2792,"date":"2017-12-18T18:31:43","date_gmt":"2017-12-18T18:31:43","guid":{"rendered":"http:\/\/biblian.is\/gudbrandsbiblia\/thridja-mosebok-10-kafli\/"},"modified":"2017-12-18T18:31:43","modified_gmt":"2017-12-18T18:31:43","slug":"thridja-mosebok-10-kafli","status":"publish","type":"page","link":"https:\/\/biblian.is\/gudbrandsbiblia\/thridja-mosebok-10-kafli\/","title":{"rendered":"\u00deri\u00f0ja M\u00f3seb\u00f3k 10. kafli"},"content":{"rendered":"<p>En Arons synir, Nadab og Ab\u00edh\u00fa, t\u00f3ku hvor sitt gl\u00f3\u00f0arker og l\u00f6g\u00f0u eld \u00fear \u00ed og l\u00f6g\u00f0u reykelsi \u00fear \u00e1 og b\u00e1ru annarlegan eld fyrir Drottin, hva\u00f0 hann haf\u00f0i ekki bo\u00f0i\u00f0 \u00feeim. <span class=\"athugasemd\" title=\"Eldur brennir Nadab og Ab\u00edh\u00fa\">[<\/span> \u00de\u00e1 kom \u00fear eirn eldur fr\u00e1 Drottni og brenndi \u00fe\u00e1 so \u00feeir d\u00f3u fyrir Drottni. \u00de\u00e1 sag\u00f0i M\u00f3ses til Aron: &#8222;\u00deetta er n\u00fa \u00fea\u00f0 sem Drottinn hefur sagt: \u00c9g mun heilagur ver\u00f0a \u00e1 \u00feeim sem n\u00e1lgast til m\u00edn og \u00e9g vil vera d\u00fdr\u00f0arlegur fyrir \u00f6llu f\u00f3lki.&#8220; Og Aron \u00feag\u00f0i.<\/p>\n<p>\tEn M\u00f3ses kalla\u00f0i M\u00edsael og Elsafan, sem voru synir \u00das\u00edel, Arons f\u00f6\u00f0urbr\u00f3\u00f0urs, og hann sag\u00f0i til \u00feeirra: &#8222;Gangi\u00f0 fram og beri\u00f0 y\u00f0ar br\u00e6\u00f0ur burt af helgid\u00f3minum, \u00fat fyrir herb\u00fa\u00f0irnar.&#8220; <span class=\"athugasemd\" title=\"Levit. 16 \/ Num. 26\">[<\/span> Og \u00feeir f\u00f3ru til og b\u00e1ru \u00fe\u00e1 \u00fat fyrir herb\u00fa\u00f0irnar, \u00edkl\u00e6dda \u00feeirra l\u00ednkyrtlum, sem M\u00f3ses haf\u00f0i sagt.<\/p>\n<p>\t\u00de\u00e1 sag\u00f0i M\u00f3ses til Arons og hans sona, Eleasar og \u00cdtamar: &#8222;\u00dei\u00f0 skulu\u00f0 ekki ber gj\u00f6ra y\u00f0ar h\u00f6fu\u00f0, eigi heldur \u00ed sundur r\u00edfa ykkar kl\u00e6\u00f0i, so \u00fei\u00f0 deyi\u00f0 ekki og a\u00f0 \u00fea\u00f0 komi ekki rei\u00f0i yfir allan s\u00f6fnu\u00f0inn. L\u00e1ti\u00f0 ykkar br\u00e6\u00f0ur af \u00f6llu \u00cdsraelis h\u00fasi gr\u00e1ta yfir \u00feessum bruna sem Drottinn hefur gj\u00f6rt. En \u00fei\u00f0 skulu\u00f0 ekki ganga \u00fat af vitnisbur\u00f0arb\u00fa\u00f0ardyrum, so \u00fei\u00f0 skulu\u00f0 ekki deyja, \u00fev\u00ed a\u00f0 Drotins smurningaroleum er \u00e1 y\u00f0ur.&#8220; Og \u00feeir gj\u00f6r\u00f0u sem M\u00f3ses bau\u00f0.<\/p>\n<p>\tEn Drottinn tala\u00f0i vi\u00f0 Aron og sag\u00f0i: &#8222;\u00de\u00fa og \u00fe\u00ednir synir me\u00f0 \u00fe\u00e9r skulu ekki drekka v\u00edn e\u00f0a nokkurn annan \u00e1fengan drykk \u00fe\u00e1 \u00fe\u00e9r gangi\u00f0 \u00ed vitnisbur\u00f0arb\u00fa\u00f0ina, so \u00fe\u00e9r skulu\u00f0 ekki deyja. <span class=\"athugasemd\" title=\"V\u00edn og \u00e1fengur drykkur prestunum fyrirbo\u00f0inn \/ Esek. 44 \/ 1 T\u00edm. 3 \/ T\u00edt. 2\">[<\/span> \u00dea\u00f0 skal vera eirn eil\u00edfur r\u00e9ttur hj\u00e1 \u00f6llum y\u00f0ar eftirkomendum. So \u00fe\u00e9r megi\u00f0 gj\u00f6ra grein \u00e1 millum \u00feess sem er heilagt e\u00f0a \u00f3heilagt og \u00ed millum \u00feess hreina og \u00f3hreina, og a\u00f0 \u00fe\u00e9r megi\u00f0 l\u00e6ra \u00cdsraelissonu alla \u00fe\u00e1 d\u00f3ma sem Drottinn hefur bo\u00f0i\u00f0 y\u00f0ur fyrir M\u00f3sen.&#8220;<\/p>\n<p>\tOg M\u00f3ses tala\u00f0i vi\u00f0 Aron og vi\u00f0 hans sonu, Eleasar og \u00cdtamar, sem eftir voru: &#8222;Taki\u00f0 \u00fea\u00f0 matoffur sem a\u00f0 leyf\u00f0ist af Herrans offri og eti\u00f0 \u00fea\u00f0 \u00f3s\u00fdrt vi\u00f0 altari\u00f0 \u00fev\u00ed \u00fea\u00f0 er allra helgasta. En \u00fe\u00e9r skulu\u00f0 eta \u00fea\u00f0 \u00ed einum helgum sta\u00f0 \u00fev\u00ed \u00fea\u00f0 er \u00feinn r\u00e9ttur og \u00feinna sona r\u00e9ttur af Herrans offri \u00fev\u00ed so er m\u00e9r bo\u00f0i\u00f0. En veifunarbringuna og upplyftingarb\u00f3ginn skaltu og \u00fe\u00ednir synir og \u00fe\u00ednar d\u00e6tur me\u00f0 \u00fe\u00e9r eta \u00ed einum hreinum sta\u00f0 \u00fev\u00ed a\u00f0 \u00fe\u00e9r og \u00fe\u00ednum sonum er soddan r\u00e9ttur gefinn af \u00cdsraelsbarna \u00feakkl\u00e6tisoffri. \u00dev\u00ed upplyftingarb\u00f3ginn og veifunarbringuna og m\u00f6rinn bera \u00feeir fram svo \u00fev\u00ed s\u00e9 veifa\u00f0 til eirnrar veifunar fyrir Drottni. \u00dev\u00ed heyrir \u00fea\u00f0 \u00fe\u00e9r og \u00fe\u00ednum sonum til me\u00f0 eil\u00edfum r\u00e9ttindum, svo sem Drottinn hefur bo\u00f0i\u00f0.&#8220;<\/p>\n<p>\tOg M\u00f3ses leita\u00f0i eftir hafrinum sem f\u00f3rnf\u00e6r\u00f0ur haf\u00f0i veri\u00f0 til syndaoffurs og fann hann uppbrendan. Og hann var\u00f0 rei\u00f0ur upp\u00e1 Arons syni, Eleasar og \u00cdtamar, \u00feeir sem \u00fe\u00e1 eftirlif\u00f0u, og sag\u00f0i: &#8222;\u00dev\u00ed hafi \u00fei\u00f0 ekki eti\u00f0 syndaoffri\u00f0 \u00e1 einum helgum sta\u00f0 \u00fev\u00ed \u00fea\u00f0 er \u00fea\u00f0 allra helgasta? Og hann hefur gefi\u00f0 y\u00f0ur \u00fea\u00f0 a\u00f0 \u00fe\u00e9r skulu\u00f0 bera alm\u00fagans syndir so \u00fe\u00e9r bi\u00f0ji\u00f0 fyrir \u00feeim fyrir Drottni. Sj\u00e1i\u00f0, hans bl\u00f3\u00f0 er ekki komi\u00f0 inn \u00ed helgid\u00f3minn. \u00de\u00e9r skyldu\u00f0 hafa eti\u00f0 hann \u00ed helgid\u00f3minum, svo sem m\u00e9r er b\u00edfala\u00f0.&#8220; En Aron sag\u00f0i til M\u00f3sen: &#8222;Sj\u00e1, \u00ed dag hafa \u00feeir offra\u00f0 s\u00ednu syndaoffri og s\u00ednu brennioffri fyrir Drottni, en mig hefur hent sem \u00fe\u00fa s\u00e9r. Og hef\u00f0a \u00e9g eti\u00f0 af syndaoffrinu, mundi \u00fea\u00f0 hafa \u00fe\u00f3knast fyrri Drottni?&#8220; En \u00fe\u00e1 M\u00f3ses \u00fea\u00f0 heyr\u00f0i \u00fe\u00e1 l\u00e9t hann \u00fea\u00f0 so vera.<\/p>\n","protected":false},"excerpt":{"rendered":"<p>En Arons synir, Nadab og Ab\u00edh\u00fa, t\u00f3ku hvor sitt gl\u00f3\u00f0arker og l\u00f6g\u00f0u eld \u00fear \u00ed og l\u00f6g\u00f0u reykelsi \u00fear \u00e1 og b\u00e1ru annarlegan eld fyrir Drottin, hva\u00f0 hann haf\u00f0i ekki bo\u00f0i\u00f0 \u00feeim. [ \u00de\u00e1 kom \u00fear eirn eldur fr\u00e1 Drottni og brenndi \u00fe\u00e1 so \u00feeir d\u00f3u fyrir Drottni. \u00de\u00e1 sag\u00f0i M\u00f3ses til Aron: &#8222;\u00deetta er n\u00fa \u00fea\u00f0 sem Drottinn hefur sagt: \u00c9g mun heilagur ver\u00f0a \u00e1 \u00feeim sem n\u00e1lgast til m\u00edn og \u00e9g vil vera d\u00fdr\u00f0arlegur fyrir \u00f6llu f\u00f3lki.&#8220; Og Aron \u00feag\u00f0i. En M\u00f3ses kalla\u00f0i M\u00edsael og Elsafan, sem voru synir \u00das\u00edel, Arons f\u00f6\u00f0urbr\u00f3\u00f0urs, og hann sag\u00f0i til \u00feeirra: &#8222;Gangi\u00f0 <a href=\"https:\/\/biblian.is\/gudbrandsbiblia\/thridja-mosebok-10-kafli\/\"> [&#8230;]<\/a><\/p>\n","protected":false},"author":1,"featured_media":0,"parent":0,"menu_order":0,"comment_status":"open","ping_status":"open","template":"bibliukaflar.php","meta":{"footnotes":""},"class_list":["post-2792","page","type-page","status-publish","hentry"],"_links":{"self":[{"href":"https:\/\/biblian.is\/gudbrandsbiblia\/wp-json\/wp\/v2\/pages\/2792","targetHints":{"allow":["GET"]}}],"collection":[{"href":"https:\/\/biblian.is\/gudbrandsbiblia\/wp-json\/wp\/v2\/pages"}],"about":[{"href":"https:\/\/biblian.is\/gudbrandsbiblia\/wp-json\/wp\/v2\/types\/page"}],"author":[{"embeddable":true,"href":"https:\/\/biblian.is\/gudbrandsbiblia\/wp-json\/wp\/v2\/users\/1"}],"replies":[{"embeddable":true,"href":"https:\/\/biblian.is\/gudbrandsbiblia\/wp-json\/wp\/v2\/comments?post=2792"}],"version-history":[{"count":0,"href":"https:\/\/biblian.is\/gudbrandsbiblia\/wp-json\/wp\/v2\/pages\/2792\/revisions"}],"wp:attachment":[{"href":"https:\/\/biblian.is\/gudbrandsbiblia\/wp-json\/wp\/v2\/media?parent=2792"}],"curies":[{"name":"wp","href":"https:\/\/api.w.org\/{rel}","templated":true}]}}