{"id":2791,"date":"2017-12-18T18:31:43","date_gmt":"2017-12-18T18:31:43","guid":{"rendered":"http:\/\/biblian.is\/gudbrandsbiblia\/thridja-mosebok-9-kafli\/"},"modified":"2017-12-18T18:31:43","modified_gmt":"2017-12-18T18:31:43","slug":"thridja-mosebok-9-kafli","status":"publish","type":"page","link":"https:\/\/biblian.is\/gudbrandsbiblia\/thridja-mosebok-9-kafli\/","title":{"rendered":"\u00deri\u00f0ja M\u00f3seb\u00f3k 9. kafli"},"content":{"rendered":"<p>Og \u00e1 \u00feeim \u00e1ttunda degi kalla\u00f0i M\u00f3ses Aron og hans syni og \u00fe\u00e1 elstu af \u00cdsrael og sag\u00f0i til Arons: &#8222;Tak \u00fe\u00e9r eirn ungan k\u00e1lf til syndaoffurs og eirn hr\u00fat til brennioffurs, hvorttveggja \u00e1n l\u00fdta, og lei\u00f0 \u00fe\u00e1 fyrir Drottin. <span class=\"athugasemd\" title=\"Syndaf\u00f3rn, brennif\u00f3rn, \u00feakkl\u00e6tisf\u00f3rn, matarf\u00f3rn\">[<\/span> Og tala vi\u00f0 \u00cdsraelssonu, segjandi: Taki\u00f0 eirn kjarnhafur til syndoffurs og eirn k\u00e1lf og einn sau\u00f0, hvorttveggja veturgamalt, l\u00fdtalaust, til brennioffurs, og eirn uxa og eirn hr\u00fat til \u00feakkaroffurs, svo v\u00e9r kunnum a\u00f0 f\u00f3rnf\u00e6ra Drottni, og eitt matoffur blanda\u00f0 me\u00f0 oleo, \u00fev\u00ed a\u00f0 Drottinn mun \u00ed dag birtast fyrir y\u00f0ur.&#8220;<\/p>\n<p>\tOg \u00feeir t\u00f3ku \u00fea\u00f0 sem M\u00f3ses haf\u00f0i bo\u00f0i\u00f0 utan fyrir vitnisbur\u00f0ar tjaldb\u00fa\u00f0ardyrum. Og allur s\u00f6fnu\u00f0urinn gekk fram og st\u00f3\u00f0 fyrir Drottni. <span class=\"athugasemd\" title=\"Arons fyrsta f\u00f3rnf\u00e6ring fyrir sig og f\u00f3lki\u00f0\">[<\/span> \u00de\u00e1 sag\u00f0i M\u00f3ses: &#8222;\u00deetta er \u00fea\u00f0 sem Drottinn hefur bo\u00f0i\u00f0 a\u00f0 gj\u00f6ra og so skal d\u00fdr\u00f0 Drottins birtast y\u00f0ur.&#8220; Og M\u00f3ses sag\u00f0i til Arons: &#8222;Gakk fram til altarisins og f\u00e6r \u00fe\u00edna syndaf\u00f3rn og so \u00fe\u00edna brennif\u00f3rn og gj\u00f6r eina forl\u00edkun fyrir \u00feig og fyrir f\u00f3lki\u00f0 og f\u00e6r s\u00ed\u00f0an f\u00f3lksins f\u00f3rnir og bi\u00f0 fyrir \u00feeim, so sem Drottinn hefur bo\u00f0i\u00f0.&#8220;<\/p>\n<p>\tOg Aron gekk til altarisins og s\u00e6f\u00f0i k\u00e1lfinn til s\u00edns syndaoffurs. Og hans synir b\u00e1ru bl\u00f3\u00f0i\u00f0 til hans og hann drap s\u00ednum fingri \u00ed bl\u00f3\u00f0i\u00f0 og rei\u00f0 \u00fev\u00ed \u00e1 horn altarisins og hellti bl\u00f3\u00f0inu ni\u00f0ur hj\u00e1 altarisins f\u00e6ti. En feitina og n\u00fdrun og lifrarnetjuna til syndaoffurs upptendra\u00f0i hann \u00e1 altarinu, sem Drottinn bau\u00f0 M\u00f3se. En kj\u00f6ti\u00f0 og skinni\u00f0 brenndi hann me\u00f0 eldi fyrir utan herb\u00fa\u00f0irnar.<\/p>\n<p>\tS\u00ed\u00f0an sl\u00e1tra\u00f0i hann brennif\u00f3rninni. Og Arons synir b\u00e1ru bl\u00f3\u00f0i\u00f0 til hans og hann st\u00f6kkti \u00fev\u00ed r\u00e9tt um kring altari\u00f0. Og \u00feeir b\u00e1ru brennif\u00f3rnina til hans, h\u00f6ggna \u00ed stykki, og h\u00f6fu\u00f0i\u00f0. Og han upptendra\u00f0i \u00fea\u00f0 \u00e1 altarinu og hann \u00fevo\u00f0i innyflin og beinin og brenndi \u00fea\u00f0 ofan \u00e1 brennioffri\u00f0 \u00e1 altarinu.<\/p>\n<p>\tS\u00ed\u00f0an bar hann f\u00f3lksins f\u00f3rn fram og t\u00f3k kjarnhafurinn, sem var f\u00f3lksins syndoffur, og sl\u00e1tra\u00f0i honum og gj\u00f6r\u00f0i eitt syndoffur \u00fear af so sem \u00e1\u00f0ur. Og hann bar brennioffri\u00f0 fram og gj\u00f6r\u00f0i vi\u00f0 \u00fea\u00f0 sem skikka\u00f0 var. Og hann bar matoffri\u00f0 fram og t\u00f3k s\u00edna h\u00f6nd fulla og upptendra\u00f0i \u00fea\u00f0 \u00e1 altarinu, a\u00f0 auk morgunsins brennioffurs.<\/p>\n<p>\tS\u00ed\u00f0an sl\u00e1tra\u00f0i hann uxanum og hr\u00fatunum til f\u00f3lksins \u00feakkl\u00e6tisoffurs. Og hans synir b\u00e1ru bl\u00f3\u00f0i\u00f0 til hans. \u00dev\u00ed st\u00f6kkti hann r\u00e9tt um kring \u00e1 altari\u00f0. En \u00fea\u00f0 feita af uxanum og hr\u00fatnum, r\u00f3una og \u00fea\u00f0 feita \u00e1 innyflunum og n\u00fdrunum og lifrarnetjuna, allt \u00fea\u00f0 feita lag\u00f0i hann \u00e1 bringuna og uppkveikti \u00fea\u00f0 feita \u00e1 altarinu. En bringunni og \u00feeim h\u00e6gra b\u00f3gi veifa\u00f0i Aron til veifunar fyrir Drottni, l\u00edka sem Drottinn haf\u00f0i bo\u00f0i\u00f0 M\u00f3se.<\/p>\n<p>\tOg Aron upplyfti sinni hendi til f\u00f3lksins og blessa\u00f0i \u00fea\u00f0 og gekk so ofan \u00fe\u00e1 hann haf\u00f0i gj\u00f6rt syndoffri\u00f0, brennioffri\u00f0 og matoffri\u00f0. Og M\u00f3ses og Aron gengu inn \u00ed vitnisbur\u00f0arins tjaldb\u00fa\u00f0. Og \u00fe\u00e1 \u00feeir gengu \u00fat aftur blessu\u00f0u \u00feeir f\u00f3lki\u00f0. \u00de\u00e1 opinbera\u00f0i sig d\u00fdr\u00f0 Drottins fyrir \u00f6llu f\u00f3lki \u00fev\u00ed eldurinn kom fr\u00e1 Drottni og uppbrenndi brennif\u00f3rnina og \u00fea\u00f0 feita \u00e1 altarinu. En sem allur l\u00fd\u00f0urinn s\u00e1 \u00fea\u00f0 var\u00f0 hann mj\u00f6g gla\u00f0ur og f\u00e9ll fram \u00e1 s\u00ednar \u00e1sj\u00f3nur.<\/p>\n","protected":false},"excerpt":{"rendered":"<p>Og \u00e1 \u00feeim \u00e1ttunda degi kalla\u00f0i M\u00f3ses Aron og hans syni og \u00fe\u00e1 elstu af \u00cdsrael og sag\u00f0i til Arons: &#8222;Tak \u00fe\u00e9r eirn ungan k\u00e1lf til syndaoffurs og eirn hr\u00fat til brennioffurs, hvorttveggja \u00e1n l\u00fdta, og lei\u00f0 \u00fe\u00e1 fyrir Drottin. [ Og tala vi\u00f0 \u00cdsraelssonu, segjandi: Taki\u00f0 eirn kjarnhafur til syndoffurs og eirn k\u00e1lf og einn sau\u00f0, hvorttveggja veturgamalt, l\u00fdtalaust, til brennioffurs, og eirn uxa og eirn hr\u00fat til \u00feakkaroffurs, svo v\u00e9r kunnum a\u00f0 f\u00f3rnf\u00e6ra Drottni, og eitt matoffur blanda\u00f0 me\u00f0 oleo, \u00fev\u00ed a\u00f0 Drottinn mun \u00ed dag birtast fyrir y\u00f0ur.&#8220; Og \u00feeir t\u00f3ku \u00fea\u00f0 sem M\u00f3ses haf\u00f0i bo\u00f0i\u00f0 utan <a href=\"https:\/\/biblian.is\/gudbrandsbiblia\/thridja-mosebok-9-kafli\/\"> [&#8230;]<\/a><\/p>\n","protected":false},"author":1,"featured_media":0,"parent":0,"menu_order":0,"comment_status":"open","ping_status":"open","template":"bibliukaflar.php","meta":{"footnotes":""},"class_list":["post-2791","page","type-page","status-publish","hentry"],"_links":{"self":[{"href":"https:\/\/biblian.is\/gudbrandsbiblia\/wp-json\/wp\/v2\/pages\/2791","targetHints":{"allow":["GET"]}}],"collection":[{"href":"https:\/\/biblian.is\/gudbrandsbiblia\/wp-json\/wp\/v2\/pages"}],"about":[{"href":"https:\/\/biblian.is\/gudbrandsbiblia\/wp-json\/wp\/v2\/types\/page"}],"author":[{"embeddable":true,"href":"https:\/\/biblian.is\/gudbrandsbiblia\/wp-json\/wp\/v2\/users\/1"}],"replies":[{"embeddable":true,"href":"https:\/\/biblian.is\/gudbrandsbiblia\/wp-json\/wp\/v2\/comments?post=2791"}],"version-history":[{"count":0,"href":"https:\/\/biblian.is\/gudbrandsbiblia\/wp-json\/wp\/v2\/pages\/2791\/revisions"}],"wp:attachment":[{"href":"https:\/\/biblian.is\/gudbrandsbiblia\/wp-json\/wp\/v2\/media?parent=2791"}],"curies":[{"name":"wp","href":"https:\/\/api.w.org\/{rel}","templated":true}]}}