{"id":2788,"date":"2017-12-18T18:31:43","date_gmt":"2017-12-18T18:31:43","guid":{"rendered":"http:\/\/biblian.is\/gudbrandsbiblia\/thridja-mosebok-6-kafli\/"},"modified":"2017-12-18T18:31:43","modified_gmt":"2017-12-18T18:31:43","slug":"thridja-mosebok-6-kafli","status":"publish","type":"page","link":"https:\/\/biblian.is\/gudbrandsbiblia\/thridja-mosebok-6-kafli\/","title":{"rendered":"\u00deri\u00f0ja M\u00f3seb\u00f3k 6. kafli"},"content":{"rendered":"<p>Og Drottinn tala\u00f0i vi\u00f0 M\u00f3sen og sag\u00f0i: &#8222;Bj\u00f3\u00f0 \u00fe\u00fa Aroni og hans sonum, segjandi: \u00deetta er brennioffursins l\u00f6gm\u00e1l. <span class=\"athugasemd\" title=\"L\u00f6gm\u00e1l brennioffursins\">[<\/span> Brennif\u00f3rnin skal brennast \u00e1 altarinu alla n\u00f3ttina allt til morguns. En altarisins eldur skal alleinasta brenna \u00fear upp\u00e1. Og presturinn skal f\u00e6ra sig \u00ed sinn l\u00ednkyrtil og draga s\u00ednar l\u00ednhosur \u00e1 sinn l\u00edkama og hann skal burt taka \u00f6skuna sem brennioffursins eldur hefur gj\u00f6rt \u00e1 altarinu og steypa henni ni\u00f0ur hj\u00e1 altarinu. S\u00ed\u00f0an skal hann f\u00e6ra sig af s\u00ednum kl\u00e6\u00f0um og fara \u00ed aunnur kl\u00e6\u00f0i og bera \u00f6skuna \u00fat utan fyrir herb\u00fa\u00f0irnar \u00e1 eirn hreinan sta\u00f0.<\/p>\n<p>\tEldurinn skal brenna \u00e1 altarinu og aldrei slokkna. Presturinn skal hvern morgun ala eldinn \u00e1 \u00fev\u00ed og leggja brennif\u00f3rnina \u00fear upp\u00e1 og upptendra \u00feakkoffursins feiti \u00fear upp\u00e1. Eldur s\u00e1 skal eil\u00edflega brenna \u00e1 altarinu og aldrei slokkna.<\/p>\n<p>\tOg \u00feetta er matoffursins l\u00f6gm\u00e1l sem Arons synir skulu offra yfir altarinu fyrir Drottni. <span class=\"athugasemd\" title=\"Matoffursins l\u00f6gm\u00e1l\">[<\/span> Kennima\u00f0urinn skal upplyfta hremmingi s\u00ednum fullum me\u00f0 sarla af matoffrinu og af vi\u00f0smj\u00f6ri og \u00f6llu saman reykelsinu sem liggur upp\u00e1 matoffrinu og skal uppkveikja \u00fea\u00f0 \u00e1 altarinu til eins s\u00e6ts ilms, Drottni til eirnrar minningar. En Aron og hans synir skulu eta \u00fea\u00f0 sem afgeingur og \u00feeir skulu eta \u00fea\u00f0 \u00f3s\u00fdrt \u00ed helgum sta\u00f0 \u00ed tjaldb\u00fa\u00f0argar\u00f0inum. \u00deeir skulu ekki baka \u00fea\u00f0 me\u00f0 s\u00fardeigi \u00fev\u00ed \u00fea\u00f0 er \u00feeirra partur sem \u00e9g hefi gefi\u00f0 \u00feeim af m\u00ednu offri. \u00dea\u00f0 skal vera \u00feeim \u00fea\u00f0 allra helgasta, so sem syndoffur og skuldoffur. Allt kallkyns me\u00f0al Arons sona skal eta \u00fea\u00f0. \u00dea\u00f0 skal vera eitt eil\u00edft l\u00f6gm\u00e1l y\u00f0rum eftirkomendum um f\u00f3rnf\u00e6ringar Drottins. Enginn skal snerta \u00fea\u00f0 utan hann s\u00e9 v\u00edg\u00f0ur.&#8220;<\/p>\n<p>\tOg Drottinn tala\u00f0i vi\u00f0 M\u00f3sen og sag\u00f0i: &#8222;\u00deetta skal vera \u00fea\u00f0 offur sem Aron og hans synir skulu offra Drottni \u00e1 \u00feeim degi sem hann er smur\u00f0ur. Hveitimj\u00f6lssarla, t\u00edundi partur af einu efa, sem er eitt daglegt matoffur, h\u00e1lfpart um morguninn og annan helming um aftaninn. \u00dea\u00f0 skaltu tilrei\u00f0a me\u00f0 vi\u00f0smj\u00f6ri \u00ed eirnri p\u00f6nnu og bera \u00fea\u00f0 svo steikt fram. Og soddan skaltu offra baka\u00f0 \u00ed stykkjum Drottni til eins s\u00e6ts ilms. Og presturinn s\u00e1 sem smur\u00f0ur er \u00e1 me\u00f0al hans sona \u00ed hans sta\u00f0 skal \u00fea\u00f0 gj\u00f6ra. \u00dea\u00f0 er ein eil\u00edf skikkan fyrir Drottni. \u00dea\u00f0 skal brennast alltsaman. \u00dev\u00ed a\u00f0 allt kennimanna matoffur skal me\u00f0 \u00f6llu uppbrennast og ekkert etast \u00fear af.&#8220;<\/p>\n<p>\tOg Drottinn m\u00e6lti vi\u00f0 M\u00f3sen og sag\u00f0i: &#8222;Tala \u00fe\u00fa vi\u00f0 Aron og hans sonu, segjandi: \u00deetta er syndaoffursins l\u00f6gm\u00e1l. <span class=\"athugasemd\" title=\"L\u00f6gm\u00e1l syndaoffurs\">[<\/span> \u00de\u00fa skalt og sl\u00e1tra syndaf\u00f3rninni \u00ed \u00feeim sama sta\u00f0 sem \u00fe\u00fa s\u00e6fir brennif\u00f3rnina, fyrir Drottni. \u00dea\u00f0 er \u00fea\u00f0 helgasta. En presturinn sem syndaf\u00f3rnina offrar skal eta \u00fea\u00f0 \u00ed helgum sta\u00f0 \u00ed tjaldb\u00fa\u00f0argar\u00f0inum. Enginn skal koma vi\u00f0 \u00fea\u00f0 kj\u00f6t nema s\u00e1 sem v\u00edg\u00f0ur er. Ef \u00fea\u00f0 bl\u00f3\u00f0 slettist upp\u00e1 nokku\u00f0 fat \u00fe\u00e1 skal \u00fea\u00f0 sem upp\u00e1slettist \u00fevost \u00ed helgum sta\u00f0. Og s\u00e1 leirpottur sem \u00fea\u00f0 er so\u00f0i\u00f0 \u00ed skal \u00ed sundur sl\u00e1st. En s\u00e9 \u00fea\u00f0 so\u00f0i\u00f0 \u00ed einum koparpotti \u00fe\u00e1 skal f\u00e6gja hann og \u00fevo me\u00f0 vatni. En allt \u00fea\u00f0 syndoffur hv\u00f6rs bl\u00f3\u00f0 sem inn ver\u00f0ur bori\u00f0 \u00ed vitnisbur\u00f0artjaldb\u00fa\u00f0 til eirnrar forl\u00edkunar \u00ed helgid\u00f3minum \u00fea\u00f0 skal ekki etast heldur uppbrennast me\u00f0 eldi.<\/p>\n","protected":false},"excerpt":{"rendered":"<p>Og Drottinn tala\u00f0i vi\u00f0 M\u00f3sen og sag\u00f0i: &#8222;Bj\u00f3\u00f0 \u00fe\u00fa Aroni og hans sonum, segjandi: \u00deetta er brennioffursins l\u00f6gm\u00e1l. [ Brennif\u00f3rnin skal brennast \u00e1 altarinu alla n\u00f3ttina allt til morguns. En altarisins eldur skal alleinasta brenna \u00fear upp\u00e1. Og presturinn skal f\u00e6ra sig \u00ed sinn l\u00ednkyrtil og draga s\u00ednar l\u00ednhosur \u00e1 sinn l\u00edkama og hann skal burt taka \u00f6skuna sem brennioffursins eldur hefur gj\u00f6rt \u00e1 altarinu og steypa henni ni\u00f0ur hj\u00e1 altarinu. S\u00ed\u00f0an skal hann f\u00e6ra sig af s\u00ednum kl\u00e6\u00f0um og fara \u00ed aunnur kl\u00e6\u00f0i og bera \u00f6skuna \u00fat utan fyrir herb\u00fa\u00f0irnar \u00e1 eirn hreinan sta\u00f0. Eldurinn skal brenna \u00e1 altarinu <a href=\"https:\/\/biblian.is\/gudbrandsbiblia\/thridja-mosebok-6-kafli\/\"> [&#8230;]<\/a><\/p>\n","protected":false},"author":1,"featured_media":0,"parent":0,"menu_order":0,"comment_status":"open","ping_status":"open","template":"bibliukaflar.php","meta":{"footnotes":""},"class_list":["post-2788","page","type-page","status-publish","hentry"],"_links":{"self":[{"href":"https:\/\/biblian.is\/gudbrandsbiblia\/wp-json\/wp\/v2\/pages\/2788","targetHints":{"allow":["GET"]}}],"collection":[{"href":"https:\/\/biblian.is\/gudbrandsbiblia\/wp-json\/wp\/v2\/pages"}],"about":[{"href":"https:\/\/biblian.is\/gudbrandsbiblia\/wp-json\/wp\/v2\/types\/page"}],"author":[{"embeddable":true,"href":"https:\/\/biblian.is\/gudbrandsbiblia\/wp-json\/wp\/v2\/users\/1"}],"replies":[{"embeddable":true,"href":"https:\/\/biblian.is\/gudbrandsbiblia\/wp-json\/wp\/v2\/comments?post=2788"}],"version-history":[{"count":0,"href":"https:\/\/biblian.is\/gudbrandsbiblia\/wp-json\/wp\/v2\/pages\/2788\/revisions"}],"wp:attachment":[{"href":"https:\/\/biblian.is\/gudbrandsbiblia\/wp-json\/wp\/v2\/media?parent=2788"}],"curies":[{"name":"wp","href":"https:\/\/api.w.org\/{rel}","templated":true}]}}