{"id":2787,"date":"2017-12-18T18:31:43","date_gmt":"2017-12-18T18:31:43","guid":{"rendered":"http:\/\/biblian.is\/gudbrandsbiblia\/thridja-mosebok-5-kafli\/"},"modified":"2017-12-18T18:31:43","modified_gmt":"2017-12-18T18:31:43","slug":"thridja-mosebok-5-kafli","status":"publish","type":"page","link":"https:\/\/biblian.is\/gudbrandsbiblia\/thridja-mosebok-5-kafli\/","title":{"rendered":"\u00deri\u00f0ja M\u00f3seb\u00f3k 5. kafli"},"content":{"rendered":"<p>\u00deegar nokkur s\u00e1l syndgast \u00ed \u00fev\u00ed a\u00f0 h\u00fan heyrir nokkurn b\u00f6lva og h\u00fan er vitni \u00fear til og hefur \u00fea\u00f0 s\u00e9\u00f0 e\u00f0a fornumi\u00f0 og segir ekki til, h\u00fan er s\u00f6ku\u00f0 fyrir sitt brot. E\u00f0a n\u00e6r ein s\u00e1l kemur vi\u00f0 nokku\u00f0 \u00f3hreint, hvort \u00fea\u00f0 er heldur eitt hr\u00e6 af \u00f3hreinu d\u00fdri e\u00f0a af f\u00e9na\u00f0i e\u00f0a af skri\u00f0kvikindi, og veit \u00fea\u00f0 ekki, h\u00fan er saurgu\u00f0 og hefur syndga\u00f0. E\u00f0a ef h\u00fan hr\u00e6rir vi\u00f0 einn \u00f3hreinan mann, hva\u00f0 helst \u00f3hreinleika sem eirn mann kann \u00f3hreinn af a\u00f0 ver\u00f0a, og vissi \u00fea\u00f0 ekki og fornemur \u00fea\u00f0, h\u00fan er or\u00f0in s\u00f6ku\u00f0. E\u00f0a n\u00e6r ein s\u00e1l sver og \u00fea\u00f0 hr\u00fdtur af hans munni a\u00f0 gj\u00f6ra illa e\u00f0a vel og allt \u00fea\u00f0 ma\u00f0ur leggur ei\u00f0 vi\u00f0, fyrr en han \u00feenkir og vi\u00f0urkennist \u00fea\u00f0, hann er or\u00f0inn sekur \u00ed einu af \u00feessum.<\/p>\n<p>\tEn n\u00e6r \u00fea\u00f0 ske\u00f0ur so a\u00f0 nokkur miss\u00e9r sig um eitt af \u00feessu og vi\u00f0urkennist a\u00f0 hann hafi syndgast \u00fear \u00ed \u00fe\u00e1 skal hann fram bera eirn sau\u00f0 e\u00f0a eina geit af sinni hj\u00f6r\u00f0 fyrir Drottin til syndaoffurs fyrir \u00fe\u00e1 synd sem hann hefur gj\u00f6rt. So skal presturinn bi\u00f0ja fyrir honum og hans synd. En hafi hann ekki sau\u00f0inn til, so beri hann tv\u00e6r turtild\u00fafur e\u00f0ur tvo d\u00fafuunga, fram fyrir Drottin fyrir s\u00edna synd sem hann gj\u00f6r\u00f0i, \u00feann fyrsta til offurs, \u00feann annan til brennioffurs, og beri \u00fe\u00e1 til prestsins. Hann skal f\u00f3rnf\u00e6ra \u00feann fyrsta til syndoffurs og klyppa h\u00e1lsinn \u00ed sundur fyrir aftan hnakkann og brj\u00f3ta \u00fe\u00f3 ekki fr\u00e1 og st\u00f6kkva me\u00f0 syndoffursins bl\u00f3\u00f0i upp\u00e1 altarisins s\u00ed\u00f0u en hella \u00f6\u00f0ru ni\u00f0ur hj\u00e1 altarisins f\u00e6ti. <span class=\"athugasemd\" title=\"Syndoffur\">[<\/span> \u00dea\u00f0 er syndoffur. En \u00feann annan skal hann f\u00f3rnf\u00e6ra til brennif\u00f3rnar so sem tilheyrir. Og so skal presturinn bi\u00f0ja fyrir honum og hans synd sem hann gj\u00f6r\u00f0i og svo er honum h\u00fan fyrirgefin.<\/p>\n<p>\tEn hafi hann ekki til tv\u00e6r turtild\u00fafur e\u00f0a tvo d\u00fafuunga \u00fe\u00e1 skal hann bera fram fyrir s\u00edna synd sitt offur sem er hveitisarla, t\u00edundapart af efa, til syndaoffurs. En ekkert oleum skal hann leggja \u00fear upp\u00e1, eigi heldur reykelsi, \u00fev\u00ed a\u00f0 \u00fea\u00f0 er eitt syndoffur. Og hann skal bera \u00fea\u00f0 til prestsins en presturinn skal taka eirn hremming \u00fear af til minningar og upptendri \u00fea\u00f0 \u00e1 altarinu til eins elds fyrir Drottni. \u00dea\u00f0 er eitt syndoffur. Og svo skal presturinn bi\u00f0ja fyrir honum og hans synd sem hann gj\u00f6r\u00f0i, \u00fe\u00e1 er honum h\u00fan fyrirgefin. Og \u00fea\u00f0 skal heyra prestinum til, l\u00edka sem eitt matoffur.&#8220;<\/p>\n<p>\tOg Drottinn m\u00e6lti vi\u00f0 M\u00f3sen og sag\u00f0i: &#8222;N\u00e6r ein s\u00e1l misgj\u00f6rir a\u00f0 h\u00fan fors\u00e9r sig og syndgast \u00e1 \u00feeim hlutum sem Drottni eru v\u00edg\u00f0ir \u00fe\u00e1 skal h\u00fan bera sitt skuldoffur til Drottins, eirn hr\u00fat \u00e1n l\u00fdta af hj\u00f6r\u00f0inni sem a\u00f0 vera skal a\u00f0 ver\u00f0aurum tveir sicli silfurs, eftir helgid\u00f3msins sikli, til skuldoffurs. <span class=\"athugasemd\" title=\"Skuldoffur \/ Siclus er h\u00e1lfur dalur\">[<\/span> \u00dear til skal hann gefa aftur so miki\u00f0 sem hann syndga\u00f0ist \u00e1 \u00fev\u00ed v\u00edg\u00f0a og gefa inn fimmta part a\u00f0 auk, og \u00fea\u00f0 skal hann gefa prestinum. Hann skal bi\u00f0ja fyrir honum og offra skuldoffursins hr\u00fat og so fyrirgefist honum \u00fea\u00f0.<\/p>\n<p>\tN\u00e6r ein s\u00e1l syndgast og gj\u00f6rir nokku\u00f0 \u00ed m\u00f3ti bo\u00f0or\u00f0i Drottins \u00fea\u00f0 h\u00fan skyldi ekki gj\u00f6ra og vissi \u00fea\u00f0 ekki, h\u00fan er sek og er skyldug \u00ed s\u00ednum misgj\u00f6rning. H\u00fan skal fram bera eirn hr\u00fat af hj\u00f6r\u00f0inni, l\u00fdtalausan, fyrir prestinn, \u00feann e\u00f0 vir\u00f0ist a\u00f0 f\u00f3rnf\u00e6ra megi, \u00ed eitt skuldoffur. Hann skal bi\u00f0ja fyrir honum \u00fev\u00ed a\u00f0 hann gj\u00f6r\u00f0i af \u00f3visku og f\u00e1fr\u00e6\u00f0i og mun honum \u00fea\u00f0 fyrirgefast. \u00dea\u00f0 er skuldoffur \u00fea\u00f0 sem hann er fallinn \u00ed fyrir Drottni.<\/p>\n<p>\tOg Drottinn tala\u00f0i vi\u00f0 M\u00f3sen og sag\u00f0i: &#8222;N\u00e6r ein s\u00e1l syndgar og misgj\u00f6rir \u00ed m\u00f3ti Drottni, a\u00f0 h\u00fan segir s\u00ednum n\u00e1unga nei fyrir \u00fea\u00f0 sem honum var b\u00edfala\u00f0, e\u00f0a hafi henni veri\u00f0 tiltr\u00faa\u00f0 \u00fea\u00f0 a\u00f0 geyma, e\u00f0a ef h\u00fan tekur \u00fea\u00f0 me\u00f0 ofr\u00edki e\u00f0a dregur undir sig me\u00f0 \u00f3r\u00e9tti, e\u00f0a hafi h\u00fan fundi\u00f0 \u00fea\u00f0 nokku\u00f0 sem t\u00fdnt var og segir nei \u00fear vi\u00f0 me\u00f0 r\u00f6ngum ei\u00f0i, e\u00f0a gj\u00f6rir nokku\u00f0 anna\u00f0 hvar me\u00f0 eirn ma\u00f0ur misgj\u00f6rir \u00ed m\u00f3t s\u00ednum n\u00e1unga, n\u00e6r \u00fea\u00f0 ske\u00f0ur a\u00f0 hann so syndgar og ver\u00f0ur saka\u00f0ur \u00fe\u00e1 skal hann gefa aftur \u00fea\u00f0 hann t\u00f3k me\u00f0 ofr\u00edki e\u00f0ur dr\u00f3 undir sig me\u00f0 \u00f3r\u00e9tti e\u00f0a \u00fea\u00f0 hann s\u00f3r s\u00e9r ranglega e\u00f0a hva\u00f0 sem honum var til geymslu fengi\u00f0 e\u00f0a hva\u00f0 sem hann hefur fundi\u00f0, \u00fea\u00f0 skal hann alltsaman afturgjalda. \u00dear me\u00f0 skal hann gefa fimmtungi meira \u00feeim sem \u00e1tti, samd\u00e6gris \u00fe\u00e1 hann gefur sitt skuldoffur. En fyrir s\u00edna skuld skal hann bera fyrir Drottin til prestsins eirn hr\u00fat af hj\u00f6r\u00f0inni \u00e1n l\u00fdta, \u00feann a\u00f0 dugir til skuldoffurs. So skal presturinn bi\u00f0ja fyrir honum fyrir Drottni, \u00fe\u00e1 mun honum fyrirgefast allt \u00fea\u00f0 sem hann hefur misgj\u00f6rt og \u00fea\u00f0 hann er sekur.&#8220;<\/p>\n","protected":false},"excerpt":{"rendered":"<p>\u00deegar nokkur s\u00e1l syndgast \u00ed \u00fev\u00ed a\u00f0 h\u00fan heyrir nokkurn b\u00f6lva og h\u00fan er vitni \u00fear til og hefur \u00fea\u00f0 s\u00e9\u00f0 e\u00f0a fornumi\u00f0 og segir ekki til, h\u00fan er s\u00f6ku\u00f0 fyrir sitt brot. E\u00f0a n\u00e6r ein s\u00e1l kemur vi\u00f0 nokku\u00f0 \u00f3hreint, hvort \u00fea\u00f0 er heldur eitt hr\u00e6 af \u00f3hreinu d\u00fdri e\u00f0a af f\u00e9na\u00f0i e\u00f0a af skri\u00f0kvikindi, og veit \u00fea\u00f0 ekki, h\u00fan er saurgu\u00f0 og hefur syndga\u00f0. E\u00f0a ef h\u00fan hr\u00e6rir vi\u00f0 einn \u00f3hreinan mann, hva\u00f0 helst \u00f3hreinleika sem eirn mann kann \u00f3hreinn af a\u00f0 ver\u00f0a, og vissi \u00fea\u00f0 ekki og fornemur \u00fea\u00f0, h\u00fan er or\u00f0in s\u00f6ku\u00f0. E\u00f0a n\u00e6r ein s\u00e1l <a href=\"https:\/\/biblian.is\/gudbrandsbiblia\/thridja-mosebok-5-kafli\/\"> [&#8230;]<\/a><\/p>\n","protected":false},"author":1,"featured_media":0,"parent":0,"menu_order":0,"comment_status":"open","ping_status":"open","template":"bibliukaflar.php","meta":{"footnotes":""},"class_list":["post-2787","page","type-page","status-publish","hentry"],"_links":{"self":[{"href":"https:\/\/biblian.is\/gudbrandsbiblia\/wp-json\/wp\/v2\/pages\/2787","targetHints":{"allow":["GET"]}}],"collection":[{"href":"https:\/\/biblian.is\/gudbrandsbiblia\/wp-json\/wp\/v2\/pages"}],"about":[{"href":"https:\/\/biblian.is\/gudbrandsbiblia\/wp-json\/wp\/v2\/types\/page"}],"author":[{"embeddable":true,"href":"https:\/\/biblian.is\/gudbrandsbiblia\/wp-json\/wp\/v2\/users\/1"}],"replies":[{"embeddable":true,"href":"https:\/\/biblian.is\/gudbrandsbiblia\/wp-json\/wp\/v2\/comments?post=2787"}],"version-history":[{"count":0,"href":"https:\/\/biblian.is\/gudbrandsbiblia\/wp-json\/wp\/v2\/pages\/2787\/revisions"}],"wp:attachment":[{"href":"https:\/\/biblian.is\/gudbrandsbiblia\/wp-json\/wp\/v2\/media?parent=2787"}],"curies":[{"name":"wp","href":"https:\/\/api.w.org\/{rel}","templated":true}]}}