{"id":2785,"date":"2017-12-18T18:31:43","date_gmt":"2017-12-18T18:31:43","guid":{"rendered":"http:\/\/biblian.is\/gudbrandsbiblia\/thridja-mosebok-3-kafli\/"},"modified":"2017-12-18T18:31:43","modified_gmt":"2017-12-18T18:31:43","slug":"thridja-mosebok-3-kafli","status":"publish","type":"page","link":"https:\/\/biblian.is\/gudbrandsbiblia\/thridja-mosebok-3-kafli\/","title":{"rendered":"\u00deri\u00f0ja M\u00f3seb\u00f3k 3. kafli"},"content":{"rendered":"<p>En s\u00e9 hans offur eitt \u00feakkl\u00e6tisoffur af nautum, hvort \u00fea\u00f0 er uxi e\u00f0ur k\u00fdr, \u00fe\u00e1 skal hann \u00fea\u00f0 offra fyrir Drottni sem er l\u00fdtalaust. <span class=\"athugasemd\" title=\"\u00deakkl\u00e6tisoffur af nautum\">[<\/span> Og hann skal leggja s\u00edna h\u00f6nd \u00e1 h\u00f6fu\u00f0i\u00f0 \u00e1 f\u00f3rninni og s\u00e6fa hana fyrir vitnisbur\u00f0arb\u00fa\u00f0ardyrunum. Og prestarnir, Arons synir, skulu st\u00f6kkva bl\u00f3\u00f0inu kringum altari\u00f0. Og skal so offra Drottni af sama \u00feakkl\u00e6tisoffri, sem er allan innyflam\u00f6rinn, \u00feau tv\u00f6 n\u00fdrun me\u00f0 n\u00fdrnam\u00f6rnum sem \u00fear er vi\u00f0 malirnar, og lifrarnetjuna me\u00f0 n\u00fdrunum. Og Arons synir skulu brenna \u00fea\u00f0 \u00e1 altarinu til brennioffurs \u00e1 vi\u00f0num \u00feeim sem liggur \u00e1 eldinum. \u00dea\u00f0 er eldur til s\u00e6tleiks ilms fyrir Drottni.<\/p>\n<p>\tEn vilji hann gj\u00f6ra Drottni eitt \u00feakkl\u00e6tisoffur af sm\u00e1f\u00e9na\u00f0i, hvort \u00fea\u00f0 er gra\u00f0f\u00e9 e\u00f0a berf\u00e9, \u00fe\u00e1 skal \u00fea\u00f0 vera \u00e1n flekks. <span class=\"athugasemd\" title=\"\u00deakkl\u00e6tisoffur af sm\u00e1f\u00e9na\u00f0i\">[<\/span> S\u00e9 \u00fea\u00f0 eitt lamb \u00fe\u00e1 skal bera \u00fea\u00f0 fram fyrir Drottin og leggja s\u00edna h\u00f6nd \u00e1 h\u00f6fu\u00f0i\u00f0 \u00e1 \u00fev\u00ed og sl\u00e1tra \u00fev\u00ed fyrir utan vitnisbur\u00f0arb\u00fa\u00f0ina. Og Arons synir skulu st\u00f6kkva bl\u00f3\u00f0inu um kring altari\u00f0 og offra svo Drottni af \u00fev\u00ed \u00feakkl\u00e6tisoffri til eldsins, sem er m\u00f6rinn og alla r\u00f3una slitna fr\u00e1 hryggnum og allan garnm\u00f6rinn, n\u00fdrun b\u00e6\u00f0i me\u00f0 n\u00fdrnam\u00f6rnum vi\u00f0 malirnar og lifrarnetjuna me\u00f0 n\u00fdrunum. Og presturinn skal brenna \u00fea\u00f0 \u00e1 altarinu til eldsmatar fyrir Drottni.<\/p>\n<p>\tEn s\u00e9 hans offur ein geit og lei\u00f0ir hann hana fyrir Drottin \u00fe\u00e1 skal hann leggja s\u00edna h\u00f6nd yfir hennar h\u00f6fu\u00f0 og sl\u00e1tra henni fyrir utan vitnisbur\u00f0arb\u00fa\u00f0ina. Og Arons synir skulu st\u00f6kkva bl\u00f3\u00f0inu r\u00e9tt um kring \u00e1 altari\u00f0 og skulu offra Drottni eitt offur \u00fear af, sem er innyflam\u00f6rinn og tv\u00f6 n\u00fdrun me\u00f0 \u00feeim m\u00f6r sem \u00fear er vi\u00f0 lendarnar og lifrarnetjuna me\u00f0 n\u00fdrunum. Og presturinn skal upptendra \u00fea\u00f0 \u00e1 altarinu til eldsmatar og til eins s\u00e6ts ilms.<\/p>\n<p>\tAllt \u00fea\u00f0 feita heyrir Drottni til. \u00dea\u00f0 skal vera eirn eil\u00edfur plagsi\u00f0ur hj\u00e1 y\u00f0rum eftirkomendum \u00ed \u00f6llum y\u00f0ar h\u00fdb\u00fdlum, a\u00f0 \u00fe\u00e9r skulu\u00f0 hvorki eta m\u00f6rinn ei heldur bl\u00f3\u00f0i\u00f0.&#8220; <span class=\"athugasemd\" title=\"M\u00f6r og bl\u00f3\u00f0 fyrirbo\u00f0i\u00f0 a\u00f0 eta \/ Levit. 7; 17; 19\">[<\/span><\/p>\n","protected":false},"excerpt":{"rendered":"<p>En s\u00e9 hans offur eitt \u00feakkl\u00e6tisoffur af nautum, hvort \u00fea\u00f0 er uxi e\u00f0ur k\u00fdr, \u00fe\u00e1 skal hann \u00fea\u00f0 offra fyrir Drottni sem er l\u00fdtalaust. [ Og hann skal leggja s\u00edna h\u00f6nd \u00e1 h\u00f6fu\u00f0i\u00f0 \u00e1 f\u00f3rninni og s\u00e6fa hana fyrir vitnisbur\u00f0arb\u00fa\u00f0ardyrunum. Og prestarnir, Arons synir, skulu st\u00f6kkva bl\u00f3\u00f0inu kringum altari\u00f0. Og skal so offra Drottni af sama \u00feakkl\u00e6tisoffri, sem er allan innyflam\u00f6rinn, \u00feau tv\u00f6 n\u00fdrun me\u00f0 n\u00fdrnam\u00f6rnum sem \u00fear er vi\u00f0 malirnar, og lifrarnetjuna me\u00f0 n\u00fdrunum. Og Arons synir skulu brenna \u00fea\u00f0 \u00e1 altarinu til brennioffurs \u00e1 vi\u00f0num \u00feeim sem liggur \u00e1 eldinum. \u00dea\u00f0 er eldur til s\u00e6tleiks ilms fyrir Drottni. <a href=\"https:\/\/biblian.is\/gudbrandsbiblia\/thridja-mosebok-3-kafli\/\"> [&#8230;]<\/a><\/p>\n","protected":false},"author":1,"featured_media":0,"parent":0,"menu_order":0,"comment_status":"open","ping_status":"open","template":"bibliukaflar.php","meta":{"footnotes":""},"class_list":["post-2785","page","type-page","status-publish","hentry"],"_links":{"self":[{"href":"https:\/\/biblian.is\/gudbrandsbiblia\/wp-json\/wp\/v2\/pages\/2785","targetHints":{"allow":["GET"]}}],"collection":[{"href":"https:\/\/biblian.is\/gudbrandsbiblia\/wp-json\/wp\/v2\/pages"}],"about":[{"href":"https:\/\/biblian.is\/gudbrandsbiblia\/wp-json\/wp\/v2\/types\/page"}],"author":[{"embeddable":true,"href":"https:\/\/biblian.is\/gudbrandsbiblia\/wp-json\/wp\/v2\/users\/1"}],"replies":[{"embeddable":true,"href":"https:\/\/biblian.is\/gudbrandsbiblia\/wp-json\/wp\/v2\/comments?post=2785"}],"version-history":[{"count":0,"href":"https:\/\/biblian.is\/gudbrandsbiblia\/wp-json\/wp\/v2\/pages\/2785\/revisions"}],"wp:attachment":[{"href":"https:\/\/biblian.is\/gudbrandsbiblia\/wp-json\/wp\/v2\/media?parent=2785"}],"curies":[{"name":"wp","href":"https:\/\/api.w.org\/{rel}","templated":true}]}}