{"id":2782,"date":"2017-12-18T18:31:43","date_gmt":"2017-12-18T18:31:43","guid":{"rendered":"http:\/\/biblian.is\/gudbrandsbiblia\/onnur-mosebok-40-kafli\/"},"modified":"2017-12-18T18:31:43","modified_gmt":"2017-12-18T18:31:43","slug":"onnur-mosebok-40-kafli","status":"publish","type":"page","link":"https:\/\/biblian.is\/gudbrandsbiblia\/onnur-mosebok-40-kafli\/","title":{"rendered":"\u00d6nnur M\u00f3seb\u00f3k 40. kafli"},"content":{"rendered":"<p>Og Drottinn m\u00e6lti vi\u00f0 M\u00f3sen og sag\u00f0i: &#8222;\u00de\u00fa skalt uppreisa vitnisbur\u00f0arb\u00fa\u00f0ina \u00feann inn fyrsta dag i \u00feeim fyrsta m\u00e1nu\u00f0i. <span class=\"athugasemd\" title=\"H\u00e9r b\u00fd\u00f0ur Gu\u00f0 M\u00f3se a\u00f0 reisa tjaldb\u00fa\u00f0ina og setja hva\u00f0 \u00ed sinn sta\u00f0\">[<\/span> Og \u00fe\u00fa skalt setja s\u00e1ttm\u00e1lans \u00f6rk \u00fear og hengja fortjaldi\u00f0 fyrir \u00f6rkina. \u00de\u00fa skalt og bera bor\u00f0i\u00f0 \u00feanga\u00f0 og tilb\u00faa \u00fea\u00f0. \u00de\u00fa skalt og setja kertistikuna \u00feanga\u00f0 og lampana \u00e1 henni. \u00de\u00fa skalt og setja \u00fea\u00f0 gyllini reykaltari fyrir s\u00e1ttm\u00e1lans \u00f6rkina og hengja so eitt fortjald fyrir tjaldb\u00fa\u00f0arinnar dyr. En \u00fe\u00fa skalt setja brennioffursins altari utan fyrir vitnisbur\u00f0arb\u00fa\u00f0ardyrnar, og vatnkeri\u00f0 millum vitnisbur\u00f0arins tjaldb\u00fa\u00f0ar og altarisins og l\u00e1ta vatn \u00fear \u00ed, og setja tjaldb\u00fa\u00f0argar\u00f0inn \u00fear r\u00e9tt um kring og hengja fortjaldi\u00f0 fyrir porti\u00f0 \u00e1 tjaldb\u00fa\u00f0argar\u00f0inum.<\/p>\n<p>\tOg \u00fe\u00fa skalt taka smyrslin og smyrja tjaldb\u00fa\u00f0ina og allt \u00fea\u00f0 sem \u00fear er inni og v\u00edgja hana me\u00f0 \u00f6llum hennar umb\u00fana\u00f0i svo h\u00fan s\u00e9 heil\u00f6g. <span class=\"athugasemd\" title=\"V\u00edgslan \/ Exod. 30\">[<\/span> So skaltu og smyrja brennioffursins altari me\u00f0 \u00f6llum s\u00ednum verkf\u00e6rum og v\u00edgja \u00fea\u00f0 so \u00fea\u00f0 s\u00e9 \u00fea\u00f0 allra heilagasta. \u00de\u00fa skalt og smyrja vatnkeri\u00f0 og \u00feess f\u00f3t og v\u00edgja \u00fea\u00f0.<\/p>\n<p>\t\u00de\u00fa skalt lei\u00f0a Aron og hans sonu til vitnisbur\u00f0artjaldb\u00fa\u00f0ardyra og \u00fevo \u00fe\u00e1 me\u00f0 vatni og f\u00e6ra Aron \u00ed \u00feau heil\u00f6gu kl\u00e6\u00f0i og smyrja og v\u00edgja hann, a\u00f0 hann s\u00e9 minn kennima\u00f0ur. <span class=\"athugasemd\" title=\"Exod. 29\">[<\/span> \u00de\u00fa skalt og lei\u00f0a hans sonu fram og f\u00e6ra \u00fe\u00e1 \u00ed \u00fe\u00e1 mj\u00f3u kyrtla og smyrja \u00fe\u00e1 l\u00edka sem \u00fe\u00fa smur\u00f0ir \u00feeirra f\u00f6\u00f0ur, a\u00f0 \u00feeir skulu vera m\u00ednir kennimenn. \u00deessi smurning skal vera \u00feeim til eins eil\u00edfs kennimannsskapar hj\u00e1 \u00feeirra eftirkomendum.&#8220; Og M\u00f3ses gj\u00f6r\u00f0i alla hluti so sem Drottinn haf\u00f0i bo\u00f0i\u00f0 honum.<\/p>\n<p>\tSo var n\u00fa tjaldb\u00fa\u00f0in uppreist \u00feann fyrsta dag \u00ed \u00feeim fyrsta m\u00e1na\u00f0i \u00e1 \u00fev\u00ed \u00f6\u00f0ru \u00e1ri. <span class=\"athugasemd\" title=\"Num. 7\">[<\/span> Og \u00fe\u00e1 M\u00f3ses haf\u00f0i uppreist hana setti hann f\u00e6turnar og fjalirnar og stengurnar og reisti st\u00f3lpana upp og \u00fatbreiddi tj\u00f6ldin til b\u00fa\u00f0arinnar og lag\u00f0i tjald\u00fe\u00f6kin \u00fear upp\u00e1, sem Drottinn haf\u00f0i b\u00edfala\u00f0 honum. So og t\u00f3k hann vitnisbur\u00f0inn og lag\u00f0i hann \u00ed \u00f6rkina og setti stengurnar \u00ed \u00f6rkina og setti n\u00e1\u00f0arst\u00f3linn ofan \u00e1 \u00f6rkina og bar \u00f6rkina inn \u00ed tjaldb\u00fa\u00f0ina og hengdi fortjaldi\u00f0 framan fyrir vitnisbur\u00f0arinnar \u00f6rk, sem Drottinn haf\u00f0i b\u00edfala\u00f0 honum. Og hann setti bor\u00f0i\u00f0 \u00ed s\u00e1ttm\u00e1lans tjaldb\u00fa\u00f0 \u00ed horni b\u00fa\u00f0arinnar \u00ed m\u00f3t nor\u00f0ri, fyrir framan fotjaldi\u00f0, og tilreiddi brau\u00f0 \u00fear upp\u00e1 fyrir Drottni, sem Drottinn haf\u00f0i b\u00edfala\u00f0 honum. So setti hann kertistikuna \u00fevert yfir fr\u00e1 bor\u00f0inu \u00ed \u00fea\u00f0 horn \u00ed tjaldb\u00fa\u00f0inni m\u00f3t su\u00f0ri og setti lampana \u00fear upp\u00e1 fyrir Drottni, sem Drottinn haf\u00f0i b\u00edfala\u00f0 honum.<\/p>\n<p>\tHann setti og gullaltari\u00f0 \u00fear innfyrir fortjaldi\u00f0 og gj\u00f6r\u00f0i s\u00e6tan reykelsisilm \u00fear upp\u00e1, sem Drottinn haf\u00f0i b\u00edfala\u00f0 honum. Og hann hengdi eitt fortjald fyrir tjaldb\u00fa\u00f0ardyrnar. En brennif\u00f3rnaaltari setti hann fyrir tjaldb\u00fa\u00f0ardyrunum og offra\u00f0i \u00fear \u00e1 brennif\u00f3rnum og mataroffri, so sem Drottinn haf\u00f0i b\u00edfala\u00f0 honum. Og hann setti vatnkeri\u00f0 \u00ed millum vitnisbur\u00f0arb\u00fa\u00f0arinnar og altarisins og l\u00e9t \u00fear vatn \u00ed a\u00f0 \u00fevo af. Og M\u00f3ses og Aron og hans synir \u00fevo\u00f0u s\u00ednar hendur og f\u00e6tur \u00fear af \u00fev\u00ed \u00feeir skyldu \u00fevo s\u00e9r \u00fe\u00e1 \u00feeir gengu inn \u00ed vitnisbur\u00f0arins tjaldb\u00fa\u00f0 e\u00f0a \u00fe\u00e1 \u00feeir gengu fram til altarisins, so sem Drottinn haf\u00f0i b\u00edfala\u00f0 honum. So reisti hann b\u00fa\u00f0argar\u00f0inn upp \u00ed kring um tjaldb\u00fa\u00f0ina og altari\u00f0 og hengdi fortjaldi\u00f0 \u00ed forgar\u00f0sins port. So fullkomna\u00f0i M\u00f3ses \u00feann allan gj\u00f6rning.<\/p>\n<p>\t\u00de\u00e1 huldi eitt sk\u00fd vitnisbur\u00f0arb\u00fa\u00f0ina og d\u00fdr\u00f0 Drottins uppfyllti hana. <span class=\"athugasemd\" title=\"Num. 9 \/ 3 Reg. 8\">[<\/span> Og M\u00f3ses gat ekki gengi\u00f0 inn \u00ed vitnisbur\u00f0arb\u00fa\u00f0ina \u00fe\u00e1 stund sem sk\u00fdi\u00f0 st\u00f3\u00f0 \u00fear yfir og \u00e1 me\u00f0an Gu\u00f0s d\u00fdr\u00f0 uppfyllti tjaldb\u00fa\u00f0ina. Og \u00fe\u00e1 sk\u00fdi\u00f0 t\u00f3k sig upp fr\u00e1 tjaldb\u00fa\u00f0inni \u00fe\u00e1 fer\u00f0u\u00f0ust \u00cdsraelssynir \u00feeirra lei\u00f0. En \u00fe\u00e1 sk\u00fdi\u00f0 t\u00f3k sig ekki upp \u00fe\u00e1 voru \u00feeir kyrrir og fer\u00f0u\u00f0ust ekki \u00e1 \u00feeim degi, fyrr en \u00feann dag \u00fea\u00f0 t\u00f3k sig upp. \u00dev\u00ed a\u00f0 Drottins sk\u00fd var um daga yfir tjaldb\u00fa\u00f0inni og um n\u00e6tur var \u00fea\u00f0 gl\u00f3andi eldur fyrir augum alls \u00cdsraels h\u00fass, svo lengi sem \u00feeir voru \u00e1 lei\u00f0inni.<\/p>\n<p>Endir \u00e1 annarri b\u00f3k <\/p>\n<p>M\u00f3se.<\/p>\n","protected":false},"excerpt":{"rendered":"<p>Og Drottinn m\u00e6lti vi\u00f0 M\u00f3sen og sag\u00f0i: &#8222;\u00de\u00fa skalt uppreisa vitnisbur\u00f0arb\u00fa\u00f0ina \u00feann inn fyrsta dag i \u00feeim fyrsta m\u00e1nu\u00f0i. [ Og \u00fe\u00fa skalt setja s\u00e1ttm\u00e1lans \u00f6rk \u00fear og hengja fortjaldi\u00f0 fyrir \u00f6rkina. \u00de\u00fa skalt og bera bor\u00f0i\u00f0 \u00feanga\u00f0 og tilb\u00faa \u00fea\u00f0. \u00de\u00fa skalt og setja kertistikuna \u00feanga\u00f0 og lampana \u00e1 henni. \u00de\u00fa skalt og setja \u00fea\u00f0 gyllini reykaltari fyrir s\u00e1ttm\u00e1lans \u00f6rkina og hengja so eitt fortjald fyrir tjaldb\u00fa\u00f0arinnar dyr. En \u00fe\u00fa skalt setja brennioffursins altari utan fyrir vitnisbur\u00f0arb\u00fa\u00f0ardyrnar, og vatnkeri\u00f0 millum vitnisbur\u00f0arins tjaldb\u00fa\u00f0ar og altarisins og l\u00e1ta vatn \u00fear \u00ed, og setja tjaldb\u00fa\u00f0argar\u00f0inn \u00fear r\u00e9tt um kring og hengja fortjaldi\u00f0 <a href=\"https:\/\/biblian.is\/gudbrandsbiblia\/onnur-mosebok-40-kafli\/\"> [&#8230;]<\/a><\/p>\n","protected":false},"author":1,"featured_media":0,"parent":0,"menu_order":0,"comment_status":"open","ping_status":"open","template":"bibliukaflar.php","meta":{"footnotes":""},"class_list":["post-2782","page","type-page","status-publish","hentry"],"_links":{"self":[{"href":"https:\/\/biblian.is\/gudbrandsbiblia\/wp-json\/wp\/v2\/pages\/2782","targetHints":{"allow":["GET"]}}],"collection":[{"href":"https:\/\/biblian.is\/gudbrandsbiblia\/wp-json\/wp\/v2\/pages"}],"about":[{"href":"https:\/\/biblian.is\/gudbrandsbiblia\/wp-json\/wp\/v2\/types\/page"}],"author":[{"embeddable":true,"href":"https:\/\/biblian.is\/gudbrandsbiblia\/wp-json\/wp\/v2\/users\/1"}],"replies":[{"embeddable":true,"href":"https:\/\/biblian.is\/gudbrandsbiblia\/wp-json\/wp\/v2\/comments?post=2782"}],"version-history":[{"count":0,"href":"https:\/\/biblian.is\/gudbrandsbiblia\/wp-json\/wp\/v2\/pages\/2782\/revisions"}],"wp:attachment":[{"href":"https:\/\/biblian.is\/gudbrandsbiblia\/wp-json\/wp\/v2\/media?parent=2782"}],"curies":[{"name":"wp","href":"https:\/\/api.w.org\/{rel}","templated":true}]}}