{"id":2781,"date":"2017-12-18T18:31:43","date_gmt":"2017-12-18T18:31:43","guid":{"rendered":"http:\/\/biblian.is\/gudbrandsbiblia\/onnur-mosebok-39-kafli\/"},"modified":"2017-12-18T18:31:43","modified_gmt":"2017-12-18T18:31:43","slug":"onnur-mosebok-39-kafli","status":"publish","type":"page","link":"https:\/\/biblian.is\/gudbrandsbiblia\/onnur-mosebok-39-kafli\/","title":{"rendered":"\u00d6nnur M\u00f3seb\u00f3k 39. kafli"},"content":{"rendered":"<p>En af gulu silki, skarlati og purpura gj\u00f6r\u00f0u \u00feeir skr\u00fa\u00f0ann handa Aroni til Gu\u00f0s \u00fe\u00e9nustu \u00ed helgid\u00f3minum sem Drottinn haf\u00f0i bo\u00f0i\u00f0 M\u00f3se. <span class=\"athugasemd\" title=\"Arons skr\u00fa\u00f0i \/ Exod. 28\">[<\/span>  <\/p>\n<p>\tOg \u00feeir gj\u00f6r\u00f0u l\u00edfkyrtilinn af gulli, gulu silki, skarlati, purpura og hv\u00edtu tvinnu\u00f0u silki. Og sl\u00f3u gulli\u00f0 \u00ed teina og gj\u00f6r\u00f0u \u00far \u00fev\u00ed \u00fer\u00e6\u00f0i svo mann m\u00e1tti kostulega vefa \u00fev\u00ed \u00e1 millum guls silkis, skarlats, purpura og hv\u00edts silkis, so l\u00edfkyrtillinn m\u00e1tti festast saman \u00e1 b\u00e1\u00f0um \u00f6xlunum og bindast til samans \u00e1 b\u00e1\u00f0um hli\u00f0unum. <span class=\"athugasemd\" title=\"L\u00edfkyrtillinn\">[<\/span> Og hans lindi var eftir s\u00f6mum hagleik og gj\u00f6rningi af gulli, gulu silki, skarlati og purpura og hv\u00edttvinnu\u00f0u silki, sem Drottinn haf\u00f0i b\u00edfala\u00f0 M\u00f3se. Og \u00feeir settu tvo \u00f3nyxsteina greypta \u00ed gull um kring, \u00fatgrafna af steinsn\u00ed\u00f0aranum, me\u00f0 \u00cdsraelssona n\u00f6fnum, og festu \u00fe\u00e1 \u00e1 axlirnar \u00e1 l\u00edfkyrtilinn, a\u00f0 \u00feeir steinar skyldu vera \u00cdsraelssonum til eirnrar minningar sem Drottinn haf\u00f0i b\u00edfala\u00f0 M\u00f3se.<\/p>\n<p>\tOg \u00feeir gj\u00f6r\u00f0u brj\u00f3stskj\u00f6ldinn eftir \u00feeim sama hagleik og gj\u00f6rningi sem l\u00edfkyrtilinn var gj\u00f6r\u00f0ur, af gulli, gulu silki, skarlati, purpura og hv\u00edttvinnu\u00f0u silki, so a\u00f0 hann var ferskeyttur og tvefaldur, \u00feverarhandar v\u00ed\u00f0ur og brei\u00f0ur. <span class=\"athugasemd\" title=\"Brj\u00f3stskj\u00f6ldurinn me\u00f0 t\u00f3lf gimsteinum\">[<\/span> Og fylltu hann me\u00f0 fj\u00f3rar skipanir steina: \u00cd fyrstu l\u00ednu var sardis, t\u00f3paser og smarag\u00f0us, \u00ed annarri l\u00ednu r\u00fab\u00edn, saf\u00edr, demant, \u00ed \u00feri\u00f0ju l\u00ednu lyncurer, akat og amet\u00edst, \u00ed fj\u00f3r\u00f0u t\u00farkis, \u00f3nyx og jaspis, og greyptir \u00ed gull \u00ed \u00f6llum l\u00ednunum. Og steinarnir st\u00f3\u00f0u eftir n\u00f6fnum t\u00f3lf \u00cdsraelssona, \u00fatgrafnir af steinsn\u00ed\u00f0aranum, hv\u00f6r vi\u00f0 sitt nafn, eftir \u00feeim t\u00f3lf kynkv\u00edslum.<\/p>\n<p>\t\u00deeir gj\u00f6r\u00f0u og \u00e1 brj\u00f3stskildinum ke\u00f0jur me\u00f0 tveimur endum af kl\u00e1ru gulli og tv\u00e6r gullspengur og tvo gullhringa og festu \u00fe\u00e1 tvo hringa \u00ed tv\u00f6 horn \u00e1 brj\u00f3stskildinum og stungu so \u00feeim tveimur gullfestum \u00ed \u00fe\u00e1 tvo hringa sem voru \u00ed hornum brj\u00f3stskj\u00f6ldsins. <span class=\"athugasemd\" title=\"Gullke\u00f0jur\">[<\/span> En \u00fe\u00e1 tvo enda \u00e1 samri festi settu \u00feeir vi\u00f0 \u00fe\u00e6r tv\u00e6r spengur og festu \u00fear vi\u00f0 ja\u00f0arinn \u00e1 l\u00edfkyrtlinum, hvora \u00fevert yfir fr\u00e1 annarri.<\/p>\n<p>\tSvo gj\u00f6r\u00f0u \u00feeir a\u00f0ra tvo gullhringa og festu \u00fe\u00e1 \u00ed \u00feau \u00f6nnur tv\u00f6 hornin \u00e1 brj\u00f3stskildinum \u00ed s\u00ednum sta\u00f0, svo \u00fea\u00f0 l\u00e1 skrautlegt \u00e1 l\u00edfkyrtlinum. <span class=\"athugasemd\" title=\"Gullhringar\">[<\/span> Og \u00feeir gj\u00f6r\u00f0u a\u00f0ra tvo gullhringa, \u00fe\u00e1 settu \u00feeir til tveggja randa ne\u00f0an \u00e1 l\u00edfkyrtlinum, hvern \u00fevert yfir fr\u00e1 \u00f6\u00f0rum, \u00fear sem l\u00edfkyrtillinn gekk ne\u00f0an til samans, so a\u00f0 brj\u00f3stskj\u00f6ldurinn festist me\u00f0 s\u00ednum hringum vi\u00f0 \u00fe\u00e1 hringa \u00e1 l\u00edfkyrtlinum me\u00f0 eirni gulri sn\u00faru, svo a\u00f0 hann var festur vi\u00f0 l\u00edfkyrtilinn og ekki laus fr\u00e1 l\u00edfkyrtlinum, sem Drottinn b\u00edfala\u00f0i M\u00f3se.<\/p>\n<p>\tHann gj\u00f6r\u00f0i og eirn silkim\u00f6ttul auk l\u00edfkyrtilsins, allan verka\u00f0an af gulu silki og h\u00e1lsm\u00e1l mitt upp\u00e1 me\u00f0 einum bor\u00f0a falda\u00f0 kring um h\u00e1lsm\u00e1li\u00f0, a\u00f0 \u00fea\u00f0 skyldi ekki rifna. <span class=\"athugasemd\" title=\"Silkim\u00f6ttlar\">[<\/span> Og \u00feeir gj\u00f6r\u00f0u granataepli ne\u00f0an \u00e1 hans faldi af gulu silki, skarlati, purpura og hv\u00edttvinnu\u00f0u silki. Og gj\u00f6r\u00f0u bj\u00f6llur af kl\u00e1ru gulli og settu \u00fe\u00e6r \u00e1 millum granataeplanna ne\u00f0an \u00ed faldinn allt um kring \u00e1 silkim\u00f6ttulinn, so a\u00f0 \u00fear var eitt granataepli \u00ed \u00f6\u00f0rum sta\u00f0 og ein bjalla \u00ed \u00f6\u00f0rum allt um kring \u00e1 faldinum til \u00fej\u00f3nustugj\u00f6r\u00f0ar, so sem Drottinn haf\u00f0i b\u00edfala\u00f0 M\u00f3se.<\/p>\n<p>\t\u00deeir gj\u00f6r\u00f0u og mj\u00f3a kyrtla af hv\u00edtu tvinnu\u00f0u silki til Arons og hans sona og eitt h\u00f6fu\u00f0kl\u00e6\u00f0i af hv\u00edtu silki og \u00fe\u00e6r f\u00f6gru h\u00fafur af hv\u00edtu silki og ni\u00f0urkl\u00e6\u00f0i af hv\u00edttvinnu\u00f0u l\u00e9refti. <span class=\"athugasemd\" title=\"Mj\u00f3ir kyrtlar \/ Exod. 28\">[<\/span> Og \u00feeir st\u00f6ngu\u00f0u lindann me\u00f0 hv\u00edttvinnu\u00f0u silki, gulu silki, skarlati, purpura, sem Drottinn haf\u00f0i b\u00edfala\u00f0 M\u00f3se.<\/p>\n<p>\t\u00deeir gj\u00f6r\u00f0u og ennissp\u00f6ngina, sem var s\u00fa helga k\u00f3r\u00f3na, af kl\u00e1ru gulli og gr\u00f3fu skrift \u00fear \u00ed: &#8222;Drottins helgid\u00f3m&#8220; og bundu einn gulan dregil \u00fear vi\u00f0 a\u00f0 hann skyldi festast ofan til \u00e1 h\u00f6fu\u00f0kl\u00e6\u00f0i\u00f0, sem Drottinn haf\u00f0i bo\u00f0i\u00f0 M\u00f3se.<\/p>\n<p>\tSvo var n\u00fa allur s\u00e1 umb\u00fana\u00f0ur vitnisbur\u00f0arb\u00fa\u00f0arinnar fullgj\u00f6r\u00f0ur. <span class=\"athugasemd\" title=\"H\u00e9r er tjaldb\u00fa\u00f0in b\u00fain\">[<\/span> Og \u00cdsraelssynir gj\u00f6r\u00f0u allt \u00fea\u00f0 sem Drottinn haf\u00f0i b\u00edfala\u00f0 M\u00f3se. Og \u00feeir b\u00e1ru tjaldb\u00fa\u00f0ina til M\u00f3se, b\u00fa\u00f0ina og allan hennar umb\u00fana\u00f0, hringana, fjalirnar, stengurnar, st\u00f3lpana, f\u00e6turnar, \u00feaki\u00f0 af rau\u00f0litu\u00f0u hr\u00fatskinni, \u00feaki\u00f0 af greyfingjaskinni, og fortjaldi\u00f0, vitnisbur\u00f0ar\u00f6rkina me\u00f0 s\u00ednum st\u00f6ngum, n\u00e1\u00f0arst\u00f3linn, bor\u00f0i\u00f0 me\u00f0 \u00f6llum s\u00ednum b\u00faningi og sko\u00f0unarbrau\u00f0in, \u00fe\u00e1 f\u00f6gru kertistiku me\u00f0 l\u00f6mpunum tilreidda og \u00f6llu \u00fev\u00ed sem \u00fear heyr\u00f0i til, oleum til lj\u00f3sanna, gullaltari\u00f0 og smyrslin og \u00fea\u00f0 kostulega reykelsi, og fortjald \u00ed inngangi b\u00fa\u00f0arinnar, koparaltari\u00f0 me\u00f0 s\u00ednum kopargrindum, me\u00f0 s\u00ednum st\u00f6ngum og \u00f6llum umb\u00fana\u00f0i, vatnkeri\u00f0 me\u00f0 s\u00ednum f\u00e6ti, langtj\u00f6ldin til gar\u00f0sins me\u00f0 \u00feeirra st\u00f3lpum og f\u00f3tum, fortjaldi\u00f0 \u00ed inng\u00f6ngu gar\u00f0sins me\u00f0 s\u00ednum st\u00f6gum og n\u00f6glum, og allt \u00fea\u00f0 sem heyrir til \u00fej\u00f3nustugj\u00f6r\u00f0inni \u00ed vitnisbur\u00f0arins b\u00fa\u00f0inni, Arons prestsemb\u00e6ttiskl\u00e6\u00f0i til a\u00f0 \u00fej\u00f3na \u00ed helgid\u00f3minum og hans sona kl\u00e6\u00f0i sem \u00feeir skyldu hafa \u00fe\u00e1 \u00feeir fremdi kennimallegt emb\u00e6tti. Og \u00cdsraelssynir gj\u00f6r\u00f0u allt \u00fea\u00f0 sem Drottinn haf\u00f0i b\u00edfala\u00f0 M\u00f3se til allrar \u00feessarar \u00fej\u00f3nustu. Og M\u00f3ses sko\u00f0a\u00f0i allan \u00feennan gj\u00f6rning, a\u00f0 \u00feeir h\u00f6f\u00f0u gj\u00f6rt \u00fea\u00f0 \u00ed allan m\u00e1ta sem Drottinn haf\u00f0i b\u00edfala\u00f0 og hann blessa\u00f0i \u00fe\u00e1.<\/p>\n","protected":false},"excerpt":{"rendered":"<p>En af gulu silki, skarlati og purpura gj\u00f6r\u00f0u \u00feeir skr\u00fa\u00f0ann handa Aroni til Gu\u00f0s \u00fe\u00e9nustu \u00ed helgid\u00f3minum sem Drottinn haf\u00f0i bo\u00f0i\u00f0 M\u00f3se. [ Og \u00feeir gj\u00f6r\u00f0u l\u00edfkyrtilinn af gulli, gulu silki, skarlati, purpura og hv\u00edtu tvinnu\u00f0u silki. Og sl\u00f3u gulli\u00f0 \u00ed teina og gj\u00f6r\u00f0u \u00far \u00fev\u00ed \u00fer\u00e6\u00f0i svo mann m\u00e1tti kostulega vefa \u00fev\u00ed \u00e1 millum guls silkis, skarlats, purpura og hv\u00edts silkis, so l\u00edfkyrtillinn m\u00e1tti festast saman \u00e1 b\u00e1\u00f0um \u00f6xlunum og bindast til samans \u00e1 b\u00e1\u00f0um hli\u00f0unum. [ Og hans lindi var eftir s\u00f6mum hagleik og gj\u00f6rningi af gulli, gulu silki, skarlati og purpura og hv\u00edttvinnu\u00f0u silki, sem Drottinn haf\u00f0i <a href=\"https:\/\/biblian.is\/gudbrandsbiblia\/onnur-mosebok-39-kafli\/\"> [&#8230;]<\/a><\/p>\n","protected":false},"author":1,"featured_media":0,"parent":0,"menu_order":0,"comment_status":"open","ping_status":"open","template":"bibliukaflar.php","meta":{"footnotes":""},"class_list":["post-2781","page","type-page","status-publish","hentry"],"_links":{"self":[{"href":"https:\/\/biblian.is\/gudbrandsbiblia\/wp-json\/wp\/v2\/pages\/2781","targetHints":{"allow":["GET"]}}],"collection":[{"href":"https:\/\/biblian.is\/gudbrandsbiblia\/wp-json\/wp\/v2\/pages"}],"about":[{"href":"https:\/\/biblian.is\/gudbrandsbiblia\/wp-json\/wp\/v2\/types\/page"}],"author":[{"embeddable":true,"href":"https:\/\/biblian.is\/gudbrandsbiblia\/wp-json\/wp\/v2\/users\/1"}],"replies":[{"embeddable":true,"href":"https:\/\/biblian.is\/gudbrandsbiblia\/wp-json\/wp\/v2\/comments?post=2781"}],"version-history":[{"count":0,"href":"https:\/\/biblian.is\/gudbrandsbiblia\/wp-json\/wp\/v2\/pages\/2781\/revisions"}],"wp:attachment":[{"href":"https:\/\/biblian.is\/gudbrandsbiblia\/wp-json\/wp\/v2\/media?parent=2781"}],"curies":[{"name":"wp","href":"https:\/\/api.w.org\/{rel}","templated":true}]}}