{"id":2780,"date":"2017-12-18T18:31:43","date_gmt":"2017-12-18T18:31:43","guid":{"rendered":"http:\/\/biblian.is\/gudbrandsbiblia\/onnur-mosebok-38-kafli\/"},"modified":"2017-12-18T18:31:43","modified_gmt":"2017-12-18T18:31:43","slug":"onnur-mosebok-38-kafli","status":"publish","type":"page","link":"https:\/\/biblian.is\/gudbrandsbiblia\/onnur-mosebok-38-kafli\/","title":{"rendered":"\u00d6nnur M\u00f3seb\u00f3k 38. kafli"},"content":{"rendered":"<p>Hann gj\u00f6r\u00f0i og brennif\u00f3rnaaltari af trj\u00e1m set\u00edm, fimm \u00e1lna langt og breitt, r\u00e9tt ferskeytt, og \u00feriggja \u00e1lna h\u00e1tt. <span class=\"athugasemd\" title=\"Brennif\u00f3rnaaltari\u00f0\">[<\/span> Og hann gj\u00f6r\u00f0i fj\u00f6gur horn. \u00deau st\u00f3\u00f0u upp \u00far fj\u00f3rum hyrningum altarisins, og yfirsl\u00f3 \u00fea\u00f0 utan me\u00f0 kopar, og gj\u00f6r\u00f0i allt \u00fea\u00f0 sem heyr\u00f0i til altarisins: \u00d6skup\u00f6nnur, sleifar, mundlaugar, matkr\u00f3ka, eldp\u00f6nnur, allt \u00feetta af kopar. <span class=\"athugasemd\" title=\"Altariskerin\">[<\/span> Og gj\u00f6r\u00f0i eina grind \u00ed kringum altari\u00f0 sem eitt net af kopar, fr\u00e1 ne\u00f0anver\u00f0u og upp til mi\u00f0s \u00e1 altari\u00f0. Og steypti fj\u00f3ra hringa \u00e1 \u00feeim fj\u00f3rum hornum \u00e1 kopargrindinni a\u00f0 stinga st\u00f6ngunum \u00fear \u00ed sem hann haf\u00f0i gj\u00f6rt af trj\u00e1m set\u00edm og sl\u00f3 \u00fe\u00e6r me\u00f0 kopar og stakk \u00feeim \u00ed hringana \u00e1 s\u00ed\u00f0una vi\u00f0 altari\u00f0 til a\u00f0 bera \u00fea\u00f0 me\u00f0. Og gj\u00f6r\u00f0i \u00fea\u00f0 holt a\u00f0 innan.<\/p>\n<p>\tHann gj\u00f6r\u00f0i og vatnkeri\u00f0 af kopar og \u00feess st\u00e9tt af kopar, \u00fevert yfir fr\u00e1 <span class=\"athugasemd\" title=\"a \/ (Konunum) \/ \u00deessar kvinnur hafa veri\u00f0 gu\u00f0hr\u00e6ddar ekkjur og kvinnur sem me\u00f0 f\u00f6stum og b\u00e6nahaldi Gu\u00f0i \u00fej\u00f3nu\u00f0u fyrir tjaldb\u00fa\u00f0inni \/ 1 Reg. 2\">[<\/span> konunum sem \u00fej\u00f3nu\u00f0u fyrir vitnisbur\u00f0ardyrunum.<\/p>\n<p>\tHann gj\u00f6r\u00f0i og eirn gar\u00f0 \u00ed m\u00f3t su\u00f0ri me\u00f0 einu langtjaldi af hv\u00edttvinnu\u00f0u silki, hundra\u00f0 \u00e1lna langt, me\u00f0 s\u00ednum tuttugu st\u00f3lpum og tuttugu f\u00f3tum af kopar, en \u00feeirra hnappar og laufverk af silfri. L\u00edka svo \u00e1 \u00fe\u00e1 nyr\u00f0ri s\u00ed\u00f0u hundra\u00f0 \u00e1lna me\u00f0 tuttugu st\u00f3lpum og tuttugu f\u00f3tum af kopar, en \u00feeirra hnappar og laufverk af silfri. En \u00e1 \u00fe\u00e1 vestri s\u00ed\u00f0u fimmtygi \u00e1lna, me\u00f0 t\u00edu st\u00f3lpum og t\u00edu f\u00f3tum, me\u00f0 \u00feeirra hn\u00f6ppum og laufverki af silfri. En \u00e1 \u00fe\u00e1 eystri s\u00ed\u00f0u fimmtygu \u00e1lna, \u00e1 hvora s\u00ed\u00f0u portsins fimmt\u00e1n \u00e1lnir, j\u00e1 me\u00f0 \u00ferimur st\u00f3lpum og \u00ferimur f\u00f3tum. Og allt tjaldi\u00f0 tjaldb\u00fa\u00f0argar\u00f0sins var af hv\u00edttvinnu\u00f0u silki og f\u00e6turnir til st\u00f3lpanna af kopar og \u00feeirra hnappar og laufverk af silfri, svo a\u00f0 \u00feeirra h\u00f6fu\u00f0 voru slegin me\u00f0 silfri, en \u00feeirra laufverk af silfri, \u00e1 \u00f6llum gar\u00f0sins st\u00f3lpum.<\/p>\n<p>\tOg fortjaldi\u00f0 \u00ed inng\u00f6ngu gar\u00f0sins l\u00e9t hann saumast me\u00f0 gulu silki, skarlati, purpura og hv\u00edttvinnu\u00f0u silki, tuttugu \u00e1lna langt og fimm \u00e1lna h\u00e1tt, eftir \u00feeim m\u00e6lir sem tj\u00f6ldin tjaldb\u00fa\u00f0argar\u00f0sins voru. <span class=\"athugasemd\" title=\"Fortjaldi\u00f0 \u00ed inng\u00f6ngu tjaldb\u00fa\u00f0argar\u00f0sins\">[<\/span> \u00dear til fj\u00f3ra st\u00f3lpa og fj\u00f3ra f\u00e6tur af kopar og \u00feeirra hnappa af silfri og \u00feeirra h\u00f6fu\u00f0 slegin og \u00feeirra kransar af silfri. Og allir h\u00e6lar til tjaldb\u00fa\u00f0arinnar og til gar\u00f0sins r\u00e9tt um kring voru af kopar.<\/p>\n<p>\t\u00deetta er verkf\u00e6ri vitnisbur\u00f0arb\u00fa\u00f0arinnar sem n\u00fa eru upp talin sem M\u00f3ses haf\u00f0i sagt til Gu\u00f0s \u00fe\u00e9nustugj\u00f6r\u00f0ar sem Lev\u00edtarnir skyldu halda undir \u00cdtamars, Arons prests sonar hendi. Og \u00feetta tilreiddi Besaleel, son \u00dar\u00ed, son H\u00far, af \u00e6tt J\u00fada, allt sama, l\u00edka sem Drottinn bau\u00f0 M\u00f3se, og Ahal\u00edab Ah\u00edsamaksson af \u00e6tt Dans me\u00f0 honum. \u00dev\u00ed hann var meistara hagleiksma\u00f0ur til a\u00f0 skera \u00fat og a\u00f0 stanga me\u00f0 gulu silki, skarlati, purpura og hv\u00edtu silki.<\/p>\n<p>\tAllt \u00fea\u00f0 gull sem sm\u00ed\u00f0a\u00f0 var til \u00feessa alls helgid\u00f3msb\u00fanings \u00fea\u00f0 sem gefi\u00f0 var til upplyftingaroffurs er n\u00edu og tuttugu centener sj\u00f6 hundru\u00f0 og \u00ferj\u00e1tygi siklar, eftir helgid\u00f3msins sikli. <span class=\"athugasemd\" title=\"Vigt alls \u00feess gulls, silfurs og kopars sem f\u00f3r til \u00feessa sm\u00ed\u00f0is\">[<\/span> En silfri\u00f0 sem fr\u00e1 alm\u00faganum kom var hundra\u00f0 centener, \u00fe\u00fasund fimm hundru\u00f0 sj\u00f6tygu og fimm siklar, eftir helgid\u00f3msins sekel, af \u00f6llum \u00feeim sem taldir voru fr\u00e1 tuttugu \u00e1rum og \u00fear yfir, sex sinnum hundra\u00f0 \u00fe\u00fasund \u00ferj\u00fa \u00fe\u00fasund fimm hundru\u00f0 og fimmtygi.<\/p>\n<p>\tAf \u00fev\u00ed hundra\u00f0i centener silfurs steyptu menn f\u00e6turnar til helgid\u00f3msins og f\u00e6turnar til fortjaldsins, hundra\u00f0 f\u00e6tur af hundra\u00f0 centener, j\u00e1 eitt centener \u00ed hv\u00f6rn f\u00f3t. En af \u00fev\u00ed \u00fe\u00fasund sj\u00f6 hundru\u00f0 sj\u00f6tygu og fimm sekel gj\u00f6r\u00f0u menn hnappa ofan \u00e1 st\u00f3lpana og \u00feeirra h\u00f6fu\u00f0 og \u00feeirra laufverk.<\/p>\n<p>\tEn koparinn sem gefinn var til upplyftingaroffurs var sj\u00f6tygi centener tv\u00f6 \u00fe\u00fasund og fj\u00f6gur hundru\u00f0 sekel. \u00dear af gj\u00f6r\u00f0u menn f\u00e6turnar til dyranna fyrir vitnisbur\u00f0artjaldb\u00fa\u00f0ina og koparaltari\u00f0 og kopargrindirnar \u00fear \u00ed og allt \u00fea\u00f0 sem heyr\u00f0i til altarinu, \u00fear til f\u00e6turnar til gar\u00f0sins allt um kring og f\u00e6turnar til portsins \u00e1 gar\u00f0inum, allan saum til tjaldb\u00fa\u00f0arinnar og alla h\u00e6la til tjaldb\u00fa\u00f0argar\u00f0sins allt um kring.<\/p>\n","protected":false},"excerpt":{"rendered":"<p>Hann gj\u00f6r\u00f0i og brennif\u00f3rnaaltari af trj\u00e1m set\u00edm, fimm \u00e1lna langt og breitt, r\u00e9tt ferskeytt, og \u00feriggja \u00e1lna h\u00e1tt. [ Og hann gj\u00f6r\u00f0i fj\u00f6gur horn. \u00deau st\u00f3\u00f0u upp \u00far fj\u00f3rum hyrningum altarisins, og yfirsl\u00f3 \u00fea\u00f0 utan me\u00f0 kopar, og gj\u00f6r\u00f0i allt \u00fea\u00f0 sem heyr\u00f0i til altarisins: \u00d6skup\u00f6nnur, sleifar, mundlaugar, matkr\u00f3ka, eldp\u00f6nnur, allt \u00feetta af kopar. [ Og gj\u00f6r\u00f0i eina grind \u00ed kringum altari\u00f0 sem eitt net af kopar, fr\u00e1 ne\u00f0anver\u00f0u og upp til mi\u00f0s \u00e1 altari\u00f0. Og steypti fj\u00f3ra hringa \u00e1 \u00feeim fj\u00f3rum hornum \u00e1 kopargrindinni a\u00f0 stinga st\u00f6ngunum \u00fear \u00ed sem hann haf\u00f0i gj\u00f6rt af trj\u00e1m set\u00edm og sl\u00f3 \u00fe\u00e6r <a href=\"https:\/\/biblian.is\/gudbrandsbiblia\/onnur-mosebok-38-kafli\/\"> [&#8230;]<\/a><\/p>\n","protected":false},"author":1,"featured_media":0,"parent":0,"menu_order":0,"comment_status":"open","ping_status":"open","template":"bibliukaflar.php","meta":{"footnotes":""},"class_list":["post-2780","page","type-page","status-publish","hentry"],"_links":{"self":[{"href":"https:\/\/biblian.is\/gudbrandsbiblia\/wp-json\/wp\/v2\/pages\/2780","targetHints":{"allow":["GET"]}}],"collection":[{"href":"https:\/\/biblian.is\/gudbrandsbiblia\/wp-json\/wp\/v2\/pages"}],"about":[{"href":"https:\/\/biblian.is\/gudbrandsbiblia\/wp-json\/wp\/v2\/types\/page"}],"author":[{"embeddable":true,"href":"https:\/\/biblian.is\/gudbrandsbiblia\/wp-json\/wp\/v2\/users\/1"}],"replies":[{"embeddable":true,"href":"https:\/\/biblian.is\/gudbrandsbiblia\/wp-json\/wp\/v2\/comments?post=2780"}],"version-history":[{"count":0,"href":"https:\/\/biblian.is\/gudbrandsbiblia\/wp-json\/wp\/v2\/pages\/2780\/revisions"}],"wp:attachment":[{"href":"https:\/\/biblian.is\/gudbrandsbiblia\/wp-json\/wp\/v2\/media?parent=2780"}],"curies":[{"name":"wp","href":"https:\/\/api.w.org\/{rel}","templated":true}]}}