{"id":2778,"date":"2017-12-18T18:31:43","date_gmt":"2017-12-18T18:31:43","guid":{"rendered":"http:\/\/biblian.is\/gudbrandsbiblia\/onnur-mosebok-36-kafli\/"},"modified":"2017-12-18T18:31:43","modified_gmt":"2017-12-18T18:31:43","slug":"onnur-mosebok-36-kafli","status":"publish","type":"page","link":"https:\/\/biblian.is\/gudbrandsbiblia\/onnur-mosebok-36-kafli\/","title":{"rendered":"\u00d6nnur M\u00f3seb\u00f3k 36. kafli"},"content":{"rendered":"<p>Svo erfi\u00f0a\u00f0i Besaleel og Ahal\u00edab og allir hyggnustu menn sem Drottinn haf\u00f0i gefi\u00f0 v\u00edsd\u00f3m og skilning a\u00f0 vita hv\u00f6rnin \u00feeir skyldu sm\u00ed\u00f0a allrahanda sm\u00ed\u00f0i til helgid\u00f3msins \u00fej\u00f3nustu eftir \u00fev\u00ed \u00f6llu sem Drottinn haf\u00f0i bo\u00f0i\u00f0. <span class=\"athugasemd\" title=\"Verkmeistararnir \/ Besaleel \/ Ahal\u00edab \/ H\u00e9r upphefst sm\u00ed\u00f0i tjaldb\u00fa\u00f0arinnar\">[<\/span> Og M\u00f3ses kalla\u00f0i Besaleel og Ahal\u00edab og alla v\u00edsa menn sem Drottinn haf\u00f0i gefi\u00f0 v\u00edsd\u00f3m \u00ed \u00feeirra hj\u00f6rtu, sem voru allir \u00feeir sem me\u00f0 eirn fr\u00edan vilja bu\u00f0u sig sj\u00e1lfa til og gengu fram a\u00f0 erfi\u00f0a \u00e1 \u00feeim verkna\u00f0i. Og \u00feeir me\u00f0t\u00f3ku til s\u00edn af M\u00f3se alla \u00fe\u00e1 lyfting sem \u00cdsraelssynir framb\u00e1ru til a\u00f0 gj\u00f6ra \u00feann gj\u00f6rning me\u00f0 sem heyr\u00f0i til helgid\u00f3msins \u00fej\u00f3nustu svo h\u00fan skyldi ver\u00f0a gj\u00f6r\u00f0, \u00fev\u00ed \u00feeir baru hv\u00f6rn morgun s\u00ednar velviljuglegar g\u00e1fur til hans.<\/p>\n<p>\t\u00de\u00e1 komu allir \u00feeir v\u00edsustu sem erfi\u00f0u\u00f0u upp\u00e1 helgid\u00f3msins gj\u00f6rning, hv\u00f6r \u00ed sinni i\u00f0ju sem \u00feeir gj\u00f6r\u00f0u, og s\u00f6g\u00f0u til M\u00f3sen: &#8222;F\u00f3lki\u00f0 ber ofmiki\u00f0 fram, meir en \u00fear gj\u00f6rist \u00feaurf  til gj\u00f6rnings \u00feessarar \u00fe\u00e9nustu sem Drottinn hefur bo\u00f0i\u00f0 a\u00f0 gj\u00f6ra.&#8220; S\u00ed\u00f0an bau\u00f0 M\u00f3se a\u00f0 hr\u00f3pa skyldi \u00fat um herb\u00fa\u00f0irnar a\u00f0 enginn skyldi bera meira fram til helgid\u00f3msins lyftingar. Og \u00fe\u00e1 l\u00e9t f\u00f3lki\u00f0 af a\u00f0 bera fram \u00fev\u00ed \u00fea\u00f0 var n\u00f3g til allsh\u00e1tta\u00f0s gj\u00f6rnings sem \u00fear var a\u00f0 gj\u00f6ra og \u00fea\u00f0 gekk \u00fe\u00f3 af.<\/p>\n<p>\tSo gj\u00f6r\u00f0u allir \u00feeir v\u00edsu menn sem voru \u00e1 me\u00f0al erfi\u00f0aranna a\u00f0 gj\u00f6rningi tjaldb\u00fa\u00f0arinnar t\u00edu sparl\u00f6k af hv\u00edttvinnu\u00f0u silki, gulu silki, skarlati, purpura, ker\u00fab\u00edm forkostulega gj\u00f6rt. <span class=\"athugasemd\" title=\"10 sparl\u00f6k\">[<\/span> Hv\u00f6rt sparlak var \u00e1tta og tuttugu \u00e1lna langt og fj\u00f6gra \u00e1lna breitt og \u00feau voru \u00f6ll vi\u00f0 eirn m\u00e1ta. Og menn bundu fimm sparl\u00f6k til samans, hv\u00f6rt vi\u00f0 anna\u00f0, og gj\u00f6r\u00f0u gular lykkjur \u00ed hv\u00f6rn ja\u00f0ar \u00e1 sparl\u00f6kunum so \u00feau m\u00e6ttu bindast til samans, j\u00e1 fimmtyi lykkjur \u00e1 hverju sparlaki a\u00f0 festa \u00feau saman me\u00f0. Og \u00feeir gj\u00f6r\u00f0u fimmtygi hringa af gulli og bundu \u00fea\u00f0 eina sparlak til \u00feess annars me\u00f0 \u00feeim so a\u00f0 \u00fear yr\u00f0i ein tjaldb\u00fa\u00f0. <\/p>\n<p>\tSvo gj\u00f6r\u00f0i hann ellefu h\u00e1rkl\u00e6\u00f0i af geitah\u00e1ri til \u00feaks yfir tjaldb\u00fa\u00f0ina. <span class=\"athugasemd\" title=\"11 h\u00e1rkl\u00e6\u00f0i\">[<\/span> \u00derj\u00e1tygu \u00e1lna l\u00f6ng og fj\u00f6gra \u00e1lna brei\u00f0, aull voru \u00feau jafnl\u00f6ng. Fimm festi hann til samans s\u00e9r \u00ed lagi og sex til samans \u00ed au\u00f0ru lagi. Og hann gj\u00f6r\u00f0i vel fimmtygu lykkjur \u00ed ja\u00f0rana \u00e1 hverri h\u00e6ru, a\u00f0 \u00feau \u00fear me\u00f0 m\u00e6tti saman bindast, og gj\u00f6r\u00f0i fimmtygu koparkr\u00f3ka a\u00f0 binda h\u00e6rurnar til samans me\u00f0 \u00ed eitt. Og hann gj\u00f6r\u00f0i eitt \u00feak yfir b\u00fa\u00f0ina af rau\u00f0u hr\u00fataskinni og so enn n\u00fa eitt \u00feak utan yfir \u00fea\u00f0 af greifingjaskinni.<\/p>\n<p>\tOg hann gj\u00f6r\u00f0i fjalir til tjaldb\u00fa\u00f0arinnar af trj\u00e1m set\u00edm sem standa skyldu. <span class=\"athugasemd\" title=\"Fjalirnar\">[<\/span> Hv\u00f6r var t\u00edu \u00e1lna l\u00f6ng og h\u00e1lfrar annarrar \u00e1lnar brei\u00f0 og tveir tittar \u00e1 s\u00e9rhv\u00f6rri so hver m\u00e6tti setjast til annarrar \u00fear me\u00f0. So gj\u00f6r\u00f0i hann allar fjalirnar til tjaldb\u00fa\u00f0arinnar so a\u00f0 tuttugu af \u00feeim s\u00f6mum fj\u00f6lum st\u00f3\u00f0u upp\u00e1 \u00fe\u00e1 sy\u00f0ri s\u00ed\u00f0u. Og hann gj\u00f6r\u00f0i fj\u00f6rutygu silfurf\u00e6tur undir \u00fe\u00e6r, tvo f\u00e6tur undir hverja fj\u00f6l vi\u00f0 hennar tvo titta. Hann gj\u00f6r\u00f0i l\u00edka tuttugu fjalir \u00e1 \u00fe\u00e1 nyr\u00f0ri s\u00ed\u00f0u \u00ed tjaldb\u00fa\u00f0inni me\u00f0 fj\u00f6rutygu silfurf\u00f3tum, tvo f\u00e6tur undir hverja fj\u00f6l. En til baka \u00e1 tjaldb\u00fa\u00f0inni \u00ed vestur gj\u00f6r\u00f0i hann sex fjalir og tv\u00e6r a\u00f0rar hornfjalir \u00e1 tjaldb\u00fa\u00f0inni, so a\u00f0 hv\u00f6r af \u00feeim b\u00e1\u00f0um me\u00f0 sinni hornfj\u00f6l gaf sig til samans fr\u00e1 ne\u00f0anver\u00f0u og s\u00f6mulei\u00f0is ofan til me\u00f0 einum oka so a\u00f0 s\u00f6mu fjalir voru \u00e1tta og sext\u00e1n f\u00e6tur, undir hverri tveir f\u00e6tur.<\/p>\n<p>\tSo gj\u00f6r\u00f0i hann stengur af trj\u00e1m set\u00edm, fimm til \u00feeirra fjala sem st\u00f3\u00f0u \u00e1 \u00fe\u00e1 eina s\u00ed\u00f0u tjaldb\u00fa\u00f0arinnar og fimm \u00e1 \u00fe\u00e1 a\u00f0ra s\u00ed\u00f0u og fimm \u00e1 bak til m\u00f3t vestri, og gj\u00f6r\u00f0i stengurnar a\u00f0 \u00fe\u00e6r m\u00e6tti stingast mitt \u00ed gegnum fjalirnar, fr\u00e1 einu horninu til annars. <span class=\"athugasemd\" title=\"\u00c1sarnir\">[<\/span> Og hann bj\u00f3 fjalirnar me\u00f0 gull og \u00feeirra hringa gj\u00f6r\u00f0i hann af gulli til stanganna og bj\u00f3 stengurnar me\u00f0 gull.<\/p>\n<p>\tHann gj\u00f6r\u00f0i og eitt fortjald me\u00f0 ker\u00fab\u00edm \u00fear upp\u00e1 forkostulega, af gulu silki, skarlati, purpura og hv\u00edttvinnu\u00f0u silki, og gj\u00f6r\u00f0i fj\u00f3ra st\u00f3lpa \u00fear til af trj\u00e1m set\u00edm og sl\u00f3 \u00fe\u00e1 me\u00f0 gulli og \u00feeirra hnappa af gulli, og steypti fj\u00f3rar f\u00e6tur \u00fear til af silfri og gj\u00f6r\u00f0i eitt fortjald fyrir tjaldb\u00fa\u00f0ardyrnar af gulu silki, skarlati, purpura, stanga\u00f0 me\u00f0 hv\u00edttvinnu\u00f0u silki, og fimm st\u00f3lpa me\u00f0 \u00feeirra hn\u00f6ppum og sl\u00f3 \u00feeirra hnappa og laufverk me\u00f0 gull, og fimm koparf\u00e6tur \u00fear vi\u00f0. <span class=\"athugasemd\" title=\"Fortjaldi\u00f0\">[<\/span><\/p>\n","protected":false},"excerpt":{"rendered":"<p>Svo erfi\u00f0a\u00f0i Besaleel og Ahal\u00edab og allir hyggnustu menn sem Drottinn haf\u00f0i gefi\u00f0 v\u00edsd\u00f3m og skilning a\u00f0 vita hv\u00f6rnin \u00feeir skyldu sm\u00ed\u00f0a allrahanda sm\u00ed\u00f0i til helgid\u00f3msins \u00fej\u00f3nustu eftir \u00fev\u00ed \u00f6llu sem Drottinn haf\u00f0i bo\u00f0i\u00f0. [ Og M\u00f3ses kalla\u00f0i Besaleel og Ahal\u00edab og alla v\u00edsa menn sem Drottinn haf\u00f0i gefi\u00f0 v\u00edsd\u00f3m \u00ed \u00feeirra hj\u00f6rtu, sem voru allir \u00feeir sem me\u00f0 eirn fr\u00edan vilja bu\u00f0u sig sj\u00e1lfa til og gengu fram a\u00f0 erfi\u00f0a \u00e1 \u00feeim verkna\u00f0i. Og \u00feeir me\u00f0t\u00f3ku til s\u00edn af M\u00f3se alla \u00fe\u00e1 lyfting sem \u00cdsraelssynir framb\u00e1ru til a\u00f0 gj\u00f6ra \u00feann gj\u00f6rning me\u00f0 sem heyr\u00f0i til helgid\u00f3msins \u00fej\u00f3nustu svo h\u00fan <a href=\"https:\/\/biblian.is\/gudbrandsbiblia\/onnur-mosebok-36-kafli\/\"> [&#8230;]<\/a><\/p>\n","protected":false},"author":1,"featured_media":0,"parent":0,"menu_order":0,"comment_status":"open","ping_status":"open","template":"bibliukaflar.php","meta":{"footnotes":""},"class_list":["post-2778","page","type-page","status-publish","hentry"],"_links":{"self":[{"href":"https:\/\/biblian.is\/gudbrandsbiblia\/wp-json\/wp\/v2\/pages\/2778","targetHints":{"allow":["GET"]}}],"collection":[{"href":"https:\/\/biblian.is\/gudbrandsbiblia\/wp-json\/wp\/v2\/pages"}],"about":[{"href":"https:\/\/biblian.is\/gudbrandsbiblia\/wp-json\/wp\/v2\/types\/page"}],"author":[{"embeddable":true,"href":"https:\/\/biblian.is\/gudbrandsbiblia\/wp-json\/wp\/v2\/users\/1"}],"replies":[{"embeddable":true,"href":"https:\/\/biblian.is\/gudbrandsbiblia\/wp-json\/wp\/v2\/comments?post=2778"}],"version-history":[{"count":0,"href":"https:\/\/biblian.is\/gudbrandsbiblia\/wp-json\/wp\/v2\/pages\/2778\/revisions"}],"wp:attachment":[{"href":"https:\/\/biblian.is\/gudbrandsbiblia\/wp-json\/wp\/v2\/media?parent=2778"}],"curies":[{"name":"wp","href":"https:\/\/api.w.org\/{rel}","templated":true}]}}