{"id":2775,"date":"2017-12-18T18:31:43","date_gmt":"2017-12-18T18:31:43","guid":{"rendered":"http:\/\/biblian.is\/gudbrandsbiblia\/onnur-mosebok-33-kafli\/"},"modified":"2017-12-18T18:31:43","modified_gmt":"2017-12-18T18:31:43","slug":"onnur-mosebok-33-kafli","status":"publish","type":"page","link":"https:\/\/biblian.is\/gudbrandsbiblia\/onnur-mosebok-33-kafli\/","title":{"rendered":"\u00d6nnur M\u00f3seb\u00f3k 33. kafli"},"content":{"rendered":"<p>Og Drottinn sag\u00f0i til M\u00f3sen: Far og fer\u00f0ast h\u00e9\u00f0an, \u00fe\u00fa og f\u00f3lki\u00f0 \u00fea\u00f0 \u00fe\u00fa leiddir af Egyptalandi, til \u00feess lands sem \u00e9g s\u00f3r Abraham, \u00cdsak og Jakob, segjandi: \u00c9g vil gefa \u00fe\u00ednu s\u00e6\u00f0i \u00fea\u00f0. \u00c9g vil senda eirn engil fyrir \u00fe\u00e9r og \u00fatr\u00fdma \u00fe\u00e1 Kananeos, Amoreos, Heteos, Pereos, Heveos og Jeb\u00faseos, \u00ed \u00fea\u00f0 land sem fl\u00fdtur \u00ed mj\u00f3lk og hunangi. <span class=\"athugasemd\" title=\"Gen. 13 \/ Exo. 23 \/ Deut. 7\">[<\/span> \u00c9g vil ekki fara upp \u00feanga\u00f0 me\u00f0 \u00fe\u00e9r \u00fev\u00ed \u00fe\u00fa ert har\u00f0sv\u00edra\u00f0ur l\u00fd\u00f0ur, so a\u00f0 \u00e9g ekki fyrirkomi \u00fe\u00e9r \u00e1 veginum.&#8220; \u00de\u00e1 f\u00f3lki\u00f0 heyr\u00f0i \u00feessi vondu or\u00f0 gr\u00e9t \u00fea\u00f0 og enginn bar s\u00edna pr\u00fd\u00f0i \u00e1 s\u00e9r.<\/p>\n<p>\tOg Drottinn sag\u00f0i til M\u00f3sen: &#8222;Seg\u00f0u \u00cdsraelssonum: \u00de\u00e9r eru\u00f0 eitt har\u00f0hnakka\u00f0 f\u00f3lk. \u00c9g kem einu sinni br\u00e1\u00f0lega yfir \u00feig og ey\u00f0ilegg \u00feig. Legg n\u00fa \u00feitt skart af \u00fe\u00e9r so \u00e9g megi vita hva\u00f0 \u00e9g skal gj\u00f6ra \u00fe\u00e9r.&#8220; So l\u00f6g\u00f0u \u00cdsraelssynir \u00feeirra skart af s\u00e9r hj\u00e1 \u00fev\u00ed fjallinu H\u00f3reb.<\/p>\n<p>\tEn M\u00f3ses t\u00f3k tjaldb\u00fa\u00f0ina og reisti hana upp langt \u00fat fr\u00e1 herb\u00fa\u00f0unum og kalla\u00f0i hana vitnisbur\u00f0arb\u00fa\u00f0. <span class=\"athugasemd\" title=\"Tjaldb\u00fa\u00f0in\">[<\/span> Og hver s\u00e1 ma\u00f0ur sem vildi a\u00f0spyrja Drottinn hann hlaut a\u00f0 fara \u00fat til vitnisbur\u00f0arb\u00fa\u00f0arinnar \u00fat fyrir herb\u00fa\u00f0irnar. Og \u00fe\u00e1 M\u00f3ses gekk \u00fat til b\u00fa\u00f0arinnar \u00fe\u00e1 st\u00f3\u00f0 allt f\u00f3lki\u00f0 upp og hver gekk \u00fat \u00ed s\u00ednar tjalddyr og \u00feeir litu \u00e1 <span class=\"athugasemd\" title=\"a \/ (Bak) \/ Bak M\u00f3sis l\u00edta allir verkheilagir, \u00feeir ekki skilja l\u00f6gm\u00e1li\u00f0, \u00feeir l\u00edta \u00fea\u00f0 ekki undir augun\">[<\/span> bak honum \u00fear til hann kom inn \u00ed tjaldb\u00fa\u00f0ina. Og \u00fe\u00e1 M\u00f3ses kom \u00ed tjaldb\u00fa\u00f0ina \u00fe\u00e1 kom sk\u00fdst\u00f3lpinn ni\u00f0ur og st\u00f3\u00f0 \u00ed tjaldb\u00fa\u00f0ardyrunum og tala\u00f0i vi\u00f0 M\u00f3sen. <span class=\"athugasemd\" title=\"Sk\u00fdst\u00f3lpinn\">[<\/span> Og allt f\u00f3lki\u00f0 s\u00e1 a\u00f0 sk\u00fdst\u00f3lpinn st\u00f3\u00f0 \u00ed tjaldb\u00fa\u00f0arinnar dyrum og hv\u00f6r \u00ed s\u00ednum tjalddyrum hneig\u00f0i sig. En Drottinn tala\u00f0i vi\u00f0 M\u00f3sen andliti til andlitis l\u00edka sem eirn ma\u00f0ur talar vi\u00f0 sinn vin. Og \u00fe\u00e1 hann gekk aftur til herb\u00fa\u00f0anna \u00fe\u00e1 veik hans \u00fe\u00e9nari J\u00f3s\u00faa, sonur N\u00fan, hv\u00f6rgi af tjaldb\u00fa\u00f0inni.<\/p>\n<p>\tOg M\u00f3ses sag\u00f0i til Drottins: &#8222;Sj\u00e1, \u00fe\u00fa segir til m\u00edn: Lei\u00f0 \u00fe\u00fa f\u00f3lki\u00f0 upp \u00feanga\u00f0 og \u00fe\u00fa l\u00e6tur mig ekki vita hv\u00f6rn \u00fe\u00fa vilt senda me\u00f0 m\u00e9r. \u00dear \u00fe\u00fa hefur \u00fe\u00f3 sagt til m\u00edn: \u00c9g \u00feekki \u00feig me\u00f0 nafni og \u00fe\u00fa hefur fundi\u00f0 n\u00e1\u00f0 fyrir m\u00ednum augum. Hafi \u00e9g n\u00fa fundi\u00f0 n\u00e1\u00f0 fyrir \u00fe\u00ednum augum \u00fe\u00e1 v\u00edsa m\u00e9r \u00feinn veg hvar me\u00f0 \u00e9g kunni a\u00f0 \u00feekkja \u00feig og finna n\u00e1\u00f0 fyrir \u00fe\u00ednum augum. Og sj\u00e1 \u00fe\u00fa, \u00feetta f\u00f3lk er \u00feinn l\u00fd\u00f0ur.<\/p>\n<p>\tHann sag\u00f0i: &#8222;Mitt <span class=\"athugasemd\" title=\"b \/ Andlit \/ merkir h\u00e9r sk\u00fdst\u00f3lpann \u00ed hverjum Gu\u00f0 var n\u00e1l\u00e6gur\">[<\/span> andlit skal fara (fyrir y\u00f0ur), \u00fear me\u00f0 vil \u00e9g v\u00edsa \u00fe\u00e9r veg.&#8220; En hann sag\u00f0i til hans: &#8222;Ef \u00feitt andlit fer ei \u00fe\u00e1 lei\u00f0 oss ei \u00far \u00feessum sta\u00f0. \u00dev\u00ed hvernin eigum v\u00e9r ella vita a\u00f0 \u00e9g og \u00feitt f\u00f3lk hafi fundi\u00f0 n\u00e1\u00f0 fyrir \u00fe\u00ednum augum, utan \u00fea\u00f0 \u00fe\u00fa farir me\u00f0 oss? So a\u00f0 \u00e9g og \u00feitt f\u00f3lk megum pr\u00edsast fyrir \u00f6llu f\u00f3lki \u00e1 j\u00f6r\u00f0unni.&#8220; \u00de\u00e1 sag\u00f0i Drottinn til M\u00f3sen: &#8222;\u00c9g vil gj\u00f6ra \u00fea\u00f0 sem \u00fe\u00fa n\u00fa m\u00e6ltir \u00fev\u00ed \u00fe\u00fa hefur fundi\u00f0 n\u00e1\u00f0 fyrir m\u00ednum augum og \u00e9g \u00feekki \u00feig me\u00f0 nafni.&#8220;<\/p>\n<p>\tEn hann sag\u00f0i: &#8222;\u00de\u00e1 l\u00e1t mig sj\u00e1 \u00fe\u00edna d\u00fdr\u00f0.&#8220; Og hann sag\u00f0i: &#8222;\u00c9g vil l\u00e1ta allan minn g\u00f3\u00f0a fara fyrir \u00fe\u00ednu andliti og \u00e9g vil l\u00e1ta pr\u00e9dika Drottins nafn fyrir \u00fe\u00e9r. En hverjum sem \u00e9g er n\u00e1\u00f0ugur, \u00feeim er \u00e9g n\u00e1\u00f0ugur, og hverjum \u00e9g er miskunnsamur, \u00feeim er \u00e9g miskunnsamur.&#8220; <span class=\"athugasemd\" title=\"R\u00f3m. 9\">[<\/span> Og hann sag\u00f0i framarmeir: &#8222;Ekki m\u00e1ttu sj\u00e1 mitt <span class=\"athugasemd\" title=\"c \/ (Andlit) \/ H\u00e9r merkir andlit ekki sk\u00fdst\u00f3lpann heldur Gu\u00f0 sj\u00e1lfan\">[<\/span> andlit \u00fev\u00ed a\u00f0 enginn manneskja mun lifa sem mig s\u00e9r.&#8220; Og Drottinn sag\u00f0i enn framar: &#8222;Sj\u00e1, h\u00e9r er eitt r\u00fam hj\u00e1 m\u00e9r, \u00fear skaltu standa yfir steininum. \u00de\u00e1 m\u00edn d\u00fdr\u00f0 gengur n\u00fa framhj\u00e1 \u00fe\u00e1 vil \u00e9g l\u00e1ta \u00feig standa \u00ed bjargskorunni og m\u00edn h\u00f6nd skal hl\u00edfa \u00fe\u00e9r \u00e1 me\u00f0an \u00e9g geng framhj\u00e1. Og \u00fe\u00e1 \u00e9g tek m\u00edna h\u00f6nd fr\u00e1 \u00fe\u00e9r \u00fe\u00e1 skaltu sj\u00e1 \u00e1 bak eftir m\u00e9r. En mitt andlit f\u00e6r enginn ma\u00f0ur s\u00e9\u00f0.&#8220;<\/p>\n","protected":false},"excerpt":{"rendered":"<p>Og Drottinn sag\u00f0i til M\u00f3sen: Far og fer\u00f0ast h\u00e9\u00f0an, \u00fe\u00fa og f\u00f3lki\u00f0 \u00fea\u00f0 \u00fe\u00fa leiddir af Egyptalandi, til \u00feess lands sem \u00e9g s\u00f3r Abraham, \u00cdsak og Jakob, segjandi: \u00c9g vil gefa \u00fe\u00ednu s\u00e6\u00f0i \u00fea\u00f0. \u00c9g vil senda eirn engil fyrir \u00fe\u00e9r og \u00fatr\u00fdma \u00fe\u00e1 Kananeos, Amoreos, Heteos, Pereos, Heveos og Jeb\u00faseos, \u00ed \u00fea\u00f0 land sem fl\u00fdtur \u00ed mj\u00f3lk og hunangi. [ \u00c9g vil ekki fara upp \u00feanga\u00f0 me\u00f0 \u00fe\u00e9r \u00fev\u00ed \u00fe\u00fa ert har\u00f0sv\u00edra\u00f0ur l\u00fd\u00f0ur, so a\u00f0 \u00e9g ekki fyrirkomi \u00fe\u00e9r \u00e1 veginum.&#8220; \u00de\u00e1 f\u00f3lki\u00f0 heyr\u00f0i \u00feessi vondu or\u00f0 gr\u00e9t \u00fea\u00f0 og enginn bar s\u00edna pr\u00fd\u00f0i \u00e1 s\u00e9r. Og Drottinn sag\u00f0i <a href=\"https:\/\/biblian.is\/gudbrandsbiblia\/onnur-mosebok-33-kafli\/\"> [&#8230;]<\/a><\/p>\n","protected":false},"author":1,"featured_media":0,"parent":0,"menu_order":0,"comment_status":"open","ping_status":"open","template":"bibliukaflar.php","meta":{"footnotes":""},"class_list":["post-2775","page","type-page","status-publish","hentry"],"_links":{"self":[{"href":"https:\/\/biblian.is\/gudbrandsbiblia\/wp-json\/wp\/v2\/pages\/2775","targetHints":{"allow":["GET"]}}],"collection":[{"href":"https:\/\/biblian.is\/gudbrandsbiblia\/wp-json\/wp\/v2\/pages"}],"about":[{"href":"https:\/\/biblian.is\/gudbrandsbiblia\/wp-json\/wp\/v2\/types\/page"}],"author":[{"embeddable":true,"href":"https:\/\/biblian.is\/gudbrandsbiblia\/wp-json\/wp\/v2\/users\/1"}],"replies":[{"embeddable":true,"href":"https:\/\/biblian.is\/gudbrandsbiblia\/wp-json\/wp\/v2\/comments?post=2775"}],"version-history":[{"count":0,"href":"https:\/\/biblian.is\/gudbrandsbiblia\/wp-json\/wp\/v2\/pages\/2775\/revisions"}],"wp:attachment":[{"href":"https:\/\/biblian.is\/gudbrandsbiblia\/wp-json\/wp\/v2\/media?parent=2775"}],"curies":[{"name":"wp","href":"https:\/\/api.w.org\/{rel}","templated":true}]}}