{"id":2772,"date":"2017-12-18T18:31:40","date_gmt":"2017-12-18T18:31:40","guid":{"rendered":"http:\/\/biblian.is\/gudbrandsbiblia\/onnur-mosebok-30-kafli\/"},"modified":"2017-12-18T18:31:40","modified_gmt":"2017-12-18T18:31:40","slug":"onnur-mosebok-30-kafli","status":"publish","type":"page","link":"https:\/\/biblian.is\/gudbrandsbiblia\/onnur-mosebok-30-kafli\/","title":{"rendered":"\u00d6nnur M\u00f3seb\u00f3k 30. kafli"},"content":{"rendered":"<p>\u00de\u00fa skalt gj\u00f6ra eitt reykelsisaltari til a\u00f0 brenna reykelsi upp\u00e1, af trj\u00e1m set\u00edm, eirnrar \u00e1lna langt og breitt, r\u00e9tt ferskeytt, og tveggja \u00e1lna h\u00e1tt, me\u00f0 s\u00ednum hornum. <span class=\"athugasemd\" title=\"Reykelsisaltari\u00f0\">[<\/span> Og \u00fea\u00f0 skaltu b\u00faa utan me\u00f0 kl\u00e1rt gull ofan til og \u00e1 s\u00ed\u00f0unum allt um kring og hornin me\u00f0. \u00de\u00fa skalt og gj\u00f6ra eina k\u00f3r\u00f3nu af gulli \u00ed kring um \u00fea\u00f0 og tvo gullhringa \u00e1 b\u00e1\u00f0ar s\u00ed\u00f0ur undir k\u00f3r\u00f3nunni svo menn megi setja stengurnar \u00fear \u00ed a\u00f0 bera \u00fea\u00f0 me\u00f0. \u00de\u00fa skalt og gj\u00f6ra stengurnar af trj\u00e1m set\u00edm og b\u00faa \u00fe\u00e6r me\u00f0 gull. Og \u00fea\u00f0 skaltu setja fyrir framan fortjaldi\u00f0 sem hangir fyrir vitnisbur\u00f0ar\u00f6rkinni og fyrir \u00feeim n\u00e1\u00f0arst\u00f3l sem er \u00e1 vitnisbur\u00f0inum, hva\u00f0an \u00e9g vil vitna fyrir \u00fe\u00e9r.<\/p>\n<p>\tOg \u00e1 \u00feessu altari skal Aron hv\u00f6rn morgun tendra ilmandi reykelsi \u00fe\u00e1 hann tilrei\u00f0ir lampana. <span class=\"athugasemd\" title=\"Daglegt reykelsi\">[<\/span> S\u00f6mulei\u00f0is \u00e1 kveldin \u00fe\u00e1 hann tendrar lampana. \u00deetta skal vera daglegt reykelsi fyrir Drottni hj\u00e1 y\u00f0ar eftirkomendum. <span class=\"athugasemd\" title=\"\u00deetta altari var fyrir framan fortjaldi\u00f0 \u00ed helgid\u00f3minum en ekki fyrir innan \u00ed \u00fev\u00ed allra helgasta\">[<\/span> \u00de\u00e9r skulu\u00f0 ekkert annarlegt reykelsi gj\u00f6ra \u00fear upp\u00e1 og ei heldur offra \u00fear upp\u00e1 brennioffri, matoffri e\u00f0a drykkjaroffri. Og Aron skal eitt sinn um \u00e1ri\u00f0 gj\u00f6ra eina forl\u00edkun \u00e1 horni altarisins, me\u00f0 syndaoffursbl\u00f3\u00f0i til forl\u00edkunar. \u00deessi forl\u00edkun skal ske eitt sinn hv\u00f6rt \u00e1r hj\u00e1 y\u00f0ar eftirkomendum. \u00dev\u00ed \u00fea\u00f0 er Drottni \u00fea\u00f0 allra helgasta.&#8220;<\/p>\n<p>\tOg Drottinn tala\u00f0i til M\u00f3sen og sag\u00f0i: &#8222;\u00de\u00e1 \u00fe\u00fa telur \u00cdsraelissona h\u00f6fu\u00f0 \u00fe\u00e1 skal hv\u00f6r gefa Drottni s\u00ednar s\u00e1lar forl\u00edkun so a\u00f0 \u00fear skuli enginn pl\u00e1ga koma \u00e1 \u00fe\u00e1 \u00feegar \u00feeir eru taldir. Og hv\u00f6r sem \u00ed t\u00f6lunni er hann skal gefa eirn h\u00e1lfan sikil eftir eftir helgid\u00f3msins sikli. <span class=\"athugasemd\" title=\"H\u00e1lfur syclus er \u00f6rrt af dal e\u00f0ur fj\u00f3r\u00f0ipartur \u00far eyrir silfurs\">[<\/span> Eirn sikill gildir tuttugu gera, soddan h\u00e1lfur sikil skal vera herrans upplyftingaroffur. En hv\u00f6r sem er \u00ed t\u00f6lunni, tv\u00edtugur og \u00fea\u00f0an af eldri, hann skal gefa Drottni soddan upplyftingaroffur. S\u00e1 hinn r\u00edki skal ekki gefa meira og s\u00e1 f\u00e1t\u00e6ki ekki minna en h\u00e1lfan sikil sem hann gefur Drottni til upplyftingar, fyrir \u00feeirra s\u00e1lna forl\u00edkan. Og \u00fe\u00fa skalt taka soddan forl\u00edkunarpeninga af \u00cdsraelissonum og leggja til Gu\u00f0s \u00fej\u00f3nustu \u00ed vitnisbur\u00f0arb\u00fa\u00f0ina, a\u00f0 \u00fea\u00f0 s\u00e9 \u00cdsraelissonum ein minning fyrir Drottni, a\u00f0 hann l\u00e1ti sig forl\u00edka yfir \u00feeirra s\u00e1lum.&#8220;<\/p>\n<p>\tOg Drottinn tala\u00f0i vi\u00f0 M\u00f3sen og sag\u00f0i: &#8222;\u00de\u00fa skalt og gj\u00f6ra eitt vatnker af kopar me\u00f0 einum koparf\u00e6ti til a\u00f0 \u00fevo sig \u00far. <span class=\"athugasemd\" title=\"Vatnkeri\u00f0\">[<\/span> Og \u00fea\u00f0 skaltu setja millum vitnisbur\u00f0artjaldb\u00fa\u00f0arinnar og altarisins og l\u00e1ta vatn \u00fear \u00fat\u00ed so a\u00f0 Aron og hans synir megi \u00fevo s\u00ednar hendur f\u00e6tur \u00fear af \u00fe\u00e1 \u00feeir ganga inn \u00ed vitnisbur\u00f0arb\u00fa\u00f0ina e\u00f0a til altaris a\u00f0 \u00fej\u00f3na me\u00f0 reykelsi, sem er eldur fyrir Drottni. \u00deeir skulu \u00fevo hendur og f\u00e6tur so a\u00f0 \u00feeir deyi ekki. \u00dea\u00f0 skal vera ein eil\u00edf skikkan honum og hans s\u00e6\u00f0i hj\u00e1 \u00feeirra eftirkomendum.&#8220;<\/p>\n<p>\tOg Drottinn tala\u00f0i vi\u00f0 M\u00f3sen og sag\u00f0i: &#8222;Tak til \u00fe\u00edn \u00fe\u00e6r bestu jurtir, \u00fe\u00e1 sk\u00e6ra myrru fimm hundru\u00f0 siclos (a\u00f0 vigt) og h\u00e1lf part so miki\u00f0 af sinnamomum, tv\u00f6 hundru\u00f0 og fimmtygi (siclos) og calmus, tv\u00f6 hundru\u00f0 og fimmtygu, og fimm hundru\u00f0 cas\u00eden, eftir vigt helgid\u00f3msins siclus, og eitt h\u00edn vi\u00f0smj\u00f6rs af vi\u00f0smj\u00f6rstr\u00e9 og gj\u00f6r eitt heilagt smurningaroleum, eftir smyrslamakarans kunn\u00e1ttu. <span class=\"athugasemd\" title=\"\u00deau heil\u00f6gu smyrslin\">[<\/span> <\/p>\n<p>\t\u00dear me\u00f0 skaltu smyrja vitnisbur\u00f0arb\u00fa\u00f0ina og vitnisbur\u00f0ar\u00f6rkina, bor\u00f0i\u00f0 og \u00f6ll \u00feess ker, kertistikuna me\u00f0 \u00fev\u00ed sem henni tilheyrir, reykelsisaltari\u00f0, brennioffursaltari\u00f0 me\u00f0 \u00f6llum s\u00ednum umb\u00fana\u00f0i, og vatnkeri\u00f0 me\u00f0 s\u00ednum f\u00e6ti. Og \u00fe\u00fa skalt v\u00edgja \u00fea\u00f0 so a\u00f0 \u00fea\u00f0 s\u00e9 allra helgasta. \u00dev\u00ed s\u00e1 sem vill snerta \u00feetta hann skal vera v\u00edg\u00f0ur. \u00de\u00fa skalt og smyrja Aron og hans sonu og v\u00edgja m\u00e9r \u00fe\u00e1 til kennimanna. Og \u00fe\u00fa skalt tala vi\u00f0 \u00cdsraelssonu og segja: \u00deetta oleum skal m\u00e9r vera eitt heilagt smyrsl hj\u00e1 y\u00f0ar eftirkomendum. \u00dev\u00ed skal ekki vera \u00fathellt \u00e1 mannsins l\u00edkama. Eigi skulu \u00fe\u00e9r heldur gj\u00f6ra soddan \u00fev\u00ed \u00fea\u00f0 er heilagt. \u00dear fyrir skal \u00fea\u00f0 og vera y\u00f0ur heilagt. Hver helst sem gj\u00f6rir soddan e\u00f0ur gefur \u00f6\u00f0rum nokku\u00f0 \u00fear af hann skal ver\u00f0a afm\u00e1\u00f0ur fr\u00e1 s\u00ednu f\u00f3lki.&#8220;<\/p>\n<p>\tOg Drottinn sag\u00f0i til M\u00f3sen: &#8222;Tak til \u00fe\u00edn jurtir, balsamum, stacten, calben og kl\u00e1ra myrru, jafnmiki\u00f0 af hverju, og gj\u00f6r reykelsi \u00fear af eftir smyrslamakarans kunn\u00e1ttu blanda\u00f0, a\u00f0 \u00fea\u00f0 bl\u00edfi hreint og heilagt. <span class=\"athugasemd\" title=\"Reykelsi\u00f0\">[<\/span> Og \u00fe\u00fa skalt melja \u00fea\u00f0 \u00ed sm\u00e1tt og leggja \u00fea\u00f0 fyrir vitnisbur\u00f0inn \u00ed vitnisbur\u00f0arb\u00fa\u00f0inni, hva\u00f0an \u00e9g mun vitna fyrir \u00fe\u00e9r. \u00dea\u00f0 skal vera y\u00f0ur \u00fea\u00f0 allra helgasta. \u00de\u00e9r skulu\u00f0 ekki gj\u00f6ra y\u00f0ur soddan reykelsi, heldur skal \u00feetta vera \u00fe\u00e9r heilagt fyrir Drottni. Hv\u00f6r sem gj\u00f6rir soddan til a\u00f0 hafa hj\u00e1 s\u00e9r sl\u00edkan ilm hann skal afm\u00e1st fr\u00e1 s\u00ednu f\u00f3lki.&#8220;<\/p>\n","protected":false},"excerpt":{"rendered":"<p>\u00de\u00fa skalt gj\u00f6ra eitt reykelsisaltari til a\u00f0 brenna reykelsi upp\u00e1, af trj\u00e1m set\u00edm, eirnrar \u00e1lna langt og breitt, r\u00e9tt ferskeytt, og tveggja \u00e1lna h\u00e1tt, me\u00f0 s\u00ednum hornum. [ Og \u00fea\u00f0 skaltu b\u00faa utan me\u00f0 kl\u00e1rt gull ofan til og \u00e1 s\u00ed\u00f0unum allt um kring og hornin me\u00f0. \u00de\u00fa skalt og gj\u00f6ra eina k\u00f3r\u00f3nu af gulli \u00ed kring um \u00fea\u00f0 og tvo gullhringa \u00e1 b\u00e1\u00f0ar s\u00ed\u00f0ur undir k\u00f3r\u00f3nunni svo menn megi setja stengurnar \u00fear \u00ed a\u00f0 bera \u00fea\u00f0 me\u00f0. \u00de\u00fa skalt og gj\u00f6ra stengurnar af trj\u00e1m set\u00edm og b\u00faa \u00fe\u00e6r me\u00f0 gull. Og \u00fea\u00f0 skaltu setja fyrir framan fortjaldi\u00f0 sem hangir <a href=\"https:\/\/biblian.is\/gudbrandsbiblia\/onnur-mosebok-30-kafli\/\"> [&#8230;]<\/a><\/p>\n","protected":false},"author":1,"featured_media":0,"parent":0,"menu_order":0,"comment_status":"open","ping_status":"open","template":"bibliukaflar.php","meta":{"footnotes":""},"class_list":["post-2772","page","type-page","status-publish","hentry"],"_links":{"self":[{"href":"https:\/\/biblian.is\/gudbrandsbiblia\/wp-json\/wp\/v2\/pages\/2772","targetHints":{"allow":["GET"]}}],"collection":[{"href":"https:\/\/biblian.is\/gudbrandsbiblia\/wp-json\/wp\/v2\/pages"}],"about":[{"href":"https:\/\/biblian.is\/gudbrandsbiblia\/wp-json\/wp\/v2\/types\/page"}],"author":[{"embeddable":true,"href":"https:\/\/biblian.is\/gudbrandsbiblia\/wp-json\/wp\/v2\/users\/1"}],"replies":[{"embeddable":true,"href":"https:\/\/biblian.is\/gudbrandsbiblia\/wp-json\/wp\/v2\/comments?post=2772"}],"version-history":[{"count":0,"href":"https:\/\/biblian.is\/gudbrandsbiblia\/wp-json\/wp\/v2\/pages\/2772\/revisions"}],"wp:attachment":[{"href":"https:\/\/biblian.is\/gudbrandsbiblia\/wp-json\/wp\/v2\/media?parent=2772"}],"curies":[{"name":"wp","href":"https:\/\/api.w.org\/{rel}","templated":true}]}}