{"id":2771,"date":"2017-12-18T18:31:40","date_gmt":"2017-12-18T18:31:40","guid":{"rendered":"http:\/\/biblian.is\/gudbrandsbiblia\/onnur-mosebok-29-kafli\/"},"modified":"2017-12-18T18:31:40","modified_gmt":"2017-12-18T18:31:40","slug":"onnur-mosebok-29-kafli","status":"publish","type":"page","link":"https:\/\/biblian.is\/gudbrandsbiblia\/onnur-mosebok-29-kafli\/","title":{"rendered":"\u00d6nnur M\u00f3seb\u00f3k 29. kafli"},"content":{"rendered":"<p>\u00deetta er \u00fea\u00f0 sem \u00fe\u00fa skalt gj\u00f6ra \u00feeim so \u00feeir s\u00e9u v\u00edg\u00f0ir m\u00e9r til kennimanna. <span class=\"athugasemd\" title=\"V\u00edgsla Arons og hans sona\">[<\/span> Tak eirn ungan uxa og tvo hr\u00fata sem a\u00f0 eru vankalausir og \u00f3s\u00fdrt brau\u00f0 og \u00f3s\u00fdr\u00f0ar k\u00f6kur blanda\u00f0ar me\u00f0 vi\u00f0smj\u00f6r og \u00f3s\u00fdr\u00f0a leifa smur\u00f0a me\u00f0 vi\u00f0smj\u00f6ri. \u00deetta allt saman skaltu gj\u00f6ra af hveitimj\u00f6li og leggja \u00fea\u00f0 \u00ed eina k\u00f6rf og bera \u00fea\u00f0 fram \u00ed k\u00f6rfinni, og uxann og \u00fe\u00e1 tvo hr\u00fatana.<\/p>\n<p>\tSvo skaltu lei\u00f0a Aron og hans syni fyrir dyrnar vitnisbur\u00f0ar tjaldb\u00fa\u00f0arinnar og \u00fevo \u00feeim \u00ed vatni. Og tak kl\u00e6\u00f0na\u00f0inn og f\u00e6r Aron \u00ed \u00feann mj\u00f3a kyrtil og \u00ed \u00feann silkikyrtil og \u00ed l\u00edfkyrtilinn me\u00f0 brj\u00f3staskildinum til l\u00edfkyrtilsins. Og \u00fe\u00fa skalt gyr\u00f0a hann utan \u00e1 l\u00edfkyrtlinum og setja m\u00edtri\u00f0 \u00e1 hans h\u00f6fu\u00f0 og setja \u00fe\u00e1 helgu kr\u00f3nu upp\u00e1 m\u00edtri\u00f0. S\u00ed\u00f0an skaltu taka \u00fea\u00f0 smurningar oleum og hella \u00fev\u00ed \u00e1 hans h\u00f6fu\u00f0 og smyrja hann. So skaltu og lei\u00f0a hans sonu h\u00e9r til og f\u00e6ra \u00fe\u00e1 \u00ed \u00fe\u00e1 mj\u00f3u kyrtla  og gyr\u00f0a \u00fe\u00e1 og Aron me\u00f0 lindum og setja m\u00edtrin \u00e1 \u00fe\u00e1, so \u00feeir skulu hafa prestd\u00e6mi\u00f0 til eil\u00edfrar skikkunar.<\/p>\n<p>\t\u00de\u00fa skalt og fylla Arons hendur og hans sona og lei\u00f0a \u00feann unga uxann fyrir vitnisbur\u00f0arb\u00fa\u00f0ina. Og Aron og hans synir skulu leggja s\u00ednar hendur yfir h\u00f6fu\u00f0 uxans og s\u00e6fa uxann fyrir Drottni fyrir dyrum vitnisbur\u00f0arb\u00fa\u00f0arinnar. So skalt \u00fe\u00fa taka af hans bl\u00f3\u00f0i og smyrja \u00e1 hornin altarisins me\u00f0 \u00fe\u00ednum fingri, en allt anna\u00f0 bl\u00f3\u00f0 skaltu ni\u00f0ur hella fyrir altarisins f\u00f3t. Og \u00fe\u00fa skalt taka alla \u00fe\u00e1 feiti sem utan um innyflin er og lifrarnetjuna og b\u00e6\u00f0i n\u00fdrun og n\u00fdrnam\u00f6rinn og \u00fe\u00fa skalt upptendra \u00fea\u00f0 \u00e1 altarinu. En kj\u00f6ti\u00f0, h\u00fa\u00f0ina og \u00f3hreinindin uxans skalt \u00fe\u00fa uppbrenna me\u00f0 eldi fyrir utan herb\u00fa\u00f0irnar, \u00fev\u00ed \u00fea\u00f0 er eitt syndaoffur.<\/p>\n<p>\tEn annan hr\u00fatinn skaltu taka og Aron og hans synir skulu leggja s\u00ednar hendur yfir hans h\u00f6fu\u00f0. S\u00ed\u00f0an skalt \u00fe\u00fa sl\u00e1tra honum og taka hans bl\u00f3\u00f0 og st\u00f6kkva \u00fev\u00ed allt \u00ed kring \u00e1 altari\u00f0. En hr\u00fatinn skaltu h\u00f6ggva \u00ed stykki, sv\u00f6 skalt \u00fe\u00fa \u00fevo hans innyfli og hans l\u00e6r og leggja \u00feau \u00e1 stykkin og \u00e1 hans h\u00f6fu\u00f0 og brenna so hr\u00fatinn allan saman \u00e1 altarinu, \u00fev\u00ed \u00fea\u00f0 er ein brennif\u00f3rn fyrir Drottni, eirn s\u00e6tleiksilmur og Drottins eldur.<\/p>\n<p>\tEn \u00feann annan hr\u00fat skaltu taka og Aron og hans synir skulu leggja s\u00ednar hendur yfir hans h\u00f6fu\u00f0 og \u00fe\u00fa skalt sl\u00e1tra honum og taka hans bl\u00f3\u00f0 og r\u00ed\u00f0a \u00fev\u00ed \u00e1 h\u00e6gra eyrnasnepil Arons og hans sona og \u00e1 \u00feeirra h\u00e6gra \u00feumalfingur og \u00e1 \u00feeirra h\u00e6gri \u00feumalt\u00e1. Og \u00fe\u00fa skalt st\u00f6kkva bl\u00f3\u00f0inu r\u00e9tt um kring \u00e1 altarinu. Og \u00fe\u00fa skalt taka \u00fea\u00f0 bl\u00f3\u00f0i\u00f0 \u00e1 altarinu og \u00fea\u00f0 smurningaroleum og st\u00f6kkva yfir Aron og hans kl\u00e6\u00f0i, hans syni og \u00feeirra kl\u00e6\u00f0i. So ver\u00f0ur hann og hans kl\u00e6\u00f0i, hans synir og \u00feeirra kl\u00e6\u00f0i, v\u00edg\u00f0. S\u00ed\u00f0an skaltu taka feitina af hr\u00fatunum og r\u00f3una, \u00fea\u00f0 feita um innyflin, lifrarnetjuna og b\u00e6\u00f0i n\u00fdrun me\u00f0 n\u00fdrnam\u00f6rnum \u00fear um kring og h\u00e6gra b\u00f3ginn (\u00fev\u00ed \u00fea\u00f0 er fyllingarhr\u00fatur) og eitt brau\u00f0 og eina k\u00f6rfu smur\u00f0a me\u00f0 vi\u00f0smj\u00f6ri og einn leif \u00far \u00feeirri k\u00f6rf sem stendur fyrir Drottni me\u00f0 \u00f3s\u00fdr\u00f0u brau\u00f0i, og legg \u00fea\u00f0 allt \u00e1 Aron og hans sona hendur og veifa \u00fev\u00ed fyrir Drottni. Og tak \u00fea\u00f0 s\u00ed\u00f0an af \u00feeirra h\u00f6ndum og upptendra \u00fea\u00f0 \u00e1 altarinu til eins brennioffurs, til eins s\u00e6ts ilms fyrir Drottni, \u00fev\u00ed \u00fea\u00f0 er eldur Drottins. <span class=\"athugasemd\" title=\"Veifunar- og upplyftingaroffur\">[<\/span><\/p>\n<p>\tOg \u00fe\u00fa skalt taka bringuna af Arons uppfyllingarhr\u00fat og \u00fe\u00fa skalt veifa \u00fev\u00ed fyrir Drottni. \u00dea\u00f0 skal vera \u00feinn partur. \u00de\u00fa skalt og svo helga veifunarbrj\u00f3sti\u00f0 og upplyftingarb\u00f3ginn sem er veifa\u00f0 og upplyft af Arons og hans sona fyllingshr\u00fat, og \u00fea\u00f0 skal Aron eignast og hans synir fyrir eina eil\u00edfa skikkan, af \u00cdsraelsb\u00f6rnum, \u00fev\u00ed \u00fea\u00f0 er eitt upplyftingaroffur. <span class=\"athugasemd\" title=\"Hlutdeild Arons og hans sona af offrinu\">[<\/span> En upplyftingaroffri\u00f0 skal heyra Drottni til af \u00cdsraelssonum, og \u00feeirra \u00feakkl\u00e6tisoffri og upplyftingaroffri.<\/p>\n<p>\tEn \u00feau helgu kl\u00e6\u00f0i sem Aron hefur, \u00feau skulu hans synir hafa eftir hann, a\u00f0 \u00feeir s\u00e9u smur\u00f0ir \u00ed \u00feeim og \u00feeirra hendur uppfylltar. Hvor af hans sonum sem ver\u00f0ur prestur \u00ed hans sta\u00f0, hann skal \u00edkl\u00e6\u00f0ast \u00feeim \u00ed sj\u00f6 daga, a\u00f0 hann gangi inn \u00ed vitnisbur\u00f0arb\u00fa\u00f0ina til a\u00f0 \u00fej\u00f3na \u00ed helgid\u00f3minum.<\/p>\n<p>\t\u00de\u00fa skalt og taka upplyftingarhr\u00fatinn og matgj\u00f6ra hans kj\u00f6t \u00e1 einum heil\u00f6gum sta\u00f0. <span class=\"athugasemd\" title=\"Levit. 8\">[<\/span> Og Aron og hans synir skulu eta \u00fea\u00f0 sama hr\u00fatskj\u00f6t me\u00f0 \u00fev\u00ed brau\u00f0i sem er \u00ed k\u00f6rfinni fyrir vitnisbur\u00f0arb\u00fa\u00f0ardyrum. \u00dev\u00ed \u00fear me\u00f0 er forl\u00edkunin or\u00f0in a\u00f0 fylla \u00feeirra hendur svo \u00feeir s\u00e9u v\u00edg\u00f0ir. Enginn annar skal eta \u00fea\u00f0 \u00fev\u00ed \u00fea\u00f0 er heilagt. En ef nokku\u00f0 leyfist af s\u00f6mu uppfyllingarkj\u00f6ti og af brau\u00f0inu inn til morguns, \u00fe\u00e1 skal \u00fea\u00f0 brennast me\u00f0 eldi og ekki l\u00e1ta \u00fea\u00f0 etast \u00fev\u00ed \u00fea\u00f0 er heilagt. <\/p>\n<p>\tOg \u00fe\u00fa skalt so gj\u00f6ra vi\u00f0 Aron og hans sonu \u00ed allan m\u00e1ta l\u00edka sem \u00e9g hefi b\u00edfala\u00f0 \u00fe\u00e9r. \u00de\u00fa skalt fylla \u00feeirra hendur \u00ed sj\u00f6 daga og sl\u00e1tra hvern dag einum uxa til syndaoffurs til forl\u00edkunar. \u00de\u00fa skalt hreinsa altari\u00f0 \u00fe\u00e1 \u00fe\u00fa gj\u00f6rir soddan forl\u00edkan \u00fear yfir og smyrja \u00fea\u00f0 a\u00f0 \u00fea\u00f0 ver\u00f0i v\u00edgt. Sj\u00f6 daga skaltu gj\u00f6ra \u00feessa forl\u00edkan yfir altari\u00f0 og v\u00edgja \u00fea\u00f0 a\u00f0 \u00fea\u00f0 s\u00e9 eitt altari \u00feess allra heilagasta. Og hver sem vill snerta altari\u00f0 hann skal vera v\u00edg\u00f0ur.<\/p>\n<p>\tOg \u00feetta skaltu gj\u00f6ra vi\u00f0 altari\u00f0: \u00de\u00fa skalt \u00e6t\u00ed\u00f0 hvern dag f\u00f3rnf\u00e6ra \u00fear \u00e1 tv\u00f6 l\u00f6mb veturg\u00f6mul, eitt lamb a\u00f0 morni og \u00fea\u00f0 anna\u00f0 a\u00f0 kveldi. <span class=\"athugasemd\" title=\"Daglegt brennioffur \/ Num. Xxviy\">[<\/span> Og til eins lambs legg \u00fe\u00fa t\u00edundapart af hveitissarla blanda\u00f0 vi\u00f0 skeki\u00f0 oleum, fj\u00f3r\u00f0apart af h\u00edn, og eirn fj\u00f3r\u00f0apart <span class=\"athugasemd\" title=\"a \/ H\u00edn \/ er ix marka m\u00e6lir\">[<\/span> h\u00edn v\u00edns til drykkjuoffurs. \u00de\u00fa skalt gj\u00f6ra l\u00edka so me\u00f0 \u00fea\u00f0 anna\u00f0 lambi\u00f0 a\u00f0 kveldi so sem vi\u00f0 matoffur og drykkjaroffur um morguninn, til eins s\u00e6tleiksilms, einn eld fyrir Drottni. \u00deetta er \u00fea\u00f0 daglega brennioffur hj\u00e1 y\u00f0ar eftirkomendum, fyrir tjaldb\u00fa\u00f0arinnar vitnisbur\u00f0ardyrum, fyrir Drottni, \u00fear sem \u00e9g vil vitna fyrir y\u00f0ur og tala vi\u00f0 \u00feig. \u00dear vil \u00e9g \u00feekkjast af \u00cdsraelissonum og helgast af minni d\u00fdr\u00f0. Og \u00e9g vil helga gj\u00f6ra vitnisbur\u00f0arb\u00fa\u00f0ina og altari\u00f0 og \u00e9g vil v\u00edgja Aron og hans sonu m\u00e9r til kennimanna. Og \u00e9g vil b\u00faa \u00e1 me\u00f0al \u00cdsraelssona og vera \u00feeirra Gu\u00f0, svo \u00feeir viti a\u00f0 \u00e9g er Drottinn \u00feeirra Gu\u00f0 sem \u00fatleiddi \u00fe\u00e1 af Egyptalandi, a\u00f0 \u00e9g b\u00fd \u00e1 me\u00f0al \u00feeirra, \u00e9g Drottinn \u00feeirra Gu\u00f0. <span class=\"athugasemd\" title=\"Levit. 26\">[<\/span><\/p>\n","protected":false},"excerpt":{"rendered":"<p>\u00deetta er \u00fea\u00f0 sem \u00fe\u00fa skalt gj\u00f6ra \u00feeim so \u00feeir s\u00e9u v\u00edg\u00f0ir m\u00e9r til kennimanna. [ Tak eirn ungan uxa og tvo hr\u00fata sem a\u00f0 eru vankalausir og \u00f3s\u00fdrt brau\u00f0 og \u00f3s\u00fdr\u00f0ar k\u00f6kur blanda\u00f0ar me\u00f0 vi\u00f0smj\u00f6r og \u00f3s\u00fdr\u00f0a leifa smur\u00f0a me\u00f0 vi\u00f0smj\u00f6ri. \u00deetta allt saman skaltu gj\u00f6ra af hveitimj\u00f6li og leggja \u00fea\u00f0 \u00ed eina k\u00f6rf og bera \u00fea\u00f0 fram \u00ed k\u00f6rfinni, og uxann og \u00fe\u00e1 tvo hr\u00fatana. Svo skaltu lei\u00f0a Aron og hans syni fyrir dyrnar vitnisbur\u00f0ar tjaldb\u00fa\u00f0arinnar og \u00fevo \u00feeim \u00ed vatni. Og tak kl\u00e6\u00f0na\u00f0inn og f\u00e6r Aron \u00ed \u00feann mj\u00f3a kyrtil og \u00ed \u00feann silkikyrtil og \u00ed l\u00edfkyrtilinn <a href=\"https:\/\/biblian.is\/gudbrandsbiblia\/onnur-mosebok-29-kafli\/\"> [&#8230;]<\/a><\/p>\n","protected":false},"author":1,"featured_media":0,"parent":0,"menu_order":0,"comment_status":"open","ping_status":"open","template":"bibliukaflar.php","meta":{"footnotes":""},"class_list":["post-2771","page","type-page","status-publish","hentry"],"_links":{"self":[{"href":"https:\/\/biblian.is\/gudbrandsbiblia\/wp-json\/wp\/v2\/pages\/2771","targetHints":{"allow":["GET"]}}],"collection":[{"href":"https:\/\/biblian.is\/gudbrandsbiblia\/wp-json\/wp\/v2\/pages"}],"about":[{"href":"https:\/\/biblian.is\/gudbrandsbiblia\/wp-json\/wp\/v2\/types\/page"}],"author":[{"embeddable":true,"href":"https:\/\/biblian.is\/gudbrandsbiblia\/wp-json\/wp\/v2\/users\/1"}],"replies":[{"embeddable":true,"href":"https:\/\/biblian.is\/gudbrandsbiblia\/wp-json\/wp\/v2\/comments?post=2771"}],"version-history":[{"count":0,"href":"https:\/\/biblian.is\/gudbrandsbiblia\/wp-json\/wp\/v2\/pages\/2771\/revisions"}],"wp:attachment":[{"href":"https:\/\/biblian.is\/gudbrandsbiblia\/wp-json\/wp\/v2\/media?parent=2771"}],"curies":[{"name":"wp","href":"https:\/\/api.w.org\/{rel}","templated":true}]}}