{"id":2769,"date":"2017-12-18T18:31:40","date_gmt":"2017-12-18T18:31:40","guid":{"rendered":"http:\/\/biblian.is\/gudbrandsbiblia\/onnur-mosebok-27-kafli\/"},"modified":"2017-12-18T18:31:40","modified_gmt":"2017-12-18T18:31:40","slug":"onnur-mosebok-27-kafli","status":"publish","type":"page","link":"https:\/\/biblian.is\/gudbrandsbiblia\/onnur-mosebok-27-kafli\/","title":{"rendered":"\u00d6nnur M\u00f3seb\u00f3k 27. kafli"},"content":{"rendered":"<p>\u00de\u00fa skalt og gj\u00f6ra eitt altari af trj\u00e1m set\u00edm, fimm \u00e1lna langt og breitt, jafnt \u00e1 fj\u00f3ra vegu, og \u00feriggja \u00e1lna h\u00e1tt. <span class=\"athugasemd\" title=\"Brennif\u00f3rnaaltari\u00f0 me\u00f0 s\u00ednum umb\u00fana\u00f0i \/ Exodi 38\">[<\/span> \u00de\u00fa skalt og gj\u00f6ra h\u00f6rn upp af \u00feeim \u00f6llum fj\u00f3rum hyrningum altarisins og sl\u00e1 hornin me\u00f0 kopar utan. Gj\u00f6r og katla a\u00f0 l\u00e1ta \u00ed \u00f6skuna, sleifar, munlaugar, matkr\u00f3ka, eldp\u00f6nnur, \u00f6ll \u00feessi verkf\u00e6ri skalt \u00fe\u00fa gj\u00f6ra af kopar. \u00de\u00fa skalt og gj\u00f6ra kopargrind \u00fear fyrir so sem eitt net og gj\u00f6r fj\u00f3ra koparhringa \u00ed \u00feau fj\u00f6gur horn \u00fear \u00e1. Og \u00fe\u00fa skalt gj\u00f6ra hana ne\u00f0an um kring \u00e1 altarinu a\u00f0 grindurnar taki mitt upp\u00ed altari\u00f0. Og \u00fe\u00fa skalt gj\u00f6ra stengur til altarisins af trj\u00e1m set\u00edm og sl\u00e1 \u00fe\u00e6r utan um me\u00f0 messing. Og \u00fe\u00fa skalt stinga st\u00f6ngunum \u00ed hringana so a\u00f0 stengurnar megi vera \u00e1 b\u00e1\u00f0ar s\u00ed\u00f0ur vi\u00f0 altari\u00f0 a\u00f0 bera \u00fea\u00f0 me\u00f0. \u00de\u00fa skalt og gj\u00f6ra \u00fea\u00f0 af fj\u00f6lum so \u00fea\u00f0 s\u00e9 holt innan so sem \u00fe\u00e9r var \u00e1\u00f0ur sagt \u00e1 fjallinu.<\/p>\n<p>\t\u00de\u00fa skalt og gj\u00f6ra eirn gar\u00f0 um tjaldb\u00fa\u00f0ina. <span class=\"athugasemd\" title=\"Gar\u00f0urinn um kring tjaldb\u00fa\u00f0ina me\u00f0 s\u00ednum langtj\u00f6ldum\">[<\/span> \u00dea\u00f0 skulu vera langtj\u00f6ld af hv\u00edtu tvinnu\u00f0u silki, hundra\u00f0 \u00e1lna langt \u00e1 \u00fe\u00e1 sy\u00f0ri s\u00ed\u00f0u, og tuttugu st\u00f3lpa skalt \u00fe\u00fa gj\u00f6ra \u00e1 tuttugu koparf\u00f3tum og \u00feeirra knappa me\u00f0 laufverk af silfri. \u00dear skal og vera eitt langtjald \u00e1 nyr\u00f0ri s\u00ed\u00f0u, hundra\u00f0 \u00e1lna langt, tuttugu s\u00f3lpar \u00e1 tuttugu koparf\u00f3tum og \u00feeirra hnappar me\u00f0 laufverki af silfri. En \u00e1 \u00feeirri vestri s\u00ed\u00f0u skal gar\u00f0sins lengd vera fimmtygu \u00e1lnir, me\u00f0 t\u00edu st\u00f3lpum og t\u00edu f\u00f3tum. En \u00e1 \u00fe\u00e1 austurs\u00ed\u00f0u skal gar\u00f0urinn vera fimmtygir \u00e1lna langur, so a\u00f0 langtj\u00f6ldin hafi fimmtyi \u00e1lnir \u00e1 \u00fe\u00e1 eina s\u00ed\u00f0u, \u00fear til \u00ferj\u00e1 st\u00f3lpa \u00e1 \u00ferimur f\u00f3tum, og l\u00edka fimmt\u00e1n \u00e1lna \u00e1 \u00fe\u00e1 a\u00f0ra s\u00ed\u00f0u, \u00fear til \u00ferj\u00e1 st\u00f3lpa \u00e1 \u00ferimur f\u00f3tum.<\/p>\n<p>\t\u00cd inng\u00f6ngu tjaldb\u00fa\u00f0argar\u00f0sins skal vera eirn d\u00fakur tuttugu \u00e1lna langur, sauma\u00f0ur me\u00f0 gulu silki, skarlati og purpura og hv\u00edtu tvinnu\u00f0u silki, og \u00fear til fj\u00f3rir st\u00f3lpar \u00e1 s\u00ednum fj\u00f3rum f\u00f3tum. Allir st\u00f3lparnir \u00ed kringum tjaldb\u00fa\u00f0argar\u00f0inn skulu hafa silfurhringa og silfurhnappa og koparf\u00e6tur. Og tjaldb\u00fa\u00f0argar\u00f0urinn skal vera hundra\u00f0 \u00e1lna langur og fimmtygu \u00e1lna brei\u00f0ur og fimm \u00e1lna h\u00e1r, af hv\u00edtu tvinnu\u00f0u silki. Og f\u00e6turnir skulu vera af kopar. \u00d6ll tjaldb\u00fa\u00f0arinnar verkf\u00e6ri til allsh\u00e1tta\u00f0ar \u00fej\u00f3nustugj\u00f6r\u00f0ar og allir hennar naglar og allir tjdlab\u00fa\u00f0argar\u00f0sins h\u00e6lar skulu vera af kopar.<\/p>\n<p>\tBj\u00f3\u00f0 \u00cdraelissonum a\u00f0 \u00feeir beri \u00fe\u00e9r \u00fea\u00f0 allra sk\u00e6rasta og kl\u00e1rasta vi\u00f0smj\u00f6r sem \u00feeir f\u00e1 kunna af vi\u00f0smj\u00f6rvi\u00f0artrj\u00e1m sem er vel skeki\u00f0 til a\u00f0 l\u00e1ta \u00ed lampana \u00e1 lj\u00f3sastikunni allt\u00ed\u00f0 \u00ed vinisbur\u00f0artjaldb\u00fa\u00f0inni, fyrir framan tjaldi\u00f0 \u00fea\u00f0 sem hangir fyrir vitnisbur\u00f0inum. <span class=\"athugasemd\" title=\"Vi\u00f0smj\u00f6r til lampanna\">[<\/span> <\/p>\n<p>\tOg Aron og hans synir skulu tilrei\u00f0a \u00fe\u00e1 fyrir Drottni b\u00e6\u00f0i morna og kv\u00f6ld. Og \u00fea\u00f0 skal vera ein eil\u00edf skikkan hj\u00e1 y\u00f0ur og y\u00f0ar eftirkomendum \u00e1 me\u00f0al \u00cdsraelssona.<\/p>\n","protected":false},"excerpt":{"rendered":"<p>\u00de\u00fa skalt og gj\u00f6ra eitt altari af trj\u00e1m set\u00edm, fimm \u00e1lna langt og breitt, jafnt \u00e1 fj\u00f3ra vegu, og \u00feriggja \u00e1lna h\u00e1tt. [ \u00de\u00fa skalt og gj\u00f6ra h\u00f6rn upp af \u00feeim \u00f6llum fj\u00f3rum hyrningum altarisins og sl\u00e1 hornin me\u00f0 kopar utan. Gj\u00f6r og katla a\u00f0 l\u00e1ta \u00ed \u00f6skuna, sleifar, munlaugar, matkr\u00f3ka, eldp\u00f6nnur, \u00f6ll \u00feessi verkf\u00e6ri skalt \u00fe\u00fa gj\u00f6ra af kopar. \u00de\u00fa skalt og gj\u00f6ra kopargrind \u00fear fyrir so sem eitt net og gj\u00f6r fj\u00f3ra koparhringa \u00ed \u00feau fj\u00f6gur horn \u00fear \u00e1. Og \u00fe\u00fa skalt gj\u00f6ra hana ne\u00f0an um kring \u00e1 altarinu a\u00f0 grindurnar taki mitt upp\u00ed altari\u00f0. Og \u00fe\u00fa skalt <a href=\"https:\/\/biblian.is\/gudbrandsbiblia\/onnur-mosebok-27-kafli\/\"> [&#8230;]<\/a><\/p>\n","protected":false},"author":1,"featured_media":0,"parent":0,"menu_order":0,"comment_status":"open","ping_status":"open","template":"bibliukaflar.php","meta":{"footnotes":""},"class_list":["post-2769","page","type-page","status-publish","hentry"],"_links":{"self":[{"href":"https:\/\/biblian.is\/gudbrandsbiblia\/wp-json\/wp\/v2\/pages\/2769","targetHints":{"allow":["GET"]}}],"collection":[{"href":"https:\/\/biblian.is\/gudbrandsbiblia\/wp-json\/wp\/v2\/pages"}],"about":[{"href":"https:\/\/biblian.is\/gudbrandsbiblia\/wp-json\/wp\/v2\/types\/page"}],"author":[{"embeddable":true,"href":"https:\/\/biblian.is\/gudbrandsbiblia\/wp-json\/wp\/v2\/users\/1"}],"replies":[{"embeddable":true,"href":"https:\/\/biblian.is\/gudbrandsbiblia\/wp-json\/wp\/v2\/comments?post=2769"}],"version-history":[{"count":0,"href":"https:\/\/biblian.is\/gudbrandsbiblia\/wp-json\/wp\/v2\/pages\/2769\/revisions"}],"wp:attachment":[{"href":"https:\/\/biblian.is\/gudbrandsbiblia\/wp-json\/wp\/v2\/media?parent=2769"}],"curies":[{"name":"wp","href":"https:\/\/api.w.org\/{rel}","templated":true}]}}