{"id":2768,"date":"2017-12-18T18:31:40","date_gmt":"2017-12-18T18:31:40","guid":{"rendered":"http:\/\/biblian.is\/gudbrandsbiblia\/onnur-mosebok-26-kafli\/"},"modified":"2017-12-18T18:31:40","modified_gmt":"2017-12-18T18:31:40","slug":"onnur-mosebok-26-kafli","status":"publish","type":"page","link":"https:\/\/biblian.is\/gudbrandsbiblia\/onnur-mosebok-26-kafli\/","title":{"rendered":"\u00d6nnur M\u00f3seb\u00f3k 26. kafli"},"content":{"rendered":"<p>\u00de\u00fa skalt gj\u00f6ra b\u00fa\u00f0ina af t\u00edu sparlaksd\u00fakum af hv\u00edtu tvinnu\u00f0u silki, af gulu silki, af skarlati og purpura. <span class=\"athugasemd\" title=\"Tjaldb\u00fa\u00f0in \/ Exo. 36\">[<\/span> Og ker\u00fab\u00edm skaltu gj\u00f6ra kostulega \u00fear upp\u00e1. Hv\u00f6r d\u00fakur skal vera \u00e1tta og tuttugu \u00e1lna langur og fj\u00f6gra \u00e1lna brei\u00f0ur og allir \u00feeir skulu vera jafnir og skulu \u00e6t\u00ed\u00f0 fimm festast til samans hver vi\u00f0 annan. Og \u00fe\u00fa skalt gj\u00f6ra nestur af gulu silki \u00ed hv\u00f6rt horn og ja\u00f0ar d\u00fakanna \u00fear sem \u00feeir skulu festast til samans, a\u00f0 \u00e6t\u00ed\u00f0 s\u00e9 festir tveir og tveir til samans \u00ed hornunum. \u00dear skulu vera fimmtygi nestur \u00e1 hverjum d\u00fak so a\u00f0 hvort megi festast vi\u00f0 anna\u00f0. \u00de\u00fa skalt og gj\u00f6ra fimmtygi gullkr\u00f3ka a\u00f0 festa tj\u00f6ldin saman me\u00f0 hv\u00f6rt vi\u00f0 anna\u00f0 svo \u00fear ver\u00f0i ein tjaldb\u00fa\u00f0 af.<\/p>\n<p>\t\u00de\u00fa skalt og gj\u00f6ra eitt h\u00e1rkl\u00e6\u00f0i af geitah\u00e1ri yfir tjaldb\u00fa\u00f0ina af ellefu d\u00fakum. <span class=\"athugasemd\" title=\"H\u00e6ra af xi d\u00fakum\">[<\/span> Og hver d\u00fakur skal vera \u00ferj\u00e1tygi \u00e1lna langur og fj\u00f6gra \u00e1lna brei\u00f0ur, og \u00feessir ellefu d\u00fakar skulu vera jafnst\u00f3rir. Fimm skaltu tengja til samans og sex til samans, svo \u00fe\u00fa gj\u00f6rir \u00feann sj\u00f6tta d\u00fakinn tvefaldan \u00e1 framanver\u00f0ri tjaldb\u00fa\u00f0inni. Og \u00fe\u00fa skalt gj\u00f6ra fimmtygi lykkjur \u00e1 j\u00f6\u00f0runum \u00e1 hverjum d\u00fak til a\u00f0 festa \u00fe\u00e1 saman me\u00f0 \u00e1 j\u00f6\u00f0runum. Svo skaltu og gj\u00f6ra fimmtygi messingarkr\u00f3ka og l\u00e1ta kr\u00f3kana \u00ed lykkjurnar so a\u00f0 tjaldi\u00f0 tengist saman me\u00f0 \u00fev\u00ed og ver\u00f0i ein tjaldb\u00fa\u00f0. <span class=\"athugasemd\" title=\"50 lykkjur \/ 50 kr\u00f3kar\">[<\/span> <\/p>\n<p>\tEn \u00feeir d\u00fakar sem afgangs eru af tjaldinu, \u00fe\u00e1 skaltu hengja h\u00e1lfpart \u00fat yfir tjaldb\u00fa\u00f0ina eirnrar \u00e1lnar s\u00edtt \u00e1 b\u00e1\u00f0ar s\u00ed\u00f0ur, so a\u00f0 \u00fea\u00f0 sem afgengur skal vera vi\u00f0 hli\u00f0 tjaldb\u00fa\u00f0arinnar og \u00feekja hana \u00e1 b\u00e1\u00f0ar s\u00ed\u00f0ur. \u00de\u00fa skalt og gj\u00f6ra \u00feak yfir allt \u00feetta af rau\u00f0litu\u00f0um hr\u00fatskinnum og so enn eitt \u00feak \u00fear utan yfir af greifingsskinnum. <span class=\"athugasemd\" title=\"\u00deak af hr\u00fataskinnum\">[<\/span> <\/p>\n<p>\t\u00de\u00fa skalt og gj\u00f6ra fjalir til tjaldb\u00fa\u00f0arinnar af trj\u00e1m set\u00edm sem standa mega, t\u00edu \u00e1lna l\u00f6ng skal hv\u00f6r fj\u00f6l vera og h\u00e1lfrar annarrar \u00e1lnar breidd. <span class=\"athugasemd\" title=\"Fjalirnar \/ Exod. 36\">[<\/span> Og hver fj\u00f6l skal hafa tvo titta so a\u00f0 hv\u00f6r fj\u00f6l megi f\u00f6st ver\u00f0a vi\u00f0 a\u00f0ra. So skulu allar fjalir vera gj\u00f6r\u00f0ar til tjaldb\u00fa\u00f0arinnar. Tuttugu skulu standa fyrir sunnan fram og skulu hafa fj\u00f6rutygi silfurf\u00e6tur undir s\u00e9r, og tveir f\u00e6tur undir hv\u00f6rri fj\u00f6l hj\u00e1 hennar tveimur tittum. Svo skulu og tuttugu fjalir standa fyrir nor\u00f0an fram \u00e1 \u00feeirri annarri s\u00ed\u00f0u og fj\u00f6rutygi silfurf\u00e6tur og tveir f\u00e6tur undir hverri fj\u00f6l. S\u00ed\u00f0an skaltu gj\u00f6ra sex fjalir \u00e1 bak vi\u00f0 tjaldb\u00fa\u00f0ina til vesturs. So skaltu og gj\u00f6ra tv\u00e6r fjalir \u00fear til baka \u00e1 \u00feeim tveimur hornum tjaldb\u00fa\u00f0arinnar, a\u00f0 hv\u00f6rjar hornfjalir s\u00e9 samanfestar ne\u00f0an og ofan til l\u00edka so festar til samans me\u00f0 einum sinkli. Og \u00fe\u00e6r fjalir skulu vera \u00e1tta me\u00f0 \u00feeirra silfurf\u00f3tum sem eru sext\u00e1n, tveir f\u00e6tur undir hverri fj\u00f6l.<\/p>\n<p>\t\u00de\u00fa skalt og gj\u00f6ra stengur af trj\u00e1m set\u00edm til fjalanna, fimm vi\u00f0 \u00fe\u00e1 eina s\u00ed\u00f0u \u00e1 tjaldb\u00fa\u00f0inni og fimm til fjalanna vi\u00f0 \u00fe\u00e1 a\u00f0ra s\u00ed\u00f0u \u00e1 tjaldb\u00fa\u00f0inni og fimm til \u00feeirra fjala \u00e1 bak vi\u00f0 tjaldb\u00fa\u00f0ina \u00ed vestur. <span class=\"athugasemd\" title=\"Stengurnar\">[<\/span> Og \u00fe\u00fa skalt stinga st\u00f6ngunum mitt \u00ed fjalirnar og koma \u00feeim \u00f6llum til samans, fr\u00e1 \u00fev\u00ed einu horni og til \u00feess annars. Og \u00fe\u00fa skalt b\u00faa fjalirnar me\u00f0 gulli og so gj\u00f6ra hringana af gulli og stinga st\u00f6ngunum \u00ed \u00fe\u00e1. \u00de\u00fa skalt og b\u00faa stengurnar me\u00f0 gull. So skaltu uppreisa tjaldb\u00fa\u00f0ina eftir \u00feeirri mynd sem \u00fe\u00fa s\u00e1st \u00e1 fjallinu. \u00de\u00fa skalt og gj\u00f6ra eitt fortjald af gulu silki, gu\u00f0vef, skarlati og purpura og hv\u00edtu tvinnu\u00f0u silki. <span class=\"athugasemd\" title=\"Fortjaldi\u00f0\">[<\/span> \u00dear upp\u00e1 skaltu me\u00f0 hagleik gj\u00f6ra ker\u00fab\u00edm og hengja \u00fea\u00f0 \u00e1 fj\u00f3ra st\u00f3lpa af trj\u00e1m set\u00edm sem eru b\u00fanir me\u00f0 gull, hafandi gullknappa og fj\u00f3ra f\u00e6tur af silfri. Og \u00fe\u00fa skalt festa fortjaldi\u00f0 til samans me\u00f0 kr\u00f3kum og setja vitnisbur\u00f0ar\u00f6rkina fyrir innan fortjaldi\u00f0, svo \u00fea\u00f0 s\u00e9 y\u00f0ur eirn a\u00f0skilna\u00f0ur \u00e1 millum \u00feess heilaga og \u00feess allra heilagasta. <span class=\"athugasemd\" title=\"\u00d6rkin\">[<\/span> <\/p>\n<p>\tOg \u00fe\u00fa skalt setja n\u00e1\u00f0arst\u00f3linn upp\u00e1 \u00f6rk vitnisbur\u00f0arins inn \u00ed \u00fea\u00f0 allraheilagasta. <span class=\"athugasemd\" title=\"N\u00e1\u00f0arst\u00f3llinn\">[<\/span> En bor\u00f0i\u00f0 skaltu setja fyrir framan fortjaldi\u00f0 og kertistikuna \u00fevert yfir fr\u00e1 bor\u00f0inu, \u00e1 \u00fe\u00e1 sy\u00f0ri s\u00ed\u00f0u \u00ed tjaldb\u00fa\u00f0inni, en bor\u00f0i\u00f0 standi fyrir nor\u00f0an fram.<\/p>\n<p>\t\u00de\u00fa skalt og gj\u00f6ra eitt kl\u00e6\u00f0i fyrir dyrnar \u00e1 tjaldb\u00fa\u00f0inni ofi\u00f0 me\u00f0 gulu silki, purpura, skarlati og hv\u00edtu tvinnu\u00f0u silki. Og gj\u00f6r fimm gulllega st\u00f3lpa til sama kl\u00e6\u00f0is af trj\u00e1m set\u00edm me\u00f0 gullkn\u00f6ppum. Og \u00fe\u00fa skalt steypa til \u00feeirra fimm koparf\u00e6tur.<\/p>\n","protected":false},"excerpt":{"rendered":"<p>\u00de\u00fa skalt gj\u00f6ra b\u00fa\u00f0ina af t\u00edu sparlaksd\u00fakum af hv\u00edtu tvinnu\u00f0u silki, af gulu silki, af skarlati og purpura. [ Og ker\u00fab\u00edm skaltu gj\u00f6ra kostulega \u00fear upp\u00e1. Hv\u00f6r d\u00fakur skal vera \u00e1tta og tuttugu \u00e1lna langur og fj\u00f6gra \u00e1lna brei\u00f0ur og allir \u00feeir skulu vera jafnir og skulu \u00e6t\u00ed\u00f0 fimm festast til samans hver vi\u00f0 annan. Og \u00fe\u00fa skalt gj\u00f6ra nestur af gulu silki \u00ed hv\u00f6rt horn og ja\u00f0ar d\u00fakanna \u00fear sem \u00feeir skulu festast til samans, a\u00f0 \u00e6t\u00ed\u00f0 s\u00e9 festir tveir og tveir til samans \u00ed hornunum. \u00dear skulu vera fimmtygi nestur \u00e1 hverjum d\u00fak so a\u00f0 hvort megi festast <a href=\"https:\/\/biblian.is\/gudbrandsbiblia\/onnur-mosebok-26-kafli\/\"> [&#8230;]<\/a><\/p>\n","protected":false},"author":1,"featured_media":0,"parent":0,"menu_order":0,"comment_status":"open","ping_status":"open","template":"bibliukaflar.php","meta":{"footnotes":""},"class_list":["post-2768","page","type-page","status-publish","hentry"],"_links":{"self":[{"href":"https:\/\/biblian.is\/gudbrandsbiblia\/wp-json\/wp\/v2\/pages\/2768","targetHints":{"allow":["GET"]}}],"collection":[{"href":"https:\/\/biblian.is\/gudbrandsbiblia\/wp-json\/wp\/v2\/pages"}],"about":[{"href":"https:\/\/biblian.is\/gudbrandsbiblia\/wp-json\/wp\/v2\/types\/page"}],"author":[{"embeddable":true,"href":"https:\/\/biblian.is\/gudbrandsbiblia\/wp-json\/wp\/v2\/users\/1"}],"replies":[{"embeddable":true,"href":"https:\/\/biblian.is\/gudbrandsbiblia\/wp-json\/wp\/v2\/comments?post=2768"}],"version-history":[{"count":0,"href":"https:\/\/biblian.is\/gudbrandsbiblia\/wp-json\/wp\/v2\/pages\/2768\/revisions"}],"wp:attachment":[{"href":"https:\/\/biblian.is\/gudbrandsbiblia\/wp-json\/wp\/v2\/media?parent=2768"}],"curies":[{"name":"wp","href":"https:\/\/api.w.org\/{rel}","templated":true}]}}