{"id":2765,"date":"2017-12-18T18:31:40","date_gmt":"2017-12-18T18:31:40","guid":{"rendered":"http:\/\/biblian.is\/gudbrandsbiblia\/onnur-mosebok-23-kafli\/"},"modified":"2017-12-18T18:31:40","modified_gmt":"2017-12-18T18:31:40","slug":"onnur-mosebok-23-kafli","status":"publish","type":"page","link":"https:\/\/biblian.is\/gudbrandsbiblia\/onnur-mosebok-23-kafli\/","title":{"rendered":"\u00d6nnur M\u00f3seb\u00f3k 23. kafli"},"content":{"rendered":"<p>\u00de\u00fa skalt ekki tr\u00faa r\u00f6ngum k\u00e6rum\u00e1lum og gj\u00f6r ekki \u00feeim \u00f3gu\u00f0lega nokkra hj\u00e1sto\u00f0 so a\u00f0 \u00fe\u00fa berir falskt vitni. \u00de\u00fa skalt ekki fylgja f\u00f3lki til illgj\u00f6r\u00f0a og svara \u00fe\u00fa ekki fyrir d\u00f3mi a\u00f0 \u00fe\u00fa fylgir \u00feeim sem fleiri eru og gangir so af r\u00e9ttum vegi. <span class=\"athugasemd\" title=\"Levit. 19\">[<\/span> \u00de\u00fa skalt ekki fegra \u00feann f\u00e1t\u00e6ka \u00ed hans m\u00e1lefni.<\/p>\n<p>\tEf \u00fe\u00fa m\u00e6tir \u00fe\u00edns \u00f3vina uxa e\u00f0ur asna sem villt fer, \u00fe\u00e1 lei\u00f0 \u00fe\u00fa hann strax aftur til hans. <span class=\"athugasemd\" title=\"Deutro. 22\">[<\/span> Sj\u00e1ir \u00fe\u00fa asna \u00fe\u00edns \u00f3vinar liggja undir byr\u00f0i, vara \u00feig og l\u00e1t hann ekki liggja heldur fors\u00f3ma gjarna \u00feitt eigi\u00f0 fyrir \u00fea\u00f0.<\/p>\n<p>\t\u00de\u00fa skalt ekki halla r\u00e9ttarfari hins f\u00e1t\u00e6ka \u00ed hans s\u00f6k. <span class=\"athugasemd\" title=\"Deutrono. 10\">[<\/span> Vertu langt l\u00f6gnum s\u00f6kum. \u00de\u00fa skalt ekki sl\u00e1 \u00feann meinlausa og r\u00e9ttl\u00e1ta \u00ed hel \u00fev\u00ed \u00e9g \u00e1l\u00edt ekki \u00feann \u00f3gu\u00f0lega.<\/p>\n<p>\tEigi skaltu gjafir \u00feiggja \u00fev\u00ed a\u00f0 g\u00e1furnar blinda \u00fe\u00e1 sj\u00e1\u00f6ndu og umsn\u00faa m\u00e1lefnum r\u00e9ttfer\u00f0ugra. <span class=\"athugasemd\" title=\"Exod. 22\">[<\/span> \u00derykki\u00f0 ekki ni\u00f0ur \u00feeim framanda \u00fev\u00ed a\u00f0 \u00fe\u00e9r viti\u00f0 vel hj\u00f6rtu hinna \u00fatlensku \u00fev\u00ed a\u00f0 \u00fe\u00e9r hafi\u00f0 og veri\u00f0 \u00fatlendingar \u00e1 Egyptalandi. <span class=\"athugasemd\" title=\"Levit. 20\">[<\/span> <\/p>\n<p>\tSex \u00e1r skaltu erja j\u00f6r\u00f0ina og s\u00e1 og safna saman \u00e1v\u00f6xtum jar\u00f0ar. \u00dea\u00f0 sj\u00f6unda \u00e1ri\u00f0 skal h\u00fan liggja og hv\u00edla sig svo \u00feeir f\u00e1t\u00e6ku \u00e1 me\u00f0al \u00fe\u00edns f\u00f3lks megi eta \u00fear af og hva\u00f0 \u00fear eftir ver\u00f0ur \u00fe\u00e1 l\u00e1t villid\u00fdrin \u00e1 m\u00f6rkinni \u00e9ta \u00fea\u00f0. <span class=\"athugasemd\" title=\"Deut. 5\">[<\/span> Svo skaltu og gj\u00f6ra vi\u00f0 \u00feinn v\u00edngar\u00f0 og vi\u00f0smj\u00f6rsvi\u00f0argar\u00f0.<\/p>\n<p>\tSex daga skaltu erfi\u00f0a en \u00feann sj\u00f6unda dag skaltu halda helgan svo a\u00f0 \u00feinn uxi og asni megi hv\u00edla sig og a\u00f0 \u00feinn amb\u00e1ttarsonur og s\u00e1 framandi megi endurn\u00e6ra sig. <span class=\"athugasemd\" title=\"Exod. 20 \/ Deutro. 5\">[<\/span> Allt \u00fea\u00f0 \u00e9g hefi sagt y\u00f0ur, \u00fea\u00f0 skulu\u00f0 \u00fe\u00e9r halda. Og \u00fe\u00e9r skulu\u00f0 ekki minnast \u00e1 annarra gu\u00f0a n\u00f6fn og \u00feeir skulu ekki heyrast af y\u00f0ar munni.<\/p>\n<p>\t\u00de\u00e9r skulu\u00f0 halda m\u00e9r \u00ferj\u00e1r h\u00e1t\u00ed\u00f0ir \u00e1 hverju \u00e1ri sem er: \u00de\u00e1 s\u00e6tubrau\u00f0sh\u00e1t\u00ed\u00f0, so a\u00f0 \u00fe\u00fa etir \u00f3s\u00fdrt brau\u00f0 \u00e1 sj\u00f6 d\u00f6gum, \u00e1 \u00feeim m\u00e1na\u00f0i ab\u00edb (sem \u00e9g bau\u00f0 \u00fe\u00e9r), \u00fev\u00ed \u00fe\u00fa f\u00f3rst af Egyptalandi \u00fe\u00e1 s\u00f6mu t\u00ed\u00f0. <span class=\"athugasemd\" title=\"Levit. 23 \/ Deutro. 16 \/ Exod. 12\">[<\/span> En enginn skal koma me\u00f0 t\u00f3mum h\u00f6ndum fyrir mitt auglit. Og \u00fe\u00e1 h\u00e1t\u00ed\u00f0 hins fyrsta kornskur\u00f0ar\u00e1vaxtarins sem \u00fe\u00fa s\u00e1\u00f0ir \u00e1 akrinum og \u00fe\u00e1 innbur\u00f0arh\u00e1t\u00ed\u00f0 n\u00e6r \u00e1ri\u00f0 er \u00fati \u00fe\u00e1 \u00fe\u00fa hefur inn bori\u00f0 \u00feitt erfi\u00f0i af akrinum.<\/p>\n<p>\t\u00derysvar um \u00e1ri\u00f0 skal allt \u00feitt kallkyn birtast fyrir drottnanda Drottni. \u00de\u00fa skalt ekki f\u00f3rnf\u00e6ra mitt offus <span class=\"athugasemd\" title=\"a \/ (Bl\u00f3\u00f0) \/ \u00dea\u00f0 er, \u00fe\u00fa skalt ekki f\u00e6ra p\u00e1skalambi\u00f0 \u00e1\u00f0ur en allt s\u00fart brau\u00f0 er burt komi\u00f0 af \u00fe\u00ednu h\u00fasi\">[<\/span> bl\u00f3\u00f0 me\u00f0 s\u00fardeigi og \u00fea\u00f0 feita af minni h\u00e1t\u00ed\u00f0 skal ekki b\u00ed\u00f0a til morguns.<\/p>\n<p>\t\u00deann fyrsta \u00e1v\u00f6xt af \u00fe\u00ednum jar\u00f0argr\u00f3\u00f0a skaltu bera \u00ed \u00fe\u00edns Drottins Gu\u00f0s h\u00fas. \u00de\u00fa skalt ekki matgj\u00f6ra ki\u00f0i\u00f0 me\u00f0an \u00fea\u00f0 s\u00fdgur s\u00edna m\u00f3\u00f0ur.<\/p>\n<p>\tSj\u00e1, \u00e9g vil senda minn engil fyrir \u00fe\u00e9r sem skal var\u00f0veita \u00feig \u00e1 \u00fe\u00ednum vegi og lei\u00f0a \u00feig til \u00feess sta\u00f0ar sem \u00e9g hefi tilreitt \u00fe\u00e9r. <span class=\"athugasemd\" title=\"Engill sendur fyrir \u00cdsraelissonum \/ Exod. 13; 32; 33\">[<\/span> \u00dear fyrir gakktu varlega fyrir hans augliti og hl\u00fd\u00f0 hans r\u00f6ddu og stygg\u00f0u hann ekki \u00fev\u00ed a\u00f0 hann fyrirgefur ekki y\u00f0ar misgj\u00f6rninga og mitt nafn er \u00ed honum. En s\u00e9 \u00fea\u00f0 so a\u00f0 \u00fe\u00fa heyrir hans r\u00f6dd og gj\u00f6rir allt \u00fea\u00f0 \u00e9g segi \u00fe\u00e9r \u00fe\u00e1 vil \u00e9g vera \u00f3vinur \u00feinna \u00f3vina og m\u00f3tstandari \u00feinna m\u00f3tst\u00f6\u00f0umanna.<\/p>\n<p>\tEn n\u00e6r a\u00f0 minn engill gengur fyrir \u00fe\u00e9r og lei\u00f0ir \u00feig inn til \u00feeirra \u00fej\u00f3\u00f0a sem eru Amorei, Hetei, Peresei, Kananei, Hevei, Jeb\u00fasei, og \u00e9g ey\u00f0ilegg \u00fe\u00e1 \u00fe\u00e1 skaltu ekki tilbi\u00f0ja \u00feeirra gu\u00f0i n\u00e9 \u00fej\u00f3na \u00feeim og eigi heldur breyta eftir \u00feeirra verkum, heldur skaltu ni\u00f0ursl\u00e1 og \u00ed sundurbrj\u00f3ta \u00feeirra sk\u00fargo\u00f0. En Drottni y\u00f0rum Gu\u00f0i skulul \u00fe\u00e9r \u00fej\u00f3na, so mun hann blessa \u00feitt brau\u00f0 og \u00feitt vatn. Og \u00e9g vil taka allan sj\u00fakd\u00f3m fr\u00e1 \u00fe\u00e9r. \u00dear skal ekkert vera \u00e1vaxtarlaust n\u00e9 \u00f3byrja \u00ed \u00fe\u00ednu landi og \u00e9g vil l\u00e1ta \u00feig ver\u00f0a langl\u00edfan.<\/p>\n<p>\t\u00c9g vil senda m\u00ednar \u00f3gnanir undan \u00fe\u00e9r og gj\u00f6ra allt f\u00f3lk hr\u00e6tt sem \u00fe\u00fa kemur til. Og \u00e9g vil l\u00e1ta alla \u00fe\u00edna \u00f3vini fl\u00fdja fyrir \u00fe\u00e9r. \u00c9g vil senda <span class=\"athugasemd\" title=\"sword Crabrones \/ Flugur \u00fe\u00e6r e\u00f0 kvikna af hesthr\u00e6jum\">[<\/span> geitahami undan \u00fe\u00e9r, \u00feeir skulu \u00fatr\u00fdma fyrir \u00feig \u00fe\u00e1 Heveos, Kananeos, Heteos. Eigi vil \u00e9g \u00fatreka \u00fe\u00e1 \u00e1 einu \u00e1ri fyrir \u00fe\u00e9r so a\u00f0 landi\u00f0 ver\u00f0i ekki \u00ed ey\u00f0i og a\u00f0 villud\u00fdrin skulu ekki fj\u00f6lgast \u00ed m\u00f3ti \u00fe\u00e9r. \u00c9g vil \u00fatreka \u00fe\u00e1 sm\u00e1msaman fr\u00e1 \u00fe\u00ednu augliti, allt til \u00feess \u00fe\u00fa vex og eignast landi\u00f0.<\/p>\n<p>\tOg \u00e9g vil setja \u00fe\u00edn landamerki fr\u00e1 \u00fev\u00ed rau\u00f0a Hafi og til Filisteis hafs og \u00ed fr\u00e1 ey\u00f0imerku og inn til vatsfallsins. <span class=\"athugasemd\" title=\"Landamerki \u00feess fyrirheitna lands\">[<\/span> \u00dev\u00ed a\u00f0 \u00e9g vil gefa landsins innbyggjara \u00ed \u00fe\u00ednar hendur so a\u00f0 \u00fe\u00fa skalt \u00fatreka \u00fe\u00e1 fr\u00e1 \u00fe\u00e9r. <span class=\"athugasemd\" title=\"Exod. 34 \/ Deutro. 7\">[<\/span> \u00de\u00fa skalt ekki gj\u00f6ra neina s\u00e1tt vi\u00f0 \u00fe\u00e1 e\u00f0a vi\u00f0 \u00feeirra gu\u00f0i heldur l\u00e1t \u00fe\u00e1 ekki b\u00faa \u00ed \u00fe\u00ednu landi so a\u00f0 \u00feeir komi \u00fe\u00e9r ei til a\u00f0 syndgast \u00ed m\u00f3ti m\u00e9r. \u00dev\u00ed ef \u00fe\u00fa \u00fej\u00f3nar \u00feeirra gu\u00f0um \u00fe\u00e1 skal \u00fea\u00f0 ver\u00f0a \u00fe\u00e9r til hneykslunar.&#8220;<\/p>\n","protected":false},"excerpt":{"rendered":"<p>\u00de\u00fa skalt ekki tr\u00faa r\u00f6ngum k\u00e6rum\u00e1lum og gj\u00f6r ekki \u00feeim \u00f3gu\u00f0lega nokkra hj\u00e1sto\u00f0 so a\u00f0 \u00fe\u00fa berir falskt vitni. \u00de\u00fa skalt ekki fylgja f\u00f3lki til illgj\u00f6r\u00f0a og svara \u00fe\u00fa ekki fyrir d\u00f3mi a\u00f0 \u00fe\u00fa fylgir \u00feeim sem fleiri eru og gangir so af r\u00e9ttum vegi. [ \u00de\u00fa skalt ekki fegra \u00feann f\u00e1t\u00e6ka \u00ed hans m\u00e1lefni. Ef \u00fe\u00fa m\u00e6tir \u00fe\u00edns \u00f3vina uxa e\u00f0ur asna sem villt fer, \u00fe\u00e1 lei\u00f0 \u00fe\u00fa hann strax aftur til hans. [ Sj\u00e1ir \u00fe\u00fa asna \u00fe\u00edns \u00f3vinar liggja undir byr\u00f0i, vara \u00feig og l\u00e1t hann ekki liggja heldur fors\u00f3ma gjarna \u00feitt eigi\u00f0 fyrir \u00fea\u00f0. \u00de\u00fa skalt ekki <a href=\"https:\/\/biblian.is\/gudbrandsbiblia\/onnur-mosebok-23-kafli\/\"> [&#8230;]<\/a><\/p>\n","protected":false},"author":1,"featured_media":0,"parent":0,"menu_order":0,"comment_status":"open","ping_status":"open","template":"bibliukaflar.php","meta":{"footnotes":""},"class_list":["post-2765","page","type-page","status-publish","hentry"],"_links":{"self":[{"href":"https:\/\/biblian.is\/gudbrandsbiblia\/wp-json\/wp\/v2\/pages\/2765","targetHints":{"allow":["GET"]}}],"collection":[{"href":"https:\/\/biblian.is\/gudbrandsbiblia\/wp-json\/wp\/v2\/pages"}],"about":[{"href":"https:\/\/biblian.is\/gudbrandsbiblia\/wp-json\/wp\/v2\/types\/page"}],"author":[{"embeddable":true,"href":"https:\/\/biblian.is\/gudbrandsbiblia\/wp-json\/wp\/v2\/users\/1"}],"replies":[{"embeddable":true,"href":"https:\/\/biblian.is\/gudbrandsbiblia\/wp-json\/wp\/v2\/comments?post=2765"}],"version-history":[{"count":0,"href":"https:\/\/biblian.is\/gudbrandsbiblia\/wp-json\/wp\/v2\/pages\/2765\/revisions"}],"wp:attachment":[{"href":"https:\/\/biblian.is\/gudbrandsbiblia\/wp-json\/wp\/v2\/media?parent=2765"}],"curies":[{"name":"wp","href":"https:\/\/api.w.org\/{rel}","templated":true}]}}