{"id":2762,"date":"2017-12-18T18:31:40","date_gmt":"2017-12-18T18:31:40","guid":{"rendered":"http:\/\/biblian.is\/gudbrandsbiblia\/onnur-mosebok-20-kafli\/"},"modified":"2017-12-18T18:31:40","modified_gmt":"2017-12-18T18:31:40","slug":"onnur-mosebok-20-kafli","status":"publish","type":"page","link":"https:\/\/biblian.is\/gudbrandsbiblia\/onnur-mosebok-20-kafli\/","title":{"rendered":"\u00d6nnur M\u00f3seb\u00f3k 20. kafli"},"content":{"rendered":"<p>Og Drottinn tala\u00f0i \u00f6ll \u00feessi or\u00f0: &#8222;\u00c9g er Drottinn \u00feinn Gu\u00f0 sem \u00fatleiddi \u00feig af Egyptalandi, \u00fat af \u00fev\u00ed \u00fer\u00e6ld\u00f3ms h\u00fasi. <span class=\"athugasemd\" title=\"Gu\u00f0s 10 lagabo\u00f0or\u00f0 \/ Deutrono. 5 \/ Levit. 26\">[<\/span> \u00de\u00fa skalt ekki hafa annarlega gu\u00f0i fyrir m\u00e9r. \u00de\u00fa skalt engin b\u00edl\u00e6ti gj\u00f6ra \u00fe\u00e9r e\u00f0ur nokkra l\u00edking eftir \u00fev\u00ed sem er \u00e1 himnum uppi e\u00f0a \u00e1 j\u00f6r\u00f0u ni\u00f0ri e\u00f0a \u00fev\u00ed sem er \u00ed v\u00f6tnunum undir j\u00f6r\u00f0unni. \u00de\u00fa skalt ekki tilbi\u00f0ja \u00feau og eigi \u00fej\u00f3na \u00feeim, \u00fev\u00ed \u00e9g er Drottinn \u00feinn Gu\u00f0, eirn vandl\u00e6tandi Gu\u00f0, vitjandi rangl\u00e6tis fe\u00f0ranna \u00e1 sonunum \u00ed \u00feri\u00f0ju og fj\u00f3r\u00f0u \u00e6ttkv\u00edsl \u00feeirra sem mig hata, en gj\u00f6randi miskunnsemdir \u00ed \u00fe\u00fasund li\u00f0u \u00feeim sem mig elska og m\u00edn bo\u00f0or\u00f0 var\u00f0veita.<\/p>\n<p>\t\u00de\u00fa skalt ekki leggja Drottins \u00fe\u00edns Gu\u00f0s nafn vi\u00f0 h\u00e9g\u00f3ma, \u00fev\u00ed ekki mun Drottinn \u00f3hegndan vera l\u00e1ta \u00feann sem misbr\u00fakar hans nafn.<\/p>\n<p>\tMinnst \u00fe\u00fa \u00e1 sabbatsdaginn a\u00f0 \u00fe\u00fa helgir hann. Sex daga skaltu erfi\u00f0a og vinna alla \u00fe\u00edna vinnu, en s\u00e1 sj\u00f6undi dagur er Drottins \u00fe\u00edns Gu\u00f0s sabbatsdagur. \u00de\u00e1 skalt \u00fe\u00fa ekkert verk vinna, hvorki \u00feinn sonur, eigi heldur \u00fe\u00edn d\u00f3ttir, eigi \u00feinn \u00fer\u00e6ll, eigi \u00fe\u00edn amb\u00e1tt, eigi \u00feitt kvikf\u00e9, eigi heldur nokkur \u00fatlenskur sem er innan \u00feinna borgarhli\u00f0a. \u00dev\u00ed a\u00f0 \u00e1 sex d\u00f6gum gj\u00f6r\u00f0i Drottinn himin og j\u00f6r\u00f0 og sj\u00f3inn og allt \u00fea\u00f0 sem \u00fear inni er og hann hv\u00edldist \u00feann sj\u00f6unda dag. \u00dear fyrir blessa\u00f0i Drottinn sabbatsdaginn og helga\u00f0i hann.<\/p>\n<p>\t\u00de\u00fa skalt hei\u00f0ra \u00feinn f\u00f6\u00f0ur og \u00fe\u00edna m\u00f3\u00f0ur svo a\u00f0 \u00fe\u00fa langl\u00edfur ver\u00f0ir \u00ed \u00fev\u00ed landi sem Drottinn Gu\u00f0 \u00feinn gefur \u00fe\u00e9r.<\/p>\n<p>\t\u00de\u00fa skalt ekki \u00ed hel sl\u00e1.<span class=\"athugasemd\" title=\"Mattei 15 \/ Efe. 6 \/ Mattei 7\">[<\/span> <\/p>\n<p>\t\u00de\u00fa skalt ekki h\u00f3rd\u00f3m dr\u00fdgja.<\/p>\n<p>\t\u00de\u00fa skalt ekki stela.<\/p>\n<p>\t\u00de\u00fa skalt ekki bera falskan vitnisbur\u00f0 m\u00f3ti \u00fe\u00ednum n\u00e1unga.<\/p>\n<p>\t\u00de\u00fa skalt ekki girnast \u00fe\u00edns n\u00e1unga h\u00fas.<\/p>\n<p>\t\u00de\u00fa skalt ekki girnast \u00fe\u00edns n\u00e1unga kvinnu, eigi hans \u00fer\u00e6l, eigi hans amb\u00e1tt, eigi uxa e\u00f0ur asna e\u00f0a nokku\u00f0 \u00fea\u00f0 sem hann \u00e1.&#8220;<\/p>\n<p>\tOg allt f\u00f3lki\u00f0 s\u00e1 rei\u00f0ar\u00ferumur og eldingarnar og hlj\u00f3\u00f0 l\u00fa\u00f0ursins og fjalli\u00f0 rj\u00fakanda. <span class=\"athugasemd\" title=\"Verk og emb\u00e6tti l\u00f6gm\u00e1lsins\">[<\/span> Og sem \u00feeir s\u00e1u \u00feetta \u00fe\u00e1 fl\u00fd\u00f0u \u00feeir og st\u00f3\u00f0u langt \u00ed burtu og s\u00f6g\u00f0u til M\u00f3sen: &#8222;Tala \u00fe\u00fa vi\u00f0 oss, v\u00e9r viljum vera \u00fe\u00e9r hl\u00fd\u00f0ugir og l\u00e1t Gu\u00f0 ekki tala vi\u00f0 oss so a\u00f0 v\u00e9r deyjum ekki.&#8220; M\u00f3ses sag\u00f0i til f\u00f3lksins: &#8222;\u00d3ttist ekki, \u00fev\u00ed Gu\u00f0 er kominn til \u00feess a\u00f0 hann vill reyna y\u00f0ur og a\u00f0 hans \u00f3tti s\u00e9 fyrir y\u00f0rum augum so \u00fe\u00e9r syndgist ekki.&#8220; Og f\u00f3lki\u00f0 st\u00f3\u00f0 langt \u00ed burtu fr\u00e1. En M\u00f3ses gekk til \u00feokunnar \u00ed hverri Gu\u00f0 var.<\/p>\n<p>\tOg Drottinn sag\u00f0i til hans: &#8222;So skaltu segja til \u00cdsraelssona: \u00de\u00e9r hafi\u00f0 s\u00e9\u00f0 a\u00f0 \u00e9g hefi tala\u00f0 vi\u00f0 y\u00f0ur af himnum. \u00dear fyrir skulu \u00fe\u00e9r \u00f6ngva gu\u00f0i af silfri e\u00f0ur gulli gj\u00f6ra y\u00f0ur fyrir m\u00e9r. \u00de\u00fa skalt gj\u00f6ra m\u00e9r eitt altari af j\u00f6r\u00f0u og \u00fear upp\u00e1 skaltu offra \u00feinni brennif\u00f3rn og \u00feakkl\u00e6tisf\u00f3rn af \u00fe\u00ednum nautum og sau\u00f0um. <span class=\"athugasemd\" title=\"Altari af j\u00f6r\u00f0u\">[<\/span> \u00dev\u00ed \u00ed hverjum sta\u00f0 \u00e9g skikka a\u00f0 vera skuli minning m\u00edns nafns, \u00feanga\u00f0 vil \u00e9g koma til \u00fe\u00edn og blessa \u00feig. Viljir \u00fe\u00fa gj\u00f6ra m\u00e9r altari af steini \u00fe\u00e1 skaltu ekki byggja \u00fea\u00f0 af h\u00f6ggnum steini. <span class=\"athugasemd\" title=\"Altari af steinum \/ Deut. 27 \/ J\u00f3s\u00fa 8\">[<\/span> \u00dev\u00ed l\u00e1tir \u00fe\u00fa kn\u00edf koma yfir \u00fea\u00f0 \u00fe\u00e1 saurgar \u00fe\u00fa \u00fea\u00f0. \u00de\u00fa skalt ekki ganga upp a\u00f0 tr\u00f6ppum til m\u00edns altaris so a\u00f0 \u00feinn lj\u00f3tleiki opinberist \u00fear ekki.<\/p>\n","protected":false},"excerpt":{"rendered":"<p>Og Drottinn tala\u00f0i \u00f6ll \u00feessi or\u00f0: &#8222;\u00c9g er Drottinn \u00feinn Gu\u00f0 sem \u00fatleiddi \u00feig af Egyptalandi, \u00fat af \u00fev\u00ed \u00fer\u00e6ld\u00f3ms h\u00fasi. [ \u00de\u00fa skalt ekki hafa annarlega gu\u00f0i fyrir m\u00e9r. \u00de\u00fa skalt engin b\u00edl\u00e6ti gj\u00f6ra \u00fe\u00e9r e\u00f0ur nokkra l\u00edking eftir \u00fev\u00ed sem er \u00e1 himnum uppi e\u00f0a \u00e1 j\u00f6r\u00f0u ni\u00f0ri e\u00f0a \u00fev\u00ed sem er \u00ed v\u00f6tnunum undir j\u00f6r\u00f0unni. \u00de\u00fa skalt ekki tilbi\u00f0ja \u00feau og eigi \u00fej\u00f3na \u00feeim, \u00fev\u00ed \u00e9g er Drottinn \u00feinn Gu\u00f0, eirn vandl\u00e6tandi Gu\u00f0, vitjandi rangl\u00e6tis fe\u00f0ranna \u00e1 sonunum \u00ed \u00feri\u00f0ju og fj\u00f3r\u00f0u \u00e6ttkv\u00edsl \u00feeirra sem mig hata, en gj\u00f6randi miskunnsemdir \u00ed \u00fe\u00fasund li\u00f0u \u00feeim sem mig elska <a href=\"https:\/\/biblian.is\/gudbrandsbiblia\/onnur-mosebok-20-kafli\/\"> [&#8230;]<\/a><\/p>\n","protected":false},"author":1,"featured_media":0,"parent":0,"menu_order":0,"comment_status":"open","ping_status":"open","template":"bibliukaflar.php","meta":{"footnotes":""},"class_list":["post-2762","page","type-page","status-publish","hentry"],"_links":{"self":[{"href":"https:\/\/biblian.is\/gudbrandsbiblia\/wp-json\/wp\/v2\/pages\/2762","targetHints":{"allow":["GET"]}}],"collection":[{"href":"https:\/\/biblian.is\/gudbrandsbiblia\/wp-json\/wp\/v2\/pages"}],"about":[{"href":"https:\/\/biblian.is\/gudbrandsbiblia\/wp-json\/wp\/v2\/types\/page"}],"author":[{"embeddable":true,"href":"https:\/\/biblian.is\/gudbrandsbiblia\/wp-json\/wp\/v2\/users\/1"}],"replies":[{"embeddable":true,"href":"https:\/\/biblian.is\/gudbrandsbiblia\/wp-json\/wp\/v2\/comments?post=2762"}],"version-history":[{"count":0,"href":"https:\/\/biblian.is\/gudbrandsbiblia\/wp-json\/wp\/v2\/pages\/2762\/revisions"}],"wp:attachment":[{"href":"https:\/\/biblian.is\/gudbrandsbiblia\/wp-json\/wp\/v2\/media?parent=2762"}],"curies":[{"name":"wp","href":"https:\/\/api.w.org\/{rel}","templated":true}]}}