{"id":2759,"date":"2017-12-18T18:31:40","date_gmt":"2017-12-18T18:31:40","guid":{"rendered":"http:\/\/biblian.is\/gudbrandsbiblia\/onnur-mosebok-17-kafli\/"},"modified":"2017-12-18T18:31:40","modified_gmt":"2017-12-18T18:31:40","slug":"onnur-mosebok-17-kafli","status":"publish","type":"page","link":"https:\/\/biblian.is\/gudbrandsbiblia\/onnur-mosebok-17-kafli\/","title":{"rendered":"\u00d6nnur M\u00f3seb\u00f3k 17. kafli"},"content":{"rendered":"<p>Og s\u00e1 allur alm\u00fagi \u00cdsraelssona f\u00f3r \u00far ey\u00f0im\u00f6rku Sin sem Drottinn bau\u00f0 \u00feeim og settu s\u00ednar herb\u00fa\u00f0ir \u00ed Raf\u00edd\u00edm. <span class=\"athugasemd\" title=\"Raf\u00edd\u00edm\">[<\/span> \u00dear f\u00e9kk f\u00f3lki\u00f0 ekkert vatn a\u00f0 drekka. Og \u00feeir \u00fer\u00e1ttu\u00f0u vi\u00f0 M\u00f3sen og s\u00f6g\u00f0u: &#8222;Gef \u00fe\u00fa oss vatn a\u00f0 drekka.&#8220; <span class=\"athugasemd\" title=\"F\u00f3lki\u00f0 m\u00f6glar af vatsleysi\">[<\/span> M\u00f3ses sag\u00f0i til \u00feeirra: &#8222;\u00dev\u00ed \u00fer\u00e1tti \u00fe\u00e9r so \u00ed gegn m\u00e9r? \u00dev\u00ed freisti \u00fe\u00e9r Drottins?&#8220; Og \u00fe\u00e1 f\u00f3lki\u00f0 \u00feysti eftir vatninu \u00fe\u00e1 m\u00f6gla\u00f0i \u00fea\u00f0 \u00ed gegn M\u00f3se og sag\u00f0i: &#8222;Hvar fyrir l\u00e9stu oss fara af Egyptalandi til \u00feess a\u00f0 \u00fe\u00fa l\u00e6tur n\u00fa vor b\u00f6rn og f\u00e9na\u00f0 deyja h\u00e9r af \u00feosta?&#8220; <span class=\"athugasemd\" title=\"Numeri 20\">[<\/span> <\/p>\n<p>\t\u00de\u00e1 kalla\u00f0i M\u00f3ses til Drottins og sag\u00f0i: &#8222;Hva\u00f0 skal \u00e9g gj\u00f6ra vi\u00f0 \u00feetta f\u00f3lk? Innan skamms munu \u00feeir lemja mig grj\u00f3ti.&#8220; Og Drottinn sag\u00f0i til hans: &#8222;Gakk fram undan f\u00f3lkinu og tak nokkra af \u00f6ldungum \u00cdsraelis me\u00f0 \u00fe\u00e9r og tak \u00feinn v\u00f6nd \u00ed \u00fe\u00edna h\u00f6nd, me\u00f0 hverjum \u00fe\u00fa sl\u00f3st \u00e1 vatni\u00f0, og gakk. Sj\u00e1, \u00e9g vil \u00fear standa fyrir \u00fe\u00e9r yfir einum steini \u00ed H\u00f3reb. Lj\u00f3st \u00fe\u00fa me\u00f0 vendinum \u00e1 steininn, \u00fe\u00e1 skal renna vatn af honum so a\u00f0 f\u00f3lki\u00f0 drekki.&#8220; Og M\u00f3ses gj\u00f6r\u00f0i so fyrir \u00f6ldungum \u00cdsraelis. Og hann kalla\u00f0i \u00feann sta\u00f0 Massa og Mer\u00edba vegna \u00fer\u00e1ttanar \u00cdsraelissona og \u00fear fyrir a\u00f0 \u00feeir h\u00f6f\u00f0u so freista\u00f0 Drottins og sagt: &#8222;Hvort mun Drottinn vera \u00e1 me\u00f0al vor e\u00f0a eigi?&#8220; <span class=\"athugasemd\" title=\"Massa merkir freisting \/ Mer\u00edba \/ \u00fer\u00e1ttan\">[<\/span> <\/p>\n<p>\t\u00de\u00e1 kom Amalek og h\u00e9lt orrustu vi\u00f0 \u00cdsrael \u00ed Raf\u00edd\u00edm. <span class=\"athugasemd\" title=\"Amalek str\u00ed\u00f0ir \u00ed m\u00f3ti \u00cdsrael\">[<\/span> Og M\u00f3ses sag\u00f0i vi\u00f0 J\u00f3s\u00faa: &#8222;\u00datvel \u00fe\u00fa oss li\u00f0, far \u00fat og berst vi\u00f0 Amalek en \u00e9g vil standa efst upp\u00e1 fjallinu \u00e1 morgun og hafa Gu\u00f0s v\u00f6nd \u00ed minni hendi.&#8220; <span class=\"athugasemd\" title=\"Numeri 24 \/ <span class=\"athugasemd\" title=\"1\">[<\/span> Sam\u00fa. 15&#8243;>[<\/span> Og J\u00f3s\u00faa gj\u00f6r\u00f0i so sem M\u00f3ses sag\u00f0i honum og bar\u00f0ist vi\u00f0 Amalek. En M\u00f3es, Aron og H\u00far gengu efst upp\u00e1 fjalli\u00f0. Og alla \u00fe\u00e1 stund sem M\u00f3ses h\u00e9lt s\u00ednum h\u00f6ndum upp \u00fe\u00e1 vann \u00cdsrael en \u00fe\u00e1 hann l\u00e9t s\u00ednar hendur ni\u00f0ur s\u00edga \u00fe\u00e1 vann Amalek. En M\u00f3ses hendur voru \u00feungar. \u00dear fyrir t\u00f3ku \u00feeir eirn stein og l\u00e9tu undir hann og hann setti sig \u00fear upp\u00e1. En Aron og H\u00far studdu hans hendur sinn \u00e1 hvora hli\u00f0 og hans hendur m\u00e6ddust ekki allt til s\u00f3larfalls. Og J\u00f3s\u00faa l\u00e6g\u00f0i Amalek og hans f\u00f3lk me\u00f0 hv\u00f6ssu sver\u00f0i.<\/p>\n<p>\tOg Drottinn sag\u00f0i til M\u00f3se: &#8222;Skrifa \u00fe\u00fa \u00feetta \u00ed b\u00f3k til minnis og bj\u00f3\u00f0 \u00fea\u00f0 eyrum J\u00f3s\u00fae \u00fev\u00ed a\u00f0 \u00e9g vil so afm\u00e1 Amalek undir himninum a\u00f0 enginn minnist lengur \u00e1 hann.&#8220; Og M\u00f3ses bygg\u00f0i \u00fear eitt altari og kalla\u00f0i \u00fea\u00f0 Drottins Niss\u00ed. <span class=\"athugasemd\" title=\"Niss\u00ed \u00fe\u00fd\u00f0ist mitt merki\">[<\/span> \u00dev\u00ed hann sag\u00f0i: &#8222;\u00deetta er eitt teikn hj\u00e1 Drottins h\u00e1s\u00e6ti a\u00f0 Drottinn muni berjast m\u00f3t Amalek fr\u00e1 eirni \u00e6ttkv\u00edsl til annarrar.&#8220;<\/p>\n","protected":false},"excerpt":{"rendered":"<p>Og s\u00e1 allur alm\u00fagi \u00cdsraelssona f\u00f3r \u00far ey\u00f0im\u00f6rku Sin sem Drottinn bau\u00f0 \u00feeim og settu s\u00ednar herb\u00fa\u00f0ir \u00ed Raf\u00edd\u00edm. [ \u00dear f\u00e9kk f\u00f3lki\u00f0 ekkert vatn a\u00f0 drekka. Og \u00feeir \u00fer\u00e1ttu\u00f0u vi\u00f0 M\u00f3sen og s\u00f6g\u00f0u: &#8222;Gef \u00fe\u00fa oss vatn a\u00f0 drekka.&#8220; [ M\u00f3ses sag\u00f0i til \u00feeirra: &#8222;\u00dev\u00ed \u00fer\u00e1tti \u00fe\u00e9r so \u00ed gegn m\u00e9r? \u00dev\u00ed freisti \u00fe\u00e9r Drottins?&#8220; Og \u00fe\u00e1 f\u00f3lki\u00f0 \u00feysti eftir vatninu \u00fe\u00e1 m\u00f6gla\u00f0i \u00fea\u00f0 \u00ed gegn M\u00f3se og sag\u00f0i: &#8222;Hvar fyrir l\u00e9stu oss fara af Egyptalandi til \u00feess a\u00f0 \u00fe\u00fa l\u00e6tur n\u00fa vor b\u00f6rn og f\u00e9na\u00f0 deyja h\u00e9r af \u00feosta?&#8220; [ \u00de\u00e1 kalla\u00f0i M\u00f3ses til Drottins og sag\u00f0i: &#8222;Hva\u00f0 <a href=\"https:\/\/biblian.is\/gudbrandsbiblia\/onnur-mosebok-17-kafli\/\"> [&#8230;]<\/a><\/p>\n","protected":false},"author":1,"featured_media":0,"parent":0,"menu_order":0,"comment_status":"open","ping_status":"open","template":"bibliukaflar.php","meta":{"footnotes":""},"class_list":["post-2759","page","type-page","status-publish","hentry"],"_links":{"self":[{"href":"https:\/\/biblian.is\/gudbrandsbiblia\/wp-json\/wp\/v2\/pages\/2759","targetHints":{"allow":["GET"]}}],"collection":[{"href":"https:\/\/biblian.is\/gudbrandsbiblia\/wp-json\/wp\/v2\/pages"}],"about":[{"href":"https:\/\/biblian.is\/gudbrandsbiblia\/wp-json\/wp\/v2\/types\/page"}],"author":[{"embeddable":true,"href":"https:\/\/biblian.is\/gudbrandsbiblia\/wp-json\/wp\/v2\/users\/1"}],"replies":[{"embeddable":true,"href":"https:\/\/biblian.is\/gudbrandsbiblia\/wp-json\/wp\/v2\/comments?post=2759"}],"version-history":[{"count":0,"href":"https:\/\/biblian.is\/gudbrandsbiblia\/wp-json\/wp\/v2\/pages\/2759\/revisions"}],"wp:attachment":[{"href":"https:\/\/biblian.is\/gudbrandsbiblia\/wp-json\/wp\/v2\/media?parent=2759"}],"curies":[{"name":"wp","href":"https:\/\/api.w.org\/{rel}","templated":true}]}}