{"id":2753,"date":"2017-12-18T18:31:40","date_gmt":"2017-12-18T18:31:40","guid":{"rendered":"http:\/\/biblian.is\/gudbrandsbiblia\/onnur-mosebok-11-kafli\/"},"modified":"2017-12-18T18:31:40","modified_gmt":"2017-12-18T18:31:40","slug":"onnur-mosebok-11-kafli","status":"publish","type":"page","link":"https:\/\/biblian.is\/gudbrandsbiblia\/onnur-mosebok-11-kafli\/","title":{"rendered":"\u00d6nnur M\u00f3seb\u00f3k 11. kafli"},"content":{"rendered":"<p>Og Drottinn m\u00e6lti vi\u00f0 M\u00f3sen: &#8222;\u00c9g vil enn n\u00fa l\u00e1ta eina pl\u00e1gu koma yfir fara\u00f3nem og Egyptaland. Eftir \u00fea\u00f0 mun hann leyfa y\u00f0ur burt a\u00f0 fara og hann mun ekki alleinasta l\u00e1ta y\u00f0ur fara, heldur mun hann reka y\u00f0ur \u00ed burt. \u00dear fyrir, seg\u00f0u n\u00fa f\u00f3lkinu a\u00f0 hver kallma\u00f0ur bi\u00f0ji sinn vin og hver kvinna s\u00edna grannkonu um silfurker og gullker. \u00dev\u00ed a\u00f0 Drottinn mun gefa f\u00f3lkinu n\u00e1\u00f0 fyrir egypskum.&#8220; Og M\u00f3ses var mj\u00f6g mikilsh\u00e1ttar ma\u00f0ur \u00ed Egyptalandi, fyrir fara\u00f3nis \u00fe\u00e9nurum og fyrir f\u00f3lkinu.<\/p>\n<p>\tOg M\u00f3ses sag\u00f0i: &#8222;So segir Drottinn: Um mi\u00f0ja n\u00f3tt vil \u00e9g fara um Egyptaland og allir frumbur\u00f0ir \u00ed Egyptalandi skulu deyja, fr\u00e1 fara\u00f3nis frumgetna syni sem situr \u00e1 hans st\u00f3li og til frumgetins sonar amb\u00e1ttarinnar sem kvern dregur, og allur frumgetna\u00f0ur f\u00e9na\u00f0arins mun deyja. <span class=\"athugasemd\" title=\"Exo. 3 \/ T\u00edunda pl\u00e1ga \/ Dr\u00e1p allskyns frumbur\u00f0ar\">[<\/span> Og \u00fear skal koma so miki\u00f0 \u00f3p \u00ed \u00f6llu Egyptalandi hvers l\u00edki aldrei hefur veri\u00f0 og ei skal vera. En me\u00f0al allra \u00cdsraelssona skal ekki eirn hundur geyja, hvorki hj\u00e1 m\u00f6nnum n\u00e9 f\u00e9na\u00f0i, so \u00fe\u00e9r viti\u00f0 hverja grein Drottinn gj\u00f6rir \u00e1 millum egypskra manna og \u00cdsrael. \u00de\u00e1 skulu allir \u00feessir \u00fe\u00ednir \u00fe\u00e9narar koma ofan til m\u00edn og falla m\u00e9r til f\u00f3ta og segja: Far \u00fe\u00fa burt og allt \u00fea\u00f0 f\u00f3lk sem \u00fe\u00e9r er undirgefi\u00f0. Eftir \u00fea\u00f0 vil \u00e9g \u00ed burtu fara.&#8220; Og hann gekk mj\u00f6g rei\u00f0ur \u00fat fr\u00e1 fara\u00f3ni.<\/p>\n<p>\tOg Drottinn m\u00e6lti vi\u00f0 M\u00f3sen: &#8222;Fara\u00f3 hl\u00fd\u00f0ir y\u00f0ur ekki, upp\u00e1 \u00fea\u00f0 a\u00f0 m\u00f6rg t\u00e1kn skulu ske \u00ed Egyptalandi.&#8220; Og M\u00f3ses og Aron gj\u00f6r\u00f0u \u00f6ll \u00feessi t\u00e1kn fyrir fara\u00f3ne. En Drottinn forherti hans hjarta so a\u00f0 hann vildi ekki leyfa \u00cdsraelssonum burt a\u00f0 fara af s\u00ednu landi.<\/p>\n","protected":false},"excerpt":{"rendered":"<p>Og Drottinn m\u00e6lti vi\u00f0 M\u00f3sen: &#8222;\u00c9g vil enn n\u00fa l\u00e1ta eina pl\u00e1gu koma yfir fara\u00f3nem og Egyptaland. Eftir \u00fea\u00f0 mun hann leyfa y\u00f0ur burt a\u00f0 fara og hann mun ekki alleinasta l\u00e1ta y\u00f0ur fara, heldur mun hann reka y\u00f0ur \u00ed burt. \u00dear fyrir, seg\u00f0u n\u00fa f\u00f3lkinu a\u00f0 hver kallma\u00f0ur bi\u00f0ji sinn vin og hver kvinna s\u00edna grannkonu um silfurker og gullker. \u00dev\u00ed a\u00f0 Drottinn mun gefa f\u00f3lkinu n\u00e1\u00f0 fyrir egypskum.&#8220; Og M\u00f3ses var mj\u00f6g mikilsh\u00e1ttar ma\u00f0ur \u00ed Egyptalandi, fyrir fara\u00f3nis \u00fe\u00e9nurum og fyrir f\u00f3lkinu. Og M\u00f3ses sag\u00f0i: &#8222;So segir Drottinn: Um mi\u00f0ja n\u00f3tt vil \u00e9g fara um Egyptaland og allir <a href=\"https:\/\/biblian.is\/gudbrandsbiblia\/onnur-mosebok-11-kafli\/\"> [&#8230;]<\/a><\/p>\n","protected":false},"author":1,"featured_media":0,"parent":0,"menu_order":0,"comment_status":"open","ping_status":"open","template":"bibliukaflar.php","meta":{"footnotes":""},"class_list":["post-2753","page","type-page","status-publish","hentry"],"_links":{"self":[{"href":"https:\/\/biblian.is\/gudbrandsbiblia\/wp-json\/wp\/v2\/pages\/2753","targetHints":{"allow":["GET"]}}],"collection":[{"href":"https:\/\/biblian.is\/gudbrandsbiblia\/wp-json\/wp\/v2\/pages"}],"about":[{"href":"https:\/\/biblian.is\/gudbrandsbiblia\/wp-json\/wp\/v2\/types\/page"}],"author":[{"embeddable":true,"href":"https:\/\/biblian.is\/gudbrandsbiblia\/wp-json\/wp\/v2\/users\/1"}],"replies":[{"embeddable":true,"href":"https:\/\/biblian.is\/gudbrandsbiblia\/wp-json\/wp\/v2\/comments?post=2753"}],"version-history":[{"count":0,"href":"https:\/\/biblian.is\/gudbrandsbiblia\/wp-json\/wp\/v2\/pages\/2753\/revisions"}],"wp:attachment":[{"href":"https:\/\/biblian.is\/gudbrandsbiblia\/wp-json\/wp\/v2\/media?parent=2753"}],"curies":[{"name":"wp","href":"https:\/\/api.w.org\/{rel}","templated":true}]}}