{"id":2752,"date":"2017-12-18T18:31:36","date_gmt":"2017-12-18T18:31:36","guid":{"rendered":"http:\/\/biblian.is\/gudbrandsbiblia\/onnur-mosebok-10-kafli\/"},"modified":"2017-12-18T18:31:36","modified_gmt":"2017-12-18T18:31:36","slug":"onnur-mosebok-10-kafli","status":"publish","type":"page","link":"https:\/\/biblian.is\/gudbrandsbiblia\/onnur-mosebok-10-kafli\/","title":{"rendered":"\u00d6nnur M\u00f3seb\u00f3k 10. kafli"},"content":{"rendered":"<p>Og Drottinn m\u00e6lti vi\u00f0 M\u00f3sen: &#8222;Far inn fyrir fara\u00f3nem \u00fev\u00ed \u00e9g hefi forhert hans hjarta og so hans \u00fe\u00e9nara a\u00f0 \u00e9g gj\u00f6ri \u00feessi m\u00edn t\u00e1kn \u00e1 me\u00f0al \u00feeirra so a\u00f0 \u00fe\u00fa megir kunngj\u00f6ra \u00fea\u00f0 fyrir \u00fe\u00ednum sonum og sonarsonum hva\u00f0 \u00e9g hefi gj\u00f6rt \u00ed Egyptalandi og hvernin \u00e9g hafi au\u00f0s\u00fdnt m\u00edn teikn \u00e1 me\u00f0al \u00feeirra, a\u00f0 \u00fe\u00e9r skulu\u00f0 vita a\u00f0 \u00e9g er Drottinn.<\/p>\n<p>\t\u00deeir Aron og M\u00f3ses gengu fyrir fara\u00f3nem og s\u00f6g\u00f0u til hans: &#8222;So segir Drottinn, ebreskra manna Gu\u00f0: Hversu lengi viltu standa \u00ed m\u00f3ti a\u00f0 au\u00f0m\u00fdkja \u00feig ekki fyrir m\u00e9r, a\u00f0 \u00fe\u00fa l\u00e6tur ekki mitt f\u00f3lk fara \u00fat h\u00e9\u00f0an a\u00f0 \u00fej\u00f3na m\u00e9r? En viljir \u00fe\u00fa ekki l\u00e1ta mitt f\u00f3lk fara, sj\u00e1, \u00fe\u00e1 vil \u00e9g \u00e1 morgun l\u00e1ta engisprettur koma allssta\u00f0ar svo \u00fe\u00e6r hylja landi\u00f0, so menn skulu eigi mega sj\u00e1 j\u00f6r\u00f0 bera. Og \u00fe\u00e6r skulu upp\u00e9ta allt \u00fea\u00f0 sem eftir var fyrir haglinu og \u00fe\u00e6r skulu \u00e9ta \u00f6ll gr\u00e6n \u00e1vaxtars\u00f6m tr\u00e9 \u00e1 akri og \u00fe\u00e6r skulu uppfylla h\u00fas \u00fe\u00edn, allra \u00feinna \u00fe\u00e9nara og allra egypskra manna, so a\u00f0 hvorki \u00fe\u00ednir fe\u00f0ur n\u00e9 forfe\u00f0ur skulu soddan s\u00e9\u00f0 hafa fr\u00e1 \u00feeim t\u00edma \u00feeir f\u00e6ddust \u00e1 j\u00f6r\u00f0ina og inn til \u00feessa dags.&#8220; Og hann sneri s\u00e9r \u00ed burt og gekk \u00fat fr\u00e1 fara\u00f3ne.<\/p>\n<p>\t\u00de\u00e1 s\u00f6g\u00f0u fara\u00f3nis \u00fe\u00e9narar til hans: &#8222;Hversu lengi skulu v\u00e9r ver\u00f0a h\u00e9r me\u00f0 pl\u00e1ga\u00f0ir? Leyf\u00f0u \u00feessu f\u00f3lki a\u00f0 fara so a\u00f0 \u00fea\u00f0 megi \u00fej\u00f3na Drottni s\u00ednum Gu\u00f0i. E\u00f0a viltu \u00e1\u00f0ur so lengi reyna \u00feetta \u00fear til a\u00f0 Egyptaland er fordjarfa\u00f0?&#8220; Og M\u00f3ses og Aron voru kalla\u00f0ir til baka aftur inn fyrir fara\u00f3nem. \u00de\u00e1 sag\u00f0i hann til \u00feeirra: &#8222;Fari\u00f0 n\u00fa og \u00fej\u00f3ni\u00f0 Drottni y\u00f0rum Gu\u00f0i. En hverjir eru \u00feeir sem a\u00f0 helst fara skulu?&#8220; M\u00f3ses sag\u00f0i: &#8222;V\u00e9r viljum fara me\u00f0 ungum og g\u00f6mlum, me\u00f0 sonum og d\u00e6trum, nautum og sau\u00f0um, \u00fev\u00ed a\u00f0 v\u00e9r eigum a\u00f0 halda vorum Drottni eina st\u00f3rh\u00e1t\u00ed\u00f0.&#8220; \u00de\u00e1 sag\u00f0i hann til \u00feeirra: &#8222;J\u00e1, s\u00e9 so Drottinn me\u00f0 y\u00f0ur, skylda \u00e9g leyfa y\u00f0ur og y\u00f0ar b\u00f6rnum burt a\u00f0 fara? Sj\u00e1i\u00f0 til, hvort \u00fe\u00e9r hafi\u00f0 ekki vont \u00ed sinni? Ekki so, heldur \u00fe\u00e9r kallmenn, fari\u00f0 \u00fe\u00e9r og \u00fej\u00f3ni\u00f0 Drottni \u00fev\u00ed a\u00f0 \u00fear um hafi\u00f0 \u00fe\u00e9r be\u00f0i\u00f0.&#8220; Og \u00feeir voru \u00fatreknir fr\u00e1 fara\u00f3ne.<\/p>\n<p>\t\u00de\u00e1 m\u00e6lti Drottinn vi\u00f0 M\u00f3sen: &#8222;R\u00e9tt \u00fe\u00edna h\u00f6nd yfir Egyptaland eftir engisprettunum, a\u00f0 \u00fe\u00e6r komi yfir Egyptaland og upp\u00e9ti allt aldini \u00ed landinu me\u00f0 \u00f6llu \u00fev\u00ed sem eftir var undan haglinu.&#8220; <span class=\"athugasemd\" title=\"\u00c1ttunda pl\u00e1ga \/ Engisprettur \/ Locustae \/ eru \u00fe\u00e6r ferf\u00e6ttar lifandi kindur flj\u00fagandi, oss \u00f3kenndar\">[<\/span> M\u00f3ses r\u00e9tti sinn v\u00f6nd yfir Egyptaland og Drottinn l\u00e9t koma austanvind allan \u00feann dag og alla \u00fe\u00e1 n\u00f3tt upp\u00e1 landi\u00f0. Og a\u00f0 morni f\u00e6r\u00f0i \u00feetta austanve\u00f0ur engispretturnar fram. Og \u00fe\u00e6r komu yfir allt Egyptaland og f\u00e9llu ni\u00f0ur \u00ed \u00f6llum \u00e1ttum Egyptalands, so mj\u00f6g margar a\u00f0 sl\u00edkt haf\u00f0i \u00fear aldrei fyrr ske\u00f0 og eigi heldur mun ske. \u00dev\u00ed \u00fe\u00e6r huldu landi\u00f0 og \u00fea\u00f0 sortna\u00f0i af \u00feeim. Og \u00fe\u00e6r upp\u00e1tu allt gras \u00ed landinu og allan \u00e1v\u00f6xt trj\u00e1nna sem a\u00f0 st\u00f3\u00f0 eftir hagli\u00f0 og \u00fear var ekkert gr\u00e6nt eftir \u00e1 trj\u00e1num e\u00f0a grasinu \u00e1 akrinum yfir allt Egyptaland.<\/p>\n<p>\t\u00de\u00e1 kalla\u00f0i fara\u00f3 M\u00f3sen og Aron flj\u00f3tlega til s\u00edn og sag\u00f0i: &#8222;\u00c9g hefi syndga\u00f0 \u00ed m\u00f3ti Drottni y\u00f0rum Gu\u00f0i og so y\u00f0ur, fyrirl\u00e1ti\u00f0 \u00fe\u00e9r m\u00e9r m\u00edn misverk og svo n\u00fa \u00ed \u00feessu sinni og bi\u00f0ji\u00f0 Drottin y\u00f0arn Gu\u00f0 a\u00f0 hann vilji n\u00fa taka burt \u00feennan dau\u00f0a fr\u00e1 m\u00e9r.&#8220; Hann gekk \u00fe\u00e1 \u00fat fr\u00e1 fara\u00f3ne og ba\u00f0 til Drottins. \u00de\u00e1 sneri Drottinn ve\u00f0rinu og \u00fear kom sterkur vestanvindur og hann uppt\u00f3k engispretturnar og kasta\u00f0i \u00feeim \u00ed Rau\u00f0ahaf, so \u00fear var ekki ein eftir \u00ed \u00f6llu Egyptalandi. En Drottinn forherti fara\u00f3nis hjarta so a\u00f0 hann leyf\u00f0i ekki \u00cdsraelissonum burtu a\u00f0 fara.<\/p>\n<p>\tOg Drottinn m\u00e6lti vi\u00f0 M\u00f3sen: &#8222;R\u00e9ttu \u00fe\u00edna h\u00f6nd til himins, a\u00f0 \u00fear ver\u00f0i so miki\u00f0 myrkur \u00ed \u00f6llu Egyptalandi a\u00f0 menn megi \u00fereifa \u00e1 \u00fev\u00ed.&#8220; <span class=\"athugasemd\" title=\"N\u00edunda pl\u00e1ga \/ Myrkur \/ Kap. 17. 18\">[<\/span> Og M\u00f3ses uppr\u00e9tti s\u00edna h\u00f6nd til himins. \u00de\u00e1 var\u00f0 \u00fear svo svart myrkur \u00ed \u00ferj\u00e1 daga um allt Egyptaland a\u00f0 enginn s\u00e1 \u00fear annan og ei heldur st\u00f3\u00f0 nokkur upp af \u00feeim sta\u00f0 sem hann var staddur \u00ed \u00fe\u00e1 \u00ferj\u00e1 daga. En hj\u00e1 \u00f6llum \u00cdsraelissonum \u00fear e\u00f0 \u00feeir bjuggu var bjart.<\/p>\n<p>\t\u00de\u00e1 kalla\u00f0i fara\u00f3 M\u00f3sen og sag\u00f0i: &#8222;Fari\u00f0 h\u00e9\u00f0an og \u00fej\u00f3ni\u00f0 Drottni, en l\u00e1ti\u00f0 alleinasta y\u00f0ar naut og sau\u00f0i ver\u00f0a eftir, y\u00f0ar b\u00f6rn mega fara me\u00f0 y\u00f0ur.&#8220; M\u00f3ses sag\u00f0i: &#8222;\u00de\u00fa m\u00e1tt og gefa oss offur og brennif\u00f3rn a\u00f0 offra Gu\u00f0i Drottni vorum. Vort kvikf\u00e9 skal fara me\u00f0 oss so a\u00f0 ekki ver\u00f0i ein klauf eftir. \u00dev\u00ed v\u00e9r munum taka af vorri eign sem \u00fe\u00f6rf gj\u00f6rist til Drottins vors Gu\u00f0s \u00fej\u00f3nustu. \u00dev\u00ed v\u00e9r vitum ekki me\u00f0 hverju v\u00e9r skulum \u00fej\u00f3na Drottni fyrr en v\u00e9r komum til \u00feess sta\u00f0ar.&#8220; En Drottinn forherti fara\u00f3nis hjarta so a\u00f0 hann vildi ekki leyfa \u00feeim burt a\u00f0 fara.<\/p>\n<p>\tOg fara\u00f3 sag\u00f0i til hans: &#8222;Far fr\u00e1 m\u00e9r og varast a\u00f0 koma h\u00e9r eftir fyrir m\u00edn augu, \u00fev\u00ed a\u00f0 \u00e1 hverjum \u00feeim degi sem \u00fe\u00fa kemur \u00ed augs\u00fdn m\u00e9r \u00fe\u00e1 skaltu deyja.&#8220; M\u00f3ses svara\u00f0i: &#8222;Ver\u00f0i sem \u00fe\u00fa m\u00e6lir. \u00c9g vil ekki framar meir koma fyrir \u00fe\u00edn augu.&#8220;<\/p>\n","protected":false},"excerpt":{"rendered":"<p>Og Drottinn m\u00e6lti vi\u00f0 M\u00f3sen: &#8222;Far inn fyrir fara\u00f3nem \u00fev\u00ed \u00e9g hefi forhert hans hjarta og so hans \u00fe\u00e9nara a\u00f0 \u00e9g gj\u00f6ri \u00feessi m\u00edn t\u00e1kn \u00e1 me\u00f0al \u00feeirra so a\u00f0 \u00fe\u00fa megir kunngj\u00f6ra \u00fea\u00f0 fyrir \u00fe\u00ednum sonum og sonarsonum hva\u00f0 \u00e9g hefi gj\u00f6rt \u00ed Egyptalandi og hvernin \u00e9g hafi au\u00f0s\u00fdnt m\u00edn teikn \u00e1 me\u00f0al \u00feeirra, a\u00f0 \u00fe\u00e9r skulu\u00f0 vita a\u00f0 \u00e9g er Drottinn. \u00deeir Aron og M\u00f3ses gengu fyrir fara\u00f3nem og s\u00f6g\u00f0u til hans: &#8222;So segir Drottinn, ebreskra manna Gu\u00f0: Hversu lengi viltu standa \u00ed m\u00f3ti a\u00f0 au\u00f0m\u00fdkja \u00feig ekki fyrir m\u00e9r, a\u00f0 \u00fe\u00fa l\u00e6tur ekki mitt f\u00f3lk fara \u00fat <a href=\"https:\/\/biblian.is\/gudbrandsbiblia\/onnur-mosebok-10-kafli\/\"> [&#8230;]<\/a><\/p>\n","protected":false},"author":1,"featured_media":0,"parent":0,"menu_order":0,"comment_status":"open","ping_status":"open","template":"bibliukaflar.php","meta":{"footnotes":""},"class_list":["post-2752","page","type-page","status-publish","hentry"],"_links":{"self":[{"href":"https:\/\/biblian.is\/gudbrandsbiblia\/wp-json\/wp\/v2\/pages\/2752","targetHints":{"allow":["GET"]}}],"collection":[{"href":"https:\/\/biblian.is\/gudbrandsbiblia\/wp-json\/wp\/v2\/pages"}],"about":[{"href":"https:\/\/biblian.is\/gudbrandsbiblia\/wp-json\/wp\/v2\/types\/page"}],"author":[{"embeddable":true,"href":"https:\/\/biblian.is\/gudbrandsbiblia\/wp-json\/wp\/v2\/users\/1"}],"replies":[{"embeddable":true,"href":"https:\/\/biblian.is\/gudbrandsbiblia\/wp-json\/wp\/v2\/comments?post=2752"}],"version-history":[{"count":0,"href":"https:\/\/biblian.is\/gudbrandsbiblia\/wp-json\/wp\/v2\/pages\/2752\/revisions"}],"wp:attachment":[{"href":"https:\/\/biblian.is\/gudbrandsbiblia\/wp-json\/wp\/v2\/media?parent=2752"}],"curies":[{"name":"wp","href":"https:\/\/api.w.org\/{rel}","templated":true}]}}