{"id":2750,"date":"2017-12-18T18:31:36","date_gmt":"2017-12-18T18:31:36","guid":{"rendered":"http:\/\/biblian.is\/gudbrandsbiblia\/onnur-mosebok-8-kafli\/"},"modified":"2017-12-18T18:31:36","modified_gmt":"2017-12-18T18:31:36","slug":"onnur-mosebok-8-kafli","status":"publish","type":"page","link":"https:\/\/biblian.is\/gudbrandsbiblia\/onnur-mosebok-8-kafli\/","title":{"rendered":"\u00d6nnur M\u00f3seb\u00f3k 8. kafli"},"content":{"rendered":"<p>Og Drottinn sag\u00f0i til M\u00f3ses: &#8222;Gakk inn fyrir fara\u00f3nem og seg\u00f0u til hans: So segir Drottinn: L\u00e1t mitt f\u00f3lk fara so \u00fea\u00f0 megi \u00fej\u00f3na m\u00e9r. En ef \u00fe\u00fa vilt ekki gj\u00f6ra \u00fea\u00f0, sj\u00e1, \u00fe\u00e1 vil \u00e9g lj\u00f3sta \u00feitt allt land fr\u00e1 \u00feeim eina landsenda og til annars me\u00f0 p\u00f6ddum so a\u00f0 vatni\u00f0 skal vella upp p\u00f6ddum. <span class=\"athugasemd\" title=\"\u00d6nnur pl\u00e1ga \/ P\u00f6ddur\">[<\/span> Og \u00fe\u00e6r skulu skr\u00ed\u00f0a upp og koma \u00ed \u00feitt h\u00fas, \u00ed \u00feitt svefnherbergi, \u00ed \u00fe\u00ednar rekkjur, og \u00ed h\u00fas \u00feinna \u00fej\u00f3nustumanna \u00e1 me\u00f0al \u00fe\u00edns f\u00f3lks, og \u00ed \u00feinn baksturofn og \u00ed \u00feitt deig. Og p\u00f6ddurnar skulu skr\u00ed\u00f0a upp\u00e1 \u00feig og upp\u00e1 \u00feitt f\u00f3lk og upp\u00e1 alla \u00fe\u00edna \u00fe\u00e9nara.&#8220;<\/p>\n<p>\tOg Drottinn m\u00e6lti vi\u00f0 M\u00f3sen: &#8222;Seg \u00fe\u00fa til Arons: R\u00e9ttu \u00fe\u00edna h\u00f6nd \u00fat me\u00f0 \u00fe\u00ednum vendi yfir l\u00e6ki og strauma og st\u00f6\u00f0uv\u00f6tn og l\u00e1t p\u00f6ddur koma yfir Egyptaland.&#8220; Og Aron r\u00e9tti \u00fat s\u00edna h\u00f6nd yfir v\u00f6tnin \u00ed Egyptalandi og \u00fear komu \u00fat p\u00f6ddur svo a\u00f0 huldist allt Egyptaland. Og t\u00f6framennirnir gj\u00f6r\u00f0u sl\u00edkt hi\u00f0 sama me\u00f0 s\u00ednum g\u00f6ldrum og l\u00e9tu p\u00f6ddur koma yfir Egyptaland.<\/p>\n<p>\t\u00de\u00e1 kalla\u00f0i fara\u00f3 \u00e1 M\u00f3sen og Aron og sag\u00f0i: &#8222;Bi\u00f0ji\u00f0 Drottin a\u00f0 hann taki \u00feessar p\u00f6ddur fr\u00e1 m\u00e9r og fr\u00e1 m\u00ednu f\u00f3lki, \u00fe\u00e1 vil \u00e9g leyfa f\u00f3lkinu a\u00f0 fara so \u00fea\u00f0 megi f\u00e6ra f\u00f3rnir Drottni.&#8220; M\u00f3ses sag\u00f0i: &#8222;haf\u00f0u \u00fe\u00e1 \u00e6ru fyrir m\u00e9r og kve\u00f0 \u00e1 n\u00e6r \u00e9g skuli bi\u00f0ja fyrir \u00fe\u00e9r og fyrir \u00fe\u00ednum \u00fe\u00e9nurum og fyrir \u00fe\u00ednu f\u00f3lki a\u00f0 p\u00f6ddurnar hverfi fr\u00e1 \u00fe\u00e9r og \u00fe\u00ednu h\u00fasi og s\u00e9 \u00fe\u00e6r alleinasta \u00ed v\u00f6tnunum.&#8220; Hann sag\u00f0i: &#8222;\u00c1 morgun.&#8220; Og hann sag\u00f0i: &#8222;Sj\u00e1, \u00fea\u00f0 skal ver\u00f0a eftir \u00fev\u00ed sem \u00fe\u00fa hefur sagt upp\u00e1 \u00fea\u00f0 a\u00f0 \u00fe\u00fa skalt vita a\u00f0 \u00fear er enginn so sem Drottinn vor Gu\u00f0. So skulu p\u00f6ddurnar takast fr\u00e1 \u00fe\u00e9r, fr\u00e1 \u00fe\u00ednu h\u00fasi og fr\u00e1 \u00fe\u00ednum \u00fej\u00f3nustum\u00f6nnum og fr\u00e1 \u00fe\u00ednu f\u00f3lki og skulu alleinasta vera \u00ed v\u00f6tnunum.&#8220;<\/p>\n<p>\tSo gengu \u00feeir M\u00f3ses og Aron \u00fat fr\u00e1 fara\u00f3ne. Og M\u00f3ses kalla\u00f0i til Drottins um p\u00f6ddurnar sem hann haf\u00f0i lofa\u00f0 fara\u00f3ne. <span class=\"athugasemd\" title=\"M\u00f3ses bi\u00f0ur fyrir fara\u00f3ne\">[<\/span> Og Drottinn gj\u00f6r\u00f0i so sem M\u00f3ses haf\u00f0i sagt. So d\u00f3u p\u00f6ddurnar \u00ed h\u00fasunum, \u00ed b\u00e6junum og \u00e1 \u00f6krunum, og \u00feeir s\u00f6fnu\u00f0u \u00feeim saman h\u00e9r og hvar \u00ed st\u00f3rhr\u00fagur, so a\u00f0 landi\u00f0 \u00falna\u00f0i \u00fear af. En er fara\u00f3 s\u00e1 a\u00f0 honum var hv\u00edld gefin \u00fe\u00e1 var\u00f0 hans hjarta forhert so a\u00f0 hann hl\u00fdddi \u00feeim ekki, svo sem Drottinn haf\u00f0i sagt.<\/p>\n<p>\tOg Drottinn m\u00e6lti vi\u00f0 M\u00f3sen: &#8222;Seg\u00f0u til Arons: R\u00e9ttu \u00feinn v\u00f6nd \u00fat og lj\u00f3sta \u00e1 mold jar\u00f0arinnar so \u00fear ver\u00f0i l\u00fds yfir allt Egyptaland.&#8220; <span class=\"athugasemd\" title=\"\u00deri\u00f0ja pl\u00e1ga \/ L\u00fds\">[<\/span> Og \u00feeir gj\u00f6r\u00f0u so. Og Aron \u00fatr\u00e9tti s\u00edna h\u00f6nd og laust vendinum \u00ed mold jar\u00f0ar og komu \u00feegar l\u00fds \u00e1 menn og f\u00e9na\u00f0. \u00d6ll mold landsins var\u00f0 a\u00f0 l\u00fasum \u00ed \u00f6llu Egyptalandi. T\u00f6framennirnir gj\u00f6r\u00f0u sl\u00edkt hi\u00f0 sama me\u00f0 \u00feeirra g\u00f6ldrum a\u00f0 \u00feeir k\u00e6mi l\u00fasunum \u00ed burt en \u00feeir g\u00e1tu ekki. Og l\u00fdsnar voru b\u00e6\u00f0i \u00e1 m\u00f6nn\u00f6num og \u00e1 f\u00e9na\u00f0inum. \u00de\u00e1 s\u00f6g\u00f0u t\u00f6framennirnir til fara\u00f3nem: &#8222;\u00deetta er Gu\u00f0s fingur.&#8220; Og fara\u00f3nis hjarta var\u00f0 forhert so a\u00f0 hann hl\u00fdddi \u00feeim ekki, so sem Drottinn haf\u00f0i sagt.<\/p>\n<p>\tOg Drottinn m\u00e6lti vi\u00f0 M\u00f3sen: &#8222;Tak \u00feig upp \u00e1 morgun snemma og far til fundar vi\u00f0 fara\u00f3nem. <span class=\"athugasemd\" title=\"Fj\u00f3r\u00f0a pl\u00e1ga \/ allsh\u00e1tta\u00f0 flugnakyn sem spilla og ska\u00f0a gj\u00f6ra allskyns jar\u00f0ar \u00e1vexti\">[<\/span> Sj\u00e1, hann mun ganga til vatsins og seg\u00f0u so til hans: Svo segir Drottinn: Lofa\u00f0u l\u00fd\u00f0 m\u00ednum a\u00f0 fara so hann megi \u00fej\u00f3na m\u00e9r. En ef \u00fe\u00fa gj\u00f6rir \u00fea\u00f0 ekki, sj\u00e1, \u00fe\u00e1 skal \u00e9g l\u00e1ta koma allsh\u00e1tta\u00f0ar flugur yfir \u00feig, \u00fe\u00edna \u00fe\u00e9nara, \u00feitt f\u00f3lk og \u00feitt h\u00fas, so a\u00f0 \u00f6ll h\u00fas Egyptalands skulu fyllast af allsh\u00e1ttu\u00f0um flugum, svo og akrarnir og hva\u00f0 sem \u00e1 \u00feeim er. En \u00e1 \u00feeim degi vil \u00e9g gj\u00f6ra d\u00e1samlegan hlut vi\u00f0 land G\u00f3sen \u00fear sem mitt f\u00f3lk er, a\u00f0 \u00fear skulu \u00f6ngvar flugur vera, svo a\u00f0 \u00fe\u00fa vitir a\u00f0 \u00e9g er Drottinn \u00e1 allri j\u00f6r\u00f0unni. Og \u00e9g vil setja eina <span class=\"athugasemd\" title=\"sword A\u00f0skilna\u00f0\">[<\/span> frelsan \u00e1 millum m\u00edns f\u00f3lks og \u00fe\u00edns l\u00fd\u00f0s. \u00c1 morgun skal \u00fea\u00f0 t\u00e1kn ske.&#8220;<\/p>\n<p>\tOg Drottinn gj\u00f6r\u00f0i so. Og \u00fear kom fj\u00f6ldi flugna \u00ed fara\u00f3nis h\u00fas, \u00ed hans \u00fe\u00e9nara h\u00fas og so yfir allt Egyptaland, so a\u00f0 landi\u00f0 spilltist af flugunum. \u00de\u00e1 l\u00e9t fara\u00f3 kalla til s\u00edn M\u00f3sen og Aron og sag\u00f0i: &#8222;Fari\u00f0 og f\u00f3rnf\u00e6ri\u00f0 y\u00f0rum Gu\u00f0i h\u00e9r \u00e1 Egyptalandi.&#8220; M\u00f3ses svara\u00f0i: &#8222;Ei m\u00e1 svo vera a\u00f0 v\u00e9r gj\u00f6rum \u00fea\u00f0. \u00dev\u00ed a\u00f0 sv\u00edvir\u00f0ingar egypskra munum v\u00e9r \u00ed f\u00f3rnir f\u00e6ra Drottni vorum Gu\u00f0i. Sj\u00e1, ef v\u00e9r offru\u00f0um egypskra sv\u00edvir\u00f0ingum fyrir \u00feeirra augum, mundu \u00feeir \u00fe\u00e1 ekki lemja oss \u00ed hel me\u00f0 grj\u00f3ti? V\u00e9r viljum fer\u00f0ast \u00feriggja daga lei\u00f0 \u00ed burt h\u00e9\u00f0an \u00e1 ey\u00f0im\u00f6rk og f\u00e6ra f\u00f3rnir Drotni vorum Gu\u00f0i so sem hann hefur bo\u00f0i\u00f0 oss.&#8220;<\/p>\n<p>\t\u00de\u00e1 sag\u00f0i fara\u00f3: &#8222;\u00c9g vil leyfa y\u00f0ur a\u00f0 fara so \u00fe\u00e9r f\u00f3rnf\u00e6ri\u00f0 til Drottins y\u00f0ars Gu\u00f0s \u00e1 ey\u00f0im\u00f6rku, \u00fe\u00f3 me\u00f0 \u00fev\u00ed m\u00f3ti a\u00f0 \u00fe\u00e9r fer\u00f0ist ei lengra \u00ed burt, og bi\u00f0ji\u00f0 fyrir m\u00e9r.&#8220; M\u00f3ses svara\u00f0i: &#8222;Sj\u00e1, \u00feegar \u00e9g kem \u00fat fr\u00e1 \u00fe\u00e9r \u00fe\u00e1 vil \u00e9g bi\u00f0ja Drottin a\u00f0 \u00feessar flugur hverfi fr\u00e1 fara\u00f3ne og hans \u00fe\u00e9nurum og hans f\u00f3lki \u00e1 morgun. En pretta mig ekki oftar so \u00fe\u00fa l\u00e1tir ekki f\u00f3lki\u00f0 fara og gj\u00f6ra Drottins offur.&#8220; Og M\u00f3ses gekk \u00fat fr\u00e1 fara\u00f3ne og ba\u00f0 til Drottins. Drotinn veiti \u00fea\u00f0 sem M\u00f3ses ba\u00f0 og t\u00f3k flugurnar \u00ed burt fr\u00e1 fara\u00f3ne, fr\u00e1 hans \u00fe\u00e9nurum og fr\u00e1 hans f\u00f3lki, so \u00fear var ekki ein eftir. En fara\u00f3 har\u00f0na\u00f0i \u00ed s\u00ednu hjarta \u00fe\u00e1 enn og l\u00e9t ekki f\u00f3lki\u00f0 fara.<\/p>\n","protected":false},"excerpt":{"rendered":"<p>Og Drottinn sag\u00f0i til M\u00f3ses: &#8222;Gakk inn fyrir fara\u00f3nem og seg\u00f0u til hans: So segir Drottinn: L\u00e1t mitt f\u00f3lk fara so \u00fea\u00f0 megi \u00fej\u00f3na m\u00e9r. En ef \u00fe\u00fa vilt ekki gj\u00f6ra \u00fea\u00f0, sj\u00e1, \u00fe\u00e1 vil \u00e9g lj\u00f3sta \u00feitt allt land fr\u00e1 \u00feeim eina landsenda og til annars me\u00f0 p\u00f6ddum so a\u00f0 vatni\u00f0 skal vella upp p\u00f6ddum. [ Og \u00fe\u00e6r skulu skr\u00ed\u00f0a upp og koma \u00ed \u00feitt h\u00fas, \u00ed \u00feitt svefnherbergi, \u00ed \u00fe\u00ednar rekkjur, og \u00ed h\u00fas \u00feinna \u00fej\u00f3nustumanna \u00e1 me\u00f0al \u00fe\u00edns f\u00f3lks, og \u00ed \u00feinn baksturofn og \u00ed \u00feitt deig. Og p\u00f6ddurnar skulu skr\u00ed\u00f0a upp\u00e1 \u00feig og upp\u00e1 \u00feitt f\u00f3lk <a href=\"https:\/\/biblian.is\/gudbrandsbiblia\/onnur-mosebok-8-kafli\/\"> [&#8230;]<\/a><\/p>\n","protected":false},"author":1,"featured_media":0,"parent":0,"menu_order":0,"comment_status":"open","ping_status":"open","template":"bibliukaflar.php","meta":{"footnotes":""},"class_list":["post-2750","page","type-page","status-publish","hentry"],"_links":{"self":[{"href":"https:\/\/biblian.is\/gudbrandsbiblia\/wp-json\/wp\/v2\/pages\/2750","targetHints":{"allow":["GET"]}}],"collection":[{"href":"https:\/\/biblian.is\/gudbrandsbiblia\/wp-json\/wp\/v2\/pages"}],"about":[{"href":"https:\/\/biblian.is\/gudbrandsbiblia\/wp-json\/wp\/v2\/types\/page"}],"author":[{"embeddable":true,"href":"https:\/\/biblian.is\/gudbrandsbiblia\/wp-json\/wp\/v2\/users\/1"}],"replies":[{"embeddable":true,"href":"https:\/\/biblian.is\/gudbrandsbiblia\/wp-json\/wp\/v2\/comments?post=2750"}],"version-history":[{"count":0,"href":"https:\/\/biblian.is\/gudbrandsbiblia\/wp-json\/wp\/v2\/pages\/2750\/revisions"}],"wp:attachment":[{"href":"https:\/\/biblian.is\/gudbrandsbiblia\/wp-json\/wp\/v2\/media?parent=2750"}],"curies":[{"name":"wp","href":"https:\/\/api.w.org\/{rel}","templated":true}]}}